{"id":8411,"date":"2024-03-01T10:38:09","date_gmt":"2024-03-01T10:38:09","guid":{"rendered":"https:\/\/botiga.saiga.es\/producte\/set-goutte-a-goutte-pcj-2-l-h-x-60-cm\/"},"modified":"2024-05-22T11:17:54","modified_gmt":"2024-05-22T11:17:54","slug":"set-goutte-a-goutte-pcj-2-l-h-x-60-cm","status":"publish","type":"product","link":"https:\/\/saiga.es\/fr\/produit\/set-goutte-a-goutte-pcj-2-l-h-x-60-cm\/","title":{"rendered":"Set goutte \u00e0 goutte PCJ 2 L\/H x 60 cm"},"content":{"rendered":"<p>Un Drip Set PCJ 2 L\/H x 60 cm est un dispositif utilis\u00e9 dans les syst\u00e8mes d&rsquo;irrigation goutte \u00e0 goutte, notamment dans les applications agricoles ou horticoles. Un ensemble goutteur PCJ 2 L\/H x 60 cm se compose d&rsquo;un ensemble goutteur de pr\u00e9cision avec un d\u00e9bit de 2 litres par heure, avec des bras de 60 cm de longueur, utilis\u00e9 pour fournir une irrigation pr\u00e9cise et uniforme aux plantes dans les syst\u00e8mes d&rsquo;irrigation goutte \u00e0 goutte.<\/p>\n","protected":false},"excerpt":{"rendered":"<p>Un Drip Set PCJ 2 L\/H x 60 cm est un dispositif utilis\u00e9 dans les syst\u00e8mes d&rsquo;irrigation goutte \u00e0 goutte, notamment dans les applications agricoles ou horticoles. Un ensemble goutteur PCJ 2 L\/H x 60 cm se compose d&rsquo;un ensemble goutteur de pr\u00e9cision avec un d\u00e9bit de 2 litres par heure, avec des bras de 60 cm de longueur, utilis\u00e9 pour fournir une irrigation pr\u00e9cise et uniforme aux plantes dans les syst\u00e8mes d&rsquo;irrigation goutte \u00e0 goutte.<\/p>\n","protected":false},"featured_media":8409,"comment_status":"open","ping_status":"closed","template":"","meta":[],"product_brand":[],"product_cat":[2252],"product_tag":[846,834,841,513,824],"class_list":{"0":"post-8411","1":"product","2":"type-product","3":"status-publish","4":"has-post-thumbnail","6":"product_cat-compte-gouttes","7":"product_tag-agriculture","8":"product_tag-arrosage-automatique-fr","9":"product_tag-compte-gouttes","10":"product_tag-horticulture","11":"product_tag-reg-fr","13":"first","14":"instock","15":"taxable","16":"shipping-taxable","17":"purchasable","18":"product-type-simple"},"yoast_head":"<!-- This site is optimized with the Yoast SEO plugin v27.4 - https:\/\/yoast.com\/product\/yoast-seo-wordpress\/ -->\n<title>Set goutte \u00e0 goutte PCJ 2 L\/H x 60 cm | SAIGA<\/title>\n<meta name=\"description\" content=\"Un Drip Set PCJ 2 L\/H x 60 cm est un dispositif utilis\u00e9 dans les syst\u00e8mes d&#039;irrigation goutte \u00e0 goutte, notamment dans les applications agricoles ou horticoles.\" \/>\n<meta name=\"robots\" content=\"index, follow, max-snippet:-1, max-image-preview:large, max-video-preview:-1\" \/>\n<link rel=\"canonical\" href=\"https:\/\/saiga.es\/fr\/produit\/set-goutte-a-goutte-pcj-2-l-h-x-60-cm\/\" \/>\n<meta property=\"og:locale\" content=\"fr_FR\" \/>\n<meta property=\"og:type\" content=\"article\" \/>\n<meta property=\"og:title\" content=\"Set goutte \u00e0 goutte PCJ 2 L\/H x 60 cm | SAIGA\" \/>\n<meta property=\"og:description\" content=\"Un Drip Set PCJ 2 L\/H x 60 cm est un dispositif utilis\u00e9 dans les syst\u00e8mes d&#039;irrigation goutte \u00e0 goutte, notamment dans les applications agricoles ou horticoles.\" \/>\n<meta property=\"og:url\" content=\"https:\/\/saiga.es\/fr\/produit\/set-goutte-a-goutte-pcj-2-l-h-x-60-cm\/\" \/>\n<meta property=\"og:site_name\" content=\"SAIGA\" \/>\n<meta property=\"article:modified_time\" content=\"2024-05-22T11:17:54+00:00\" \/>\n<meta property=\"og:image\" content=\"https:\/\/saiga.es\/wp-content\/uploads\/2024\/03\/conjunt-goter.jpg\" \/>\n\t<meta property=\"og:image:width\" content=\"800\" \/>\n\t<meta property=\"og:image:height\" content=\"800\" \/>\n\t<meta property=\"og:image:type\" content=\"image\/jpeg\" \/>\n<meta name=\"twitter:card\" content=\"summary_large_image\" \/>\n<meta name=\"twitter:site\" content=\"@saiga_agro\" \/>\n<meta name=\"twitter:label1\" content=\"Dur\u00e9e de lecture estim\u00e9e\" \/>\n\t<meta name=\"twitter:data1\" content=\"1 minute\" \/>\n<script type=\"application\/ld+json\" class=\"yoast-schema-graph\">{\"@context\":\"https:\\\/\\\/schema.org\",\"@graph\":[{\"@type\":\"WebPage\",\"@id\":\"https:\\\/\\\/saiga.es\\\/fr\\\/produit\\\/set-goutte-a-goutte-pcj-2-l-h-x-60-cm\\\/\",\"url\":\"https:\\\/\\\/saiga.es\\\/fr\\\/produit\\\/set-goutte-a-goutte-pcj-2-l-h-x-60-cm\\\/\",\"name\":\"Set goutte \u00e0 goutte PCJ 2 L\\\/H x 60 cm | SAIGA\",\"isPartOf\":{\"@id\":\"https:\\\/\\\/saiga.es\\\/fr\\\/#website\"},\"primaryImageOfPage\":{\"@id\":\"https:\\\/\\\/saiga.es\\\/fr\\\/produit\\\/set-goutte-a-goutte-pcj-2-l-h-x-60-cm\\\/#primaryimage\"},\"image\":{\"@id\":\"https:\\\/\\\/saiga.es\\\/fr\\\/produit\\\/set-goutte-a-goutte-pcj-2-l-h-x-60-cm\\\/#primaryimage\"},\"thumbnailUrl\":\"https:\\\/\\\/saiga.es\\\/wp-content\\\/uploads\\\/2024\\\/03\\\/conjunt-goter.jpg\",\"datePublished\":\"2024-03-01T10:38:09+00:00\",\"dateModified\":\"2024-05-22T11:17:54+00:00\",\"description\":\"Un Drip Set PCJ 2 L\\\/H x 60 cm est un dispositif utilis\u00e9 dans les syst\u00e8mes d'irrigation goutte \u00e0 goutte, notamment dans les applications agricoles ou horticoles.\",\"breadcrumb\":{\"@id\":\"https:\\\/\\\/saiga.es\\\/fr\\\/produit\\\/set-goutte-a-goutte-pcj-2-l-h-x-60-cm\\\/#breadcrumb\"},\"inLanguage\":\"fr-FR\",\"potentialAction\":[{\"@type\":\"ReadAction\",\"target\":[\"https:\\\/\\\/saiga.es\\\/fr\\\/produit\\\/set-goutte-a-goutte-pcj-2-l-h-x-60-cm\\\/\"]}]},{\"@type\":\"ImageObject\",\"inLanguage\":\"fr-FR\",\"@id\":\"https:\\\/\\\/saiga.es\\\/fr\\\/produit\\\/set-goutte-a-goutte-pcj-2-l-h-x-60-cm\\\/#primaryimage\",\"url\":\"https:\\\/\\\/saiga.es\\\/wp-content\\\/uploads\\\/2024\\\/03\\\/conjunt-goter.jpg\",\"contentUrl\":\"https:\\\/\\\/saiga.es\\\/wp-content\\\/uploads\\\/2024\\\/03\\\/conjunt-goter.jpg\",\"width\":800,\"height\":800,\"caption\":\"Ensemble goutteur PCJ 2LH\"},{\"@type\":\"BreadcrumbList\",\"@id\":\"https:\\\/\\\/saiga.es\\\/fr\\\/produit\\\/set-goutte-a-goutte-pcj-2-l-h-x-60-cm\\\/#breadcrumb\",\"itemListElement\":[{\"@type\":\"ListItem\",\"position\":1,\"name\":\"Inici\",\"item\":\"https:\\\/\\\/saiga.es\\\/fr\\\/\"},{\"@type\":\"ListItem\",\"position\":2,\"name\":\"boutique\",\"item\":\"https:\\\/\\\/saiga.es\\\/fr\\\/boutique\\\/\"},{\"@type\":\"ListItem\",\"position\":3,\"name\":\"Set goutte \u00e0 goutte PCJ 2 L\\\/H x 60 cm\"}]},{\"@type\":\"WebSite\",\"@id\":\"https:\\\/\\\/saiga.es\\\/fr\\\/#website\",\"url\":\"https:\\\/\\\/saiga.es\\\/fr\\\/\",\"name\":\"SAIGA\",\"description\":\"M\u00e9s de 50 anys al servei de la terra i treballant per a un \u00fas eficient de l\u2019aigua!\",\"publisher\":{\"@id\":\"https:\\\/\\\/saiga.es\\\/fr\\\/#organization\"},\"potentialAction\":[{\"@type\":\"SearchAction\",\"target\":{\"@type\":\"EntryPoint\",\"urlTemplate\":\"https:\\\/\\\/saiga.es\\\/fr\\\/?s={search_term_string}\"},\"query-input\":{\"@type\":\"PropertyValueSpecification\",\"valueRequired\":true,\"valueName\":\"search_term_string\"}}],\"inLanguage\":\"fr-FR\"},{\"@type\":\"Organization\",\"@id\":\"https:\\\/\\\/saiga.es\\\/fr\\\/#organization\",\"name\":\"SAIGA\",\"url\":\"https:\\\/\\\/saiga.es\\\/fr\\\/\",\"logo\":{\"@type\":\"ImageObject\",\"inLanguage\":\"fr-FR\",\"@id\":\"https:\\\/\\\/saiga.es\\\/fr\\\/#\\\/schema\\\/logo\\\/image\\\/\",\"url\":\"https:\\\/\\\/saiga.es\\\/wp-content\\\/uploads\\\/2025\\\/07\\\/logo_saiga_baseline_optimitzat.svg\",\"contentUrl\":\"https:\\\/\\\/saiga.es\\\/wp-content\\\/uploads\\\/2025\\\/07\\\/logo_saiga_baseline_optimitzat.svg\",\"caption\":\"SAIGA\"},\"image\":{\"@id\":\"https:\\\/\\\/saiga.es\\\/fr\\\/#\\\/schema\\\/logo\\\/image\\\/\"},\"sameAs\":[\"https:\\\/\\\/x.com\\\/saiga_agro\",\"https:\\\/\\\/www.instagram.com\\\/saiga_agro\\\/\"]}]}<\/script>\n<!-- \/ Yoast SEO plugin. -->","yoast_head_json":{"title":"Set goutte \u00e0 goutte PCJ 2 L\/H x 60 cm | SAIGA","description":"Un Drip Set PCJ 2 L\/H x 60 cm est un dispositif utilis\u00e9 dans les syst\u00e8mes d'irrigation goutte \u00e0 goutte, notamment dans les applications agricoles ou horticoles.","robots":{"index":"index","follow":"follow","max-snippet":"max-snippet:-1","max-image-preview":"max-image-preview:large","max-video-preview":"max-video-preview:-1"},"canonical":"https:\/\/saiga.es\/fr\/produit\/set-goutte-a-goutte-pcj-2-l-h-x-60-cm\/","og_locale":"fr_FR","og_type":"article","og_title":"Set goutte \u00e0 goutte PCJ 2 L\/H x 60 cm | SAIGA","og_description":"Un Drip Set PCJ 2 L\/H x 60 cm est un dispositif utilis\u00e9 dans les syst\u00e8mes d'irrigation goutte \u00e0 goutte, notamment dans les applications agricoles ou horticoles.","og_url":"https:\/\/saiga.es\/fr\/produit\/set-goutte-a-goutte-pcj-2-l-h-x-60-cm\/","og_site_name":"SAIGA","article_modified_time":"2024-05-22T11:17:54+00:00","og_image":[{"width":800,"height":800,"url":"https:\/\/saiga.es\/wp-content\/uploads\/2024\/03\/conjunt-goter.jpg","type":"image\/jpeg"}],"twitter_card":"summary_large_image","twitter_site":"@saiga_agro","twitter_misc":{"Dur\u00e9e de lecture estim\u00e9e":"1 minute"},"schema":{"@context":"https:\/\/schema.org","@graph":[{"@type":"WebPage","@id":"https:\/\/saiga.es\/fr\/produit\/set-goutte-a-goutte-pcj-2-l-h-x-60-cm\/","url":"https:\/\/saiga.es\/fr\/produit\/set-goutte-a-goutte-pcj-2-l-h-x-60-cm\/","name":"Set goutte \u00e0 goutte PCJ 2 L\/H x 60 cm | SAIGA","isPartOf":{"@id":"https:\/\/saiga.es\/fr\/#website"},"primaryImageOfPage":{"@id":"https:\/\/saiga.es\/fr\/produit\/set-goutte-a-goutte-pcj-2-l-h-x-60-cm\/#primaryimage"},"image":{"@id":"https:\/\/saiga.es\/fr\/produit\/set-goutte-a-goutte-pcj-2-l-h-x-60-cm\/#primaryimage"},"thumbnailUrl":"https:\/\/saiga.es\/wp-content\/uploads\/2024\/03\/conjunt-goter.jpg","datePublished":"2024-03-01T10:38:09+00:00","dateModified":"2024-05-22T11:17:54+00:00","description":"Un Drip Set PCJ 2 L\/H x 60 cm est un dispositif utilis\u00e9 dans les syst\u00e8mes d'irrigation goutte \u00e0 goutte, notamment dans les applications agricoles ou horticoles.","breadcrumb":{"@id":"https:\/\/saiga.es\/fr\/produit\/set-goutte-a-goutte-pcj-2-l-h-x-60-cm\/#breadcrumb"},"inLanguage":"fr-FR","potentialAction":[{"@type":"ReadAction","target":["https:\/\/saiga.es\/fr\/produit\/set-goutte-a-goutte-pcj-2-l-h-x-60-cm\/"]}]},{"@type":"ImageObject","inLanguage":"fr-FR","@id":"https:\/\/saiga.es\/fr\/produit\/set-goutte-a-goutte-pcj-2-l-h-x-60-cm\/#primaryimage","url":"https:\/\/saiga.es\/wp-content\/uploads\/2024\/03\/conjunt-goter.jpg","contentUrl":"https:\/\/saiga.es\/wp-content\/uploads\/2024\/03\/conjunt-goter.jpg","width":800,"height":800,"caption":"Ensemble goutteur PCJ 2LH"},{"@type":"BreadcrumbList","@id":"https:\/\/saiga.es\/fr\/produit\/set-goutte-a-goutte-pcj-2-l-h-x-60-cm\/#breadcrumb","itemListElement":[{"@type":"ListItem","position":1,"name":"Inici","item":"https:\/\/saiga.es\/fr\/"},{"@type":"ListItem","position":2,"name":"boutique","item":"https:\/\/saiga.es\/fr\/boutique\/"},{"@type":"ListItem","position":3,"name":"Set goutte \u00e0 goutte PCJ 2 L\/H x 60 cm"}]},{"@type":"WebSite","@id":"https:\/\/saiga.es\/fr\/#website","url":"https:\/\/saiga.es\/fr\/","name":"SAIGA","description":"M\u00e9s de 50 anys al servei de la terra i treballant per a un \u00fas eficient de l\u2019aigua!","publisher":{"@id":"https:\/\/saiga.es\/fr\/#organization"},"potentialAction":[{"@type":"SearchAction","target":{"@type":"EntryPoint","urlTemplate":"https:\/\/saiga.es\/fr\/?s={search_term_string}"},"query-input":{"@type":"PropertyValueSpecification","valueRequired":true,"valueName":"search_term_string"}}],"inLanguage":"fr-FR"},{"@type":"Organization","@id":"https:\/\/saiga.es\/fr\/#organization","name":"SAIGA","url":"https:\/\/saiga.es\/fr\/","logo":{"@type":"ImageObject","inLanguage":"fr-FR","@id":"https:\/\/saiga.es\/fr\/#\/schema\/logo\/image\/","url":"https:\/\/saiga.es\/wp-content\/uploads\/2025\/07\/logo_saiga_baseline_optimitzat.svg","contentUrl":"https:\/\/saiga.es\/wp-content\/uploads\/2025\/07\/logo_saiga_baseline_optimitzat.svg","caption":"SAIGA"},"image":{"@id":"https:\/\/saiga.es\/fr\/#\/schema\/logo\/image\/"},"sameAs":["https:\/\/x.com\/saiga_agro","https:\/\/www.instagram.com\/saiga_agro\/"]}]}},"_links":{"self":[{"href":"https:\/\/saiga.es\/fr\/wp-json\/wp\/v2\/product\/8411","targetHints":{"allow":["GET"]}}],"collection":[{"href":"https:\/\/saiga.es\/fr\/wp-json\/wp\/v2\/product"}],"about":[{"href":"https:\/\/saiga.es\/fr\/wp-json\/wp\/v2\/types\/product"}],"replies":[{"embeddable":true,"href":"https:\/\/saiga.es\/fr\/wp-json\/wp\/v2\/comments?post=8411"}],"wp:featuredmedia":[{"embeddable":true,"href":"https:\/\/saiga.es\/fr\/wp-json\/wp\/v2\/media\/8409"}],"wp:attachment":[{"href":"https:\/\/saiga.es\/fr\/wp-json\/wp\/v2\/media?parent=8411"}],"wp:term":[{"taxonomy":"product_brand","embeddable":true,"href":"https:\/\/saiga.es\/fr\/wp-json\/wp\/v2\/product_brand?post=8411"},{"taxonomy":"product_cat","embeddable":true,"href":"https:\/\/saiga.es\/fr\/wp-json\/wp\/v2\/product_cat?post=8411"},{"taxonomy":"product_tag","embeddable":true,"href":"https:\/\/saiga.es\/fr\/wp-json\/wp\/v2\/product_tag?post=8411"}],"curies":[{"name":"wp","href":"https:\/\/api.w.org\/{rel}","templated":true}]}}