{"id":8537,"date":"2024-03-05T09:09:10","date_gmt":"2024-03-05T09:09:10","guid":{"rendered":"https:\/\/botiga.saiga.es\/producte\/microarroseur-8885-180o\/"},"modified":"2024-03-05T09:09:10","modified_gmt":"2024-03-05T09:09:10","slug":"microarroseur-8885-180o","status":"publish","type":"product","link":"https:\/\/saiga.es\/fr\/produit\/microarroseur-8885-180o\/","title":{"rendered":"Microarroseur 8885 180\u00ba"},"content":{"rendered":"<p>Le Microsprinkler 8885 180\u00ba est un petit appareil utilis\u00e9 pour irriguer des zones petites ou sp\u00e9cifiques dans les jardins, les vergers ou m\u00eame les cultures agricoles.<\/p>\n","protected":false},"excerpt":{"rendered":"<p>Le Microsprinkler 8885 180\u00ba est un petit appareil utilis\u00e9 pour irriguer des zones petites ou sp\u00e9cifiques dans les jardins, les vergers ou m\u00eame les cultures agricoles.<\/p>\n","protected":false},"featured_media":8535,"comment_status":"closed","ping_status":"closed","template":"","meta":[],"product_brand":[],"product_cat":[1447,470],"product_tag":[834,1150,1155,1154,824],"class_list":{"0":"post-8537","1":"product","2":"type-product","3":"status-publish","4":"has-post-thumbnail","6":"product_cat-tuyaux-et-accessoires-dirrigation","7":"product_cat-arroseurs-et-diffuseurs","8":"product_tag-arrosage-automatique-fr","9":"product_tag-arroseur","10":"product_tag-irrigation-et-hydraulique","11":"product_tag-micro-arroseur","12":"product_tag-reg-fr","14":"first","15":"instock","16":"taxable","17":"shipping-taxable","18":"purchasable","19":"product-type-simple"},"yoast_head":"<!-- This site is optimized with the Yoast SEO plugin v27.3 - https:\/\/yoast.com\/product\/yoast-seo-wordpress\/ -->\n<title>Microarroseur 8885 180\u00ba | SAIGA<\/title>\n<meta name=\"description\" content=\"Le Microsprinkler 8885 180\u00ba est un petit appareil utilis\u00e9 pour irriguer des zones petites ou sp\u00e9cifiques dans les jardins, les vergers ou m\u00eame les cultures agricoles.\" \/>\n<meta name=\"robots\" content=\"index, follow, max-snippet:-1, max-image-preview:large, max-video-preview:-1\" \/>\n<link rel=\"canonical\" href=\"https:\/\/saiga.es\/fr\/produit\/microarroseur-8885-180o\/\" \/>\n<meta property=\"og:locale\" content=\"fr_FR\" \/>\n<meta property=\"og:type\" content=\"article\" \/>\n<meta property=\"og:title\" content=\"Microarroseur 8885 180\u00ba | SAIGA\" \/>\n<meta property=\"og:description\" content=\"Le Microsprinkler 8885 180\u00ba est un petit appareil utilis\u00e9 pour irriguer des zones petites ou sp\u00e9cifiques dans les jardins, les vergers ou m\u00eame les cultures agricoles.\" \/>\n<meta property=\"og:url\" content=\"https:\/\/saiga.es\/fr\/produit\/microarroseur-8885-180o\/\" \/>\n<meta property=\"og:site_name\" content=\"SAIGA\" \/>\n<meta property=\"og:image\" content=\"https:\/\/saiga.es\/wp-content\/uploads\/2024\/03\/1.png\" \/>\n\t<meta property=\"og:image:width\" content=\"400\" \/>\n\t<meta property=\"og:image:height\" content=\"400\" \/>\n\t<meta property=\"og:image:type\" content=\"image\/png\" \/>\n<meta name=\"twitter:card\" content=\"summary_large_image\" \/>\n<meta name=\"twitter:site\" content=\"@saiga_agro\" \/>\n<script type=\"application\/ld+json\" class=\"yoast-schema-graph\">{\"@context\":\"https:\\\/\\\/schema.org\",\"@graph\":[{\"@type\":\"WebPage\",\"@id\":\"https:\\\/\\\/saiga.es\\\/fr\\\/produit\\\/microarroseur-8885-180o\\\/\",\"url\":\"https:\\\/\\\/saiga.es\\\/fr\\\/produit\\\/microarroseur-8885-180o\\\/\",\"name\":\"Microarroseur 8885 180\u00ba | SAIGA\",\"isPartOf\":{\"@id\":\"https:\\\/\\\/saiga.es\\\/fr\\\/#website\"},\"primaryImageOfPage\":{\"@id\":\"https:\\\/\\\/saiga.es\\\/fr\\\/produit\\\/microarroseur-8885-180o\\\/#primaryimage\"},\"image\":{\"@id\":\"https:\\\/\\\/saiga.es\\\/fr\\\/produit\\\/microarroseur-8885-180o\\\/#primaryimage\"},\"thumbnailUrl\":\"https:\\\/\\\/saiga.es\\\/wp-content\\\/uploads\\\/2024\\\/03\\\/1.png\",\"datePublished\":\"2024-03-05T09:09:10+00:00\",\"description\":\"Le Microsprinkler 8885 180\u00ba est un petit appareil utilis\u00e9 pour irriguer des zones petites ou sp\u00e9cifiques dans les jardins, les vergers ou m\u00eame les cultures agricoles.\",\"breadcrumb\":{\"@id\":\"https:\\\/\\\/saiga.es\\\/fr\\\/produit\\\/microarroseur-8885-180o\\\/#breadcrumb\"},\"inLanguage\":\"fr-FR\",\"potentialAction\":[{\"@type\":\"ReadAction\",\"target\":[\"https:\\\/\\\/saiga.es\\\/fr\\\/produit\\\/microarroseur-8885-180o\\\/\"]}]},{\"@type\":\"ImageObject\",\"inLanguage\":\"fr-FR\",\"@id\":\"https:\\\/\\\/saiga.es\\\/fr\\\/produit\\\/microarroseur-8885-180o\\\/#primaryimage\",\"url\":\"https:\\\/\\\/saiga.es\\\/wp-content\\\/uploads\\\/2024\\\/03\\\/1.png\",\"contentUrl\":\"https:\\\/\\\/saiga.es\\\/wp-content\\\/uploads\\\/2024\\\/03\\\/1.png\",\"width\":400,\"height\":400,\"caption\":\"micro-arroseur\"},{\"@type\":\"BreadcrumbList\",\"@id\":\"https:\\\/\\\/saiga.es\\\/fr\\\/produit\\\/microarroseur-8885-180o\\\/#breadcrumb\",\"itemListElement\":[{\"@type\":\"ListItem\",\"position\":1,\"name\":\"Inici\",\"item\":\"https:\\\/\\\/saiga.es\\\/fr\\\/\"},{\"@type\":\"ListItem\",\"position\":2,\"name\":\"boutique\",\"item\":\"https:\\\/\\\/saiga.es\\\/fr\\\/boutique\\\/\"},{\"@type\":\"ListItem\",\"position\":3,\"name\":\"Microarroseur 8885 180\u00ba\"}]},{\"@type\":\"WebSite\",\"@id\":\"https:\\\/\\\/saiga.es\\\/fr\\\/#website\",\"url\":\"https:\\\/\\\/saiga.es\\\/fr\\\/\",\"name\":\"SAIGA\",\"description\":\"M\u00e9s de 50 anys al servei de la terra i treballant per a un \u00fas eficient de l\u2019aigua!\",\"publisher\":{\"@id\":\"https:\\\/\\\/saiga.es\\\/fr\\\/#organization\"},\"potentialAction\":[{\"@type\":\"SearchAction\",\"target\":{\"@type\":\"EntryPoint\",\"urlTemplate\":\"https:\\\/\\\/saiga.es\\\/fr\\\/?s={search_term_string}\"},\"query-input\":{\"@type\":\"PropertyValueSpecification\",\"valueRequired\":true,\"valueName\":\"search_term_string\"}}],\"inLanguage\":\"fr-FR\"},{\"@type\":\"Organization\",\"@id\":\"https:\\\/\\\/saiga.es\\\/fr\\\/#organization\",\"name\":\"SAIGA\",\"url\":\"https:\\\/\\\/saiga.es\\\/fr\\\/\",\"logo\":{\"@type\":\"ImageObject\",\"inLanguage\":\"fr-FR\",\"@id\":\"https:\\\/\\\/saiga.es\\\/fr\\\/#\\\/schema\\\/logo\\\/image\\\/\",\"url\":\"https:\\\/\\\/saiga.es\\\/wp-content\\\/uploads\\\/2025\\\/07\\\/logo_saiga_baseline_optimitzat.svg\",\"contentUrl\":\"https:\\\/\\\/saiga.es\\\/wp-content\\\/uploads\\\/2025\\\/07\\\/logo_saiga_baseline_optimitzat.svg\",\"caption\":\"SAIGA\"},\"image\":{\"@id\":\"https:\\\/\\\/saiga.es\\\/fr\\\/#\\\/schema\\\/logo\\\/image\\\/\"},\"sameAs\":[\"https:\\\/\\\/x.com\\\/saiga_agro\",\"https:\\\/\\\/www.instagram.com\\\/saiga_agro\\\/\"]}]}<\/script>\n<!-- \/ Yoast SEO plugin. -->","yoast_head_json":{"title":"Microarroseur 8885 180\u00ba | SAIGA","description":"Le Microsprinkler 8885 180\u00ba est un petit appareil utilis\u00e9 pour irriguer des zones petites ou sp\u00e9cifiques dans les jardins, les vergers ou m\u00eame les cultures agricoles.","robots":{"index":"index","follow":"follow","max-snippet":"max-snippet:-1","max-image-preview":"max-image-preview:large","max-video-preview":"max-video-preview:-1"},"canonical":"https:\/\/saiga.es\/fr\/produit\/microarroseur-8885-180o\/","og_locale":"fr_FR","og_type":"article","og_title":"Microarroseur 8885 180\u00ba | SAIGA","og_description":"Le Microsprinkler 8885 180\u00ba est un petit appareil utilis\u00e9 pour irriguer des zones petites ou sp\u00e9cifiques dans les jardins, les vergers ou m\u00eame les cultures agricoles.","og_url":"https:\/\/saiga.es\/fr\/produit\/microarroseur-8885-180o\/","og_site_name":"SAIGA","og_image":[{"width":400,"height":400,"url":"https:\/\/saiga.es\/wp-content\/uploads\/2024\/03\/1.png","type":"image\/png"}],"twitter_card":"summary_large_image","twitter_site":"@saiga_agro","schema":{"@context":"https:\/\/schema.org","@graph":[{"@type":"WebPage","@id":"https:\/\/saiga.es\/fr\/produit\/microarroseur-8885-180o\/","url":"https:\/\/saiga.es\/fr\/produit\/microarroseur-8885-180o\/","name":"Microarroseur 8885 180\u00ba | SAIGA","isPartOf":{"@id":"https:\/\/saiga.es\/fr\/#website"},"primaryImageOfPage":{"@id":"https:\/\/saiga.es\/fr\/produit\/microarroseur-8885-180o\/#primaryimage"},"image":{"@id":"https:\/\/saiga.es\/fr\/produit\/microarroseur-8885-180o\/#primaryimage"},"thumbnailUrl":"https:\/\/saiga.es\/wp-content\/uploads\/2024\/03\/1.png","datePublished":"2024-03-05T09:09:10+00:00","description":"Le Microsprinkler 8885 180\u00ba est un petit appareil utilis\u00e9 pour irriguer des zones petites ou sp\u00e9cifiques dans les jardins, les vergers ou m\u00eame les cultures agricoles.","breadcrumb":{"@id":"https:\/\/saiga.es\/fr\/produit\/microarroseur-8885-180o\/#breadcrumb"},"inLanguage":"fr-FR","potentialAction":[{"@type":"ReadAction","target":["https:\/\/saiga.es\/fr\/produit\/microarroseur-8885-180o\/"]}]},{"@type":"ImageObject","inLanguage":"fr-FR","@id":"https:\/\/saiga.es\/fr\/produit\/microarroseur-8885-180o\/#primaryimage","url":"https:\/\/saiga.es\/wp-content\/uploads\/2024\/03\/1.png","contentUrl":"https:\/\/saiga.es\/wp-content\/uploads\/2024\/03\/1.png","width":400,"height":400,"caption":"micro-arroseur"},{"@type":"BreadcrumbList","@id":"https:\/\/saiga.es\/fr\/produit\/microarroseur-8885-180o\/#breadcrumb","itemListElement":[{"@type":"ListItem","position":1,"name":"Inici","item":"https:\/\/saiga.es\/fr\/"},{"@type":"ListItem","position":2,"name":"boutique","item":"https:\/\/saiga.es\/fr\/boutique\/"},{"@type":"ListItem","position":3,"name":"Microarroseur 8885 180\u00ba"}]},{"@type":"WebSite","@id":"https:\/\/saiga.es\/fr\/#website","url":"https:\/\/saiga.es\/fr\/","name":"SAIGA","description":"M\u00e9s de 50 anys al servei de la terra i treballant per a un \u00fas eficient de l\u2019aigua!","publisher":{"@id":"https:\/\/saiga.es\/fr\/#organization"},"potentialAction":[{"@type":"SearchAction","target":{"@type":"EntryPoint","urlTemplate":"https:\/\/saiga.es\/fr\/?s={search_term_string}"},"query-input":{"@type":"PropertyValueSpecification","valueRequired":true,"valueName":"search_term_string"}}],"inLanguage":"fr-FR"},{"@type":"Organization","@id":"https:\/\/saiga.es\/fr\/#organization","name":"SAIGA","url":"https:\/\/saiga.es\/fr\/","logo":{"@type":"ImageObject","inLanguage":"fr-FR","@id":"https:\/\/saiga.es\/fr\/#\/schema\/logo\/image\/","url":"https:\/\/saiga.es\/wp-content\/uploads\/2025\/07\/logo_saiga_baseline_optimitzat.svg","contentUrl":"https:\/\/saiga.es\/wp-content\/uploads\/2025\/07\/logo_saiga_baseline_optimitzat.svg","caption":"SAIGA"},"image":{"@id":"https:\/\/saiga.es\/fr\/#\/schema\/logo\/image\/"},"sameAs":["https:\/\/x.com\/saiga_agro","https:\/\/www.instagram.com\/saiga_agro\/"]}]}},"_links":{"self":[{"href":"https:\/\/saiga.es\/fr\/wp-json\/wp\/v2\/product\/8537","targetHints":{"allow":["GET"]}}],"collection":[{"href":"https:\/\/saiga.es\/fr\/wp-json\/wp\/v2\/product"}],"about":[{"href":"https:\/\/saiga.es\/fr\/wp-json\/wp\/v2\/types\/product"}],"replies":[{"embeddable":true,"href":"https:\/\/saiga.es\/fr\/wp-json\/wp\/v2\/comments?post=8537"}],"wp:featuredmedia":[{"embeddable":true,"href":"https:\/\/saiga.es\/fr\/wp-json\/wp\/v2\/media\/8535"}],"wp:attachment":[{"href":"https:\/\/saiga.es\/fr\/wp-json\/wp\/v2\/media?parent=8537"}],"wp:term":[{"taxonomy":"product_brand","embeddable":true,"href":"https:\/\/saiga.es\/fr\/wp-json\/wp\/v2\/product_brand?post=8537"},{"taxonomy":"product_cat","embeddable":true,"href":"https:\/\/saiga.es\/fr\/wp-json\/wp\/v2\/product_cat?post=8537"},{"taxonomy":"product_tag","embeddable":true,"href":"https:\/\/saiga.es\/fr\/wp-json\/wp\/v2\/product_tag?post=8537"}],"curies":[{"name":"wp","href":"https:\/\/api.w.org\/{rel}","templated":true}]}}