{"id":8548,"date":"2024-03-05T09:16:31","date_gmt":"2024-03-05T09:16:31","guid":{"rendered":"https:\/\/botiga.saiga.es\/producte\/manchon-union-polyethylene-diametre-5\/"},"modified":"2025-07-14T13:07:37","modified_gmt":"2025-07-14T13:07:37","slug":"manchon-union-polyethylene-diametre-5","status":"publish","type":"product","link":"https:\/\/saiga.es\/fr\/produit\/manchon-union-polyethylene-diametre-5\/","title":{"rendered":"Manchon-union Poly\u00e9thyl\u00e8ne Diam\u00e8tre 5"},"content":{"rendered":"<p>Le manchon union en poly\u00e9thyl\u00e8ne diam\u00e8tre 5 est un connecteur utilis\u00e9 pour relier des tuyaux ou des manchons en poly\u00e9thyl\u00e8ne d&rsquo;un diam\u00e8tre de 5 mm. Ces types de connecteurs sont courants dans les syst\u00e8mes d&rsquo;irrigation goutte \u00e0 goutte ou dans d&rsquo;autres applications o\u00f9 une connexion fiable entre des tuyaux en poly\u00e9thyl\u00e8ne de petit diam\u00e8tre est requise. Ces types de manchons et de connecteurs sont populaires pour leur flexibilit\u00e9, leur durabilit\u00e9 et leur facilit\u00e9 d&rsquo;utilisation dans les applications de jardinage et agricoles.<\/p>\n","protected":false},"excerpt":{"rendered":"<p>Le manchon union en poly\u00e9thyl\u00e8ne diam\u00e8tre 5 est un connecteur utilis\u00e9 pour relier des tuyaux ou des manchons en poly\u00e9thyl\u00e8ne d&rsquo;un diam\u00e8tre de 5 mm. Ces types de connecteurs sont courants dans les syst\u00e8mes d&rsquo;irrigation goutte \u00e0 goutte ou dans d&rsquo;autres applications o\u00f9 une connexion fiable entre des tuyaux en poly\u00e9thyl\u00e8ne de petit diam\u00e8tre est requise. Ces types de manchons et de connecteurs sont populaires pour leur flexibilit\u00e9, leur durabilit\u00e9 et leur facilit\u00e9 d&rsquo;utilisation dans les applications de jardinage et agricoles.<\/p>\n","protected":false},"featured_media":8546,"comment_status":"closed","ping_status":"closed","template":"","meta":[],"product_brand":[],"product_cat":[2255],"product_tag":[831,1159,839,824],"class_list":{"0":"post-8548","1":"product","2":"type-product","3":"status-publish","4":"has-post-thumbnail","6":"product_cat-accessoires-pour-tuyaux-dirrigation","7":"product_tag-arrosage-automatique","8":"product_tag-manche","9":"product_tag-raccord","10":"product_tag-reg-fr","12":"first","13":"instock","14":"taxable","15":"shipping-taxable","16":"purchasable","17":"product-type-simple"},"yoast_head":"<!-- This site is optimized with the Yoast SEO plugin v27.4 - https:\/\/yoast.com\/product\/yoast-seo-wordpress\/ -->\n<title>Manchon-union Poly\u00e9thyl\u00e8ne Diam\u00e8tre 5 | SAIGA<\/title>\n<meta name=\"description\" content=\"Le manchon union en poly\u00e9thyl\u00e8ne diam\u00e8tre 5 est un connecteur utilis\u00e9 pour relier des tuyaux ou des manchons en poly\u00e9thyl\u00e8ne d&#039;un diam\u00e8tre de 5 mm.\" \/>\n<meta name=\"robots\" content=\"index, follow, max-snippet:-1, max-image-preview:large, max-video-preview:-1\" \/>\n<link rel=\"canonical\" href=\"https:\/\/saiga.es\/fr\/produit\/manchon-union-polyethylene-diametre-5\/\" \/>\n<meta property=\"og:locale\" content=\"fr_FR\" \/>\n<meta property=\"og:type\" content=\"article\" \/>\n<meta property=\"og:title\" content=\"Manchon-union Poly\u00e9thyl\u00e8ne Diam\u00e8tre 5 | SAIGA\" \/>\n<meta property=\"og:description\" content=\"Le manchon union en poly\u00e9thyl\u00e8ne diam\u00e8tre 5 est un connecteur utilis\u00e9 pour relier des tuyaux ou des manchons en poly\u00e9thyl\u00e8ne d&#039;un diam\u00e8tre de 5 mm.\" \/>\n<meta property=\"og:url\" content=\"https:\/\/saiga.es\/fr\/produit\/manchon-union-polyethylene-diametre-5\/\" \/>\n<meta property=\"og:site_name\" content=\"SAIGA\" \/>\n<meta property=\"article:modified_time\" content=\"2025-07-14T13:07:37+00:00\" \/>\n<meta property=\"og:image\" content=\"https:\/\/saiga.es\/wp-content\/uploads\/2024\/03\/3.png\" \/>\n\t<meta property=\"og:image:width\" content=\"400\" \/>\n\t<meta property=\"og:image:height\" content=\"400\" \/>\n\t<meta property=\"og:image:type\" content=\"image\/png\" \/>\n<meta name=\"twitter:card\" content=\"summary_large_image\" \/>\n<meta name=\"twitter:site\" content=\"@saiga_agro\" \/>\n<meta name=\"twitter:label1\" content=\"Dur\u00e9e de lecture estim\u00e9e\" \/>\n\t<meta name=\"twitter:data1\" content=\"1 minute\" \/>\n<script type=\"application\/ld+json\" class=\"yoast-schema-graph\">{\"@context\":\"https:\\\/\\\/schema.org\",\"@graph\":[{\"@type\":\"WebPage\",\"@id\":\"https:\\\/\\\/saiga.es\\\/fr\\\/produit\\\/manchon-union-polyethylene-diametre-5\\\/\",\"url\":\"https:\\\/\\\/saiga.es\\\/fr\\\/produit\\\/manchon-union-polyethylene-diametre-5\\\/\",\"name\":\"Manchon-union Poly\u00e9thyl\u00e8ne Diam\u00e8tre 5 | SAIGA\",\"isPartOf\":{\"@id\":\"https:\\\/\\\/saiga.es\\\/fr\\\/#website\"},\"primaryImageOfPage\":{\"@id\":\"https:\\\/\\\/saiga.es\\\/fr\\\/produit\\\/manchon-union-polyethylene-diametre-5\\\/#primaryimage\"},\"image\":{\"@id\":\"https:\\\/\\\/saiga.es\\\/fr\\\/produit\\\/manchon-union-polyethylene-diametre-5\\\/#primaryimage\"},\"thumbnailUrl\":\"https:\\\/\\\/saiga.es\\\/wp-content\\\/uploads\\\/2024\\\/03\\\/3.png\",\"datePublished\":\"2024-03-05T09:16:31+00:00\",\"dateModified\":\"2025-07-14T13:07:37+00:00\",\"description\":\"Le manchon union en poly\u00e9thyl\u00e8ne diam\u00e8tre 5 est un connecteur utilis\u00e9 pour relier des tuyaux ou des manchons en poly\u00e9thyl\u00e8ne d'un diam\u00e8tre de 5 mm.\",\"breadcrumb\":{\"@id\":\"https:\\\/\\\/saiga.es\\\/fr\\\/produit\\\/manchon-union-polyethylene-diametre-5\\\/#breadcrumb\"},\"inLanguage\":\"fr-FR\",\"potentialAction\":[{\"@type\":\"ReadAction\",\"target\":[\"https:\\\/\\\/saiga.es\\\/fr\\\/produit\\\/manchon-union-polyethylene-diametre-5\\\/\"]}]},{\"@type\":\"ImageObject\",\"inLanguage\":\"fr-FR\",\"@id\":\"https:\\\/\\\/saiga.es\\\/fr\\\/produit\\\/manchon-union-polyethylene-diametre-5\\\/#primaryimage\",\"url\":\"https:\\\/\\\/saiga.es\\\/wp-content\\\/uploads\\\/2024\\\/03\\\/3.png\",\"contentUrl\":\"https:\\\/\\\/saiga.es\\\/wp-content\\\/uploads\\\/2024\\\/03\\\/3.png\",\"width\":400,\"height\":400,\"caption\":\"Manchon union en poly\u00e9thyl\u00e8ne D5\"},{\"@type\":\"BreadcrumbList\",\"@id\":\"https:\\\/\\\/saiga.es\\\/fr\\\/produit\\\/manchon-union-polyethylene-diametre-5\\\/#breadcrumb\",\"itemListElement\":[{\"@type\":\"ListItem\",\"position\":1,\"name\":\"Inici\",\"item\":\"https:\\\/\\\/saiga.es\\\/fr\\\/\"},{\"@type\":\"ListItem\",\"position\":2,\"name\":\"boutique\",\"item\":\"https:\\\/\\\/saiga.es\\\/fr\\\/boutique\\\/\"},{\"@type\":\"ListItem\",\"position\":3,\"name\":\"Manchon-union Poly\u00e9thyl\u00e8ne Diam\u00e8tre 5\"}]},{\"@type\":\"WebSite\",\"@id\":\"https:\\\/\\\/saiga.es\\\/fr\\\/#website\",\"url\":\"https:\\\/\\\/saiga.es\\\/fr\\\/\",\"name\":\"SAIGA\",\"description\":\"M\u00e9s de 50 anys al servei de la terra i treballant per a un \u00fas eficient de l\u2019aigua!\",\"publisher\":{\"@id\":\"https:\\\/\\\/saiga.es\\\/fr\\\/#organization\"},\"potentialAction\":[{\"@type\":\"SearchAction\",\"target\":{\"@type\":\"EntryPoint\",\"urlTemplate\":\"https:\\\/\\\/saiga.es\\\/fr\\\/?s={search_term_string}\"},\"query-input\":{\"@type\":\"PropertyValueSpecification\",\"valueRequired\":true,\"valueName\":\"search_term_string\"}}],\"inLanguage\":\"fr-FR\"},{\"@type\":\"Organization\",\"@id\":\"https:\\\/\\\/saiga.es\\\/fr\\\/#organization\",\"name\":\"SAIGA\",\"url\":\"https:\\\/\\\/saiga.es\\\/fr\\\/\",\"logo\":{\"@type\":\"ImageObject\",\"inLanguage\":\"fr-FR\",\"@id\":\"https:\\\/\\\/saiga.es\\\/fr\\\/#\\\/schema\\\/logo\\\/image\\\/\",\"url\":\"https:\\\/\\\/saiga.es\\\/wp-content\\\/uploads\\\/2025\\\/07\\\/logo_saiga_baseline_optimitzat.svg\",\"contentUrl\":\"https:\\\/\\\/saiga.es\\\/wp-content\\\/uploads\\\/2025\\\/07\\\/logo_saiga_baseline_optimitzat.svg\",\"caption\":\"SAIGA\"},\"image\":{\"@id\":\"https:\\\/\\\/saiga.es\\\/fr\\\/#\\\/schema\\\/logo\\\/image\\\/\"},\"sameAs\":[\"https:\\\/\\\/x.com\\\/saiga_agro\",\"https:\\\/\\\/www.instagram.com\\\/saiga_agro\\\/\"]}]}<\/script>\n<!-- \/ Yoast SEO plugin. -->","yoast_head_json":{"title":"Manchon-union Poly\u00e9thyl\u00e8ne Diam\u00e8tre 5 | SAIGA","description":"Le manchon union en poly\u00e9thyl\u00e8ne diam\u00e8tre 5 est un connecteur utilis\u00e9 pour relier des tuyaux ou des manchons en poly\u00e9thyl\u00e8ne d'un diam\u00e8tre de 5 mm.","robots":{"index":"index","follow":"follow","max-snippet":"max-snippet:-1","max-image-preview":"max-image-preview:large","max-video-preview":"max-video-preview:-1"},"canonical":"https:\/\/saiga.es\/fr\/produit\/manchon-union-polyethylene-diametre-5\/","og_locale":"fr_FR","og_type":"article","og_title":"Manchon-union Poly\u00e9thyl\u00e8ne Diam\u00e8tre 5 | SAIGA","og_description":"Le manchon union en poly\u00e9thyl\u00e8ne diam\u00e8tre 5 est un connecteur utilis\u00e9 pour relier des tuyaux ou des manchons en poly\u00e9thyl\u00e8ne d'un diam\u00e8tre de 5 mm.","og_url":"https:\/\/saiga.es\/fr\/produit\/manchon-union-polyethylene-diametre-5\/","og_site_name":"SAIGA","article_modified_time":"2025-07-14T13:07:37+00:00","og_image":[{"width":400,"height":400,"url":"https:\/\/saiga.es\/wp-content\/uploads\/2024\/03\/3.png","type":"image\/png"}],"twitter_card":"summary_large_image","twitter_site":"@saiga_agro","twitter_misc":{"Dur\u00e9e de lecture estim\u00e9e":"1 minute"},"schema":{"@context":"https:\/\/schema.org","@graph":[{"@type":"WebPage","@id":"https:\/\/saiga.es\/fr\/produit\/manchon-union-polyethylene-diametre-5\/","url":"https:\/\/saiga.es\/fr\/produit\/manchon-union-polyethylene-diametre-5\/","name":"Manchon-union Poly\u00e9thyl\u00e8ne Diam\u00e8tre 5 | SAIGA","isPartOf":{"@id":"https:\/\/saiga.es\/fr\/#website"},"primaryImageOfPage":{"@id":"https:\/\/saiga.es\/fr\/produit\/manchon-union-polyethylene-diametre-5\/#primaryimage"},"image":{"@id":"https:\/\/saiga.es\/fr\/produit\/manchon-union-polyethylene-diametre-5\/#primaryimage"},"thumbnailUrl":"https:\/\/saiga.es\/wp-content\/uploads\/2024\/03\/3.png","datePublished":"2024-03-05T09:16:31+00:00","dateModified":"2025-07-14T13:07:37+00:00","description":"Le manchon union en poly\u00e9thyl\u00e8ne diam\u00e8tre 5 est un connecteur utilis\u00e9 pour relier des tuyaux ou des manchons en poly\u00e9thyl\u00e8ne d'un diam\u00e8tre de 5 mm.","breadcrumb":{"@id":"https:\/\/saiga.es\/fr\/produit\/manchon-union-polyethylene-diametre-5\/#breadcrumb"},"inLanguage":"fr-FR","potentialAction":[{"@type":"ReadAction","target":["https:\/\/saiga.es\/fr\/produit\/manchon-union-polyethylene-diametre-5\/"]}]},{"@type":"ImageObject","inLanguage":"fr-FR","@id":"https:\/\/saiga.es\/fr\/produit\/manchon-union-polyethylene-diametre-5\/#primaryimage","url":"https:\/\/saiga.es\/wp-content\/uploads\/2024\/03\/3.png","contentUrl":"https:\/\/saiga.es\/wp-content\/uploads\/2024\/03\/3.png","width":400,"height":400,"caption":"Manchon union en poly\u00e9thyl\u00e8ne D5"},{"@type":"BreadcrumbList","@id":"https:\/\/saiga.es\/fr\/produit\/manchon-union-polyethylene-diametre-5\/#breadcrumb","itemListElement":[{"@type":"ListItem","position":1,"name":"Inici","item":"https:\/\/saiga.es\/fr\/"},{"@type":"ListItem","position":2,"name":"boutique","item":"https:\/\/saiga.es\/fr\/boutique\/"},{"@type":"ListItem","position":3,"name":"Manchon-union Poly\u00e9thyl\u00e8ne Diam\u00e8tre 5"}]},{"@type":"WebSite","@id":"https:\/\/saiga.es\/fr\/#website","url":"https:\/\/saiga.es\/fr\/","name":"SAIGA","description":"M\u00e9s de 50 anys al servei de la terra i treballant per a un \u00fas eficient de l\u2019aigua!","publisher":{"@id":"https:\/\/saiga.es\/fr\/#organization"},"potentialAction":[{"@type":"SearchAction","target":{"@type":"EntryPoint","urlTemplate":"https:\/\/saiga.es\/fr\/?s={search_term_string}"},"query-input":{"@type":"PropertyValueSpecification","valueRequired":true,"valueName":"search_term_string"}}],"inLanguage":"fr-FR"},{"@type":"Organization","@id":"https:\/\/saiga.es\/fr\/#organization","name":"SAIGA","url":"https:\/\/saiga.es\/fr\/","logo":{"@type":"ImageObject","inLanguage":"fr-FR","@id":"https:\/\/saiga.es\/fr\/#\/schema\/logo\/image\/","url":"https:\/\/saiga.es\/wp-content\/uploads\/2025\/07\/logo_saiga_baseline_optimitzat.svg","contentUrl":"https:\/\/saiga.es\/wp-content\/uploads\/2025\/07\/logo_saiga_baseline_optimitzat.svg","caption":"SAIGA"},"image":{"@id":"https:\/\/saiga.es\/fr\/#\/schema\/logo\/image\/"},"sameAs":["https:\/\/x.com\/saiga_agro","https:\/\/www.instagram.com\/saiga_agro\/"]}]}},"_links":{"self":[{"href":"https:\/\/saiga.es\/fr\/wp-json\/wp\/v2\/product\/8548","targetHints":{"allow":["GET"]}}],"collection":[{"href":"https:\/\/saiga.es\/fr\/wp-json\/wp\/v2\/product"}],"about":[{"href":"https:\/\/saiga.es\/fr\/wp-json\/wp\/v2\/types\/product"}],"replies":[{"embeddable":true,"href":"https:\/\/saiga.es\/fr\/wp-json\/wp\/v2\/comments?post=8548"}],"wp:featuredmedia":[{"embeddable":true,"href":"https:\/\/saiga.es\/fr\/wp-json\/wp\/v2\/media\/8546"}],"wp:attachment":[{"href":"https:\/\/saiga.es\/fr\/wp-json\/wp\/v2\/media?parent=8548"}],"wp:term":[{"taxonomy":"product_brand","embeddable":true,"href":"https:\/\/saiga.es\/fr\/wp-json\/wp\/v2\/product_brand?post=8548"},{"taxonomy":"product_cat","embeddable":true,"href":"https:\/\/saiga.es\/fr\/wp-json\/wp\/v2\/product_cat?post=8548"},{"taxonomy":"product_tag","embeddable":true,"href":"https:\/\/saiga.es\/fr\/wp-json\/wp\/v2\/product_tag?post=8548"}],"curies":[{"name":"wp","href":"https:\/\/api.w.org\/{rel}","templated":true}]}}