{"id":8581,"date":"2024-03-04T11:41:02","date_gmt":"2024-03-04T11:41:02","guid":{"rendered":"https:\/\/botiga.saiga.es\/producte\/sur-la-fleur-sympohony-meliplus\/"},"modified":"2024-03-04T11:41:02","modified_gmt":"2024-03-04T11:41:02","slug":"sur-la-fleur-sympohony-meliplus","status":"publish","type":"product","link":"https:\/\/saiga.es\/fr\/produit\/sur-la-fleur-sympohony-meliplus\/","title":{"rendered":"Sur la fleur sympohony meliplus"},"content":{"rendered":"<p>Sur la fleur sympohony meliplus<\/p>\n<p>M\u00e9lange de plantes annuelles \u00e0 floraison rapide et prolong\u00e9e. Attire les abeilles et autres insectes utiles en leur fournissant du pollen et du nectar. Effet esth\u00e9tique longue dur\u00e9e. Capacit\u00e9 d&rsquo;auto-ensemencement. Conseils de culture : Semer au printemps, en \u00e9vitant les gel\u00e9es tardives, dans un sol bien pr\u00e9par\u00e9. Une coupe \u00e0 l\u2019automne, une fois la floraison termin\u00e9e, favorisera une couverture pour l\u2019ann\u00e9e suivante.<\/p>\n","protected":false},"excerpt":{"rendered":"<p>Sur la fleur sympohony meliplus<\/p>\n<p>M\u00e9lange de plantes annuelles \u00e0 floraison rapide et prolong\u00e9e. Attire les abeilles et autres insectes utiles en leur fournissant du pollen et du nectar. Effet esth\u00e9tique longue dur\u00e9e. Capacit\u00e9 d&rsquo;auto-ensemencement. Conseils de culture : Semer au printemps, en \u00e9vitant les gel\u00e9es tardives, dans un sol bien pr\u00e9par\u00e9. Une coupe \u00e0 l\u2019automne, une fois la floraison termin\u00e9e, favorisera une couverture pour l\u2019ann\u00e9e suivante.<\/p>\n","protected":false},"featured_media":8470,"comment_status":"open","ping_status":"closed","template":"","meta":[],"product_brand":[],"product_cat":[459],"product_tag":[],"class_list":{"0":"post-8581","1":"product","2":"type-product","3":"status-publish","4":"has-post-thumbnail","6":"product_cat-ornemental","8":"first","9":"instock","10":"taxable","11":"shipping-taxable","12":"purchasable","13":"product-type-simple"},"yoast_head":"<!-- This site is optimized with the Yoast SEO plugin v27.3 - https:\/\/yoast.com\/product\/yoast-seo-wordpress\/ -->\n<title>Sur la fleur sympohony meliplus | SAIGA<\/title>\n<meta name=\"description\" content=\"M\u00e9lange de plantes annuelles \u00e0 floraison rapide et prolong\u00e9e. Attire les abeilles et autres insectes utiles en leur fournissant du pollen et du nectar.\" \/>\n<meta name=\"robots\" content=\"index, follow, max-snippet:-1, max-image-preview:large, max-video-preview:-1\" \/>\n<link rel=\"canonical\" href=\"https:\/\/saiga.es\/fr\/produit\/sur-la-fleur-sympohony-meliplus\/\" \/>\n<meta property=\"og:locale\" content=\"fr_FR\" \/>\n<meta property=\"og:type\" content=\"article\" \/>\n<meta property=\"og:title\" content=\"Sur la fleur sympohony meliplus | SAIGA\" \/>\n<meta property=\"og:description\" content=\"M\u00e9lange de plantes annuelles \u00e0 floraison rapide et prolong\u00e9e. Attire les abeilles et autres insectes utiles en leur fournissant du pollen et du nectar.\" \/>\n<meta property=\"og:url\" content=\"https:\/\/saiga.es\/fr\/produit\/sur-la-fleur-sympohony-meliplus\/\" \/>\n<meta property=\"og:site_name\" content=\"SAIGA\" \/>\n<meta property=\"og:image\" content=\"https:\/\/saiga.es\/wp-content\/uploads\/2024\/03\/flores-meliplus.jpg\" \/>\n\t<meta property=\"og:image:width\" content=\"500\" \/>\n\t<meta property=\"og:image:height\" content=\"720\" \/>\n\t<meta property=\"og:image:type\" content=\"image\/jpeg\" \/>\n<meta name=\"twitter:card\" content=\"summary_large_image\" \/>\n<meta name=\"twitter:site\" content=\"@saiga_agro\" \/>\n<script type=\"application\/ld+json\" class=\"yoast-schema-graph\">{\"@context\":\"https:\\\/\\\/schema.org\",\"@graph\":[{\"@type\":\"WebPage\",\"@id\":\"https:\\\/\\\/saiga.es\\\/fr\\\/produit\\\/sur-la-fleur-sympohony-meliplus\\\/\",\"url\":\"https:\\\/\\\/saiga.es\\\/fr\\\/produit\\\/sur-la-fleur-sympohony-meliplus\\\/\",\"name\":\"Sur la fleur sympohony meliplus | SAIGA\",\"isPartOf\":{\"@id\":\"https:\\\/\\\/saiga.es\\\/fr\\\/#website\"},\"primaryImageOfPage\":{\"@id\":\"https:\\\/\\\/saiga.es\\\/fr\\\/produit\\\/sur-la-fleur-sympohony-meliplus\\\/#primaryimage\"},\"image\":{\"@id\":\"https:\\\/\\\/saiga.es\\\/fr\\\/produit\\\/sur-la-fleur-sympohony-meliplus\\\/#primaryimage\"},\"thumbnailUrl\":\"https:\\\/\\\/saiga.es\\\/wp-content\\\/uploads\\\/2024\\\/03\\\/flores-meliplus.jpg\",\"datePublished\":\"2024-03-04T11:41:02+00:00\",\"description\":\"M\u00e9lange de plantes annuelles \u00e0 floraison rapide et prolong\u00e9e. Attire les abeilles et autres insectes utiles en leur fournissant du pollen et du nectar.\",\"breadcrumb\":{\"@id\":\"https:\\\/\\\/saiga.es\\\/fr\\\/produit\\\/sur-la-fleur-sympohony-meliplus\\\/#breadcrumb\"},\"inLanguage\":\"fr-FR\",\"potentialAction\":[{\"@type\":\"ReadAction\",\"target\":[\"https:\\\/\\\/saiga.es\\\/fr\\\/produit\\\/sur-la-fleur-sympohony-meliplus\\\/\"]}]},{\"@type\":\"ImageObject\",\"inLanguage\":\"fr-FR\",\"@id\":\"https:\\\/\\\/saiga.es\\\/fr\\\/produit\\\/sur-la-fleur-sympohony-meliplus\\\/#primaryimage\",\"url\":\"https:\\\/\\\/saiga.es\\\/wp-content\\\/uploads\\\/2024\\\/03\\\/flores-meliplus.jpg\",\"contentUrl\":\"https:\\\/\\\/saiga.es\\\/wp-content\\\/uploads\\\/2024\\\/03\\\/flores-meliplus.jpg\",\"width\":500,\"height\":720},{\"@type\":\"BreadcrumbList\",\"@id\":\"https:\\\/\\\/saiga.es\\\/fr\\\/produit\\\/sur-la-fleur-sympohony-meliplus\\\/#breadcrumb\",\"itemListElement\":[{\"@type\":\"ListItem\",\"position\":1,\"name\":\"Inici\",\"item\":\"https:\\\/\\\/saiga.es\\\/fr\\\/\"},{\"@type\":\"ListItem\",\"position\":2,\"name\":\"boutique\",\"item\":\"https:\\\/\\\/saiga.es\\\/fr\\\/boutique\\\/\"},{\"@type\":\"ListItem\",\"position\":3,\"name\":\"Sur la fleur sympohony meliplus\"}]},{\"@type\":\"WebSite\",\"@id\":\"https:\\\/\\\/saiga.es\\\/fr\\\/#website\",\"url\":\"https:\\\/\\\/saiga.es\\\/fr\\\/\",\"name\":\"SAIGA\",\"description\":\"M\u00e9s de 50 anys al servei de la terra i treballant per a un \u00fas eficient de l\u2019aigua!\",\"publisher\":{\"@id\":\"https:\\\/\\\/saiga.es\\\/fr\\\/#organization\"},\"potentialAction\":[{\"@type\":\"SearchAction\",\"target\":{\"@type\":\"EntryPoint\",\"urlTemplate\":\"https:\\\/\\\/saiga.es\\\/fr\\\/?s={search_term_string}\"},\"query-input\":{\"@type\":\"PropertyValueSpecification\",\"valueRequired\":true,\"valueName\":\"search_term_string\"}}],\"inLanguage\":\"fr-FR\"},{\"@type\":\"Organization\",\"@id\":\"https:\\\/\\\/saiga.es\\\/fr\\\/#organization\",\"name\":\"SAIGA\",\"url\":\"https:\\\/\\\/saiga.es\\\/fr\\\/\",\"logo\":{\"@type\":\"ImageObject\",\"inLanguage\":\"fr-FR\",\"@id\":\"https:\\\/\\\/saiga.es\\\/fr\\\/#\\\/schema\\\/logo\\\/image\\\/\",\"url\":\"https:\\\/\\\/saiga.es\\\/wp-content\\\/uploads\\\/2025\\\/07\\\/logo_saiga_baseline_optimitzat.svg\",\"contentUrl\":\"https:\\\/\\\/saiga.es\\\/wp-content\\\/uploads\\\/2025\\\/07\\\/logo_saiga_baseline_optimitzat.svg\",\"caption\":\"SAIGA\"},\"image\":{\"@id\":\"https:\\\/\\\/saiga.es\\\/fr\\\/#\\\/schema\\\/logo\\\/image\\\/\"},\"sameAs\":[\"https:\\\/\\\/x.com\\\/saiga_agro\",\"https:\\\/\\\/www.instagram.com\\\/saiga_agro\\\/\"]}]}<\/script>\n<!-- \/ Yoast SEO plugin. -->","yoast_head_json":{"title":"Sur la fleur sympohony meliplus | SAIGA","description":"M\u00e9lange de plantes annuelles \u00e0 floraison rapide et prolong\u00e9e. Attire les abeilles et autres insectes utiles en leur fournissant du pollen et du nectar.","robots":{"index":"index","follow":"follow","max-snippet":"max-snippet:-1","max-image-preview":"max-image-preview:large","max-video-preview":"max-video-preview:-1"},"canonical":"https:\/\/saiga.es\/fr\/produit\/sur-la-fleur-sympohony-meliplus\/","og_locale":"fr_FR","og_type":"article","og_title":"Sur la fleur sympohony meliplus | SAIGA","og_description":"M\u00e9lange de plantes annuelles \u00e0 floraison rapide et prolong\u00e9e. Attire les abeilles et autres insectes utiles en leur fournissant du pollen et du nectar.","og_url":"https:\/\/saiga.es\/fr\/produit\/sur-la-fleur-sympohony-meliplus\/","og_site_name":"SAIGA","og_image":[{"width":500,"height":720,"url":"https:\/\/saiga.es\/wp-content\/uploads\/2024\/03\/flores-meliplus.jpg","type":"image\/jpeg"}],"twitter_card":"summary_large_image","twitter_site":"@saiga_agro","schema":{"@context":"https:\/\/schema.org","@graph":[{"@type":"WebPage","@id":"https:\/\/saiga.es\/fr\/produit\/sur-la-fleur-sympohony-meliplus\/","url":"https:\/\/saiga.es\/fr\/produit\/sur-la-fleur-sympohony-meliplus\/","name":"Sur la fleur sympohony meliplus | SAIGA","isPartOf":{"@id":"https:\/\/saiga.es\/fr\/#website"},"primaryImageOfPage":{"@id":"https:\/\/saiga.es\/fr\/produit\/sur-la-fleur-sympohony-meliplus\/#primaryimage"},"image":{"@id":"https:\/\/saiga.es\/fr\/produit\/sur-la-fleur-sympohony-meliplus\/#primaryimage"},"thumbnailUrl":"https:\/\/saiga.es\/wp-content\/uploads\/2024\/03\/flores-meliplus.jpg","datePublished":"2024-03-04T11:41:02+00:00","description":"M\u00e9lange de plantes annuelles \u00e0 floraison rapide et prolong\u00e9e. Attire les abeilles et autres insectes utiles en leur fournissant du pollen et du nectar.","breadcrumb":{"@id":"https:\/\/saiga.es\/fr\/produit\/sur-la-fleur-sympohony-meliplus\/#breadcrumb"},"inLanguage":"fr-FR","potentialAction":[{"@type":"ReadAction","target":["https:\/\/saiga.es\/fr\/produit\/sur-la-fleur-sympohony-meliplus\/"]}]},{"@type":"ImageObject","inLanguage":"fr-FR","@id":"https:\/\/saiga.es\/fr\/produit\/sur-la-fleur-sympohony-meliplus\/#primaryimage","url":"https:\/\/saiga.es\/wp-content\/uploads\/2024\/03\/flores-meliplus.jpg","contentUrl":"https:\/\/saiga.es\/wp-content\/uploads\/2024\/03\/flores-meliplus.jpg","width":500,"height":720},{"@type":"BreadcrumbList","@id":"https:\/\/saiga.es\/fr\/produit\/sur-la-fleur-sympohony-meliplus\/#breadcrumb","itemListElement":[{"@type":"ListItem","position":1,"name":"Inici","item":"https:\/\/saiga.es\/fr\/"},{"@type":"ListItem","position":2,"name":"boutique","item":"https:\/\/saiga.es\/fr\/boutique\/"},{"@type":"ListItem","position":3,"name":"Sur la fleur sympohony meliplus"}]},{"@type":"WebSite","@id":"https:\/\/saiga.es\/fr\/#website","url":"https:\/\/saiga.es\/fr\/","name":"SAIGA","description":"M\u00e9s de 50 anys al servei de la terra i treballant per a un \u00fas eficient de l\u2019aigua!","publisher":{"@id":"https:\/\/saiga.es\/fr\/#organization"},"potentialAction":[{"@type":"SearchAction","target":{"@type":"EntryPoint","urlTemplate":"https:\/\/saiga.es\/fr\/?s={search_term_string}"},"query-input":{"@type":"PropertyValueSpecification","valueRequired":true,"valueName":"search_term_string"}}],"inLanguage":"fr-FR"},{"@type":"Organization","@id":"https:\/\/saiga.es\/fr\/#organization","name":"SAIGA","url":"https:\/\/saiga.es\/fr\/","logo":{"@type":"ImageObject","inLanguage":"fr-FR","@id":"https:\/\/saiga.es\/fr\/#\/schema\/logo\/image\/","url":"https:\/\/saiga.es\/wp-content\/uploads\/2025\/07\/logo_saiga_baseline_optimitzat.svg","contentUrl":"https:\/\/saiga.es\/wp-content\/uploads\/2025\/07\/logo_saiga_baseline_optimitzat.svg","caption":"SAIGA"},"image":{"@id":"https:\/\/saiga.es\/fr\/#\/schema\/logo\/image\/"},"sameAs":["https:\/\/x.com\/saiga_agro","https:\/\/www.instagram.com\/saiga_agro\/"]}]}},"_links":{"self":[{"href":"https:\/\/saiga.es\/fr\/wp-json\/wp\/v2\/product\/8581","targetHints":{"allow":["GET"]}}],"collection":[{"href":"https:\/\/saiga.es\/fr\/wp-json\/wp\/v2\/product"}],"about":[{"href":"https:\/\/saiga.es\/fr\/wp-json\/wp\/v2\/types\/product"}],"replies":[{"embeddable":true,"href":"https:\/\/saiga.es\/fr\/wp-json\/wp\/v2\/comments?post=8581"}],"wp:featuredmedia":[{"embeddable":true,"href":"https:\/\/saiga.es\/fr\/wp-json\/wp\/v2\/media\/8470"}],"wp:attachment":[{"href":"https:\/\/saiga.es\/fr\/wp-json\/wp\/v2\/media?parent=8581"}],"wp:term":[{"taxonomy":"product_brand","embeddable":true,"href":"https:\/\/saiga.es\/fr\/wp-json\/wp\/v2\/product_brand?post=8581"},{"taxonomy":"product_cat","embeddable":true,"href":"https:\/\/saiga.es\/fr\/wp-json\/wp\/v2\/product_cat?post=8581"},{"taxonomy":"product_tag","embeddable":true,"href":"https:\/\/saiga.es\/fr\/wp-json\/wp\/v2\/product_tag?post=8581"}],"curies":[{"name":"wp","href":"https:\/\/api.w.org\/{rel}","templated":true}]}}