{"id":8634,"date":"2024-03-05T11:50:55","date_gmt":"2024-03-05T11:50:55","guid":{"rendered":"https:\/\/botiga.saiga.es\/producte\/graines-brutes\/"},"modified":"2024-03-05T11:50:55","modified_gmt":"2024-03-05T11:50:55","slug":"graines-brutes","status":"publish","type":"product","link":"https:\/\/saiga.es\/fr\/produit\/graines-brutes\/","title":{"rendered":"Graines brutes"},"content":{"rendered":"<p>Graines brutes<\/p>\n<p>Plante ligneuse vivace, d&rsquo;environ 60 cm de haut, tr\u00e8s r\u00e9sistante, aux feuilles vert bleut\u00e9 et aux fleurs jaunes. Avec un ar\u00f4me puissant et un go\u00fbt amer et \u00e9pic\u00e9, il est utilis\u00e9 avec parcimonie comme assaisonnement pour les salades et les fromages.<\/p>\n","protected":false},"excerpt":{"rendered":"<p>Graines brutes Plante ligneuse vivace, d&rsquo;environ 60 cm de haut, tr\u00e8s r\u00e9sistante, aux feuilles vert bleut\u00e9 et aux fleurs jaunes. Avec un ar\u00f4me puissant et un go\u00fbt amer et \u00e9pic\u00e9, il est utilis\u00e9 avec parcimonie comme assaisonnement pour les salades et les fromages.<\/p>\n","protected":false},"featured_media":8599,"comment_status":"open","ping_status":"closed","template":"","meta":[],"product_brand":[],"product_cat":[455],"product_tag":[],"class_list":{"0":"post-8634","1":"product","2":"type-product","3":"status-publish","4":"has-post-thumbnail","6":"product_cat-aromatique","8":"first","9":"instock","10":"taxable","11":"shipping-taxable","12":"purchasable","13":"product-type-simple"},"yoast_head":"<!-- This site is optimized with the Yoast SEO plugin v27.3 - https:\/\/yoast.com\/product\/yoast-seo-wordpress\/ -->\n<title>Graines brutes | SAIGA<\/title>\n<meta name=\"description\" content=\"Plante vivace. Avec un ar\u00f4me puissant et un go\u00fbt amer et \u00e9pic\u00e9, il est utilis\u00e9 avec parcimonie comme assaisonnement pour les salades et les fromages.\" \/>\n<meta name=\"robots\" content=\"index, follow, max-snippet:-1, max-image-preview:large, max-video-preview:-1\" \/>\n<link rel=\"canonical\" href=\"https:\/\/saiga.es\/fr\/produit\/graines-brutes\/\" \/>\n<meta property=\"og:locale\" content=\"fr_FR\" \/>\n<meta property=\"og:type\" content=\"article\" \/>\n<meta property=\"og:title\" content=\"Graines brutes | SAIGA\" \/>\n<meta property=\"og:description\" content=\"Plante vivace. Avec un ar\u00f4me puissant et un go\u00fbt amer et \u00e9pic\u00e9, il est utilis\u00e9 avec parcimonie comme assaisonnement pour les salades et les fromages.\" \/>\n<meta property=\"og:url\" content=\"https:\/\/saiga.es\/fr\/produit\/graines-brutes\/\" \/>\n<meta property=\"og:site_name\" content=\"SAIGA\" \/>\n<meta property=\"og:image\" content=\"https:\/\/saiga.es\/wp-content\/uploads\/2024\/03\/ruda.jpg\" \/>\n\t<meta property=\"og:image:width\" content=\"500\" \/>\n\t<meta property=\"og:image:height\" content=\"720\" \/>\n\t<meta property=\"og:image:type\" content=\"image\/jpeg\" \/>\n<meta name=\"twitter:card\" content=\"summary_large_image\" \/>\n<meta name=\"twitter:site\" content=\"@saiga_agro\" \/>\n<script type=\"application\/ld+json\" class=\"yoast-schema-graph\">{\"@context\":\"https:\\\/\\\/schema.org\",\"@graph\":[{\"@type\":\"WebPage\",\"@id\":\"https:\\\/\\\/saiga.es\\\/fr\\\/produit\\\/graines-brutes\\\/\",\"url\":\"https:\\\/\\\/saiga.es\\\/fr\\\/produit\\\/graines-brutes\\\/\",\"name\":\"Graines brutes | SAIGA\",\"isPartOf\":{\"@id\":\"https:\\\/\\\/saiga.es\\\/fr\\\/#website\"},\"primaryImageOfPage\":{\"@id\":\"https:\\\/\\\/saiga.es\\\/fr\\\/produit\\\/graines-brutes\\\/#primaryimage\"},\"image\":{\"@id\":\"https:\\\/\\\/saiga.es\\\/fr\\\/produit\\\/graines-brutes\\\/#primaryimage\"},\"thumbnailUrl\":\"https:\\\/\\\/saiga.es\\\/wp-content\\\/uploads\\\/2024\\\/03\\\/ruda.jpg\",\"datePublished\":\"2024-03-05T11:50:55+00:00\",\"description\":\"Plante vivace. Avec un ar\u00f4me puissant et un go\u00fbt amer et \u00e9pic\u00e9, il est utilis\u00e9 avec parcimonie comme assaisonnement pour les salades et les fromages.\",\"breadcrumb\":{\"@id\":\"https:\\\/\\\/saiga.es\\\/fr\\\/produit\\\/graines-brutes\\\/#breadcrumb\"},\"inLanguage\":\"fr-FR\",\"potentialAction\":[{\"@type\":\"ReadAction\",\"target\":[\"https:\\\/\\\/saiga.es\\\/fr\\\/produit\\\/graines-brutes\\\/\"]}]},{\"@type\":\"ImageObject\",\"inLanguage\":\"fr-FR\",\"@id\":\"https:\\\/\\\/saiga.es\\\/fr\\\/produit\\\/graines-brutes\\\/#primaryimage\",\"url\":\"https:\\\/\\\/saiga.es\\\/wp-content\\\/uploads\\\/2024\\\/03\\\/ruda.jpg\",\"contentUrl\":\"https:\\\/\\\/saiga.es\\\/wp-content\\\/uploads\\\/2024\\\/03\\\/ruda.jpg\",\"width\":500,\"height\":720},{\"@type\":\"BreadcrumbList\",\"@id\":\"https:\\\/\\\/saiga.es\\\/fr\\\/produit\\\/graines-brutes\\\/#breadcrumb\",\"itemListElement\":[{\"@type\":\"ListItem\",\"position\":1,\"name\":\"Inici\",\"item\":\"https:\\\/\\\/saiga.es\\\/fr\\\/\"},{\"@type\":\"ListItem\",\"position\":2,\"name\":\"boutique\",\"item\":\"https:\\\/\\\/saiga.es\\\/fr\\\/boutique\\\/\"},{\"@type\":\"ListItem\",\"position\":3,\"name\":\"Graines brutes\"}]},{\"@type\":\"WebSite\",\"@id\":\"https:\\\/\\\/saiga.es\\\/fr\\\/#website\",\"url\":\"https:\\\/\\\/saiga.es\\\/fr\\\/\",\"name\":\"SAIGA\",\"description\":\"M\u00e9s de 50 anys al servei de la terra i treballant per a un \u00fas eficient de l\u2019aigua!\",\"publisher\":{\"@id\":\"https:\\\/\\\/saiga.es\\\/fr\\\/#organization\"},\"potentialAction\":[{\"@type\":\"SearchAction\",\"target\":{\"@type\":\"EntryPoint\",\"urlTemplate\":\"https:\\\/\\\/saiga.es\\\/fr\\\/?s={search_term_string}\"},\"query-input\":{\"@type\":\"PropertyValueSpecification\",\"valueRequired\":true,\"valueName\":\"search_term_string\"}}],\"inLanguage\":\"fr-FR\"},{\"@type\":\"Organization\",\"@id\":\"https:\\\/\\\/saiga.es\\\/fr\\\/#organization\",\"name\":\"SAIGA\",\"url\":\"https:\\\/\\\/saiga.es\\\/fr\\\/\",\"logo\":{\"@type\":\"ImageObject\",\"inLanguage\":\"fr-FR\",\"@id\":\"https:\\\/\\\/saiga.es\\\/fr\\\/#\\\/schema\\\/logo\\\/image\\\/\",\"url\":\"https:\\\/\\\/saiga.es\\\/wp-content\\\/uploads\\\/2025\\\/07\\\/logo_saiga_baseline_optimitzat.svg\",\"contentUrl\":\"https:\\\/\\\/saiga.es\\\/wp-content\\\/uploads\\\/2025\\\/07\\\/logo_saiga_baseline_optimitzat.svg\",\"caption\":\"SAIGA\"},\"image\":{\"@id\":\"https:\\\/\\\/saiga.es\\\/fr\\\/#\\\/schema\\\/logo\\\/image\\\/\"},\"sameAs\":[\"https:\\\/\\\/x.com\\\/saiga_agro\",\"https:\\\/\\\/www.instagram.com\\\/saiga_agro\\\/\"]}]}<\/script>\n<!-- \/ Yoast SEO plugin. -->","yoast_head_json":{"title":"Graines brutes | SAIGA","description":"Plante vivace. Avec un ar\u00f4me puissant et un go\u00fbt amer et \u00e9pic\u00e9, il est utilis\u00e9 avec parcimonie comme assaisonnement pour les salades et les fromages.","robots":{"index":"index","follow":"follow","max-snippet":"max-snippet:-1","max-image-preview":"max-image-preview:large","max-video-preview":"max-video-preview:-1"},"canonical":"https:\/\/saiga.es\/fr\/produit\/graines-brutes\/","og_locale":"fr_FR","og_type":"article","og_title":"Graines brutes | SAIGA","og_description":"Plante vivace. Avec un ar\u00f4me puissant et un go\u00fbt amer et \u00e9pic\u00e9, il est utilis\u00e9 avec parcimonie comme assaisonnement pour les salades et les fromages.","og_url":"https:\/\/saiga.es\/fr\/produit\/graines-brutes\/","og_site_name":"SAIGA","og_image":[{"width":500,"height":720,"url":"https:\/\/saiga.es\/wp-content\/uploads\/2024\/03\/ruda.jpg","type":"image\/jpeg"}],"twitter_card":"summary_large_image","twitter_site":"@saiga_agro","schema":{"@context":"https:\/\/schema.org","@graph":[{"@type":"WebPage","@id":"https:\/\/saiga.es\/fr\/produit\/graines-brutes\/","url":"https:\/\/saiga.es\/fr\/produit\/graines-brutes\/","name":"Graines brutes | SAIGA","isPartOf":{"@id":"https:\/\/saiga.es\/fr\/#website"},"primaryImageOfPage":{"@id":"https:\/\/saiga.es\/fr\/produit\/graines-brutes\/#primaryimage"},"image":{"@id":"https:\/\/saiga.es\/fr\/produit\/graines-brutes\/#primaryimage"},"thumbnailUrl":"https:\/\/saiga.es\/wp-content\/uploads\/2024\/03\/ruda.jpg","datePublished":"2024-03-05T11:50:55+00:00","description":"Plante vivace. Avec un ar\u00f4me puissant et un go\u00fbt amer et \u00e9pic\u00e9, il est utilis\u00e9 avec parcimonie comme assaisonnement pour les salades et les fromages.","breadcrumb":{"@id":"https:\/\/saiga.es\/fr\/produit\/graines-brutes\/#breadcrumb"},"inLanguage":"fr-FR","potentialAction":[{"@type":"ReadAction","target":["https:\/\/saiga.es\/fr\/produit\/graines-brutes\/"]}]},{"@type":"ImageObject","inLanguage":"fr-FR","@id":"https:\/\/saiga.es\/fr\/produit\/graines-brutes\/#primaryimage","url":"https:\/\/saiga.es\/wp-content\/uploads\/2024\/03\/ruda.jpg","contentUrl":"https:\/\/saiga.es\/wp-content\/uploads\/2024\/03\/ruda.jpg","width":500,"height":720},{"@type":"BreadcrumbList","@id":"https:\/\/saiga.es\/fr\/produit\/graines-brutes\/#breadcrumb","itemListElement":[{"@type":"ListItem","position":1,"name":"Inici","item":"https:\/\/saiga.es\/fr\/"},{"@type":"ListItem","position":2,"name":"boutique","item":"https:\/\/saiga.es\/fr\/boutique\/"},{"@type":"ListItem","position":3,"name":"Graines brutes"}]},{"@type":"WebSite","@id":"https:\/\/saiga.es\/fr\/#website","url":"https:\/\/saiga.es\/fr\/","name":"SAIGA","description":"M\u00e9s de 50 anys al servei de la terra i treballant per a un \u00fas eficient de l\u2019aigua!","publisher":{"@id":"https:\/\/saiga.es\/fr\/#organization"},"potentialAction":[{"@type":"SearchAction","target":{"@type":"EntryPoint","urlTemplate":"https:\/\/saiga.es\/fr\/?s={search_term_string}"},"query-input":{"@type":"PropertyValueSpecification","valueRequired":true,"valueName":"search_term_string"}}],"inLanguage":"fr-FR"},{"@type":"Organization","@id":"https:\/\/saiga.es\/fr\/#organization","name":"SAIGA","url":"https:\/\/saiga.es\/fr\/","logo":{"@type":"ImageObject","inLanguage":"fr-FR","@id":"https:\/\/saiga.es\/fr\/#\/schema\/logo\/image\/","url":"https:\/\/saiga.es\/wp-content\/uploads\/2025\/07\/logo_saiga_baseline_optimitzat.svg","contentUrl":"https:\/\/saiga.es\/wp-content\/uploads\/2025\/07\/logo_saiga_baseline_optimitzat.svg","caption":"SAIGA"},"image":{"@id":"https:\/\/saiga.es\/fr\/#\/schema\/logo\/image\/"},"sameAs":["https:\/\/x.com\/saiga_agro","https:\/\/www.instagram.com\/saiga_agro\/"]}]}},"_links":{"self":[{"href":"https:\/\/saiga.es\/fr\/wp-json\/wp\/v2\/product\/8634","targetHints":{"allow":["GET"]}}],"collection":[{"href":"https:\/\/saiga.es\/fr\/wp-json\/wp\/v2\/product"}],"about":[{"href":"https:\/\/saiga.es\/fr\/wp-json\/wp\/v2\/types\/product"}],"replies":[{"embeddable":true,"href":"https:\/\/saiga.es\/fr\/wp-json\/wp\/v2\/comments?post=8634"}],"wp:featuredmedia":[{"embeddable":true,"href":"https:\/\/saiga.es\/fr\/wp-json\/wp\/v2\/media\/8599"}],"wp:attachment":[{"href":"https:\/\/saiga.es\/fr\/wp-json\/wp\/v2\/media?parent=8634"}],"wp:term":[{"taxonomy":"product_brand","embeddable":true,"href":"https:\/\/saiga.es\/fr\/wp-json\/wp\/v2\/product_brand?post=8634"},{"taxonomy":"product_cat","embeddable":true,"href":"https:\/\/saiga.es\/fr\/wp-json\/wp\/v2\/product_cat?post=8634"},{"taxonomy":"product_tag","embeddable":true,"href":"https:\/\/saiga.es\/fr\/wp-json\/wp\/v2\/product_tag?post=8634"}],"curies":[{"name":"wp","href":"https:\/\/api.w.org\/{rel}","templated":true}]}}