{"id":8713,"date":"2024-03-06T11:51:55","date_gmt":"2024-03-06T11:51:55","guid":{"rendered":"https:\/\/botiga.saiga.es\/producte\/pompe-electrique-pour-eaux-usees-serie-gut-gkv\/"},"modified":"2024-03-06T11:51:55","modified_gmt":"2024-03-06T11:51:55","slug":"pompe-electrique-pour-eaux-usees-serie-gut-gkv","status":"publish","type":"product","link":"https:\/\/saiga.es\/fr\/produit\/pompe-electrique-pour-eaux-usees-serie-gut-gkv\/","title":{"rendered":"Pompe \u00e9lectrique pour eaux us\u00e9es s\u00e9rie GUT &#8211; GKV"},"content":{"rendered":"<p>Pompe \u00e9lectrique pour l&rsquo;absorption des eaux sales.<\/p>\n<p><strong>applications<\/strong><br \/>\nPompe de vidange submersible pour vidanger les eaux us\u00e9es des fosses septiques \u00e0 usage domestique.<\/p>\n<p><strong>Mat\u00e9riaux<\/strong><br \/>\nFonderie compacte : l\u00e9g\u00e8re avec un excellent effet de refroidissement pour une utilisation intermittente.<br \/>\nArbre en acier inoxydable 410 trait\u00e9 thermiquement.<br \/>\nGarnitures m\u00e9caniques doubles (Carbone-C\u00e9ramique + Carbone-C\u00e9ramique) dans la chambre \u00e0 huile. Moteur sans huile, IP 68, avec protection thermique int\u00e9gr\u00e9e.<\/p>\n<p><strong>Moteur<\/strong><br \/>\nBobinage en chambre s\u00e8che. Asynchrone biphas\u00e9, bipolaire (2 850 tr\/min) ; 50 Hz. 220 v. Isolation F (155\u00baC). Protection IP68.<\/p>\n<p><strong>limites<\/strong><br \/>\nTemp\u00e9rature maximale du liquide 40\u00baC (104\u00baF). Immersion maximale : 7 m. Buse \u00e0 impulsion 2&Prime;.<\/p>\n","protected":false},"excerpt":{"rendered":"<p>Pompe \u00e9lectrique pour eaux sales. Pompe de vidange submersible pour vidanger les eaux us\u00e9es des fosses septiques \u00e0 usage domestique.<\/p>\n<p><a href=\"https:\/\/botiga.saiga.es\/wp-content\/uploads\/2024\/03\/Bombes-aigues-residuals.pdf\">Fiche technique<\/a><\/p>\n","protected":false},"featured_media":8704,"comment_status":"closed","ping_status":"closed","template":"","meta":[],"product_brand":[],"product_cat":[471],"product_tag":[1182,1173,1181,1174],"class_list":{"0":"post-8713","1":"product","2":"type-product","3":"status-publish","4":"has-post-thumbnail","6":"product_cat-pompes-et-accessoires","7":"product_tag-achique-fr","8":"product_tag-bombe","9":"product_tag-eau-sale","10":"product_tag-pompe-electrique","12":"first","13":"instock","14":"taxable","15":"shipping-taxable","16":"purchasable","17":"product-type-variable"},"yoast_head":"<!-- This site is optimized with the Yoast SEO plugin v27.4 - https:\/\/yoast.com\/product\/yoast-seo-wordpress\/ -->\n<title>Pompe \u00e9lectrique pour eaux us\u00e9es s\u00e9rie GUT - GKV | SAIGA<\/title>\n<meta name=\"description\" content=\"Pompe \u00e9lectrique pour l&#039;absorption des eaux sales.\" \/>\n<meta name=\"robots\" content=\"index, follow, max-snippet:-1, max-image-preview:large, max-video-preview:-1\" \/>\n<link rel=\"canonical\" href=\"https:\/\/saiga.es\/fr\/produit\/pompe-electrique-pour-eaux-usees-serie-gut-gkv\/\" \/>\n<meta property=\"og:locale\" content=\"fr_FR\" \/>\n<meta property=\"og:type\" content=\"article\" \/>\n<meta property=\"og:title\" content=\"Pompe \u00e9lectrique pour eaux us\u00e9es s\u00e9rie GUT - GKV | SAIGA\" \/>\n<meta property=\"og:description\" content=\"Pompe \u00e9lectrique pour l&#039;absorption des eaux sales.\" \/>\n<meta property=\"og:url\" content=\"https:\/\/saiga.es\/fr\/produit\/pompe-electrique-pour-eaux-usees-serie-gut-gkv\/\" \/>\n<meta property=\"og:site_name\" content=\"SAIGA\" \/>\n<meta property=\"og:image\" content=\"https:\/\/saiga.es\/wp-content\/uploads\/2024\/03\/bomba-de-achique-para-aguas-residuales-2-gkv-1100f.jpg\" \/>\n\t<meta property=\"og:image:width\" content=\"780\" \/>\n\t<meta property=\"og:image:height\" content=\"780\" \/>\n\t<meta property=\"og:image:type\" content=\"image\/jpeg\" \/>\n<meta name=\"twitter:card\" content=\"summary_large_image\" \/>\n<meta name=\"twitter:site\" content=\"@saiga_agro\" \/>\n<script type=\"application\/ld+json\" class=\"yoast-schema-graph\">{\"@context\":\"https:\\\/\\\/schema.org\",\"@graph\":[{\"@type\":\"WebPage\",\"@id\":\"https:\\\/\\\/saiga.es\\\/fr\\\/produit\\\/pompe-electrique-pour-eaux-usees-serie-gut-gkv\\\/\",\"url\":\"https:\\\/\\\/saiga.es\\\/fr\\\/produit\\\/pompe-electrique-pour-eaux-usees-serie-gut-gkv\\\/\",\"name\":\"Pompe \u00e9lectrique pour eaux us\u00e9es s\u00e9rie GUT - GKV | SAIGA\",\"isPartOf\":{\"@id\":\"https:\\\/\\\/saiga.es\\\/fr\\\/#website\"},\"primaryImageOfPage\":{\"@id\":\"https:\\\/\\\/saiga.es\\\/fr\\\/produit\\\/pompe-electrique-pour-eaux-usees-serie-gut-gkv\\\/#primaryimage\"},\"image\":{\"@id\":\"https:\\\/\\\/saiga.es\\\/fr\\\/produit\\\/pompe-electrique-pour-eaux-usees-serie-gut-gkv\\\/#primaryimage\"},\"thumbnailUrl\":\"https:\\\/\\\/saiga.es\\\/wp-content\\\/uploads\\\/2024\\\/03\\\/bomba-de-achique-para-aguas-residuales-2-gkv-1100f.jpg\",\"datePublished\":\"2024-03-06T11:51:55+00:00\",\"description\":\"Pompe \u00e9lectrique pour l'absorption des eaux sales.\",\"breadcrumb\":{\"@id\":\"https:\\\/\\\/saiga.es\\\/fr\\\/produit\\\/pompe-electrique-pour-eaux-usees-serie-gut-gkv\\\/#breadcrumb\"},\"inLanguage\":\"fr-FR\",\"potentialAction\":[{\"@type\":\"ReadAction\",\"target\":[\"https:\\\/\\\/saiga.es\\\/fr\\\/produit\\\/pompe-electrique-pour-eaux-usees-serie-gut-gkv\\\/\"]}]},{\"@type\":\"ImageObject\",\"inLanguage\":\"fr-FR\",\"@id\":\"https:\\\/\\\/saiga.es\\\/fr\\\/produit\\\/pompe-electrique-pour-eaux-usees-serie-gut-gkv\\\/#primaryimage\",\"url\":\"https:\\\/\\\/saiga.es\\\/wp-content\\\/uploads\\\/2024\\\/03\\\/bomba-de-achique-para-aguas-residuales-2-gkv-1100f.jpg\",\"contentUrl\":\"https:\\\/\\\/saiga.es\\\/wp-content\\\/uploads\\\/2024\\\/03\\\/bomba-de-achique-para-aguas-residuales-2-gkv-1100f.jpg\",\"width\":780,\"height\":780,\"caption\":\"Pompe \u00e9lectrique Gut GKV\"},{\"@type\":\"BreadcrumbList\",\"@id\":\"https:\\\/\\\/saiga.es\\\/fr\\\/produit\\\/pompe-electrique-pour-eaux-usees-serie-gut-gkv\\\/#breadcrumb\",\"itemListElement\":[{\"@type\":\"ListItem\",\"position\":1,\"name\":\"Inici\",\"item\":\"https:\\\/\\\/saiga.es\\\/fr\\\/\"},{\"@type\":\"ListItem\",\"position\":2,\"name\":\"boutique\",\"item\":\"https:\\\/\\\/saiga.es\\\/fr\\\/boutique\\\/\"},{\"@type\":\"ListItem\",\"position\":3,\"name\":\"Pompe \u00e9lectrique pour eaux us\u00e9es s\u00e9rie GUT &#8211; GKV\"}]},{\"@type\":\"WebSite\",\"@id\":\"https:\\\/\\\/saiga.es\\\/fr\\\/#website\",\"url\":\"https:\\\/\\\/saiga.es\\\/fr\\\/\",\"name\":\"SAIGA\",\"description\":\"M\u00e9s de 50 anys al servei de la terra i treballant per a un \u00fas eficient de l\u2019aigua!\",\"publisher\":{\"@id\":\"https:\\\/\\\/saiga.es\\\/fr\\\/#organization\"},\"potentialAction\":[{\"@type\":\"SearchAction\",\"target\":{\"@type\":\"EntryPoint\",\"urlTemplate\":\"https:\\\/\\\/saiga.es\\\/fr\\\/?s={search_term_string}\"},\"query-input\":{\"@type\":\"PropertyValueSpecification\",\"valueRequired\":true,\"valueName\":\"search_term_string\"}}],\"inLanguage\":\"fr-FR\"},{\"@type\":\"Organization\",\"@id\":\"https:\\\/\\\/saiga.es\\\/fr\\\/#organization\",\"name\":\"SAIGA\",\"url\":\"https:\\\/\\\/saiga.es\\\/fr\\\/\",\"logo\":{\"@type\":\"ImageObject\",\"inLanguage\":\"fr-FR\",\"@id\":\"https:\\\/\\\/saiga.es\\\/fr\\\/#\\\/schema\\\/logo\\\/image\\\/\",\"url\":\"https:\\\/\\\/saiga.es\\\/wp-content\\\/uploads\\\/2025\\\/07\\\/logo_saiga_baseline_optimitzat.svg\",\"contentUrl\":\"https:\\\/\\\/saiga.es\\\/wp-content\\\/uploads\\\/2025\\\/07\\\/logo_saiga_baseline_optimitzat.svg\",\"caption\":\"SAIGA\"},\"image\":{\"@id\":\"https:\\\/\\\/saiga.es\\\/fr\\\/#\\\/schema\\\/logo\\\/image\\\/\"},\"sameAs\":[\"https:\\\/\\\/x.com\\\/saiga_agro\",\"https:\\\/\\\/www.instagram.com\\\/saiga_agro\\\/\"]}]}<\/script>\n<!-- \/ Yoast SEO plugin. -->","yoast_head_json":{"title":"Pompe \u00e9lectrique pour eaux us\u00e9es s\u00e9rie GUT - GKV | SAIGA","description":"Pompe \u00e9lectrique pour l'absorption des eaux sales.","robots":{"index":"index","follow":"follow","max-snippet":"max-snippet:-1","max-image-preview":"max-image-preview:large","max-video-preview":"max-video-preview:-1"},"canonical":"https:\/\/saiga.es\/fr\/produit\/pompe-electrique-pour-eaux-usees-serie-gut-gkv\/","og_locale":"fr_FR","og_type":"article","og_title":"Pompe \u00e9lectrique pour eaux us\u00e9es s\u00e9rie GUT - GKV | SAIGA","og_description":"Pompe \u00e9lectrique pour l'absorption des eaux sales.","og_url":"https:\/\/saiga.es\/fr\/produit\/pompe-electrique-pour-eaux-usees-serie-gut-gkv\/","og_site_name":"SAIGA","og_image":[{"width":780,"height":780,"url":"https:\/\/saiga.es\/wp-content\/uploads\/2024\/03\/bomba-de-achique-para-aguas-residuales-2-gkv-1100f.jpg","type":"image\/jpeg"}],"twitter_card":"summary_large_image","twitter_site":"@saiga_agro","schema":{"@context":"https:\/\/schema.org","@graph":[{"@type":"WebPage","@id":"https:\/\/saiga.es\/fr\/produit\/pompe-electrique-pour-eaux-usees-serie-gut-gkv\/","url":"https:\/\/saiga.es\/fr\/produit\/pompe-electrique-pour-eaux-usees-serie-gut-gkv\/","name":"Pompe \u00e9lectrique pour eaux us\u00e9es s\u00e9rie GUT - GKV | SAIGA","isPartOf":{"@id":"https:\/\/saiga.es\/fr\/#website"},"primaryImageOfPage":{"@id":"https:\/\/saiga.es\/fr\/produit\/pompe-electrique-pour-eaux-usees-serie-gut-gkv\/#primaryimage"},"image":{"@id":"https:\/\/saiga.es\/fr\/produit\/pompe-electrique-pour-eaux-usees-serie-gut-gkv\/#primaryimage"},"thumbnailUrl":"https:\/\/saiga.es\/wp-content\/uploads\/2024\/03\/bomba-de-achique-para-aguas-residuales-2-gkv-1100f.jpg","datePublished":"2024-03-06T11:51:55+00:00","description":"Pompe \u00e9lectrique pour l'absorption des eaux sales.","breadcrumb":{"@id":"https:\/\/saiga.es\/fr\/produit\/pompe-electrique-pour-eaux-usees-serie-gut-gkv\/#breadcrumb"},"inLanguage":"fr-FR","potentialAction":[{"@type":"ReadAction","target":["https:\/\/saiga.es\/fr\/produit\/pompe-electrique-pour-eaux-usees-serie-gut-gkv\/"]}]},{"@type":"ImageObject","inLanguage":"fr-FR","@id":"https:\/\/saiga.es\/fr\/produit\/pompe-electrique-pour-eaux-usees-serie-gut-gkv\/#primaryimage","url":"https:\/\/saiga.es\/wp-content\/uploads\/2024\/03\/bomba-de-achique-para-aguas-residuales-2-gkv-1100f.jpg","contentUrl":"https:\/\/saiga.es\/wp-content\/uploads\/2024\/03\/bomba-de-achique-para-aguas-residuales-2-gkv-1100f.jpg","width":780,"height":780,"caption":"Pompe \u00e9lectrique Gut GKV"},{"@type":"BreadcrumbList","@id":"https:\/\/saiga.es\/fr\/produit\/pompe-electrique-pour-eaux-usees-serie-gut-gkv\/#breadcrumb","itemListElement":[{"@type":"ListItem","position":1,"name":"Inici","item":"https:\/\/saiga.es\/fr\/"},{"@type":"ListItem","position":2,"name":"boutique","item":"https:\/\/saiga.es\/fr\/boutique\/"},{"@type":"ListItem","position":3,"name":"Pompe \u00e9lectrique pour eaux us\u00e9es s\u00e9rie GUT &#8211; GKV"}]},{"@type":"WebSite","@id":"https:\/\/saiga.es\/fr\/#website","url":"https:\/\/saiga.es\/fr\/","name":"SAIGA","description":"M\u00e9s de 50 anys al servei de la terra i treballant per a un \u00fas eficient de l\u2019aigua!","publisher":{"@id":"https:\/\/saiga.es\/fr\/#organization"},"potentialAction":[{"@type":"SearchAction","target":{"@type":"EntryPoint","urlTemplate":"https:\/\/saiga.es\/fr\/?s={search_term_string}"},"query-input":{"@type":"PropertyValueSpecification","valueRequired":true,"valueName":"search_term_string"}}],"inLanguage":"fr-FR"},{"@type":"Organization","@id":"https:\/\/saiga.es\/fr\/#organization","name":"SAIGA","url":"https:\/\/saiga.es\/fr\/","logo":{"@type":"ImageObject","inLanguage":"fr-FR","@id":"https:\/\/saiga.es\/fr\/#\/schema\/logo\/image\/","url":"https:\/\/saiga.es\/wp-content\/uploads\/2025\/07\/logo_saiga_baseline_optimitzat.svg","contentUrl":"https:\/\/saiga.es\/wp-content\/uploads\/2025\/07\/logo_saiga_baseline_optimitzat.svg","caption":"SAIGA"},"image":{"@id":"https:\/\/saiga.es\/fr\/#\/schema\/logo\/image\/"},"sameAs":["https:\/\/x.com\/saiga_agro","https:\/\/www.instagram.com\/saiga_agro\/"]}]}},"_links":{"self":[{"href":"https:\/\/saiga.es\/fr\/wp-json\/wp\/v2\/product\/8713","targetHints":{"allow":["GET"]}}],"collection":[{"href":"https:\/\/saiga.es\/fr\/wp-json\/wp\/v2\/product"}],"about":[{"href":"https:\/\/saiga.es\/fr\/wp-json\/wp\/v2\/types\/product"}],"replies":[{"embeddable":true,"href":"https:\/\/saiga.es\/fr\/wp-json\/wp\/v2\/comments?post=8713"}],"wp:featuredmedia":[{"embeddable":true,"href":"https:\/\/saiga.es\/fr\/wp-json\/wp\/v2\/media\/8704"}],"wp:attachment":[{"href":"https:\/\/saiga.es\/fr\/wp-json\/wp\/v2\/media?parent=8713"}],"wp:term":[{"taxonomy":"product_brand","embeddable":true,"href":"https:\/\/saiga.es\/fr\/wp-json\/wp\/v2\/product_brand?post=8713"},{"taxonomy":"product_cat","embeddable":true,"href":"https:\/\/saiga.es\/fr\/wp-json\/wp\/v2\/product_cat?post=8713"},{"taxonomy":"product_tag","embeddable":true,"href":"https:\/\/saiga.es\/fr\/wp-json\/wp\/v2\/product_tag?post=8713"}],"curies":[{"name":"wp","href":"https:\/\/api.w.org\/{rel}","templated":true}]}}