{"id":8770,"date":"2024-01-18T11:51:43","date_gmt":"2024-01-18T11:51:43","guid":{"rendered":"https:\/\/botiga.saiga.es\/producte\/sci-s-330-kamikaze\/"},"modified":"2024-01-18T11:51:43","modified_gmt":"2024-01-18T11:51:43","slug":"sci-s-330-kamikaze","status":"publish","type":"product","link":"https:\/\/saiga.es\/fr\/produit\/sci-s-330-kamikaze\/","title":{"rendered":"Sci S-330 Kamikaze"},"content":{"rendered":"<p>Sci S-330 Kamikaze<\/p>\n<p>Notre scie \u00e0 m\u00e9taux est un outil indispensable pour tous les travaux de jardinage et de menuiserie. Dot\u00e9 d&rsquo;une lame \u00e0 dents tranchantes en acier de qualit\u00e9 sup\u00e9rieure, ce burin offre une coupe pr\u00e9cise et efficace dans une large gamme de mat\u00e9riaux.<\/p>\n<p>La poign\u00e9e ergonomique est con\u00e7ue pour offrir une prise confortable et s\u00fbre lors d&rsquo;une utilisation prolong\u00e9e. Sa construction l\u00e9g\u00e8re permet une manipulation facile et pr\u00e9cise, faisant de ce chat un choix id\u00e9al pour les amateurs et les professionnels.<\/p>\n<p>La g\u00e9om\u00e9trie des dents de la lame est optimis\u00e9e pour une coupe rapide et efficace, garantissant des r\u00e9sultats propres et sans effort. Que ce soit pour des travaux de jardinage, de menuiserie ou autres t\u00e2ches de d\u00e9coupe, notre chat est l&rsquo;outil parfait pour obtenir des r\u00e9sultats professionnels en toute simplicit\u00e9.<\/p>\n","protected":false},"excerpt":{"rendered":"<p>Dot\u00e9 d&rsquo;une lame \u00e0 dents tranchantes en acier de qualit\u00e9 sup\u00e9rieure, ce burin offre une coupe pr\u00e9cise et efficace dans une large gamme de mat\u00e9riaux.<\/p>\n","protected":false},"featured_media":12505,"comment_status":"open","ping_status":"closed","template":"","meta":[],"product_brand":[],"product_cat":[437],"product_tag":[],"class_list":{"0":"post-8770","1":"product","2":"type-product","3":"status-publish","4":"has-post-thumbnail","6":"product_cat-scies","8":"first","9":"instock","10":"sale","11":"taxable","12":"shipping-taxable","13":"purchasable","14":"product-type-simple"},"yoast_head":"<!-- This site is optimized with the Yoast SEO plugin v27.4 - https:\/\/yoast.com\/product\/yoast-seo-wordpress\/ -->\n<title>Sci S-330 Kamikaze | SAIGA<\/title>\n<meta name=\"description\" content=\"Dot\u00e9 d&#039;une lame \u00e0 dents tranchantes en acier de premi\u00e8re qualit\u00e9, ce burin offre une coupe pr\u00e9cise et efficace dans une large gamme de mat\u00e9riaux\" \/>\n<meta name=\"robots\" content=\"index, follow, max-snippet:-1, max-image-preview:large, max-video-preview:-1\" \/>\n<link rel=\"canonical\" href=\"https:\/\/saiga.es\/fr\/produit\/sci-s-330-kamikaze\/\" \/>\n<meta property=\"og:locale\" content=\"fr_FR\" \/>\n<meta property=\"og:type\" content=\"article\" \/>\n<meta property=\"og:title\" content=\"Sci S-330 Kamikaze | SAIGA\" \/>\n<meta property=\"og:description\" content=\"Dot\u00e9 d&#039;une lame \u00e0 dents tranchantes en acier de premi\u00e8re qualit\u00e9, ce burin offre une coupe pr\u00e9cise et efficace dans une large gamme de mat\u00e9riaux\" \/>\n<meta property=\"og:url\" content=\"https:\/\/saiga.es\/fr\/produit\/sci-s-330-kamikaze\/\" \/>\n<meta property=\"og:site_name\" content=\"SAIGA\" \/>\n<meta property=\"og:image\" content=\"https:\/\/saiga.es\/wp-content\/uploads\/2024\/01\/Kamikaze-xerrac.jpg\" \/>\n\t<meta property=\"og:image:width\" content=\"1080\" \/>\n\t<meta property=\"og:image:height\" content=\"1080\" \/>\n\t<meta property=\"og:image:type\" content=\"image\/jpeg\" \/>\n<meta name=\"twitter:card\" content=\"summary_large_image\" \/>\n<meta name=\"twitter:site\" content=\"@saiga_agro\" \/>\n<meta name=\"twitter:label1\" content=\"Dur\u00e9e de lecture estim\u00e9e\" \/>\n\t<meta name=\"twitter:data1\" content=\"1 minute\" \/>\n<script type=\"application\/ld+json\" class=\"yoast-schema-graph\">{\"@context\":\"https:\\\/\\\/schema.org\",\"@graph\":[{\"@type\":\"WebPage\",\"@id\":\"https:\\\/\\\/saiga.es\\\/fr\\\/produit\\\/sci-s-330-kamikaze\\\/\",\"url\":\"https:\\\/\\\/saiga.es\\\/fr\\\/produit\\\/sci-s-330-kamikaze\\\/\",\"name\":\"Sci S-330 Kamikaze | SAIGA\",\"isPartOf\":{\"@id\":\"https:\\\/\\\/saiga.es\\\/fr\\\/#website\"},\"primaryImageOfPage\":{\"@id\":\"https:\\\/\\\/saiga.es\\\/fr\\\/produit\\\/sci-s-330-kamikaze\\\/#primaryimage\"},\"image\":{\"@id\":\"https:\\\/\\\/saiga.es\\\/fr\\\/produit\\\/sci-s-330-kamikaze\\\/#primaryimage\"},\"thumbnailUrl\":\"https:\\\/\\\/saiga.es\\\/wp-content\\\/uploads\\\/2024\\\/01\\\/Kamikaze-xerrac.jpg\",\"datePublished\":\"2024-01-18T11:51:43+00:00\",\"description\":\"Dot\u00e9 d'une lame \u00e0 dents tranchantes en acier de premi\u00e8re qualit\u00e9, ce burin offre une coupe pr\u00e9cise et efficace dans une large gamme de mat\u00e9riaux\",\"breadcrumb\":{\"@id\":\"https:\\\/\\\/saiga.es\\\/fr\\\/produit\\\/sci-s-330-kamikaze\\\/#breadcrumb\"},\"inLanguage\":\"fr-FR\",\"potentialAction\":[{\"@type\":\"ReadAction\",\"target\":[\"https:\\\/\\\/saiga.es\\\/fr\\\/produit\\\/sci-s-330-kamikaze\\\/\"]}]},{\"@type\":\"ImageObject\",\"inLanguage\":\"fr-FR\",\"@id\":\"https:\\\/\\\/saiga.es\\\/fr\\\/produit\\\/sci-s-330-kamikaze\\\/#primaryimage\",\"url\":\"https:\\\/\\\/saiga.es\\\/wp-content\\\/uploads\\\/2024\\\/01\\\/Kamikaze-xerrac.jpg\",\"contentUrl\":\"https:\\\/\\\/saiga.es\\\/wp-content\\\/uploads\\\/2024\\\/01\\\/Kamikaze-xerrac.jpg\",\"width\":1080,\"height\":1080,\"caption\":\"Xerrac Kamikaze\"},{\"@type\":\"BreadcrumbList\",\"@id\":\"https:\\\/\\\/saiga.es\\\/fr\\\/produit\\\/sci-s-330-kamikaze\\\/#breadcrumb\",\"itemListElement\":[{\"@type\":\"ListItem\",\"position\":1,\"name\":\"Inici\",\"item\":\"https:\\\/\\\/saiga.es\\\/fr\\\/\"},{\"@type\":\"ListItem\",\"position\":2,\"name\":\"boutique\",\"item\":\"https:\\\/\\\/saiga.es\\\/fr\\\/boutique\\\/\"},{\"@type\":\"ListItem\",\"position\":3,\"name\":\"Sci S-330 Kamikaze\"}]},{\"@type\":\"WebSite\",\"@id\":\"https:\\\/\\\/saiga.es\\\/fr\\\/#website\",\"url\":\"https:\\\/\\\/saiga.es\\\/fr\\\/\",\"name\":\"SAIGA\",\"description\":\"M\u00e9s de 50 anys al servei de la terra i treballant per a un \u00fas eficient de l\u2019aigua!\",\"publisher\":{\"@id\":\"https:\\\/\\\/saiga.es\\\/fr\\\/#organization\"},\"potentialAction\":[{\"@type\":\"SearchAction\",\"target\":{\"@type\":\"EntryPoint\",\"urlTemplate\":\"https:\\\/\\\/saiga.es\\\/fr\\\/?s={search_term_string}\"},\"query-input\":{\"@type\":\"PropertyValueSpecification\",\"valueRequired\":true,\"valueName\":\"search_term_string\"}}],\"inLanguage\":\"fr-FR\"},{\"@type\":\"Organization\",\"@id\":\"https:\\\/\\\/saiga.es\\\/fr\\\/#organization\",\"name\":\"SAIGA\",\"url\":\"https:\\\/\\\/saiga.es\\\/fr\\\/\",\"logo\":{\"@type\":\"ImageObject\",\"inLanguage\":\"fr-FR\",\"@id\":\"https:\\\/\\\/saiga.es\\\/fr\\\/#\\\/schema\\\/logo\\\/image\\\/\",\"url\":\"https:\\\/\\\/saiga.es\\\/wp-content\\\/uploads\\\/2025\\\/07\\\/logo_saiga_baseline_optimitzat.svg\",\"contentUrl\":\"https:\\\/\\\/saiga.es\\\/wp-content\\\/uploads\\\/2025\\\/07\\\/logo_saiga_baseline_optimitzat.svg\",\"caption\":\"SAIGA\"},\"image\":{\"@id\":\"https:\\\/\\\/saiga.es\\\/fr\\\/#\\\/schema\\\/logo\\\/image\\\/\"},\"sameAs\":[\"https:\\\/\\\/x.com\\\/saiga_agro\",\"https:\\\/\\\/www.instagram.com\\\/saiga_agro\\\/\"]}]}<\/script>\n<!-- \/ Yoast SEO plugin. -->","yoast_head_json":{"title":"Sci S-330 Kamikaze | SAIGA","description":"Dot\u00e9 d'une lame \u00e0 dents tranchantes en acier de premi\u00e8re qualit\u00e9, ce burin offre une coupe pr\u00e9cise et efficace dans une large gamme de mat\u00e9riaux","robots":{"index":"index","follow":"follow","max-snippet":"max-snippet:-1","max-image-preview":"max-image-preview:large","max-video-preview":"max-video-preview:-1"},"canonical":"https:\/\/saiga.es\/fr\/produit\/sci-s-330-kamikaze\/","og_locale":"fr_FR","og_type":"article","og_title":"Sci S-330 Kamikaze | SAIGA","og_description":"Dot\u00e9 d'une lame \u00e0 dents tranchantes en acier de premi\u00e8re qualit\u00e9, ce burin offre une coupe pr\u00e9cise et efficace dans une large gamme de mat\u00e9riaux","og_url":"https:\/\/saiga.es\/fr\/produit\/sci-s-330-kamikaze\/","og_site_name":"SAIGA","og_image":[{"width":1080,"height":1080,"url":"https:\/\/saiga.es\/wp-content\/uploads\/2024\/01\/Kamikaze-xerrac.jpg","type":"image\/jpeg"}],"twitter_card":"summary_large_image","twitter_site":"@saiga_agro","twitter_misc":{"Dur\u00e9e de lecture estim\u00e9e":"1 minute"},"schema":{"@context":"https:\/\/schema.org","@graph":[{"@type":"WebPage","@id":"https:\/\/saiga.es\/fr\/produit\/sci-s-330-kamikaze\/","url":"https:\/\/saiga.es\/fr\/produit\/sci-s-330-kamikaze\/","name":"Sci S-330 Kamikaze | SAIGA","isPartOf":{"@id":"https:\/\/saiga.es\/fr\/#website"},"primaryImageOfPage":{"@id":"https:\/\/saiga.es\/fr\/produit\/sci-s-330-kamikaze\/#primaryimage"},"image":{"@id":"https:\/\/saiga.es\/fr\/produit\/sci-s-330-kamikaze\/#primaryimage"},"thumbnailUrl":"https:\/\/saiga.es\/wp-content\/uploads\/2024\/01\/Kamikaze-xerrac.jpg","datePublished":"2024-01-18T11:51:43+00:00","description":"Dot\u00e9 d'une lame \u00e0 dents tranchantes en acier de premi\u00e8re qualit\u00e9, ce burin offre une coupe pr\u00e9cise et efficace dans une large gamme de mat\u00e9riaux","breadcrumb":{"@id":"https:\/\/saiga.es\/fr\/produit\/sci-s-330-kamikaze\/#breadcrumb"},"inLanguage":"fr-FR","potentialAction":[{"@type":"ReadAction","target":["https:\/\/saiga.es\/fr\/produit\/sci-s-330-kamikaze\/"]}]},{"@type":"ImageObject","inLanguage":"fr-FR","@id":"https:\/\/saiga.es\/fr\/produit\/sci-s-330-kamikaze\/#primaryimage","url":"https:\/\/saiga.es\/wp-content\/uploads\/2024\/01\/Kamikaze-xerrac.jpg","contentUrl":"https:\/\/saiga.es\/wp-content\/uploads\/2024\/01\/Kamikaze-xerrac.jpg","width":1080,"height":1080,"caption":"Xerrac Kamikaze"},{"@type":"BreadcrumbList","@id":"https:\/\/saiga.es\/fr\/produit\/sci-s-330-kamikaze\/#breadcrumb","itemListElement":[{"@type":"ListItem","position":1,"name":"Inici","item":"https:\/\/saiga.es\/fr\/"},{"@type":"ListItem","position":2,"name":"boutique","item":"https:\/\/saiga.es\/fr\/boutique\/"},{"@type":"ListItem","position":3,"name":"Sci S-330 Kamikaze"}]},{"@type":"WebSite","@id":"https:\/\/saiga.es\/fr\/#website","url":"https:\/\/saiga.es\/fr\/","name":"SAIGA","description":"M\u00e9s de 50 anys al servei de la terra i treballant per a un \u00fas eficient de l\u2019aigua!","publisher":{"@id":"https:\/\/saiga.es\/fr\/#organization"},"potentialAction":[{"@type":"SearchAction","target":{"@type":"EntryPoint","urlTemplate":"https:\/\/saiga.es\/fr\/?s={search_term_string}"},"query-input":{"@type":"PropertyValueSpecification","valueRequired":true,"valueName":"search_term_string"}}],"inLanguage":"fr-FR"},{"@type":"Organization","@id":"https:\/\/saiga.es\/fr\/#organization","name":"SAIGA","url":"https:\/\/saiga.es\/fr\/","logo":{"@type":"ImageObject","inLanguage":"fr-FR","@id":"https:\/\/saiga.es\/fr\/#\/schema\/logo\/image\/","url":"https:\/\/saiga.es\/wp-content\/uploads\/2025\/07\/logo_saiga_baseline_optimitzat.svg","contentUrl":"https:\/\/saiga.es\/wp-content\/uploads\/2025\/07\/logo_saiga_baseline_optimitzat.svg","caption":"SAIGA"},"image":{"@id":"https:\/\/saiga.es\/fr\/#\/schema\/logo\/image\/"},"sameAs":["https:\/\/x.com\/saiga_agro","https:\/\/www.instagram.com\/saiga_agro\/"]}]}},"_links":{"self":[{"href":"https:\/\/saiga.es\/fr\/wp-json\/wp\/v2\/product\/8770","targetHints":{"allow":["GET"]}}],"collection":[{"href":"https:\/\/saiga.es\/fr\/wp-json\/wp\/v2\/product"}],"about":[{"href":"https:\/\/saiga.es\/fr\/wp-json\/wp\/v2\/types\/product"}],"replies":[{"embeddable":true,"href":"https:\/\/saiga.es\/fr\/wp-json\/wp\/v2\/comments?post=8770"}],"wp:featuredmedia":[{"embeddable":true,"href":"https:\/\/saiga.es\/fr\/wp-json\/wp\/v2\/media\/12505"}],"wp:attachment":[{"href":"https:\/\/saiga.es\/fr\/wp-json\/wp\/v2\/media?parent=8770"}],"wp:term":[{"taxonomy":"product_brand","embeddable":true,"href":"https:\/\/saiga.es\/fr\/wp-json\/wp\/v2\/product_brand?post=8770"},{"taxonomy":"product_cat","embeddable":true,"href":"https:\/\/saiga.es\/fr\/wp-json\/wp\/v2\/product_cat?post=8770"},{"taxonomy":"product_tag","embeddable":true,"href":"https:\/\/saiga.es\/fr\/wp-json\/wp\/v2\/product_tag?post=8770"}],"curies":[{"name":"wp","href":"https:\/\/api.w.org\/{rel}","templated":true}]}}