{"id":8870,"date":"2024-03-08T12:40:33","date_gmt":"2024-03-08T12:40:33","guid":{"rendered":"https:\/\/botiga.saiga.es\/producte\/groupe-de-pression-avec-variateur-de-frequence-efficient-gut\/"},"modified":"2024-03-08T12:40:33","modified_gmt":"2024-03-08T12:40:33","slug":"groupe-de-pression-avec-variateur-de-frequence-efficient-gut","status":"publish","type":"product","link":"https:\/\/saiga.es\/fr\/produit\/groupe-de-pression-avec-variateur-de-frequence-efficient-gut\/","title":{"rendered":"Groupe de pression avec variateur de fr\u00e9quence Efficient-GUT"},"content":{"rendered":"<p>Groupe de pression avec variateur de fr\u00e9quence Efficient-GUT. Groupe de pression compact avec variateur de fr\u00e9quence int\u00e9gr\u00e9, id\u00e9al pour fournir une pression constante quelle que soit la demande en eau. Il permet une \u00e9conomie d\u2019\u00e9nergie de 30 \u00e0 60 % par rapport aux \u00e9quipements sous pression conventionnels. Affichage num\u00e9rique tr\u00e8s intuitif. Contr\u00f4le tr\u00e8s simple \u00e0 l&rsquo;aide de 4 boutons. Coupelle d&rsquo;expansion int\u00e9gr\u00e9e. Syst\u00e8me Plug &amp; Play.<\/p>\n","protected":false},"excerpt":{"rendered":"<p>Groupe de pression compact avec variateur de fr\u00e9quence int\u00e9gr\u00e9, id\u00e9al pour fournir une pression constante quelle que soit la demande en eau.<\/p>\n<p><a href=\"https:\/\/botiga.saiga.es\/wp-content\/uploads\/2024\/03\/EFFICIENT_-_GUT.pdf\">Fiche technique<\/a><\/p>\n","protected":false},"featured_media":8864,"comment_status":"closed","ping_status":"closed","template":"","meta":[],"product_brand":[],"product_cat":[471],"product_tag":[1218,1217],"class_list":{"0":"post-8870","1":"product","2":"type-product","3":"status-publish","4":"has-post-thumbnail","6":"product_cat-pompes-et-accessoires","7":"product_tag-convertisseur-de-frequence","8":"product_tag-groupe-de-pression","10":"first","11":"instock","12":"taxable","13":"shipping-taxable","14":"purchasable","15":"product-type-simple"},"yoast_head":"<!-- This site is optimized with the Yoast SEO plugin v27.4 - https:\/\/yoast.com\/product\/yoast-seo-wordpress\/ -->\n<title>Groupe de pression avec variateur de fr\u00e9quence Efficient-GUT | SAIGA<\/title>\n<meta name=\"description\" content=\"Groupe de pression avec variateur de fr\u00e9quence Efficient-GUT. Groupe de pression compact avec variateur de fr\u00e9quence int\u00e9gr\u00e9, id\u00e9al pour fournir une pression constante quelle que soit la demande en eau. Il permet une \u00e9conomie d\u2019\u00e9nergie de 30 \u00e0 60 % par rapport aux \u00e9quipements sous pression conventionnels.\" \/>\n<meta name=\"robots\" content=\"index, follow, max-snippet:-1, max-image-preview:large, max-video-preview:-1\" \/>\n<link rel=\"canonical\" href=\"https:\/\/saiga.es\/fr\/produit\/groupe-de-pression-avec-variateur-de-frequence-efficient-gut\/\" \/>\n<meta property=\"og:locale\" content=\"fr_FR\" \/>\n<meta property=\"og:type\" content=\"article\" \/>\n<meta property=\"og:title\" content=\"Groupe de pression avec variateur de fr\u00e9quence Efficient-GUT | SAIGA\" \/>\n<meta property=\"og:description\" content=\"Groupe de pression avec variateur de fr\u00e9quence Efficient-GUT. Groupe de pression compact avec variateur de fr\u00e9quence int\u00e9gr\u00e9, id\u00e9al pour fournir une pression constante quelle que soit la demande en eau. Il permet une \u00e9conomie d\u2019\u00e9nergie de 30 \u00e0 60 % par rapport aux \u00e9quipements sous pression conventionnels.\" \/>\n<meta property=\"og:url\" content=\"https:\/\/saiga.es\/fr\/produit\/groupe-de-pression-avec-variateur-de-frequence-efficient-gut\/\" \/>\n<meta property=\"og:site_name\" content=\"SAIGA\" \/>\n<meta property=\"og:image\" content=\"https:\/\/saiga.es\/wp-content\/uploads\/2024\/03\/Efficient_GUT.jpg\" \/>\n\t<meta property=\"og:image:width\" content=\"800\" \/>\n\t<meta property=\"og:image:height\" content=\"800\" \/>\n\t<meta property=\"og:image:type\" content=\"image\/jpeg\" \/>\n<meta name=\"twitter:card\" content=\"summary_large_image\" \/>\n<meta name=\"twitter:site\" content=\"@saiga_agro\" \/>\n<script type=\"application\/ld+json\" class=\"yoast-schema-graph\">{\"@context\":\"https:\\\/\\\/schema.org\",\"@graph\":[{\"@type\":\"WebPage\",\"@id\":\"https:\\\/\\\/saiga.es\\\/fr\\\/produit\\\/groupe-de-pression-avec-variateur-de-frequence-efficient-gut\\\/\",\"url\":\"https:\\\/\\\/saiga.es\\\/fr\\\/produit\\\/groupe-de-pression-avec-variateur-de-frequence-efficient-gut\\\/\",\"name\":\"Groupe de pression avec variateur de fr\u00e9quence Efficient-GUT | SAIGA\",\"isPartOf\":{\"@id\":\"https:\\\/\\\/saiga.es\\\/fr\\\/#website\"},\"primaryImageOfPage\":{\"@id\":\"https:\\\/\\\/saiga.es\\\/fr\\\/produit\\\/groupe-de-pression-avec-variateur-de-frequence-efficient-gut\\\/#primaryimage\"},\"image\":{\"@id\":\"https:\\\/\\\/saiga.es\\\/fr\\\/produit\\\/groupe-de-pression-avec-variateur-de-frequence-efficient-gut\\\/#primaryimage\"},\"thumbnailUrl\":\"https:\\\/\\\/saiga.es\\\/wp-content\\\/uploads\\\/2024\\\/03\\\/Efficient_GUT.jpg\",\"datePublished\":\"2024-03-08T12:40:33+00:00\",\"description\":\"Groupe de pression avec variateur de fr\u00e9quence Efficient-GUT. Groupe de pression compact avec variateur de fr\u00e9quence int\u00e9gr\u00e9, id\u00e9al pour fournir une pression constante quelle que soit la demande en eau. Il permet une \u00e9conomie d\u2019\u00e9nergie de 30 \u00e0 60 % par rapport aux \u00e9quipements sous pression conventionnels.\",\"breadcrumb\":{\"@id\":\"https:\\\/\\\/saiga.es\\\/fr\\\/produit\\\/groupe-de-pression-avec-variateur-de-frequence-efficient-gut\\\/#breadcrumb\"},\"inLanguage\":\"fr-FR\",\"potentialAction\":[{\"@type\":\"ReadAction\",\"target\":[\"https:\\\/\\\/saiga.es\\\/fr\\\/produit\\\/groupe-de-pression-avec-variateur-de-frequence-efficient-gut\\\/\"]}]},{\"@type\":\"ImageObject\",\"inLanguage\":\"fr-FR\",\"@id\":\"https:\\\/\\\/saiga.es\\\/fr\\\/produit\\\/groupe-de-pression-avec-variateur-de-frequence-efficient-gut\\\/#primaryimage\",\"url\":\"https:\\\/\\\/saiga.es\\\/wp-content\\\/uploads\\\/2024\\\/03\\\/Efficient_GUT.jpg\",\"contentUrl\":\"https:\\\/\\\/saiga.es\\\/wp-content\\\/uploads\\\/2024\\\/03\\\/Efficient_GUT.jpg\",\"width\":800,\"height\":800,\"caption\":\"Groupe de pression avec variateur de fr\u00e9quence\"},{\"@type\":\"BreadcrumbList\",\"@id\":\"https:\\\/\\\/saiga.es\\\/fr\\\/produit\\\/groupe-de-pression-avec-variateur-de-frequence-efficient-gut\\\/#breadcrumb\",\"itemListElement\":[{\"@type\":\"ListItem\",\"position\":1,\"name\":\"Inici\",\"item\":\"https:\\\/\\\/saiga.es\\\/fr\\\/\"},{\"@type\":\"ListItem\",\"position\":2,\"name\":\"boutique\",\"item\":\"https:\\\/\\\/saiga.es\\\/fr\\\/boutique\\\/\"},{\"@type\":\"ListItem\",\"position\":3,\"name\":\"Groupe de pression avec variateur de fr\u00e9quence Efficient-GUT\"}]},{\"@type\":\"WebSite\",\"@id\":\"https:\\\/\\\/saiga.es\\\/fr\\\/#website\",\"url\":\"https:\\\/\\\/saiga.es\\\/fr\\\/\",\"name\":\"SAIGA\",\"description\":\"M\u00e9s de 50 anys al servei de la terra i treballant per a un \u00fas eficient de l\u2019aigua!\",\"publisher\":{\"@id\":\"https:\\\/\\\/saiga.es\\\/fr\\\/#organization\"},\"potentialAction\":[{\"@type\":\"SearchAction\",\"target\":{\"@type\":\"EntryPoint\",\"urlTemplate\":\"https:\\\/\\\/saiga.es\\\/fr\\\/?s={search_term_string}\"},\"query-input\":{\"@type\":\"PropertyValueSpecification\",\"valueRequired\":true,\"valueName\":\"search_term_string\"}}],\"inLanguage\":\"fr-FR\"},{\"@type\":\"Organization\",\"@id\":\"https:\\\/\\\/saiga.es\\\/fr\\\/#organization\",\"name\":\"SAIGA\",\"url\":\"https:\\\/\\\/saiga.es\\\/fr\\\/\",\"logo\":{\"@type\":\"ImageObject\",\"inLanguage\":\"fr-FR\",\"@id\":\"https:\\\/\\\/saiga.es\\\/fr\\\/#\\\/schema\\\/logo\\\/image\\\/\",\"url\":\"https:\\\/\\\/saiga.es\\\/wp-content\\\/uploads\\\/2025\\\/07\\\/logo_saiga_baseline_optimitzat.svg\",\"contentUrl\":\"https:\\\/\\\/saiga.es\\\/wp-content\\\/uploads\\\/2025\\\/07\\\/logo_saiga_baseline_optimitzat.svg\",\"caption\":\"SAIGA\"},\"image\":{\"@id\":\"https:\\\/\\\/saiga.es\\\/fr\\\/#\\\/schema\\\/logo\\\/image\\\/\"},\"sameAs\":[\"https:\\\/\\\/x.com\\\/saiga_agro\",\"https:\\\/\\\/www.instagram.com\\\/saiga_agro\\\/\"]}]}<\/script>\n<!-- \/ Yoast SEO plugin. -->","yoast_head_json":{"title":"Groupe de pression avec variateur de fr\u00e9quence Efficient-GUT | SAIGA","description":"Groupe de pression avec variateur de fr\u00e9quence Efficient-GUT. Groupe de pression compact avec variateur de fr\u00e9quence int\u00e9gr\u00e9, id\u00e9al pour fournir une pression constante quelle que soit la demande en eau. Il permet une \u00e9conomie d\u2019\u00e9nergie de 30 \u00e0 60 % par rapport aux \u00e9quipements sous pression conventionnels.","robots":{"index":"index","follow":"follow","max-snippet":"max-snippet:-1","max-image-preview":"max-image-preview:large","max-video-preview":"max-video-preview:-1"},"canonical":"https:\/\/saiga.es\/fr\/produit\/groupe-de-pression-avec-variateur-de-frequence-efficient-gut\/","og_locale":"fr_FR","og_type":"article","og_title":"Groupe de pression avec variateur de fr\u00e9quence Efficient-GUT | SAIGA","og_description":"Groupe de pression avec variateur de fr\u00e9quence Efficient-GUT. Groupe de pression compact avec variateur de fr\u00e9quence int\u00e9gr\u00e9, id\u00e9al pour fournir une pression constante quelle que soit la demande en eau. Il permet une \u00e9conomie d\u2019\u00e9nergie de 30 \u00e0 60 % par rapport aux \u00e9quipements sous pression conventionnels.","og_url":"https:\/\/saiga.es\/fr\/produit\/groupe-de-pression-avec-variateur-de-frequence-efficient-gut\/","og_site_name":"SAIGA","og_image":[{"width":800,"height":800,"url":"https:\/\/saiga.es\/wp-content\/uploads\/2024\/03\/Efficient_GUT.jpg","type":"image\/jpeg"}],"twitter_card":"summary_large_image","twitter_site":"@saiga_agro","schema":{"@context":"https:\/\/schema.org","@graph":[{"@type":"WebPage","@id":"https:\/\/saiga.es\/fr\/produit\/groupe-de-pression-avec-variateur-de-frequence-efficient-gut\/","url":"https:\/\/saiga.es\/fr\/produit\/groupe-de-pression-avec-variateur-de-frequence-efficient-gut\/","name":"Groupe de pression avec variateur de fr\u00e9quence Efficient-GUT | SAIGA","isPartOf":{"@id":"https:\/\/saiga.es\/fr\/#website"},"primaryImageOfPage":{"@id":"https:\/\/saiga.es\/fr\/produit\/groupe-de-pression-avec-variateur-de-frequence-efficient-gut\/#primaryimage"},"image":{"@id":"https:\/\/saiga.es\/fr\/produit\/groupe-de-pression-avec-variateur-de-frequence-efficient-gut\/#primaryimage"},"thumbnailUrl":"https:\/\/saiga.es\/wp-content\/uploads\/2024\/03\/Efficient_GUT.jpg","datePublished":"2024-03-08T12:40:33+00:00","description":"Groupe de pression avec variateur de fr\u00e9quence Efficient-GUT. Groupe de pression compact avec variateur de fr\u00e9quence int\u00e9gr\u00e9, id\u00e9al pour fournir une pression constante quelle que soit la demande en eau. Il permet une \u00e9conomie d\u2019\u00e9nergie de 30 \u00e0 60 % par rapport aux \u00e9quipements sous pression conventionnels.","breadcrumb":{"@id":"https:\/\/saiga.es\/fr\/produit\/groupe-de-pression-avec-variateur-de-frequence-efficient-gut\/#breadcrumb"},"inLanguage":"fr-FR","potentialAction":[{"@type":"ReadAction","target":["https:\/\/saiga.es\/fr\/produit\/groupe-de-pression-avec-variateur-de-frequence-efficient-gut\/"]}]},{"@type":"ImageObject","inLanguage":"fr-FR","@id":"https:\/\/saiga.es\/fr\/produit\/groupe-de-pression-avec-variateur-de-frequence-efficient-gut\/#primaryimage","url":"https:\/\/saiga.es\/wp-content\/uploads\/2024\/03\/Efficient_GUT.jpg","contentUrl":"https:\/\/saiga.es\/wp-content\/uploads\/2024\/03\/Efficient_GUT.jpg","width":800,"height":800,"caption":"Groupe de pression avec variateur de fr\u00e9quence"},{"@type":"BreadcrumbList","@id":"https:\/\/saiga.es\/fr\/produit\/groupe-de-pression-avec-variateur-de-frequence-efficient-gut\/#breadcrumb","itemListElement":[{"@type":"ListItem","position":1,"name":"Inici","item":"https:\/\/saiga.es\/fr\/"},{"@type":"ListItem","position":2,"name":"boutique","item":"https:\/\/saiga.es\/fr\/boutique\/"},{"@type":"ListItem","position":3,"name":"Groupe de pression avec variateur de fr\u00e9quence Efficient-GUT"}]},{"@type":"WebSite","@id":"https:\/\/saiga.es\/fr\/#website","url":"https:\/\/saiga.es\/fr\/","name":"SAIGA","description":"M\u00e9s de 50 anys al servei de la terra i treballant per a un \u00fas eficient de l\u2019aigua!","publisher":{"@id":"https:\/\/saiga.es\/fr\/#organization"},"potentialAction":[{"@type":"SearchAction","target":{"@type":"EntryPoint","urlTemplate":"https:\/\/saiga.es\/fr\/?s={search_term_string}"},"query-input":{"@type":"PropertyValueSpecification","valueRequired":true,"valueName":"search_term_string"}}],"inLanguage":"fr-FR"},{"@type":"Organization","@id":"https:\/\/saiga.es\/fr\/#organization","name":"SAIGA","url":"https:\/\/saiga.es\/fr\/","logo":{"@type":"ImageObject","inLanguage":"fr-FR","@id":"https:\/\/saiga.es\/fr\/#\/schema\/logo\/image\/","url":"https:\/\/saiga.es\/wp-content\/uploads\/2025\/07\/logo_saiga_baseline_optimitzat.svg","contentUrl":"https:\/\/saiga.es\/wp-content\/uploads\/2025\/07\/logo_saiga_baseline_optimitzat.svg","caption":"SAIGA"},"image":{"@id":"https:\/\/saiga.es\/fr\/#\/schema\/logo\/image\/"},"sameAs":["https:\/\/x.com\/saiga_agro","https:\/\/www.instagram.com\/saiga_agro\/"]}]}},"_links":{"self":[{"href":"https:\/\/saiga.es\/fr\/wp-json\/wp\/v2\/product\/8870","targetHints":{"allow":["GET"]}}],"collection":[{"href":"https:\/\/saiga.es\/fr\/wp-json\/wp\/v2\/product"}],"about":[{"href":"https:\/\/saiga.es\/fr\/wp-json\/wp\/v2\/types\/product"}],"replies":[{"embeddable":true,"href":"https:\/\/saiga.es\/fr\/wp-json\/wp\/v2\/comments?post=8870"}],"wp:featuredmedia":[{"embeddable":true,"href":"https:\/\/saiga.es\/fr\/wp-json\/wp\/v2\/media\/8864"}],"wp:attachment":[{"href":"https:\/\/saiga.es\/fr\/wp-json\/wp\/v2\/media?parent=8870"}],"wp:term":[{"taxonomy":"product_brand","embeddable":true,"href":"https:\/\/saiga.es\/fr\/wp-json\/wp\/v2\/product_brand?post=8870"},{"taxonomy":"product_cat","embeddable":true,"href":"https:\/\/saiga.es\/fr\/wp-json\/wp\/v2\/product_cat?post=8870"},{"taxonomy":"product_tag","embeddable":true,"href":"https:\/\/saiga.es\/fr\/wp-json\/wp\/v2\/product_tag?post=8870"}],"curies":[{"name":"wp","href":"https:\/\/api.w.org\/{rel}","templated":true}]}}