{"id":8887,"date":"2024-03-08T14:06:07","date_gmt":"2024-03-08T14:06:07","guid":{"rendered":"https:\/\/botiga.saiga.es\/producte\/groupe-de-pression-avec-variateur-de-frequence-comfort-gut\/"},"modified":"2024-03-08T14:06:07","modified_gmt":"2024-03-08T14:06:07","slug":"groupe-de-pression-avec-variateur-de-frequence-comfort-gut","status":"publish","type":"product","link":"https:\/\/saiga.es\/fr\/produit\/groupe-de-pression-avec-variateur-de-frequence-comfort-gut\/","title":{"rendered":"Groupe de pression avec variateur de fr\u00e9quence Comfort-Gut"},"content":{"rendered":"<p>Groupe de pression compact avec variateur de fr\u00e9quence int\u00e9gr\u00e9, id\u00e9al pour fournir une pression constante quelle que soit la demande en eau. Il permet une \u00e9conomie d\u2019\u00e9nergie de 30 \u00e0 60 % par rapport aux \u00e9quipements sous pression conventionnels. Contr\u00f4le tr\u00e8s simple, \u00e0 l&rsquo;aide de 3 boutons. Coupelle d&rsquo;expansion int\u00e9gr\u00e9e. Syst\u00e8me Plug &amp; Play. Mat\u00e9riaux Corps de pompe moul\u00e9 avec traitement par cataphor\u00e8se. Arbre de pompe en AISI 420. Fermeture m\u00e9canique en C\u00e9ramique-graphite. Carter moteur en aluminium. Joints en NBR\/EPDM.<\/p>\n","protected":false},"excerpt":{"rendered":"<p>Groupe de pression avec variateur de fr\u00e9quence Comfort-Gut.<\/p>\n<p><a href=\"https:\/\/botiga.saiga.es\/wp-content\/uploads\/2024\/03\/Grup-de-pressio_COMFORT_-_GUT.pdf\">Fiche technique<\/a><\/p>\n","protected":false},"featured_media":8880,"comment_status":"open","ping_status":"closed","template":"","meta":[],"product_brand":[],"product_cat":[471],"product_tag":[1223,1217,1224],"class_list":{"0":"post-8887","1":"product","2":"type-product","3":"status-publish","4":"has-post-thumbnail","6":"product_cat-pompes-et-accessoires","7":"product_tag-comfort-fr","8":"product_tag-groupe-de-pression","9":"product_tag-gut-fr","11":"first","12":"outofstock","13":"taxable","14":"shipping-taxable","15":"purchasable","16":"product-type-simple"},"yoast_head":"<!-- This site is optimized with the Yoast SEO plugin v27.4 - https:\/\/yoast.com\/product\/yoast-seo-wordpress\/ -->\n<title>Groupe de pression avec variateur de fr\u00e9quence Comfort-Gut | SAIGA<\/title>\n<meta name=\"description\" content=\"Groupe de pression compact avec variateur de fr\u00e9quence int\u00e9gr\u00e9, id\u00e9al pour fournir une pression constante quelle que soit la demande en eau.\" \/>\n<meta name=\"robots\" content=\"index, follow, max-snippet:-1, max-image-preview:large, max-video-preview:-1\" \/>\n<link rel=\"canonical\" href=\"https:\/\/saiga.es\/fr\/produit\/groupe-de-pression-avec-variateur-de-frequence-comfort-gut\/\" \/>\n<meta property=\"og:locale\" content=\"fr_FR\" \/>\n<meta property=\"og:type\" content=\"article\" \/>\n<meta property=\"og:title\" content=\"Groupe de pression avec variateur de fr\u00e9quence Comfort-Gut | SAIGA\" \/>\n<meta property=\"og:description\" content=\"Groupe de pression compact avec variateur de fr\u00e9quence int\u00e9gr\u00e9, id\u00e9al pour fournir une pression constante quelle que soit la demande en eau.\" \/>\n<meta property=\"og:url\" content=\"https:\/\/saiga.es\/fr\/produit\/groupe-de-pression-avec-variateur-de-frequence-comfort-gut\/\" \/>\n<meta property=\"og:site_name\" content=\"SAIGA\" \/>\n<meta property=\"og:image\" content=\"https:\/\/saiga.es\/wp-content\/uploads\/2024\/03\/grup-pressio-variador-comfort_GUT.jpg\" \/>\n\t<meta property=\"og:image:width\" content=\"800\" \/>\n\t<meta property=\"og:image:height\" content=\"800\" \/>\n\t<meta property=\"og:image:type\" content=\"image\/jpeg\" \/>\n<meta name=\"twitter:card\" content=\"summary_large_image\" \/>\n<meta name=\"twitter:site\" content=\"@saiga_agro\" \/>\n<script type=\"application\/ld+json\" class=\"yoast-schema-graph\">{\"@context\":\"https:\\\/\\\/schema.org\",\"@graph\":[{\"@type\":\"WebPage\",\"@id\":\"https:\\\/\\\/saiga.es\\\/fr\\\/produit\\\/groupe-de-pression-avec-variateur-de-frequence-comfort-gut\\\/\",\"url\":\"https:\\\/\\\/saiga.es\\\/fr\\\/produit\\\/groupe-de-pression-avec-variateur-de-frequence-comfort-gut\\\/\",\"name\":\"Groupe de pression avec variateur de fr\u00e9quence Comfort-Gut | SAIGA\",\"isPartOf\":{\"@id\":\"https:\\\/\\\/saiga.es\\\/fr\\\/#website\"},\"primaryImageOfPage\":{\"@id\":\"https:\\\/\\\/saiga.es\\\/fr\\\/produit\\\/groupe-de-pression-avec-variateur-de-frequence-comfort-gut\\\/#primaryimage\"},\"image\":{\"@id\":\"https:\\\/\\\/saiga.es\\\/fr\\\/produit\\\/groupe-de-pression-avec-variateur-de-frequence-comfort-gut\\\/#primaryimage\"},\"thumbnailUrl\":\"https:\\\/\\\/saiga.es\\\/wp-content\\\/uploads\\\/2024\\\/03\\\/grup-pressio-variador-comfort_GUT.jpg\",\"datePublished\":\"2024-03-08T14:06:07+00:00\",\"description\":\"Groupe de pression compact avec variateur de fr\u00e9quence int\u00e9gr\u00e9, id\u00e9al pour fournir une pression constante quelle que soit la demande en eau.\",\"breadcrumb\":{\"@id\":\"https:\\\/\\\/saiga.es\\\/fr\\\/produit\\\/groupe-de-pression-avec-variateur-de-frequence-comfort-gut\\\/#breadcrumb\"},\"inLanguage\":\"fr-FR\",\"potentialAction\":[{\"@type\":\"ReadAction\",\"target\":[\"https:\\\/\\\/saiga.es\\\/fr\\\/produit\\\/groupe-de-pression-avec-variateur-de-frequence-comfort-gut\\\/\"]}]},{\"@type\":\"ImageObject\",\"inLanguage\":\"fr-FR\",\"@id\":\"https:\\\/\\\/saiga.es\\\/fr\\\/produit\\\/groupe-de-pression-avec-variateur-de-frequence-comfort-gut\\\/#primaryimage\",\"url\":\"https:\\\/\\\/saiga.es\\\/wp-content\\\/uploads\\\/2024\\\/03\\\/grup-pressio-variador-comfort_GUT.jpg\",\"contentUrl\":\"https:\\\/\\\/saiga.es\\\/wp-content\\\/uploads\\\/2024\\\/03\\\/grup-pressio-variador-comfort_GUT.jpg\",\"width\":800,\"height\":800,\"caption\":\"Variateur de pression groupes confort GUT\"},{\"@type\":\"BreadcrumbList\",\"@id\":\"https:\\\/\\\/saiga.es\\\/fr\\\/produit\\\/groupe-de-pression-avec-variateur-de-frequence-comfort-gut\\\/#breadcrumb\",\"itemListElement\":[{\"@type\":\"ListItem\",\"position\":1,\"name\":\"Inici\",\"item\":\"https:\\\/\\\/saiga.es\\\/fr\\\/\"},{\"@type\":\"ListItem\",\"position\":2,\"name\":\"boutique\",\"item\":\"https:\\\/\\\/saiga.es\\\/fr\\\/boutique\\\/\"},{\"@type\":\"ListItem\",\"position\":3,\"name\":\"Groupe de pression avec variateur de fr\u00e9quence Comfort-Gut\"}]},{\"@type\":\"WebSite\",\"@id\":\"https:\\\/\\\/saiga.es\\\/fr\\\/#website\",\"url\":\"https:\\\/\\\/saiga.es\\\/fr\\\/\",\"name\":\"SAIGA\",\"description\":\"M\u00e9s de 50 anys al servei de la terra i treballant per a un \u00fas eficient de l\u2019aigua!\",\"publisher\":{\"@id\":\"https:\\\/\\\/saiga.es\\\/fr\\\/#organization\"},\"potentialAction\":[{\"@type\":\"SearchAction\",\"target\":{\"@type\":\"EntryPoint\",\"urlTemplate\":\"https:\\\/\\\/saiga.es\\\/fr\\\/?s={search_term_string}\"},\"query-input\":{\"@type\":\"PropertyValueSpecification\",\"valueRequired\":true,\"valueName\":\"search_term_string\"}}],\"inLanguage\":\"fr-FR\"},{\"@type\":\"Organization\",\"@id\":\"https:\\\/\\\/saiga.es\\\/fr\\\/#organization\",\"name\":\"SAIGA\",\"url\":\"https:\\\/\\\/saiga.es\\\/fr\\\/\",\"logo\":{\"@type\":\"ImageObject\",\"inLanguage\":\"fr-FR\",\"@id\":\"https:\\\/\\\/saiga.es\\\/fr\\\/#\\\/schema\\\/logo\\\/image\\\/\",\"url\":\"https:\\\/\\\/saiga.es\\\/wp-content\\\/uploads\\\/2025\\\/07\\\/logo_saiga_baseline_optimitzat.svg\",\"contentUrl\":\"https:\\\/\\\/saiga.es\\\/wp-content\\\/uploads\\\/2025\\\/07\\\/logo_saiga_baseline_optimitzat.svg\",\"caption\":\"SAIGA\"},\"image\":{\"@id\":\"https:\\\/\\\/saiga.es\\\/fr\\\/#\\\/schema\\\/logo\\\/image\\\/\"},\"sameAs\":[\"https:\\\/\\\/x.com\\\/saiga_agro\",\"https:\\\/\\\/www.instagram.com\\\/saiga_agro\\\/\"]}]}<\/script>\n<!-- \/ Yoast SEO plugin. -->","yoast_head_json":{"title":"Groupe de pression avec variateur de fr\u00e9quence Comfort-Gut | SAIGA","description":"Groupe de pression compact avec variateur de fr\u00e9quence int\u00e9gr\u00e9, id\u00e9al pour fournir une pression constante quelle que soit la demande en eau.","robots":{"index":"index","follow":"follow","max-snippet":"max-snippet:-1","max-image-preview":"max-image-preview:large","max-video-preview":"max-video-preview:-1"},"canonical":"https:\/\/saiga.es\/fr\/produit\/groupe-de-pression-avec-variateur-de-frequence-comfort-gut\/","og_locale":"fr_FR","og_type":"article","og_title":"Groupe de pression avec variateur de fr\u00e9quence Comfort-Gut | SAIGA","og_description":"Groupe de pression compact avec variateur de fr\u00e9quence int\u00e9gr\u00e9, id\u00e9al pour fournir une pression constante quelle que soit la demande en eau.","og_url":"https:\/\/saiga.es\/fr\/produit\/groupe-de-pression-avec-variateur-de-frequence-comfort-gut\/","og_site_name":"SAIGA","og_image":[{"width":800,"height":800,"url":"https:\/\/saiga.es\/wp-content\/uploads\/2024\/03\/grup-pressio-variador-comfort_GUT.jpg","type":"image\/jpeg"}],"twitter_card":"summary_large_image","twitter_site":"@saiga_agro","schema":{"@context":"https:\/\/schema.org","@graph":[{"@type":"WebPage","@id":"https:\/\/saiga.es\/fr\/produit\/groupe-de-pression-avec-variateur-de-frequence-comfort-gut\/","url":"https:\/\/saiga.es\/fr\/produit\/groupe-de-pression-avec-variateur-de-frequence-comfort-gut\/","name":"Groupe de pression avec variateur de fr\u00e9quence Comfort-Gut | SAIGA","isPartOf":{"@id":"https:\/\/saiga.es\/fr\/#website"},"primaryImageOfPage":{"@id":"https:\/\/saiga.es\/fr\/produit\/groupe-de-pression-avec-variateur-de-frequence-comfort-gut\/#primaryimage"},"image":{"@id":"https:\/\/saiga.es\/fr\/produit\/groupe-de-pression-avec-variateur-de-frequence-comfort-gut\/#primaryimage"},"thumbnailUrl":"https:\/\/saiga.es\/wp-content\/uploads\/2024\/03\/grup-pressio-variador-comfort_GUT.jpg","datePublished":"2024-03-08T14:06:07+00:00","description":"Groupe de pression compact avec variateur de fr\u00e9quence int\u00e9gr\u00e9, id\u00e9al pour fournir une pression constante quelle que soit la demande en eau.","breadcrumb":{"@id":"https:\/\/saiga.es\/fr\/produit\/groupe-de-pression-avec-variateur-de-frequence-comfort-gut\/#breadcrumb"},"inLanguage":"fr-FR","potentialAction":[{"@type":"ReadAction","target":["https:\/\/saiga.es\/fr\/produit\/groupe-de-pression-avec-variateur-de-frequence-comfort-gut\/"]}]},{"@type":"ImageObject","inLanguage":"fr-FR","@id":"https:\/\/saiga.es\/fr\/produit\/groupe-de-pression-avec-variateur-de-frequence-comfort-gut\/#primaryimage","url":"https:\/\/saiga.es\/wp-content\/uploads\/2024\/03\/grup-pressio-variador-comfort_GUT.jpg","contentUrl":"https:\/\/saiga.es\/wp-content\/uploads\/2024\/03\/grup-pressio-variador-comfort_GUT.jpg","width":800,"height":800,"caption":"Variateur de pression groupes confort GUT"},{"@type":"BreadcrumbList","@id":"https:\/\/saiga.es\/fr\/produit\/groupe-de-pression-avec-variateur-de-frequence-comfort-gut\/#breadcrumb","itemListElement":[{"@type":"ListItem","position":1,"name":"Inici","item":"https:\/\/saiga.es\/fr\/"},{"@type":"ListItem","position":2,"name":"boutique","item":"https:\/\/saiga.es\/fr\/boutique\/"},{"@type":"ListItem","position":3,"name":"Groupe de pression avec variateur de fr\u00e9quence Comfort-Gut"}]},{"@type":"WebSite","@id":"https:\/\/saiga.es\/fr\/#website","url":"https:\/\/saiga.es\/fr\/","name":"SAIGA","description":"M\u00e9s de 50 anys al servei de la terra i treballant per a un \u00fas eficient de l\u2019aigua!","publisher":{"@id":"https:\/\/saiga.es\/fr\/#organization"},"potentialAction":[{"@type":"SearchAction","target":{"@type":"EntryPoint","urlTemplate":"https:\/\/saiga.es\/fr\/?s={search_term_string}"},"query-input":{"@type":"PropertyValueSpecification","valueRequired":true,"valueName":"search_term_string"}}],"inLanguage":"fr-FR"},{"@type":"Organization","@id":"https:\/\/saiga.es\/fr\/#organization","name":"SAIGA","url":"https:\/\/saiga.es\/fr\/","logo":{"@type":"ImageObject","inLanguage":"fr-FR","@id":"https:\/\/saiga.es\/fr\/#\/schema\/logo\/image\/","url":"https:\/\/saiga.es\/wp-content\/uploads\/2025\/07\/logo_saiga_baseline_optimitzat.svg","contentUrl":"https:\/\/saiga.es\/wp-content\/uploads\/2025\/07\/logo_saiga_baseline_optimitzat.svg","caption":"SAIGA"},"image":{"@id":"https:\/\/saiga.es\/fr\/#\/schema\/logo\/image\/"},"sameAs":["https:\/\/x.com\/saiga_agro","https:\/\/www.instagram.com\/saiga_agro\/"]}]}},"_links":{"self":[{"href":"https:\/\/saiga.es\/fr\/wp-json\/wp\/v2\/product\/8887","targetHints":{"allow":["GET"]}}],"collection":[{"href":"https:\/\/saiga.es\/fr\/wp-json\/wp\/v2\/product"}],"about":[{"href":"https:\/\/saiga.es\/fr\/wp-json\/wp\/v2\/types\/product"}],"replies":[{"embeddable":true,"href":"https:\/\/saiga.es\/fr\/wp-json\/wp\/v2\/comments?post=8887"}],"wp:featuredmedia":[{"embeddable":true,"href":"https:\/\/saiga.es\/fr\/wp-json\/wp\/v2\/media\/8880"}],"wp:attachment":[{"href":"https:\/\/saiga.es\/fr\/wp-json\/wp\/v2\/media?parent=8887"}],"wp:term":[{"taxonomy":"product_brand","embeddable":true,"href":"https:\/\/saiga.es\/fr\/wp-json\/wp\/v2\/product_brand?post=8887"},{"taxonomy":"product_cat","embeddable":true,"href":"https:\/\/saiga.es\/fr\/wp-json\/wp\/v2\/product_cat?post=8887"},{"taxonomy":"product_tag","embeddable":true,"href":"https:\/\/saiga.es\/fr\/wp-json\/wp\/v2\/product_tag?post=8887"}],"curies":[{"name":"wp","href":"https:\/\/api.w.org\/{rel}","templated":true}]}}