{"id":8901,"date":"2024-03-08T14:28:58","date_gmt":"2024-03-08T14:28:58","guid":{"rendered":"https:\/\/botiga.saiga.es\/producte\/a-propos-dune-delicieuse-citrouille\/"},"modified":"2024-03-08T14:28:58","modified_gmt":"2024-03-08T14:28:58","slug":"a-propos-dune-delicieuse-citrouille","status":"publish","type":"product","link":"https:\/\/saiga.es\/fr\/produit\/a-propos-dune-delicieuse-citrouille\/","title":{"rendered":"\u00c0 propos d&rsquo;une d\u00e9licieuse citrouille"},"content":{"rendered":"<p>\u00c0 propos d&rsquo;une d\u00e9licieuse citrouille<\/p>\n<p><span class=\"hiddenGrammarError\">De vigueur moyenne, produit des fruits de 1,5 \u00e0 2 kg \u00e9cras\u00e9s.<\/span> Peau vert fonc\u00e9 et pulpe orange intense. Vari\u00e9t\u00e9 tr\u00e8s adaptable aux conditions de culture. Tr\u00e8s sucr\u00e9 et savoureux. Longue conservation<\/p>\n","protected":false},"excerpt":{"rendered":"<p>\u00c0 propos d&rsquo;une d\u00e9licieuse citrouille<\/p>\n<p><span class=\"hiddenGrammarError\">De vigueur moyenne, produit des fruits de 1,5 \u00e0 2 kg \u00e9cras\u00e9s.<\/span> Peau vert fonc\u00e9 et pulpe orange intense. Vari\u00e9t\u00e9 tr\u00e8s adaptable aux conditions de culture. Tr\u00e8s sucr\u00e9 et savoureux. Longue conservation<\/p>\n","protected":false},"featured_media":8895,"comment_status":"open","ping_status":"closed","template":"","meta":[],"product_brand":[],"product_cat":[458],"product_tag":[796,954],"class_list":{"0":"post-8901","1":"product","2":"type-product","3":"status-publish","4":"has-post-thumbnail","6":"product_cat-horticole","7":"product_tag-graines","8":"product_tag-rocalba-fr","10":"first","11":"instock","12":"taxable","13":"shipping-taxable","14":"purchasable","15":"product-type-simple"},"yoast_head":"<!-- This site is optimized with the Yoast SEO plugin v27.4 - https:\/\/yoast.com\/product\/yoast-seo-wordpress\/ -->\n<title>\u00c0 propos d&#039;une d\u00e9licieuse citrouille | SAIGA<\/title>\n<meta name=\"description\" content=\"De vigueur moyenne, produit des fruits de 1,5 \u00e0 2 kg. Vari\u00e9t\u00e9 tr\u00e8s adaptable aux conditions de culture. Tr\u00e8s sucr\u00e9 et savoureux. Longue conservation\" \/>\n<meta name=\"robots\" content=\"index, follow, max-snippet:-1, max-image-preview:large, max-video-preview:-1\" \/>\n<link rel=\"canonical\" href=\"https:\/\/saiga.es\/fr\/produit\/a-propos-dune-delicieuse-citrouille\/\" \/>\n<meta property=\"og:locale\" content=\"fr_FR\" \/>\n<meta property=\"og:type\" content=\"article\" \/>\n<meta property=\"og:title\" content=\"\u00c0 propos d&#039;une d\u00e9licieuse citrouille | SAIGA\" \/>\n<meta property=\"og:description\" content=\"De vigueur moyenne, produit des fruits de 1,5 \u00e0 2 kg. Vari\u00e9t\u00e9 tr\u00e8s adaptable aux conditions de culture. Tr\u00e8s sucr\u00e9 et savoureux. Longue conservation\" \/>\n<meta property=\"og:url\" content=\"https:\/\/saiga.es\/fr\/produit\/a-propos-dune-delicieuse-citrouille\/\" \/>\n<meta property=\"og:site_name\" content=\"SAIGA\" \/>\n<meta property=\"og:image\" content=\"https:\/\/saiga.es\/wp-content\/uploads\/2024\/03\/calabaza.jpg\" \/>\n\t<meta property=\"og:image:width\" content=\"500\" \/>\n\t<meta property=\"og:image:height\" content=\"720\" \/>\n\t<meta property=\"og:image:type\" content=\"image\/jpeg\" \/>\n<meta name=\"twitter:card\" content=\"summary_large_image\" \/>\n<meta name=\"twitter:site\" content=\"@saiga_agro\" \/>\n<script type=\"application\/ld+json\" class=\"yoast-schema-graph\">{\"@context\":\"https:\\\/\\\/schema.org\",\"@graph\":[{\"@type\":\"WebPage\",\"@id\":\"https:\\\/\\\/saiga.es\\\/fr\\\/produit\\\/a-propos-dune-delicieuse-citrouille\\\/\",\"url\":\"https:\\\/\\\/saiga.es\\\/fr\\\/produit\\\/a-propos-dune-delicieuse-citrouille\\\/\",\"name\":\"\u00c0 propos d'une d\u00e9licieuse citrouille | SAIGA\",\"isPartOf\":{\"@id\":\"https:\\\/\\\/saiga.es\\\/fr\\\/#website\"},\"primaryImageOfPage\":{\"@id\":\"https:\\\/\\\/saiga.es\\\/fr\\\/produit\\\/a-propos-dune-delicieuse-citrouille\\\/#primaryimage\"},\"image\":{\"@id\":\"https:\\\/\\\/saiga.es\\\/fr\\\/produit\\\/a-propos-dune-delicieuse-citrouille\\\/#primaryimage\"},\"thumbnailUrl\":\"https:\\\/\\\/saiga.es\\\/wp-content\\\/uploads\\\/2024\\\/03\\\/calabaza.jpg\",\"datePublished\":\"2024-03-08T14:28:58+00:00\",\"description\":\"De vigueur moyenne, produit des fruits de 1,5 \u00e0 2 kg. Vari\u00e9t\u00e9 tr\u00e8s adaptable aux conditions de culture. Tr\u00e8s sucr\u00e9 et savoureux. Longue conservation\",\"breadcrumb\":{\"@id\":\"https:\\\/\\\/saiga.es\\\/fr\\\/produit\\\/a-propos-dune-delicieuse-citrouille\\\/#breadcrumb\"},\"inLanguage\":\"fr-FR\",\"potentialAction\":[{\"@type\":\"ReadAction\",\"target\":[\"https:\\\/\\\/saiga.es\\\/fr\\\/produit\\\/a-propos-dune-delicieuse-citrouille\\\/\"]}]},{\"@type\":\"ImageObject\",\"inLanguage\":\"fr-FR\",\"@id\":\"https:\\\/\\\/saiga.es\\\/fr\\\/produit\\\/a-propos-dune-delicieuse-citrouille\\\/#primaryimage\",\"url\":\"https:\\\/\\\/saiga.es\\\/wp-content\\\/uploads\\\/2024\\\/03\\\/calabaza.jpg\",\"contentUrl\":\"https:\\\/\\\/saiga.es\\\/wp-content\\\/uploads\\\/2024\\\/03\\\/calabaza.jpg\",\"width\":500,\"height\":720},{\"@type\":\"BreadcrumbList\",\"@id\":\"https:\\\/\\\/saiga.es\\\/fr\\\/produit\\\/a-propos-dune-delicieuse-citrouille\\\/#breadcrumb\",\"itemListElement\":[{\"@type\":\"ListItem\",\"position\":1,\"name\":\"Inici\",\"item\":\"https:\\\/\\\/saiga.es\\\/fr\\\/\"},{\"@type\":\"ListItem\",\"position\":2,\"name\":\"boutique\",\"item\":\"https:\\\/\\\/saiga.es\\\/fr\\\/boutique\\\/\"},{\"@type\":\"ListItem\",\"position\":3,\"name\":\"\u00c0 propos d&rsquo;une d\u00e9licieuse citrouille\"}]},{\"@type\":\"WebSite\",\"@id\":\"https:\\\/\\\/saiga.es\\\/fr\\\/#website\",\"url\":\"https:\\\/\\\/saiga.es\\\/fr\\\/\",\"name\":\"SAIGA\",\"description\":\"M\u00e9s de 50 anys al servei de la terra i treballant per a un \u00fas eficient de l\u2019aigua!\",\"publisher\":{\"@id\":\"https:\\\/\\\/saiga.es\\\/fr\\\/#organization\"},\"potentialAction\":[{\"@type\":\"SearchAction\",\"target\":{\"@type\":\"EntryPoint\",\"urlTemplate\":\"https:\\\/\\\/saiga.es\\\/fr\\\/?s={search_term_string}\"},\"query-input\":{\"@type\":\"PropertyValueSpecification\",\"valueRequired\":true,\"valueName\":\"search_term_string\"}}],\"inLanguage\":\"fr-FR\"},{\"@type\":\"Organization\",\"@id\":\"https:\\\/\\\/saiga.es\\\/fr\\\/#organization\",\"name\":\"SAIGA\",\"url\":\"https:\\\/\\\/saiga.es\\\/fr\\\/\",\"logo\":{\"@type\":\"ImageObject\",\"inLanguage\":\"fr-FR\",\"@id\":\"https:\\\/\\\/saiga.es\\\/fr\\\/#\\\/schema\\\/logo\\\/image\\\/\",\"url\":\"https:\\\/\\\/saiga.es\\\/wp-content\\\/uploads\\\/2025\\\/07\\\/logo_saiga_baseline_optimitzat.svg\",\"contentUrl\":\"https:\\\/\\\/saiga.es\\\/wp-content\\\/uploads\\\/2025\\\/07\\\/logo_saiga_baseline_optimitzat.svg\",\"caption\":\"SAIGA\"},\"image\":{\"@id\":\"https:\\\/\\\/saiga.es\\\/fr\\\/#\\\/schema\\\/logo\\\/image\\\/\"},\"sameAs\":[\"https:\\\/\\\/x.com\\\/saiga_agro\",\"https:\\\/\\\/www.instagram.com\\\/saiga_agro\\\/\"]}]}<\/script>\n<!-- \/ Yoast SEO plugin. -->","yoast_head_json":{"title":"\u00c0 propos d'une d\u00e9licieuse citrouille | SAIGA","description":"De vigueur moyenne, produit des fruits de 1,5 \u00e0 2 kg. Vari\u00e9t\u00e9 tr\u00e8s adaptable aux conditions de culture. Tr\u00e8s sucr\u00e9 et savoureux. Longue conservation","robots":{"index":"index","follow":"follow","max-snippet":"max-snippet:-1","max-image-preview":"max-image-preview:large","max-video-preview":"max-video-preview:-1"},"canonical":"https:\/\/saiga.es\/fr\/produit\/a-propos-dune-delicieuse-citrouille\/","og_locale":"fr_FR","og_type":"article","og_title":"\u00c0 propos d'une d\u00e9licieuse citrouille | SAIGA","og_description":"De vigueur moyenne, produit des fruits de 1,5 \u00e0 2 kg. Vari\u00e9t\u00e9 tr\u00e8s adaptable aux conditions de culture. Tr\u00e8s sucr\u00e9 et savoureux. Longue conservation","og_url":"https:\/\/saiga.es\/fr\/produit\/a-propos-dune-delicieuse-citrouille\/","og_site_name":"SAIGA","og_image":[{"width":500,"height":720,"url":"https:\/\/saiga.es\/wp-content\/uploads\/2024\/03\/calabaza.jpg","type":"image\/jpeg"}],"twitter_card":"summary_large_image","twitter_site":"@saiga_agro","schema":{"@context":"https:\/\/schema.org","@graph":[{"@type":"WebPage","@id":"https:\/\/saiga.es\/fr\/produit\/a-propos-dune-delicieuse-citrouille\/","url":"https:\/\/saiga.es\/fr\/produit\/a-propos-dune-delicieuse-citrouille\/","name":"\u00c0 propos d'une d\u00e9licieuse citrouille | SAIGA","isPartOf":{"@id":"https:\/\/saiga.es\/fr\/#website"},"primaryImageOfPage":{"@id":"https:\/\/saiga.es\/fr\/produit\/a-propos-dune-delicieuse-citrouille\/#primaryimage"},"image":{"@id":"https:\/\/saiga.es\/fr\/produit\/a-propos-dune-delicieuse-citrouille\/#primaryimage"},"thumbnailUrl":"https:\/\/saiga.es\/wp-content\/uploads\/2024\/03\/calabaza.jpg","datePublished":"2024-03-08T14:28:58+00:00","description":"De vigueur moyenne, produit des fruits de 1,5 \u00e0 2 kg. Vari\u00e9t\u00e9 tr\u00e8s adaptable aux conditions de culture. Tr\u00e8s sucr\u00e9 et savoureux. Longue conservation","breadcrumb":{"@id":"https:\/\/saiga.es\/fr\/produit\/a-propos-dune-delicieuse-citrouille\/#breadcrumb"},"inLanguage":"fr-FR","potentialAction":[{"@type":"ReadAction","target":["https:\/\/saiga.es\/fr\/produit\/a-propos-dune-delicieuse-citrouille\/"]}]},{"@type":"ImageObject","inLanguage":"fr-FR","@id":"https:\/\/saiga.es\/fr\/produit\/a-propos-dune-delicieuse-citrouille\/#primaryimage","url":"https:\/\/saiga.es\/wp-content\/uploads\/2024\/03\/calabaza.jpg","contentUrl":"https:\/\/saiga.es\/wp-content\/uploads\/2024\/03\/calabaza.jpg","width":500,"height":720},{"@type":"BreadcrumbList","@id":"https:\/\/saiga.es\/fr\/produit\/a-propos-dune-delicieuse-citrouille\/#breadcrumb","itemListElement":[{"@type":"ListItem","position":1,"name":"Inici","item":"https:\/\/saiga.es\/fr\/"},{"@type":"ListItem","position":2,"name":"boutique","item":"https:\/\/saiga.es\/fr\/boutique\/"},{"@type":"ListItem","position":3,"name":"\u00c0 propos d&rsquo;une d\u00e9licieuse citrouille"}]},{"@type":"WebSite","@id":"https:\/\/saiga.es\/fr\/#website","url":"https:\/\/saiga.es\/fr\/","name":"SAIGA","description":"M\u00e9s de 50 anys al servei de la terra i treballant per a un \u00fas eficient de l\u2019aigua!","publisher":{"@id":"https:\/\/saiga.es\/fr\/#organization"},"potentialAction":[{"@type":"SearchAction","target":{"@type":"EntryPoint","urlTemplate":"https:\/\/saiga.es\/fr\/?s={search_term_string}"},"query-input":{"@type":"PropertyValueSpecification","valueRequired":true,"valueName":"search_term_string"}}],"inLanguage":"fr-FR"},{"@type":"Organization","@id":"https:\/\/saiga.es\/fr\/#organization","name":"SAIGA","url":"https:\/\/saiga.es\/fr\/","logo":{"@type":"ImageObject","inLanguage":"fr-FR","@id":"https:\/\/saiga.es\/fr\/#\/schema\/logo\/image\/","url":"https:\/\/saiga.es\/wp-content\/uploads\/2025\/07\/logo_saiga_baseline_optimitzat.svg","contentUrl":"https:\/\/saiga.es\/wp-content\/uploads\/2025\/07\/logo_saiga_baseline_optimitzat.svg","caption":"SAIGA"},"image":{"@id":"https:\/\/saiga.es\/fr\/#\/schema\/logo\/image\/"},"sameAs":["https:\/\/x.com\/saiga_agro","https:\/\/www.instagram.com\/saiga_agro\/"]}]}},"_links":{"self":[{"href":"https:\/\/saiga.es\/fr\/wp-json\/wp\/v2\/product\/8901","targetHints":{"allow":["GET"]}}],"collection":[{"href":"https:\/\/saiga.es\/fr\/wp-json\/wp\/v2\/product"}],"about":[{"href":"https:\/\/saiga.es\/fr\/wp-json\/wp\/v2\/types\/product"}],"replies":[{"embeddable":true,"href":"https:\/\/saiga.es\/fr\/wp-json\/wp\/v2\/comments?post=8901"}],"wp:featuredmedia":[{"embeddable":true,"href":"https:\/\/saiga.es\/fr\/wp-json\/wp\/v2\/media\/8895"}],"wp:attachment":[{"href":"https:\/\/saiga.es\/fr\/wp-json\/wp\/v2\/media?parent=8901"}],"wp:term":[{"taxonomy":"product_brand","embeddable":true,"href":"https:\/\/saiga.es\/fr\/wp-json\/wp\/v2\/product_brand?post=8901"},{"taxonomy":"product_cat","embeddable":true,"href":"https:\/\/saiga.es\/fr\/wp-json\/wp\/v2\/product_cat?post=8901"},{"taxonomy":"product_tag","embeddable":true,"href":"https:\/\/saiga.es\/fr\/wp-json\/wp\/v2\/product_tag?post=8901"}],"curies":[{"name":"wp","href":"https:\/\/api.w.org\/{rel}","templated":true}]}}