{"id":8974,"date":"2024-03-11T09:54:24","date_gmt":"2024-03-11T09:54:24","guid":{"rendered":"https:\/\/botiga.saiga.es\/producte\/motopompes-a-debit-honda\/"},"modified":"2024-03-11T09:54:24","modified_gmt":"2024-03-11T09:54:24","slug":"motopompes-a-debit-honda","status":"publish","type":"product","link":"https:\/\/saiga.es\/fr\/produit\/motopompes-a-debit-honda\/","title":{"rendered":"Motopompes \u00e0 d\u00e9bit Honda"},"content":{"rendered":"<p>Les motopompes Honda font la diff\u00e9rence, auto-amor\u00e7antes pour une utilisation simple, toujours pr\u00eates \u00e0 transf\u00e9rer de gros d\u00e9bits d&rsquo;eau douce et la garantie du leader, gr\u00e2ce \u00e0 nos moteurs et pompes robustes.<\/p>\n","protected":false},"excerpt":{"rendered":"<p>Les motopompes Honda font la diff\u00e9rence, auto-amor\u00e7antes pour une utilisation simple, toujours pr\u00eates \u00e0 transf\u00e9rer de gros d\u00e9bits d&rsquo;eau douce et la garantie du leader, gr\u00e2ce \u00e0 nos moteurs et pompes robustes.<\/p>\n","protected":false},"featured_media":8954,"comment_status":"closed","ping_status":"closed","template":"","meta":[],"product_brand":[],"product_cat":[471],"product_tag":[1173,1233,1231,1232],"class_list":{"0":"post-8974","1":"product","2":"type-product","3":"status-publish","4":"has-post-thumbnail","6":"product_cat-pompes-et-accessoires","7":"product_tag-bombe","8":"product_tag-honda-fr","9":"product_tag-motopompe","10":"product_tag-pompe-a-debit","12":"first","13":"instock","14":"sale","15":"taxable","16":"shipping-taxable","17":"purchasable","18":"product-type-variable"},"yoast_head":"<!-- This site is optimized with the Yoast SEO plugin v27.4 - https:\/\/yoast.com\/product\/yoast-seo-wordpress\/ -->\n<title>Motopompes \u00e0 d\u00e9bit Honda | SAIGA<\/title>\n<meta name=\"description\" content=\"La pompe \u00e0 d\u00e9bit Honda WX 10 T offre jusqu&#039;\u00e0 8 400 litres\/heure. Petit, compact et robuste. Portable, \u00e9conomique et facile \u00e0 d\u00e9marrer, il vous sortira de tout engagement presque sans prendre de place. Auto-amor\u00e7ant\" \/>\n<meta name=\"robots\" content=\"index, follow, max-snippet:-1, max-image-preview:large, max-video-preview:-1\" \/>\n<link rel=\"canonical\" href=\"https:\/\/saiga.es\/fr\/produit\/motopompes-a-debit-honda\/\" \/>\n<meta property=\"og:locale\" content=\"fr_FR\" \/>\n<meta property=\"og:type\" content=\"article\" \/>\n<meta property=\"og:title\" content=\"Motopompes \u00e0 d\u00e9bit Honda | SAIGA\" \/>\n<meta property=\"og:description\" content=\"La pompe \u00e0 d\u00e9bit Honda WX 10 T offre jusqu&#039;\u00e0 8 400 litres\/heure. Petit, compact et robuste. Portable, \u00e9conomique et facile \u00e0 d\u00e9marrer, il vous sortira de tout engagement presque sans prendre de place. Auto-amor\u00e7ant\" \/>\n<meta property=\"og:url\" content=\"https:\/\/saiga.es\/fr\/produit\/motopompes-a-debit-honda\/\" \/>\n<meta property=\"og:site_name\" content=\"SAIGA\" \/>\n<meta property=\"og:image\" content=\"https:\/\/saiga.es\/wp-content\/uploads\/2024\/03\/motobomba-wx-10-t.png\" \/>\n\t<meta property=\"og:image:width\" content=\"437\" \/>\n\t<meta property=\"og:image:height\" content=\"437\" \/>\n\t<meta property=\"og:image:type\" content=\"image\/png\" \/>\n<meta name=\"twitter:card\" content=\"summary_large_image\" \/>\n<meta name=\"twitter:site\" content=\"@saiga_agro\" \/>\n<script type=\"application\/ld+json\" class=\"yoast-schema-graph\">{\"@context\":\"https:\\\/\\\/schema.org\",\"@graph\":[{\"@type\":\"WebPage\",\"@id\":\"https:\\\/\\\/saiga.es\\\/fr\\\/produit\\\/motopompes-a-debit-honda\\\/\",\"url\":\"https:\\\/\\\/saiga.es\\\/fr\\\/produit\\\/motopompes-a-debit-honda\\\/\",\"name\":\"Motopompes \u00e0 d\u00e9bit Honda | SAIGA\",\"isPartOf\":{\"@id\":\"https:\\\/\\\/saiga.es\\\/fr\\\/#website\"},\"primaryImageOfPage\":{\"@id\":\"https:\\\/\\\/saiga.es\\\/fr\\\/produit\\\/motopompes-a-debit-honda\\\/#primaryimage\"},\"image\":{\"@id\":\"https:\\\/\\\/saiga.es\\\/fr\\\/produit\\\/motopompes-a-debit-honda\\\/#primaryimage\"},\"thumbnailUrl\":\"https:\\\/\\\/saiga.es\\\/wp-content\\\/uploads\\\/2024\\\/03\\\/motobomba-wx-10-t.png\",\"datePublished\":\"2024-03-11T09:54:24+00:00\",\"description\":\"La pompe \u00e0 d\u00e9bit Honda WX 10 T offre jusqu'\u00e0 8 400 litres\\\/heure. Petit, compact et robuste. Portable, \u00e9conomique et facile \u00e0 d\u00e9marrer, il vous sortira de tout engagement presque sans prendre de place. Auto-amor\u00e7ant\",\"breadcrumb\":{\"@id\":\"https:\\\/\\\/saiga.es\\\/fr\\\/produit\\\/motopompes-a-debit-honda\\\/#breadcrumb\"},\"inLanguage\":\"fr-FR\",\"potentialAction\":[{\"@type\":\"ReadAction\",\"target\":[\"https:\\\/\\\/saiga.es\\\/fr\\\/produit\\\/motopompes-a-debit-honda\\\/\"]}]},{\"@type\":\"ImageObject\",\"inLanguage\":\"fr-FR\",\"@id\":\"https:\\\/\\\/saiga.es\\\/fr\\\/produit\\\/motopompes-a-debit-honda\\\/#primaryimage\",\"url\":\"https:\\\/\\\/saiga.es\\\/wp-content\\\/uploads\\\/2024\\\/03\\\/motobomba-wx-10-t.png\",\"contentUrl\":\"https:\\\/\\\/saiga.es\\\/wp-content\\\/uploads\\\/2024\\\/03\\\/motobomba-wx-10-t.png\",\"width\":437,\"height\":437,\"caption\":\"Motopompe \u00e0 d\u00e9bit WX 10T\"},{\"@type\":\"BreadcrumbList\",\"@id\":\"https:\\\/\\\/saiga.es\\\/fr\\\/produit\\\/motopompes-a-debit-honda\\\/#breadcrumb\",\"itemListElement\":[{\"@type\":\"ListItem\",\"position\":1,\"name\":\"Inici\",\"item\":\"https:\\\/\\\/saiga.es\\\/fr\\\/\"},{\"@type\":\"ListItem\",\"position\":2,\"name\":\"boutique\",\"item\":\"https:\\\/\\\/saiga.es\\\/fr\\\/boutique\\\/\"},{\"@type\":\"ListItem\",\"position\":3,\"name\":\"Motopompes \u00e0 d\u00e9bit Honda\"}]},{\"@type\":\"WebSite\",\"@id\":\"https:\\\/\\\/saiga.es\\\/fr\\\/#website\",\"url\":\"https:\\\/\\\/saiga.es\\\/fr\\\/\",\"name\":\"SAIGA\",\"description\":\"M\u00e9s de 50 anys al servei de la terra i treballant per a un \u00fas eficient de l\u2019aigua!\",\"publisher\":{\"@id\":\"https:\\\/\\\/saiga.es\\\/fr\\\/#organization\"},\"potentialAction\":[{\"@type\":\"SearchAction\",\"target\":{\"@type\":\"EntryPoint\",\"urlTemplate\":\"https:\\\/\\\/saiga.es\\\/fr\\\/?s={search_term_string}\"},\"query-input\":{\"@type\":\"PropertyValueSpecification\",\"valueRequired\":true,\"valueName\":\"search_term_string\"}}],\"inLanguage\":\"fr-FR\"},{\"@type\":\"Organization\",\"@id\":\"https:\\\/\\\/saiga.es\\\/fr\\\/#organization\",\"name\":\"SAIGA\",\"url\":\"https:\\\/\\\/saiga.es\\\/fr\\\/\",\"logo\":{\"@type\":\"ImageObject\",\"inLanguage\":\"fr-FR\",\"@id\":\"https:\\\/\\\/saiga.es\\\/fr\\\/#\\\/schema\\\/logo\\\/image\\\/\",\"url\":\"https:\\\/\\\/saiga.es\\\/wp-content\\\/uploads\\\/2025\\\/07\\\/logo_saiga_baseline_optimitzat.svg\",\"contentUrl\":\"https:\\\/\\\/saiga.es\\\/wp-content\\\/uploads\\\/2025\\\/07\\\/logo_saiga_baseline_optimitzat.svg\",\"caption\":\"SAIGA\"},\"image\":{\"@id\":\"https:\\\/\\\/saiga.es\\\/fr\\\/#\\\/schema\\\/logo\\\/image\\\/\"},\"sameAs\":[\"https:\\\/\\\/x.com\\\/saiga_agro\",\"https:\\\/\\\/www.instagram.com\\\/saiga_agro\\\/\"]}]}<\/script>\n<!-- \/ Yoast SEO plugin. -->","yoast_head_json":{"title":"Motopompes \u00e0 d\u00e9bit Honda | SAIGA","description":"La pompe \u00e0 d\u00e9bit Honda WX 10 T offre jusqu'\u00e0 8 400 litres\/heure. Petit, compact et robuste. Portable, \u00e9conomique et facile \u00e0 d\u00e9marrer, il vous sortira de tout engagement presque sans prendre de place. Auto-amor\u00e7ant","robots":{"index":"index","follow":"follow","max-snippet":"max-snippet:-1","max-image-preview":"max-image-preview:large","max-video-preview":"max-video-preview:-1"},"canonical":"https:\/\/saiga.es\/fr\/produit\/motopompes-a-debit-honda\/","og_locale":"fr_FR","og_type":"article","og_title":"Motopompes \u00e0 d\u00e9bit Honda | SAIGA","og_description":"La pompe \u00e0 d\u00e9bit Honda WX 10 T offre jusqu'\u00e0 8 400 litres\/heure. Petit, compact et robuste. Portable, \u00e9conomique et facile \u00e0 d\u00e9marrer, il vous sortira de tout engagement presque sans prendre de place. Auto-amor\u00e7ant","og_url":"https:\/\/saiga.es\/fr\/produit\/motopompes-a-debit-honda\/","og_site_name":"SAIGA","og_image":[{"width":437,"height":437,"url":"https:\/\/saiga.es\/wp-content\/uploads\/2024\/03\/motobomba-wx-10-t.png","type":"image\/png"}],"twitter_card":"summary_large_image","twitter_site":"@saiga_agro","schema":{"@context":"https:\/\/schema.org","@graph":[{"@type":"WebPage","@id":"https:\/\/saiga.es\/fr\/produit\/motopompes-a-debit-honda\/","url":"https:\/\/saiga.es\/fr\/produit\/motopompes-a-debit-honda\/","name":"Motopompes \u00e0 d\u00e9bit Honda | SAIGA","isPartOf":{"@id":"https:\/\/saiga.es\/fr\/#website"},"primaryImageOfPage":{"@id":"https:\/\/saiga.es\/fr\/produit\/motopompes-a-debit-honda\/#primaryimage"},"image":{"@id":"https:\/\/saiga.es\/fr\/produit\/motopompes-a-debit-honda\/#primaryimage"},"thumbnailUrl":"https:\/\/saiga.es\/wp-content\/uploads\/2024\/03\/motobomba-wx-10-t.png","datePublished":"2024-03-11T09:54:24+00:00","description":"La pompe \u00e0 d\u00e9bit Honda WX 10 T offre jusqu'\u00e0 8 400 litres\/heure. Petit, compact et robuste. Portable, \u00e9conomique et facile \u00e0 d\u00e9marrer, il vous sortira de tout engagement presque sans prendre de place. Auto-amor\u00e7ant","breadcrumb":{"@id":"https:\/\/saiga.es\/fr\/produit\/motopompes-a-debit-honda\/#breadcrumb"},"inLanguage":"fr-FR","potentialAction":[{"@type":"ReadAction","target":["https:\/\/saiga.es\/fr\/produit\/motopompes-a-debit-honda\/"]}]},{"@type":"ImageObject","inLanguage":"fr-FR","@id":"https:\/\/saiga.es\/fr\/produit\/motopompes-a-debit-honda\/#primaryimage","url":"https:\/\/saiga.es\/wp-content\/uploads\/2024\/03\/motobomba-wx-10-t.png","contentUrl":"https:\/\/saiga.es\/wp-content\/uploads\/2024\/03\/motobomba-wx-10-t.png","width":437,"height":437,"caption":"Motopompe \u00e0 d\u00e9bit WX 10T"},{"@type":"BreadcrumbList","@id":"https:\/\/saiga.es\/fr\/produit\/motopompes-a-debit-honda\/#breadcrumb","itemListElement":[{"@type":"ListItem","position":1,"name":"Inici","item":"https:\/\/saiga.es\/fr\/"},{"@type":"ListItem","position":2,"name":"boutique","item":"https:\/\/saiga.es\/fr\/boutique\/"},{"@type":"ListItem","position":3,"name":"Motopompes \u00e0 d\u00e9bit Honda"}]},{"@type":"WebSite","@id":"https:\/\/saiga.es\/fr\/#website","url":"https:\/\/saiga.es\/fr\/","name":"SAIGA","description":"M\u00e9s de 50 anys al servei de la terra i treballant per a un \u00fas eficient de l\u2019aigua!","publisher":{"@id":"https:\/\/saiga.es\/fr\/#organization"},"potentialAction":[{"@type":"SearchAction","target":{"@type":"EntryPoint","urlTemplate":"https:\/\/saiga.es\/fr\/?s={search_term_string}"},"query-input":{"@type":"PropertyValueSpecification","valueRequired":true,"valueName":"search_term_string"}}],"inLanguage":"fr-FR"},{"@type":"Organization","@id":"https:\/\/saiga.es\/fr\/#organization","name":"SAIGA","url":"https:\/\/saiga.es\/fr\/","logo":{"@type":"ImageObject","inLanguage":"fr-FR","@id":"https:\/\/saiga.es\/fr\/#\/schema\/logo\/image\/","url":"https:\/\/saiga.es\/wp-content\/uploads\/2025\/07\/logo_saiga_baseline_optimitzat.svg","contentUrl":"https:\/\/saiga.es\/wp-content\/uploads\/2025\/07\/logo_saiga_baseline_optimitzat.svg","caption":"SAIGA"},"image":{"@id":"https:\/\/saiga.es\/fr\/#\/schema\/logo\/image\/"},"sameAs":["https:\/\/x.com\/saiga_agro","https:\/\/www.instagram.com\/saiga_agro\/"]}]}},"_links":{"self":[{"href":"https:\/\/saiga.es\/fr\/wp-json\/wp\/v2\/product\/8974","targetHints":{"allow":["GET"]}}],"collection":[{"href":"https:\/\/saiga.es\/fr\/wp-json\/wp\/v2\/product"}],"about":[{"href":"https:\/\/saiga.es\/fr\/wp-json\/wp\/v2\/types\/product"}],"replies":[{"embeddable":true,"href":"https:\/\/saiga.es\/fr\/wp-json\/wp\/v2\/comments?post=8974"}],"wp:featuredmedia":[{"embeddable":true,"href":"https:\/\/saiga.es\/fr\/wp-json\/wp\/v2\/media\/8954"}],"wp:attachment":[{"href":"https:\/\/saiga.es\/fr\/wp-json\/wp\/v2\/media?parent=8974"}],"wp:term":[{"taxonomy":"product_brand","embeddable":true,"href":"https:\/\/saiga.es\/fr\/wp-json\/wp\/v2\/product_brand?post=8974"},{"taxonomy":"product_cat","embeddable":true,"href":"https:\/\/saiga.es\/fr\/wp-json\/wp\/v2\/product_cat?post=8974"},{"taxonomy":"product_tag","embeddable":true,"href":"https:\/\/saiga.es\/fr\/wp-json\/wp\/v2\/product_tag?post=8974"}],"curies":[{"name":"wp","href":"https:\/\/api.w.org\/{rel}","templated":true}]}}