{"id":9310,"date":"2024-03-25T14:01:43","date_gmt":"2024-03-25T14:01:43","guid":{"rendered":"https:\/\/botiga.saiga.es\/producte\/algicide-q200\/"},"modified":"2024-03-25T14:01:43","modified_gmt":"2024-03-25T14:01:43","slug":"algicide-q200","status":"publish","type":"product","link":"https:\/\/saiga.es\/fr\/produit\/algicide-q200\/","title":{"rendered":"Algicide Q200"},"content":{"rendered":"","protected":false},"excerpt":{"rendered":"<p>C&rsquo;est un algicide liquide recommand\u00e9 pour \u00e9liminer et pr\u00e9venir la formation d&rsquo;algues dans l&rsquo;eau de piscine.<\/p>\n","protected":false},"featured_media":9308,"comment_status":"closed","ping_status":"closed","template":"","meta":[],"product_brand":[],"product_cat":[453],"product_tag":[1268,1242],"class_list":{"0":"post-9310","1":"product","2":"type-product","3":"status-publish","4":"has-post-thumbnail","6":"product_cat-produits-pour-piscines","7":"product_tag-algicide","8":"product_tag-piscines-fr","10":"first","11":"instock","12":"taxable","13":"shipping-taxable","14":"purchasable","15":"product-type-simple"},"yoast_head":"<!-- This site is optimized with the Yoast SEO plugin v27.3 - https:\/\/yoast.com\/product\/yoast-seo-wordpress\/ -->\n<title>Algicide Q200 | SAIGA<\/title>\n<meta name=\"description\" content=\"C&#039;est un algicide liquide recommand\u00e9 pour \u00e9liminer et pr\u00e9venir la formation d&#039;algues dans l&#039;eau de piscine. Les algues sont des organismes v\u00e9g\u00e9taux unicellulaires qui peuvent se d\u00e9velopper et se multiplier rapidement dans l\u2019eau, notamment lorsque sa temp\u00e9rature est temp\u00e9r\u00e9e.\" \/>\n<meta name=\"robots\" content=\"index, follow, max-snippet:-1, max-image-preview:large, max-video-preview:-1\" \/>\n<link rel=\"canonical\" href=\"https:\/\/saiga.es\/fr\/produit\/algicide-q200\/\" \/>\n<meta property=\"og:locale\" content=\"fr_FR\" \/>\n<meta property=\"og:type\" content=\"article\" \/>\n<meta property=\"og:title\" content=\"Algicide Q200 | SAIGA\" \/>\n<meta property=\"og:description\" content=\"C&#039;est un algicide liquide recommand\u00e9 pour \u00e9liminer et pr\u00e9venir la formation d&#039;algues dans l&#039;eau de piscine. Les algues sont des organismes v\u00e9g\u00e9taux unicellulaires qui peuvent se d\u00e9velopper et se multiplier rapidement dans l\u2019eau, notamment lorsque sa temp\u00e9rature est temp\u00e9r\u00e9e.\" \/>\n<meta property=\"og:url\" content=\"https:\/\/saiga.es\/fr\/produit\/algicide-q200\/\" \/>\n<meta property=\"og:site_name\" content=\"SAIGA\" \/>\n<meta property=\"og:image\" content=\"https:\/\/saiga.es\/wp-content\/uploads\/2024\/03\/Algicida-liquid.jpg\" \/>\n\t<meta property=\"og:image:width\" content=\"1080\" \/>\n\t<meta property=\"og:image:height\" content=\"1080\" \/>\n\t<meta property=\"og:image:type\" content=\"image\/jpeg\" \/>\n<meta name=\"twitter:card\" content=\"summary_large_image\" \/>\n<meta name=\"twitter:site\" content=\"@saiga_agro\" \/>\n<script type=\"application\/ld+json\" class=\"yoast-schema-graph\">{\"@context\":\"https:\\\/\\\/schema.org\",\"@graph\":[{\"@type\":\"WebPage\",\"@id\":\"https:\\\/\\\/saiga.es\\\/fr\\\/produit\\\/algicide-q200\\\/\",\"url\":\"https:\\\/\\\/saiga.es\\\/fr\\\/produit\\\/algicide-q200\\\/\",\"name\":\"Algicide Q200 | SAIGA\",\"isPartOf\":{\"@id\":\"https:\\\/\\\/saiga.es\\\/fr\\\/#website\"},\"primaryImageOfPage\":{\"@id\":\"https:\\\/\\\/saiga.es\\\/fr\\\/produit\\\/algicide-q200\\\/#primaryimage\"},\"image\":{\"@id\":\"https:\\\/\\\/saiga.es\\\/fr\\\/produit\\\/algicide-q200\\\/#primaryimage\"},\"thumbnailUrl\":\"https:\\\/\\\/saiga.es\\\/wp-content\\\/uploads\\\/2024\\\/03\\\/Algicida-liquid.jpg\",\"datePublished\":\"2024-03-25T14:01:43+00:00\",\"description\":\"C'est un algicide liquide recommand\u00e9 pour \u00e9liminer et pr\u00e9venir la formation d'algues dans l'eau de piscine. Les algues sont des organismes v\u00e9g\u00e9taux unicellulaires qui peuvent se d\u00e9velopper et se multiplier rapidement dans l\u2019eau, notamment lorsque sa temp\u00e9rature est temp\u00e9r\u00e9e.\",\"breadcrumb\":{\"@id\":\"https:\\\/\\\/saiga.es\\\/fr\\\/produit\\\/algicide-q200\\\/#breadcrumb\"},\"inLanguage\":\"fr-FR\",\"potentialAction\":[{\"@type\":\"ReadAction\",\"target\":[\"https:\\\/\\\/saiga.es\\\/fr\\\/produit\\\/algicide-q200\\\/\"]}]},{\"@type\":\"ImageObject\",\"inLanguage\":\"fr-FR\",\"@id\":\"https:\\\/\\\/saiga.es\\\/fr\\\/produit\\\/algicide-q200\\\/#primaryimage\",\"url\":\"https:\\\/\\\/saiga.es\\\/wp-content\\\/uploads\\\/2024\\\/03\\\/Algicida-liquid.jpg\",\"contentUrl\":\"https:\\\/\\\/saiga.es\\\/wp-content\\\/uploads\\\/2024\\\/03\\\/Algicida-liquid.jpg\",\"width\":1080,\"height\":1080,\"caption\":\"Algicide Q200\"},{\"@type\":\"BreadcrumbList\",\"@id\":\"https:\\\/\\\/saiga.es\\\/fr\\\/produit\\\/algicide-q200\\\/#breadcrumb\",\"itemListElement\":[{\"@type\":\"ListItem\",\"position\":1,\"name\":\"Inici\",\"item\":\"https:\\\/\\\/saiga.es\\\/fr\\\/\"},{\"@type\":\"ListItem\",\"position\":2,\"name\":\"boutique\",\"item\":\"https:\\\/\\\/saiga.es\\\/fr\\\/boutique\\\/\"},{\"@type\":\"ListItem\",\"position\":3,\"name\":\"Algicide Q200\"}]},{\"@type\":\"WebSite\",\"@id\":\"https:\\\/\\\/saiga.es\\\/fr\\\/#website\",\"url\":\"https:\\\/\\\/saiga.es\\\/fr\\\/\",\"name\":\"SAIGA\",\"description\":\"M\u00e9s de 50 anys al servei de la terra i treballant per a un \u00fas eficient de l\u2019aigua!\",\"publisher\":{\"@id\":\"https:\\\/\\\/saiga.es\\\/fr\\\/#organization\"},\"potentialAction\":[{\"@type\":\"SearchAction\",\"target\":{\"@type\":\"EntryPoint\",\"urlTemplate\":\"https:\\\/\\\/saiga.es\\\/fr\\\/?s={search_term_string}\"},\"query-input\":{\"@type\":\"PropertyValueSpecification\",\"valueRequired\":true,\"valueName\":\"search_term_string\"}}],\"inLanguage\":\"fr-FR\"},{\"@type\":\"Organization\",\"@id\":\"https:\\\/\\\/saiga.es\\\/fr\\\/#organization\",\"name\":\"SAIGA\",\"url\":\"https:\\\/\\\/saiga.es\\\/fr\\\/\",\"logo\":{\"@type\":\"ImageObject\",\"inLanguage\":\"fr-FR\",\"@id\":\"https:\\\/\\\/saiga.es\\\/fr\\\/#\\\/schema\\\/logo\\\/image\\\/\",\"url\":\"https:\\\/\\\/saiga.es\\\/wp-content\\\/uploads\\\/2025\\\/07\\\/logo_saiga_baseline_optimitzat.svg\",\"contentUrl\":\"https:\\\/\\\/saiga.es\\\/wp-content\\\/uploads\\\/2025\\\/07\\\/logo_saiga_baseline_optimitzat.svg\",\"caption\":\"SAIGA\"},\"image\":{\"@id\":\"https:\\\/\\\/saiga.es\\\/fr\\\/#\\\/schema\\\/logo\\\/image\\\/\"},\"sameAs\":[\"https:\\\/\\\/x.com\\\/saiga_agro\",\"https:\\\/\\\/www.instagram.com\\\/saiga_agro\\\/\"]}]}<\/script>\n<!-- \/ Yoast SEO plugin. -->","yoast_head_json":{"title":"Algicide Q200 | SAIGA","description":"C'est un algicide liquide recommand\u00e9 pour \u00e9liminer et pr\u00e9venir la formation d'algues dans l'eau de piscine. Les algues sont des organismes v\u00e9g\u00e9taux unicellulaires qui peuvent se d\u00e9velopper et se multiplier rapidement dans l\u2019eau, notamment lorsque sa temp\u00e9rature est temp\u00e9r\u00e9e.","robots":{"index":"index","follow":"follow","max-snippet":"max-snippet:-1","max-image-preview":"max-image-preview:large","max-video-preview":"max-video-preview:-1"},"canonical":"https:\/\/saiga.es\/fr\/produit\/algicide-q200\/","og_locale":"fr_FR","og_type":"article","og_title":"Algicide Q200 | SAIGA","og_description":"C'est un algicide liquide recommand\u00e9 pour \u00e9liminer et pr\u00e9venir la formation d'algues dans l'eau de piscine. Les algues sont des organismes v\u00e9g\u00e9taux unicellulaires qui peuvent se d\u00e9velopper et se multiplier rapidement dans l\u2019eau, notamment lorsque sa temp\u00e9rature est temp\u00e9r\u00e9e.","og_url":"https:\/\/saiga.es\/fr\/produit\/algicide-q200\/","og_site_name":"SAIGA","og_image":[{"width":1080,"height":1080,"url":"https:\/\/saiga.es\/wp-content\/uploads\/2024\/03\/Algicida-liquid.jpg","type":"image\/jpeg"}],"twitter_card":"summary_large_image","twitter_site":"@saiga_agro","schema":{"@context":"https:\/\/schema.org","@graph":[{"@type":"WebPage","@id":"https:\/\/saiga.es\/fr\/produit\/algicide-q200\/","url":"https:\/\/saiga.es\/fr\/produit\/algicide-q200\/","name":"Algicide Q200 | SAIGA","isPartOf":{"@id":"https:\/\/saiga.es\/fr\/#website"},"primaryImageOfPage":{"@id":"https:\/\/saiga.es\/fr\/produit\/algicide-q200\/#primaryimage"},"image":{"@id":"https:\/\/saiga.es\/fr\/produit\/algicide-q200\/#primaryimage"},"thumbnailUrl":"https:\/\/saiga.es\/wp-content\/uploads\/2024\/03\/Algicida-liquid.jpg","datePublished":"2024-03-25T14:01:43+00:00","description":"C'est un algicide liquide recommand\u00e9 pour \u00e9liminer et pr\u00e9venir la formation d'algues dans l'eau de piscine. Les algues sont des organismes v\u00e9g\u00e9taux unicellulaires qui peuvent se d\u00e9velopper et se multiplier rapidement dans l\u2019eau, notamment lorsque sa temp\u00e9rature est temp\u00e9r\u00e9e.","breadcrumb":{"@id":"https:\/\/saiga.es\/fr\/produit\/algicide-q200\/#breadcrumb"},"inLanguage":"fr-FR","potentialAction":[{"@type":"ReadAction","target":["https:\/\/saiga.es\/fr\/produit\/algicide-q200\/"]}]},{"@type":"ImageObject","inLanguage":"fr-FR","@id":"https:\/\/saiga.es\/fr\/produit\/algicide-q200\/#primaryimage","url":"https:\/\/saiga.es\/wp-content\/uploads\/2024\/03\/Algicida-liquid.jpg","contentUrl":"https:\/\/saiga.es\/wp-content\/uploads\/2024\/03\/Algicida-liquid.jpg","width":1080,"height":1080,"caption":"Algicide Q200"},{"@type":"BreadcrumbList","@id":"https:\/\/saiga.es\/fr\/produit\/algicide-q200\/#breadcrumb","itemListElement":[{"@type":"ListItem","position":1,"name":"Inici","item":"https:\/\/saiga.es\/fr\/"},{"@type":"ListItem","position":2,"name":"boutique","item":"https:\/\/saiga.es\/fr\/boutique\/"},{"@type":"ListItem","position":3,"name":"Algicide Q200"}]},{"@type":"WebSite","@id":"https:\/\/saiga.es\/fr\/#website","url":"https:\/\/saiga.es\/fr\/","name":"SAIGA","description":"M\u00e9s de 50 anys al servei de la terra i treballant per a un \u00fas eficient de l\u2019aigua!","publisher":{"@id":"https:\/\/saiga.es\/fr\/#organization"},"potentialAction":[{"@type":"SearchAction","target":{"@type":"EntryPoint","urlTemplate":"https:\/\/saiga.es\/fr\/?s={search_term_string}"},"query-input":{"@type":"PropertyValueSpecification","valueRequired":true,"valueName":"search_term_string"}}],"inLanguage":"fr-FR"},{"@type":"Organization","@id":"https:\/\/saiga.es\/fr\/#organization","name":"SAIGA","url":"https:\/\/saiga.es\/fr\/","logo":{"@type":"ImageObject","inLanguage":"fr-FR","@id":"https:\/\/saiga.es\/fr\/#\/schema\/logo\/image\/","url":"https:\/\/saiga.es\/wp-content\/uploads\/2025\/07\/logo_saiga_baseline_optimitzat.svg","contentUrl":"https:\/\/saiga.es\/wp-content\/uploads\/2025\/07\/logo_saiga_baseline_optimitzat.svg","caption":"SAIGA"},"image":{"@id":"https:\/\/saiga.es\/fr\/#\/schema\/logo\/image\/"},"sameAs":["https:\/\/x.com\/saiga_agro","https:\/\/www.instagram.com\/saiga_agro\/"]}]}},"_links":{"self":[{"href":"https:\/\/saiga.es\/fr\/wp-json\/wp\/v2\/product\/9310","targetHints":{"allow":["GET"]}}],"collection":[{"href":"https:\/\/saiga.es\/fr\/wp-json\/wp\/v2\/product"}],"about":[{"href":"https:\/\/saiga.es\/fr\/wp-json\/wp\/v2\/types\/product"}],"replies":[{"embeddable":true,"href":"https:\/\/saiga.es\/fr\/wp-json\/wp\/v2\/comments?post=9310"}],"wp:featuredmedia":[{"embeddable":true,"href":"https:\/\/saiga.es\/fr\/wp-json\/wp\/v2\/media\/9308"}],"wp:attachment":[{"href":"https:\/\/saiga.es\/fr\/wp-json\/wp\/v2\/media?parent=9310"}],"wp:term":[{"taxonomy":"product_brand","embeddable":true,"href":"https:\/\/saiga.es\/fr\/wp-json\/wp\/v2\/product_brand?post=9310"},{"taxonomy":"product_cat","embeddable":true,"href":"https:\/\/saiga.es\/fr\/wp-json\/wp\/v2\/product_cat?post=9310"},{"taxonomy":"product_tag","embeddable":true,"href":"https:\/\/saiga.es\/fr\/wp-json\/wp\/v2\/product_tag?post=9310"}],"curies":[{"name":"wp","href":"https:\/\/api.w.org\/{rel}","templated":true}]}}