{"id":9334,"date":"2023-08-25T09:52:46","date_gmt":"2023-08-25T09:52:46","guid":{"rendered":"https:\/\/botiga.saiga.es\/producte\/paire-de-gants-safetop-cuir-respirant\/"},"modified":"2023-08-25T09:52:46","modified_gmt":"2023-08-25T09:52:46","slug":"paire-de-gants-safetop-cuir-respirant","status":"publish","type":"product","link":"https:\/\/saiga.es\/fr\/produit\/paire-de-gants-safetop-cuir-respirant\/","title":{"rendered":"Paire de gants Safetop (Cuir respirant)"},"content":{"rendered":"<p>Gant en cuir de vachette offrant un bon toucher et une bonne flexibilit\u00e9 (niveau de dext\u00e9rit\u00e9 maximum 5).<br \/>\n\u2022Construit tout en une seule pi\u00e8ce de cuir pleine fleur extra r\u00e9sistant.<br \/>\n\u2022\u00c9lastique au dos pour plus de fixation, ce qui emp\u00eache l&rsquo;intrusion de la poussi\u00e8re.<br \/>\n\u2022 Applications agricoles, fermes, entretien, parcelle, manipulation en g\u00e9n\u00e9ral.<\/p>\n","protected":false},"excerpt":{"rendered":"<p>Gant en cuir de vachette offrant un bon toucher et une bonne flexibilit\u00e9 (niveau de dext\u00e9rit\u00e9 maximum 5). \u2022Construit tout en une seule pi\u00e8ce de cuir pleine fleur extra r\u00e9sistant. \u2022\u00c9lastique au dos pour plus de fixation, ce qui emp\u00eache l&rsquo;intrusion de la poussi\u00e8re. \u2022 Applications agricoles, fermes, entretien, parcelle, manipulation en g\u00e9n\u00e9ral.<\/p>\n","protected":false},"featured_media":9335,"comment_status":"open","ping_status":"closed","template":"","meta":[],"product_brand":[],"product_cat":[483,452],"product_tag":[],"class_list":{"0":"post-9334","1":"product","2":"type-product","3":"status-publish","4":"has-post-thumbnail","6":"product_cat-gants","7":"product_cat-jardinage-domestique-fr","9":"first","10":"instock","11":"taxable","12":"shipping-taxable","13":"purchasable","14":"product-type-simple"},"yoast_head":"<!-- This site is optimized with the Yoast SEO plugin v27.4 - https:\/\/yoast.com\/product\/yoast-seo-wordpress\/ -->\n<title>Paire de gants Safetop (Cuir respirant) | SAIGA<\/title>\n<meta name=\"robots\" content=\"index, follow, max-snippet:-1, max-image-preview:large, max-video-preview:-1\" \/>\n<link rel=\"canonical\" href=\"https:\/\/saiga.es\/fr\/produit\/paire-de-gants-safetop-cuir-respirant\/\" \/>\n<meta property=\"og:locale\" content=\"fr_FR\" \/>\n<meta property=\"og:type\" content=\"article\" \/>\n<meta property=\"og:title\" content=\"Paire de gants Safetop (Cuir respirant) | SAIGA\" \/>\n<meta property=\"og:description\" content=\"Gant en cuir de vachette offrant un bon toucher et une bonne flexibilit\u00e9 (niveau de dext\u00e9rit\u00e9 maximum 5). \u2022Construit tout en une seule pi\u00e8ce de cuir pleine fleur extra r\u00e9sistant. \u2022\u00c9lastique au dos pour plus de fixation, ce qui emp\u00eache l&rsquo;intrusion de la poussi\u00e8re. \u2022 Applications agricoles, fermes, entretien, parcelle, manipulation en g\u00e9n\u00e9ral.\" \/>\n<meta property=\"og:url\" content=\"https:\/\/saiga.es\/fr\/produit\/paire-de-gants-safetop-cuir-respirant\/\" \/>\n<meta property=\"og:site_name\" content=\"SAIGA\" \/>\n<meta property=\"og:image\" content=\"https:\/\/saiga.es\/wp-content\/uploads\/2023\/08\/aba-guante-de-piel-bovino-en-color-blanco-standard.jpg\" \/>\n\t<meta property=\"og:image:width\" content=\"800\" \/>\n\t<meta property=\"og:image:height\" content=\"800\" \/>\n\t<meta property=\"og:image:type\" content=\"image\/jpeg\" \/>\n<meta name=\"twitter:card\" content=\"summary_large_image\" \/>\n<meta name=\"twitter:site\" content=\"@saiga_agro\" \/>\n<script type=\"application\/ld+json\" class=\"yoast-schema-graph\">{\"@context\":\"https:\\\/\\\/schema.org\",\"@graph\":[{\"@type\":\"WebPage\",\"@id\":\"https:\\\/\\\/saiga.es\\\/fr\\\/produit\\\/paire-de-gants-safetop-cuir-respirant\\\/\",\"url\":\"https:\\\/\\\/saiga.es\\\/fr\\\/produit\\\/paire-de-gants-safetop-cuir-respirant\\\/\",\"name\":\"Paire de gants Safetop (Cuir respirant) | SAIGA\",\"isPartOf\":{\"@id\":\"https:\\\/\\\/saiga.es\\\/fr\\\/#website\"},\"primaryImageOfPage\":{\"@id\":\"https:\\\/\\\/saiga.es\\\/fr\\\/produit\\\/paire-de-gants-safetop-cuir-respirant\\\/#primaryimage\"},\"image\":{\"@id\":\"https:\\\/\\\/saiga.es\\\/fr\\\/produit\\\/paire-de-gants-safetop-cuir-respirant\\\/#primaryimage\"},\"thumbnailUrl\":\"https:\\\/\\\/saiga.es\\\/wp-content\\\/uploads\\\/2023\\\/08\\\/aba-guante-de-piel-bovino-en-color-blanco-standard.jpg\",\"datePublished\":\"2023-08-25T09:52:46+00:00\",\"breadcrumb\":{\"@id\":\"https:\\\/\\\/saiga.es\\\/fr\\\/produit\\\/paire-de-gants-safetop-cuir-respirant\\\/#breadcrumb\"},\"inLanguage\":\"fr-FR\",\"potentialAction\":[{\"@type\":\"ReadAction\",\"target\":[\"https:\\\/\\\/saiga.es\\\/fr\\\/produit\\\/paire-de-gants-safetop-cuir-respirant\\\/\"]}]},{\"@type\":\"ImageObject\",\"inLanguage\":\"fr-FR\",\"@id\":\"https:\\\/\\\/saiga.es\\\/fr\\\/produit\\\/paire-de-gants-safetop-cuir-respirant\\\/#primaryimage\",\"url\":\"https:\\\/\\\/saiga.es\\\/wp-content\\\/uploads\\\/2023\\\/08\\\/aba-guante-de-piel-bovino-en-color-blanco-standard.jpg\",\"contentUrl\":\"https:\\\/\\\/saiga.es\\\/wp-content\\\/uploads\\\/2023\\\/08\\\/aba-guante-de-piel-bovino-en-color-blanco-standard.jpg\",\"width\":800,\"height\":800},{\"@type\":\"BreadcrumbList\",\"@id\":\"https:\\\/\\\/saiga.es\\\/fr\\\/produit\\\/paire-de-gants-safetop-cuir-respirant\\\/#breadcrumb\",\"itemListElement\":[{\"@type\":\"ListItem\",\"position\":1,\"name\":\"Inici\",\"item\":\"https:\\\/\\\/saiga.es\\\/fr\\\/\"},{\"@type\":\"ListItem\",\"position\":2,\"name\":\"boutique\",\"item\":\"https:\\\/\\\/saiga.es\\\/fr\\\/boutique\\\/\"},{\"@type\":\"ListItem\",\"position\":3,\"name\":\"Paire de gants Safetop (Cuir respirant)\"}]},{\"@type\":\"WebSite\",\"@id\":\"https:\\\/\\\/saiga.es\\\/fr\\\/#website\",\"url\":\"https:\\\/\\\/saiga.es\\\/fr\\\/\",\"name\":\"SAIGA\",\"description\":\"M\u00e9s de 50 anys al servei de la terra i treballant per a un \u00fas eficient de l\u2019aigua!\",\"publisher\":{\"@id\":\"https:\\\/\\\/saiga.es\\\/fr\\\/#organization\"},\"potentialAction\":[{\"@type\":\"SearchAction\",\"target\":{\"@type\":\"EntryPoint\",\"urlTemplate\":\"https:\\\/\\\/saiga.es\\\/fr\\\/?s={search_term_string}\"},\"query-input\":{\"@type\":\"PropertyValueSpecification\",\"valueRequired\":true,\"valueName\":\"search_term_string\"}}],\"inLanguage\":\"fr-FR\"},{\"@type\":\"Organization\",\"@id\":\"https:\\\/\\\/saiga.es\\\/fr\\\/#organization\",\"name\":\"SAIGA\",\"url\":\"https:\\\/\\\/saiga.es\\\/fr\\\/\",\"logo\":{\"@type\":\"ImageObject\",\"inLanguage\":\"fr-FR\",\"@id\":\"https:\\\/\\\/saiga.es\\\/fr\\\/#\\\/schema\\\/logo\\\/image\\\/\",\"url\":\"https:\\\/\\\/saiga.es\\\/wp-content\\\/uploads\\\/2025\\\/07\\\/logo_saiga_baseline_optimitzat.svg\",\"contentUrl\":\"https:\\\/\\\/saiga.es\\\/wp-content\\\/uploads\\\/2025\\\/07\\\/logo_saiga_baseline_optimitzat.svg\",\"caption\":\"SAIGA\"},\"image\":{\"@id\":\"https:\\\/\\\/saiga.es\\\/fr\\\/#\\\/schema\\\/logo\\\/image\\\/\"},\"sameAs\":[\"https:\\\/\\\/x.com\\\/saiga_agro\",\"https:\\\/\\\/www.instagram.com\\\/saiga_agro\\\/\"]}]}<\/script>\n<!-- \/ Yoast SEO plugin. -->","yoast_head_json":{"title":"Paire de gants Safetop (Cuir respirant) | SAIGA","robots":{"index":"index","follow":"follow","max-snippet":"max-snippet:-1","max-image-preview":"max-image-preview:large","max-video-preview":"max-video-preview:-1"},"canonical":"https:\/\/saiga.es\/fr\/produit\/paire-de-gants-safetop-cuir-respirant\/","og_locale":"fr_FR","og_type":"article","og_title":"Paire de gants Safetop (Cuir respirant) | SAIGA","og_description":"Gant en cuir de vachette offrant un bon toucher et une bonne flexibilit\u00e9 (niveau de dext\u00e9rit\u00e9 maximum 5). \u2022Construit tout en une seule pi\u00e8ce de cuir pleine fleur extra r\u00e9sistant. \u2022\u00c9lastique au dos pour plus de fixation, ce qui emp\u00eache l&rsquo;intrusion de la poussi\u00e8re. \u2022 Applications agricoles, fermes, entretien, parcelle, manipulation en g\u00e9n\u00e9ral.","og_url":"https:\/\/saiga.es\/fr\/produit\/paire-de-gants-safetop-cuir-respirant\/","og_site_name":"SAIGA","og_image":[{"width":800,"height":800,"url":"https:\/\/saiga.es\/wp-content\/uploads\/2023\/08\/aba-guante-de-piel-bovino-en-color-blanco-standard.jpg","type":"image\/jpeg"}],"twitter_card":"summary_large_image","twitter_site":"@saiga_agro","schema":{"@context":"https:\/\/schema.org","@graph":[{"@type":"WebPage","@id":"https:\/\/saiga.es\/fr\/produit\/paire-de-gants-safetop-cuir-respirant\/","url":"https:\/\/saiga.es\/fr\/produit\/paire-de-gants-safetop-cuir-respirant\/","name":"Paire de gants Safetop (Cuir respirant) | SAIGA","isPartOf":{"@id":"https:\/\/saiga.es\/fr\/#website"},"primaryImageOfPage":{"@id":"https:\/\/saiga.es\/fr\/produit\/paire-de-gants-safetop-cuir-respirant\/#primaryimage"},"image":{"@id":"https:\/\/saiga.es\/fr\/produit\/paire-de-gants-safetop-cuir-respirant\/#primaryimage"},"thumbnailUrl":"https:\/\/saiga.es\/wp-content\/uploads\/2023\/08\/aba-guante-de-piel-bovino-en-color-blanco-standard.jpg","datePublished":"2023-08-25T09:52:46+00:00","breadcrumb":{"@id":"https:\/\/saiga.es\/fr\/produit\/paire-de-gants-safetop-cuir-respirant\/#breadcrumb"},"inLanguage":"fr-FR","potentialAction":[{"@type":"ReadAction","target":["https:\/\/saiga.es\/fr\/produit\/paire-de-gants-safetop-cuir-respirant\/"]}]},{"@type":"ImageObject","inLanguage":"fr-FR","@id":"https:\/\/saiga.es\/fr\/produit\/paire-de-gants-safetop-cuir-respirant\/#primaryimage","url":"https:\/\/saiga.es\/wp-content\/uploads\/2023\/08\/aba-guante-de-piel-bovino-en-color-blanco-standard.jpg","contentUrl":"https:\/\/saiga.es\/wp-content\/uploads\/2023\/08\/aba-guante-de-piel-bovino-en-color-blanco-standard.jpg","width":800,"height":800},{"@type":"BreadcrumbList","@id":"https:\/\/saiga.es\/fr\/produit\/paire-de-gants-safetop-cuir-respirant\/#breadcrumb","itemListElement":[{"@type":"ListItem","position":1,"name":"Inici","item":"https:\/\/saiga.es\/fr\/"},{"@type":"ListItem","position":2,"name":"boutique","item":"https:\/\/saiga.es\/fr\/boutique\/"},{"@type":"ListItem","position":3,"name":"Paire de gants Safetop (Cuir respirant)"}]},{"@type":"WebSite","@id":"https:\/\/saiga.es\/fr\/#website","url":"https:\/\/saiga.es\/fr\/","name":"SAIGA","description":"M\u00e9s de 50 anys al servei de la terra i treballant per a un \u00fas eficient de l\u2019aigua!","publisher":{"@id":"https:\/\/saiga.es\/fr\/#organization"},"potentialAction":[{"@type":"SearchAction","target":{"@type":"EntryPoint","urlTemplate":"https:\/\/saiga.es\/fr\/?s={search_term_string}"},"query-input":{"@type":"PropertyValueSpecification","valueRequired":true,"valueName":"search_term_string"}}],"inLanguage":"fr-FR"},{"@type":"Organization","@id":"https:\/\/saiga.es\/fr\/#organization","name":"SAIGA","url":"https:\/\/saiga.es\/fr\/","logo":{"@type":"ImageObject","inLanguage":"fr-FR","@id":"https:\/\/saiga.es\/fr\/#\/schema\/logo\/image\/","url":"https:\/\/saiga.es\/wp-content\/uploads\/2025\/07\/logo_saiga_baseline_optimitzat.svg","contentUrl":"https:\/\/saiga.es\/wp-content\/uploads\/2025\/07\/logo_saiga_baseline_optimitzat.svg","caption":"SAIGA"},"image":{"@id":"https:\/\/saiga.es\/fr\/#\/schema\/logo\/image\/"},"sameAs":["https:\/\/x.com\/saiga_agro","https:\/\/www.instagram.com\/saiga_agro\/"]}]}},"_links":{"self":[{"href":"https:\/\/saiga.es\/fr\/wp-json\/wp\/v2\/product\/9334","targetHints":{"allow":["GET"]}}],"collection":[{"href":"https:\/\/saiga.es\/fr\/wp-json\/wp\/v2\/product"}],"about":[{"href":"https:\/\/saiga.es\/fr\/wp-json\/wp\/v2\/types\/product"}],"replies":[{"embeddable":true,"href":"https:\/\/saiga.es\/fr\/wp-json\/wp\/v2\/comments?post=9334"}],"wp:featuredmedia":[{"embeddable":true,"href":"https:\/\/saiga.es\/fr\/wp-json\/wp\/v2\/media\/9335"}],"wp:attachment":[{"href":"https:\/\/saiga.es\/fr\/wp-json\/wp\/v2\/media?parent=9334"}],"wp:term":[{"taxonomy":"product_brand","embeddable":true,"href":"https:\/\/saiga.es\/fr\/wp-json\/wp\/v2\/product_brand?post=9334"},{"taxonomy":"product_cat","embeddable":true,"href":"https:\/\/saiga.es\/fr\/wp-json\/wp\/v2\/product_cat?post=9334"},{"taxonomy":"product_tag","embeddable":true,"href":"https:\/\/saiga.es\/fr\/wp-json\/wp\/v2\/product_tag?post=9334"}],"curies":[{"name":"wp","href":"https:\/\/api.w.org\/{rel}","templated":true}]}}