{"id":9360,"date":"2024-03-15T10:17:18","date_gmt":"2024-03-15T10:17:18","guid":{"rendered":"https:\/\/botiga.saiga.es\/producte\/grenouille-de-travail-de-poitrine\/"},"modified":"2024-03-15T10:17:18","modified_gmt":"2024-03-15T10:17:18","slug":"grenouille-de-travail-de-poitrine","status":"publish","type":"product","link":"https:\/\/saiga.es\/fr\/produit\/grenouille-de-travail-de-poitrine\/","title":{"rendered":"Grenouille de travail de poitrine"},"content":{"rendered":"<p>Grenouille de travail de poitrine<\/p>\n<p>De conception simple, respectueux des canons COFRA. Pratique et robuste, fabriqu\u00e9 avec des tissus r\u00e9sistants \u00e0 la r\u00e9tention de couleur, au lavage, \u00e0 l&rsquo;abrasion et \u00e0 la durabilit\u00e9. D\u00e9velopp\u00e9 avec des coutures \u00e0 3 aiguilles. Dans la plupart des coutures et renforc\u00e9 avec des renforts aux points de plus grande usure.<\/p>\n<p>La tenue de pr\u00e9vention des accidents de Lagos est un mod\u00e8le \u00abjumeau\u00bb de Cofra Abuja; Les deux sont en polyester et en coton avec un tissu lavable \u00e0 une temp\u00e9rature maximale de 40 \u00b0 et secs sans affecter la couche de couleur. La seule caract\u00e9ristique qui les diff\u00e9rencie est la densit\u00e9 diff\u00e9rente du tissu : si l&rsquo;Abuja a un \u00ab poids de tissage \u00bb de 300 g\/m\u00b2 (TD005) avec une trame plus \u00e9paisse, l&rsquo;ouvrage de Lagos dans son ensemble doit \u00eatre consid\u00e9r\u00e9 comme de l&rsquo;\u00e9t\u00e9, car il a un Tissu TD002 avec un \u00ab grammage du tissu \u00bb de 245 g\/m\u00b2, particuli\u00e8rement respirant et adapt\u00e9 aux saisons chaudes.<\/p>\n","protected":false},"excerpt":{"rendered":"<p>Grenouille de travail de poitrine<\/p>\n<p>De conception simple, respectueux des canons COFRA. Pratique et robuste, fabriqu\u00e9 avec des tissus r\u00e9sistants \u00e0 la r\u00e9tention de couleur, au lavage, \u00e0 l&rsquo;abrasion et \u00e0 la durabilit\u00e9. D\u00e9velopp\u00e9 avec des coutures \u00e0 3 aiguilles sur la plupart des coutures et renforc\u00e9s avec des renforts aux points de plus grande usure.<\/p>\n<p>La tenue de pr\u00e9vention des accidents de Lagos est un mod\u00e8le \u00abjumeau\u00bb de Cofra Abuja; Les deux sont en polyester et en coton avec un tissu lavable \u00e0 une temp\u00e9rature maximale de 40 \u00b0 et secs sans affecter la couche de couleur. La seule caract\u00e9ristique qui les diff\u00e9rencie est la densit\u00e9 diff\u00e9rente du tissu : si l&rsquo;Abuja a un \u00ab poids de tissage \u00bb de 300 g\/m\u00b2 (TD005) avec une trame plus \u00e9paisse, l&rsquo;ouvrage de Lagos dans son ensemble doit \u00eatre consid\u00e9r\u00e9 comme de l&rsquo;\u00e9t\u00e9, car il a un Tissu TD002 avec un \u00ab grammage du tissu \u00bb de 245 g\/m\u00b2, particuli\u00e8rement respirant et adapt\u00e9 aux saisons chaudes.<\/p>\n","protected":false},"featured_media":17395,"comment_status":"open","ping_status":"closed","template":"","meta":[],"product_brand":[],"product_cat":[1282],"product_tag":[],"class_list":{"0":"post-9360","1":"product","2":"type-product","3":"status-publish","4":"has-post-thumbnail","6":"product_cat-grenouilles-qui-travaillent","8":"first","9":"instock","10":"taxable","11":"shipping-taxable","12":"purchasable","13":"product-type-variable"},"yoast_head":"<!-- This site is optimized with the Yoast SEO plugin v27.3 - https:\/\/yoast.com\/product\/yoast-seo-wordpress\/ -->\n<title>Grenouille de travail de poitrine | SAIGA<\/title>\n<meta name=\"description\" content=\"La combinaison Lagos dans un tissu plus l\u00e9ger et plus respirant, id\u00e9al pour les climats chauds. Con\u00e7u pour la durabilit\u00e9 et la r\u00e9sistance au lavage et \u00e0 l&#039;abrasion.\" \/>\n<meta name=\"robots\" content=\"index, follow, max-snippet:-1, max-image-preview:large, max-video-preview:-1\" \/>\n<link rel=\"canonical\" href=\"https:\/\/saiga.es\/fr\/produit\/grenouille-de-travail-de-poitrine\/\" \/>\n<meta property=\"og:locale\" content=\"fr_FR\" \/>\n<meta property=\"og:type\" content=\"article\" \/>\n<meta property=\"og:title\" content=\"Grenouille de travail de poitrine | SAIGA\" \/>\n<meta property=\"og:description\" content=\"La combinaison Lagos dans un tissu plus l\u00e9ger et plus respirant, id\u00e9al pour les climats chauds. Con\u00e7u pour la durabilit\u00e9 et la r\u00e9sistance au lavage et \u00e0 l&#039;abrasion.\" \/>\n<meta property=\"og:url\" content=\"https:\/\/saiga.es\/fr\/produit\/grenouille-de-travail-de-poitrine\/\" \/>\n<meta property=\"og:site_name\" content=\"SAIGA\" \/>\n<meta property=\"og:image\" content=\"https:\/\/saiga.es\/wp-content\/uploads\/2024\/03\/Mono-de-treball-cofra.jpg\" \/>\n\t<meta property=\"og:image:width\" content=\"1080\" \/>\n\t<meta property=\"og:image:height\" content=\"1080\" \/>\n\t<meta property=\"og:image:type\" content=\"image\/jpeg\" \/>\n<meta name=\"twitter:card\" content=\"summary_large_image\" \/>\n<meta name=\"twitter:site\" content=\"@saiga_agro\" \/>\n<meta name=\"twitter:label1\" content=\"Dur\u00e9e de lecture estim\u00e9e\" \/>\n\t<meta name=\"twitter:data1\" content=\"1 minute\" \/>\n<script type=\"application\/ld+json\" class=\"yoast-schema-graph\">{\"@context\":\"https:\\\/\\\/schema.org\",\"@graph\":[{\"@type\":\"WebPage\",\"@id\":\"https:\\\/\\\/saiga.es\\\/fr\\\/produit\\\/grenouille-de-travail-de-poitrine\\\/\",\"url\":\"https:\\\/\\\/saiga.es\\\/fr\\\/produit\\\/grenouille-de-travail-de-poitrine\\\/\",\"name\":\"Grenouille de travail de poitrine | SAIGA\",\"isPartOf\":{\"@id\":\"https:\\\/\\\/saiga.es\\\/fr\\\/#website\"},\"primaryImageOfPage\":{\"@id\":\"https:\\\/\\\/saiga.es\\\/fr\\\/produit\\\/grenouille-de-travail-de-poitrine\\\/#primaryimage\"},\"image\":{\"@id\":\"https:\\\/\\\/saiga.es\\\/fr\\\/produit\\\/grenouille-de-travail-de-poitrine\\\/#primaryimage\"},\"thumbnailUrl\":\"https:\\\/\\\/saiga.es\\\/wp-content\\\/uploads\\\/2024\\\/03\\\/Mono-de-treball-cofra.jpg\",\"datePublished\":\"2024-03-15T10:17:18+00:00\",\"description\":\"La combinaison Lagos dans un tissu plus l\u00e9ger et plus respirant, id\u00e9al pour les climats chauds. Con\u00e7u pour la durabilit\u00e9 et la r\u00e9sistance au lavage et \u00e0 l'abrasion.\",\"breadcrumb\":{\"@id\":\"https:\\\/\\\/saiga.es\\\/fr\\\/produit\\\/grenouille-de-travail-de-poitrine\\\/#breadcrumb\"},\"inLanguage\":\"fr-FR\",\"potentialAction\":[{\"@type\":\"ReadAction\",\"target\":[\"https:\\\/\\\/saiga.es\\\/fr\\\/produit\\\/grenouille-de-travail-de-poitrine\\\/\"]}]},{\"@type\":\"ImageObject\",\"inLanguage\":\"fr-FR\",\"@id\":\"https:\\\/\\\/saiga.es\\\/fr\\\/produit\\\/grenouille-de-travail-de-poitrine\\\/#primaryimage\",\"url\":\"https:\\\/\\\/saiga.es\\\/wp-content\\\/uploads\\\/2024\\\/03\\\/Mono-de-treball-cofra.jpg\",\"contentUrl\":\"https:\\\/\\\/saiga.es\\\/wp-content\\\/uploads\\\/2024\\\/03\\\/Mono-de-treball-cofra.jpg\",\"width\":1080,\"height\":1080,\"caption\":\"Mono de treball\"},{\"@type\":\"BreadcrumbList\",\"@id\":\"https:\\\/\\\/saiga.es\\\/fr\\\/produit\\\/grenouille-de-travail-de-poitrine\\\/#breadcrumb\",\"itemListElement\":[{\"@type\":\"ListItem\",\"position\":1,\"name\":\"Inici\",\"item\":\"https:\\\/\\\/saiga.es\\\/fr\\\/\"},{\"@type\":\"ListItem\",\"position\":2,\"name\":\"boutique\",\"item\":\"https:\\\/\\\/saiga.es\\\/fr\\\/boutique\\\/\"},{\"@type\":\"ListItem\",\"position\":3,\"name\":\"Grenouille de travail de poitrine\"}]},{\"@type\":\"WebSite\",\"@id\":\"https:\\\/\\\/saiga.es\\\/fr\\\/#website\",\"url\":\"https:\\\/\\\/saiga.es\\\/fr\\\/\",\"name\":\"SAIGA\",\"description\":\"M\u00e9s de 50 anys al servei de la terra i treballant per a un \u00fas eficient de l\u2019aigua!\",\"publisher\":{\"@id\":\"https:\\\/\\\/saiga.es\\\/fr\\\/#organization\"},\"potentialAction\":[{\"@type\":\"SearchAction\",\"target\":{\"@type\":\"EntryPoint\",\"urlTemplate\":\"https:\\\/\\\/saiga.es\\\/fr\\\/?s={search_term_string}\"},\"query-input\":{\"@type\":\"PropertyValueSpecification\",\"valueRequired\":true,\"valueName\":\"search_term_string\"}}],\"inLanguage\":\"fr-FR\"},{\"@type\":\"Organization\",\"@id\":\"https:\\\/\\\/saiga.es\\\/fr\\\/#organization\",\"name\":\"SAIGA\",\"url\":\"https:\\\/\\\/saiga.es\\\/fr\\\/\",\"logo\":{\"@type\":\"ImageObject\",\"inLanguage\":\"fr-FR\",\"@id\":\"https:\\\/\\\/saiga.es\\\/fr\\\/#\\\/schema\\\/logo\\\/image\\\/\",\"url\":\"https:\\\/\\\/saiga.es\\\/wp-content\\\/uploads\\\/2025\\\/07\\\/logo_saiga_baseline_optimitzat.svg\",\"contentUrl\":\"https:\\\/\\\/saiga.es\\\/wp-content\\\/uploads\\\/2025\\\/07\\\/logo_saiga_baseline_optimitzat.svg\",\"caption\":\"SAIGA\"},\"image\":{\"@id\":\"https:\\\/\\\/saiga.es\\\/fr\\\/#\\\/schema\\\/logo\\\/image\\\/\"},\"sameAs\":[\"https:\\\/\\\/x.com\\\/saiga_agro\",\"https:\\\/\\\/www.instagram.com\\\/saiga_agro\\\/\"]}]}<\/script>\n<!-- \/ Yoast SEO plugin. -->","yoast_head_json":{"title":"Grenouille de travail de poitrine | SAIGA","description":"La combinaison Lagos dans un tissu plus l\u00e9ger et plus respirant, id\u00e9al pour les climats chauds. Con\u00e7u pour la durabilit\u00e9 et la r\u00e9sistance au lavage et \u00e0 l'abrasion.","robots":{"index":"index","follow":"follow","max-snippet":"max-snippet:-1","max-image-preview":"max-image-preview:large","max-video-preview":"max-video-preview:-1"},"canonical":"https:\/\/saiga.es\/fr\/produit\/grenouille-de-travail-de-poitrine\/","og_locale":"fr_FR","og_type":"article","og_title":"Grenouille de travail de poitrine | SAIGA","og_description":"La combinaison Lagos dans un tissu plus l\u00e9ger et plus respirant, id\u00e9al pour les climats chauds. Con\u00e7u pour la durabilit\u00e9 et la r\u00e9sistance au lavage et \u00e0 l'abrasion.","og_url":"https:\/\/saiga.es\/fr\/produit\/grenouille-de-travail-de-poitrine\/","og_site_name":"SAIGA","og_image":[{"width":1080,"height":1080,"url":"https:\/\/saiga.es\/wp-content\/uploads\/2024\/03\/Mono-de-treball-cofra.jpg","type":"image\/jpeg"}],"twitter_card":"summary_large_image","twitter_site":"@saiga_agro","twitter_misc":{"Dur\u00e9e de lecture estim\u00e9e":"1 minute"},"schema":{"@context":"https:\/\/schema.org","@graph":[{"@type":"WebPage","@id":"https:\/\/saiga.es\/fr\/produit\/grenouille-de-travail-de-poitrine\/","url":"https:\/\/saiga.es\/fr\/produit\/grenouille-de-travail-de-poitrine\/","name":"Grenouille de travail de poitrine | SAIGA","isPartOf":{"@id":"https:\/\/saiga.es\/fr\/#website"},"primaryImageOfPage":{"@id":"https:\/\/saiga.es\/fr\/produit\/grenouille-de-travail-de-poitrine\/#primaryimage"},"image":{"@id":"https:\/\/saiga.es\/fr\/produit\/grenouille-de-travail-de-poitrine\/#primaryimage"},"thumbnailUrl":"https:\/\/saiga.es\/wp-content\/uploads\/2024\/03\/Mono-de-treball-cofra.jpg","datePublished":"2024-03-15T10:17:18+00:00","description":"La combinaison Lagos dans un tissu plus l\u00e9ger et plus respirant, id\u00e9al pour les climats chauds. Con\u00e7u pour la durabilit\u00e9 et la r\u00e9sistance au lavage et \u00e0 l'abrasion.","breadcrumb":{"@id":"https:\/\/saiga.es\/fr\/produit\/grenouille-de-travail-de-poitrine\/#breadcrumb"},"inLanguage":"fr-FR","potentialAction":[{"@type":"ReadAction","target":["https:\/\/saiga.es\/fr\/produit\/grenouille-de-travail-de-poitrine\/"]}]},{"@type":"ImageObject","inLanguage":"fr-FR","@id":"https:\/\/saiga.es\/fr\/produit\/grenouille-de-travail-de-poitrine\/#primaryimage","url":"https:\/\/saiga.es\/wp-content\/uploads\/2024\/03\/Mono-de-treball-cofra.jpg","contentUrl":"https:\/\/saiga.es\/wp-content\/uploads\/2024\/03\/Mono-de-treball-cofra.jpg","width":1080,"height":1080,"caption":"Mono de treball"},{"@type":"BreadcrumbList","@id":"https:\/\/saiga.es\/fr\/produit\/grenouille-de-travail-de-poitrine\/#breadcrumb","itemListElement":[{"@type":"ListItem","position":1,"name":"Inici","item":"https:\/\/saiga.es\/fr\/"},{"@type":"ListItem","position":2,"name":"boutique","item":"https:\/\/saiga.es\/fr\/boutique\/"},{"@type":"ListItem","position":3,"name":"Grenouille de travail de poitrine"}]},{"@type":"WebSite","@id":"https:\/\/saiga.es\/fr\/#website","url":"https:\/\/saiga.es\/fr\/","name":"SAIGA","description":"M\u00e9s de 50 anys al servei de la terra i treballant per a un \u00fas eficient de l\u2019aigua!","publisher":{"@id":"https:\/\/saiga.es\/fr\/#organization"},"potentialAction":[{"@type":"SearchAction","target":{"@type":"EntryPoint","urlTemplate":"https:\/\/saiga.es\/fr\/?s={search_term_string}"},"query-input":{"@type":"PropertyValueSpecification","valueRequired":true,"valueName":"search_term_string"}}],"inLanguage":"fr-FR"},{"@type":"Organization","@id":"https:\/\/saiga.es\/fr\/#organization","name":"SAIGA","url":"https:\/\/saiga.es\/fr\/","logo":{"@type":"ImageObject","inLanguage":"fr-FR","@id":"https:\/\/saiga.es\/fr\/#\/schema\/logo\/image\/","url":"https:\/\/saiga.es\/wp-content\/uploads\/2025\/07\/logo_saiga_baseline_optimitzat.svg","contentUrl":"https:\/\/saiga.es\/wp-content\/uploads\/2025\/07\/logo_saiga_baseline_optimitzat.svg","caption":"SAIGA"},"image":{"@id":"https:\/\/saiga.es\/fr\/#\/schema\/logo\/image\/"},"sameAs":["https:\/\/x.com\/saiga_agro","https:\/\/www.instagram.com\/saiga_agro\/"]}]}},"_links":{"self":[{"href":"https:\/\/saiga.es\/fr\/wp-json\/wp\/v2\/product\/9360","targetHints":{"allow":["GET"]}}],"collection":[{"href":"https:\/\/saiga.es\/fr\/wp-json\/wp\/v2\/product"}],"about":[{"href":"https:\/\/saiga.es\/fr\/wp-json\/wp\/v2\/types\/product"}],"replies":[{"embeddable":true,"href":"https:\/\/saiga.es\/fr\/wp-json\/wp\/v2\/comments?post=9360"}],"wp:featuredmedia":[{"embeddable":true,"href":"https:\/\/saiga.es\/fr\/wp-json\/wp\/v2\/media\/17395"}],"wp:attachment":[{"href":"https:\/\/saiga.es\/fr\/wp-json\/wp\/v2\/media?parent=9360"}],"wp:term":[{"taxonomy":"product_brand","embeddable":true,"href":"https:\/\/saiga.es\/fr\/wp-json\/wp\/v2\/product_brand?post=9360"},{"taxonomy":"product_cat","embeddable":true,"href":"https:\/\/saiga.es\/fr\/wp-json\/wp\/v2\/product_cat?post=9360"},{"taxonomy":"product_tag","embeddable":true,"href":"https:\/\/saiga.es\/fr\/wp-json\/wp\/v2\/product_tag?post=9360"}],"curies":[{"name":"wp","href":"https:\/\/api.w.org\/{rel}","templated":true}]}}