{"id":9374,"date":"2024-03-18T08:34:44","date_gmt":"2024-03-18T08:34:44","guid":{"rendered":"https:\/\/botiga.saiga.es\/producte\/grenouille-de-travail-marron-velilla\/"},"modified":"2024-03-18T08:34:44","modified_gmt":"2024-03-18T08:34:44","slug":"grenouille-de-travail-marron-velilla","status":"publish","type":"product","link":"https:\/\/saiga.es\/fr\/produit\/grenouille-de-travail-marron-velilla\/","title":{"rendered":"Grenouille de travail marron Velilla"},"content":{"rendered":"<p>Grenouille de travail marron <span class=\"hiddenSpellError\">Velilla<\/span><\/p>\n<p>Ce v\u00eatement pr\u00e9sente une fermeture centrale asym\u00e9trique avec une fermeture \u00e9clair \u00e0 double curseur, des manches raglan et une taille \u00e9lastique. Les poignets sont c\u00f4tel\u00e9s et comportent des doubles coutures de s\u00e9curit\u00e9. Il dispose \u00e9galement de cinq poches : une sur la poitrine avec fermeture \u00e9clair, deux en dessous comme poches <span class=\"hiddenSpellError\">plaqu\u00e9es<\/span>, une au dos et une sur la jambe droite pour les outils. Il est r\u00e9alis\u00e9 en serg\u00e9 avec une composition de 65% polyester et 35% coton, avec un grammage de 200 GSM.<\/p>\n<div class=\"w-full pt-2 md:pt-0 dark:border-white\/20 md:border-transparent md:dark:border-transparent md:w-[calc(100%-.5rem)]\">\n<form class=\"stretch mx-2 flex flex-row gap-3 last:mb-2 md:mx-4 md:last:mb-6 lg:mx-auto lg:max-w-2xl xl:max-w-3xl\">\n<div class=\"relative flex h-full flex-1 flex-col\">\n<div class=\"flex w-full items-center\"><\/div>\n<\/div>\n<\/form>\n<\/div>\n","protected":false},"excerpt":{"rendered":"<p>Grenouille de travail marron <span class=\"hiddenSpellError\">Velilla<\/span><\/p>\n<p>Ce v\u00eatement pr\u00e9sente une fermeture centrale asym\u00e9trique avec une fermeture \u00e9clair \u00e0 double curseur, des manches raglan et une taille \u00e9lastique. Les poignets sont c\u00f4tel\u00e9s et comportent des doubles coutures de s\u00e9curit\u00e9. Il dispose \u00e9galement de cinq poches : une sur la poitrine avec fermeture \u00e9clair, deux en dessous comme poches <span class=\"hiddenSpellError\">plaqu\u00e9es<\/span>, une au dos et une sur la jambe droite pour les outils. Il est r\u00e9alis\u00e9 en serg\u00e9 avec une composition de 65% polyester et 35% coton, avec un grammage de 200 GSM.<\/p>\n","protected":false},"featured_media":17392,"comment_status":"open","ping_status":"closed","template":"","meta":[],"product_brand":[],"product_cat":[1282],"product_tag":[],"class_list":{"0":"post-9374","1":"product","2":"type-product","3":"status-publish","4":"has-post-thumbnail","6":"product_cat-grenouilles-qui-travaillent","8":"first","9":"instock","10":"taxable","11":"shipping-taxable","12":"purchasable","13":"product-type-variable"},"yoast_head":"<!-- This site is optimized with the Yoast SEO plugin v27.3 - https:\/\/yoast.com\/product\/yoast-seo-wordpress\/ -->\n<title>Grenouille de travail marron Velilla | SAIGA<\/title>\n<meta name=\"description\" content=\"Ce v\u00eatement a un design fonctionnel avec une fermeture zipp\u00e9e asym\u00e9trique. Il est compos\u00e9 de 65% de polyester et 35% de coton.\" \/>\n<meta name=\"robots\" content=\"index, follow, max-snippet:-1, max-image-preview:large, max-video-preview:-1\" \/>\n<link rel=\"canonical\" href=\"https:\/\/saiga.es\/fr\/produit\/grenouille-de-travail-marron-velilla\/\" \/>\n<meta property=\"og:locale\" content=\"fr_FR\" \/>\n<meta property=\"og:type\" content=\"article\" \/>\n<meta property=\"og:title\" content=\"Grenouille de travail marron Velilla | SAIGA\" \/>\n<meta property=\"og:description\" content=\"Ce v\u00eatement a un design fonctionnel avec une fermeture zipp\u00e9e asym\u00e9trique. Il est compos\u00e9 de 65% de polyester et 35% de coton.\" \/>\n<meta property=\"og:url\" content=\"https:\/\/saiga.es\/fr\/produit\/grenouille-de-travail-marron-velilla\/\" \/>\n<meta property=\"og:site_name\" content=\"SAIGA\" \/>\n<meta property=\"og:image\" content=\"https:\/\/saiga.es\/wp-content\/uploads\/2024\/03\/Mono-velillla-descompte.jpg\" \/>\n\t<meta property=\"og:image:width\" content=\"1080\" \/>\n\t<meta property=\"og:image:height\" content=\"1080\" \/>\n\t<meta property=\"og:image:type\" content=\"image\/jpeg\" \/>\n<meta name=\"twitter:card\" content=\"summary_large_image\" \/>\n<meta name=\"twitter:site\" content=\"@saiga_agro\" \/>\n<script type=\"application\/ld+json\" class=\"yoast-schema-graph\">{\"@context\":\"https:\\\/\\\/schema.org\",\"@graph\":[{\"@type\":\"WebPage\",\"@id\":\"https:\\\/\\\/saiga.es\\\/fr\\\/produit\\\/grenouille-de-travail-marron-velilla\\\/\",\"url\":\"https:\\\/\\\/saiga.es\\\/fr\\\/produit\\\/grenouille-de-travail-marron-velilla\\\/\",\"name\":\"Grenouille de travail marron Velilla | SAIGA\",\"isPartOf\":{\"@id\":\"https:\\\/\\\/saiga.es\\\/fr\\\/#website\"},\"primaryImageOfPage\":{\"@id\":\"https:\\\/\\\/saiga.es\\\/fr\\\/produit\\\/grenouille-de-travail-marron-velilla\\\/#primaryimage\"},\"image\":{\"@id\":\"https:\\\/\\\/saiga.es\\\/fr\\\/produit\\\/grenouille-de-travail-marron-velilla\\\/#primaryimage\"},\"thumbnailUrl\":\"https:\\\/\\\/saiga.es\\\/wp-content\\\/uploads\\\/2024\\\/03\\\/Mono-velillla-descompte.jpg\",\"datePublished\":\"2024-03-18T08:34:44+00:00\",\"description\":\"Ce v\u00eatement a un design fonctionnel avec une fermeture zipp\u00e9e asym\u00e9trique. Il est compos\u00e9 de 65% de polyester et 35% de coton.\",\"breadcrumb\":{\"@id\":\"https:\\\/\\\/saiga.es\\\/fr\\\/produit\\\/grenouille-de-travail-marron-velilla\\\/#breadcrumb\"},\"inLanguage\":\"fr-FR\",\"potentialAction\":[{\"@type\":\"ReadAction\",\"target\":[\"https:\\\/\\\/saiga.es\\\/fr\\\/produit\\\/grenouille-de-travail-marron-velilla\\\/\"]}]},{\"@type\":\"ImageObject\",\"inLanguage\":\"fr-FR\",\"@id\":\"https:\\\/\\\/saiga.es\\\/fr\\\/produit\\\/grenouille-de-travail-marron-velilla\\\/#primaryimage\",\"url\":\"https:\\\/\\\/saiga.es\\\/wp-content\\\/uploads\\\/2024\\\/03\\\/Mono-velillla-descompte.jpg\",\"contentUrl\":\"https:\\\/\\\/saiga.es\\\/wp-content\\\/uploads\\\/2024\\\/03\\\/Mono-velillla-descompte.jpg\",\"width\":1080,\"height\":1080,\"caption\":\"Granota de treball Velilla\"},{\"@type\":\"BreadcrumbList\",\"@id\":\"https:\\\/\\\/saiga.es\\\/fr\\\/produit\\\/grenouille-de-travail-marron-velilla\\\/#breadcrumb\",\"itemListElement\":[{\"@type\":\"ListItem\",\"position\":1,\"name\":\"Inici\",\"item\":\"https:\\\/\\\/saiga.es\\\/fr\\\/\"},{\"@type\":\"ListItem\",\"position\":2,\"name\":\"boutique\",\"item\":\"https:\\\/\\\/saiga.es\\\/fr\\\/boutique\\\/\"},{\"@type\":\"ListItem\",\"position\":3,\"name\":\"Grenouille de travail marron Velilla\"}]},{\"@type\":\"WebSite\",\"@id\":\"https:\\\/\\\/saiga.es\\\/fr\\\/#website\",\"url\":\"https:\\\/\\\/saiga.es\\\/fr\\\/\",\"name\":\"SAIGA\",\"description\":\"M\u00e9s de 50 anys al servei de la terra i treballant per a un \u00fas eficient de l\u2019aigua!\",\"publisher\":{\"@id\":\"https:\\\/\\\/saiga.es\\\/fr\\\/#organization\"},\"potentialAction\":[{\"@type\":\"SearchAction\",\"target\":{\"@type\":\"EntryPoint\",\"urlTemplate\":\"https:\\\/\\\/saiga.es\\\/fr\\\/?s={search_term_string}\"},\"query-input\":{\"@type\":\"PropertyValueSpecification\",\"valueRequired\":true,\"valueName\":\"search_term_string\"}}],\"inLanguage\":\"fr-FR\"},{\"@type\":\"Organization\",\"@id\":\"https:\\\/\\\/saiga.es\\\/fr\\\/#organization\",\"name\":\"SAIGA\",\"url\":\"https:\\\/\\\/saiga.es\\\/fr\\\/\",\"logo\":{\"@type\":\"ImageObject\",\"inLanguage\":\"fr-FR\",\"@id\":\"https:\\\/\\\/saiga.es\\\/fr\\\/#\\\/schema\\\/logo\\\/image\\\/\",\"url\":\"https:\\\/\\\/saiga.es\\\/wp-content\\\/uploads\\\/2025\\\/07\\\/logo_saiga_baseline_optimitzat.svg\",\"contentUrl\":\"https:\\\/\\\/saiga.es\\\/wp-content\\\/uploads\\\/2025\\\/07\\\/logo_saiga_baseline_optimitzat.svg\",\"caption\":\"SAIGA\"},\"image\":{\"@id\":\"https:\\\/\\\/saiga.es\\\/fr\\\/#\\\/schema\\\/logo\\\/image\\\/\"},\"sameAs\":[\"https:\\\/\\\/x.com\\\/saiga_agro\",\"https:\\\/\\\/www.instagram.com\\\/saiga_agro\\\/\"]}]}<\/script>\n<!-- \/ Yoast SEO plugin. -->","yoast_head_json":{"title":"Grenouille de travail marron Velilla | SAIGA","description":"Ce v\u00eatement a un design fonctionnel avec une fermeture zipp\u00e9e asym\u00e9trique. Il est compos\u00e9 de 65% de polyester et 35% de coton.","robots":{"index":"index","follow":"follow","max-snippet":"max-snippet:-1","max-image-preview":"max-image-preview:large","max-video-preview":"max-video-preview:-1"},"canonical":"https:\/\/saiga.es\/fr\/produit\/grenouille-de-travail-marron-velilla\/","og_locale":"fr_FR","og_type":"article","og_title":"Grenouille de travail marron Velilla | SAIGA","og_description":"Ce v\u00eatement a un design fonctionnel avec une fermeture zipp\u00e9e asym\u00e9trique. Il est compos\u00e9 de 65% de polyester et 35% de coton.","og_url":"https:\/\/saiga.es\/fr\/produit\/grenouille-de-travail-marron-velilla\/","og_site_name":"SAIGA","og_image":[{"width":1080,"height":1080,"url":"https:\/\/saiga.es\/wp-content\/uploads\/2024\/03\/Mono-velillla-descompte.jpg","type":"image\/jpeg"}],"twitter_card":"summary_large_image","twitter_site":"@saiga_agro","schema":{"@context":"https:\/\/schema.org","@graph":[{"@type":"WebPage","@id":"https:\/\/saiga.es\/fr\/produit\/grenouille-de-travail-marron-velilla\/","url":"https:\/\/saiga.es\/fr\/produit\/grenouille-de-travail-marron-velilla\/","name":"Grenouille de travail marron Velilla | SAIGA","isPartOf":{"@id":"https:\/\/saiga.es\/fr\/#website"},"primaryImageOfPage":{"@id":"https:\/\/saiga.es\/fr\/produit\/grenouille-de-travail-marron-velilla\/#primaryimage"},"image":{"@id":"https:\/\/saiga.es\/fr\/produit\/grenouille-de-travail-marron-velilla\/#primaryimage"},"thumbnailUrl":"https:\/\/saiga.es\/wp-content\/uploads\/2024\/03\/Mono-velillla-descompte.jpg","datePublished":"2024-03-18T08:34:44+00:00","description":"Ce v\u00eatement a un design fonctionnel avec une fermeture zipp\u00e9e asym\u00e9trique. Il est compos\u00e9 de 65% de polyester et 35% de coton.","breadcrumb":{"@id":"https:\/\/saiga.es\/fr\/produit\/grenouille-de-travail-marron-velilla\/#breadcrumb"},"inLanguage":"fr-FR","potentialAction":[{"@type":"ReadAction","target":["https:\/\/saiga.es\/fr\/produit\/grenouille-de-travail-marron-velilla\/"]}]},{"@type":"ImageObject","inLanguage":"fr-FR","@id":"https:\/\/saiga.es\/fr\/produit\/grenouille-de-travail-marron-velilla\/#primaryimage","url":"https:\/\/saiga.es\/wp-content\/uploads\/2024\/03\/Mono-velillla-descompte.jpg","contentUrl":"https:\/\/saiga.es\/wp-content\/uploads\/2024\/03\/Mono-velillla-descompte.jpg","width":1080,"height":1080,"caption":"Granota de treball Velilla"},{"@type":"BreadcrumbList","@id":"https:\/\/saiga.es\/fr\/produit\/grenouille-de-travail-marron-velilla\/#breadcrumb","itemListElement":[{"@type":"ListItem","position":1,"name":"Inici","item":"https:\/\/saiga.es\/fr\/"},{"@type":"ListItem","position":2,"name":"boutique","item":"https:\/\/saiga.es\/fr\/boutique\/"},{"@type":"ListItem","position":3,"name":"Grenouille de travail marron Velilla"}]},{"@type":"WebSite","@id":"https:\/\/saiga.es\/fr\/#website","url":"https:\/\/saiga.es\/fr\/","name":"SAIGA","description":"M\u00e9s de 50 anys al servei de la terra i treballant per a un \u00fas eficient de l\u2019aigua!","publisher":{"@id":"https:\/\/saiga.es\/fr\/#organization"},"potentialAction":[{"@type":"SearchAction","target":{"@type":"EntryPoint","urlTemplate":"https:\/\/saiga.es\/fr\/?s={search_term_string}"},"query-input":{"@type":"PropertyValueSpecification","valueRequired":true,"valueName":"search_term_string"}}],"inLanguage":"fr-FR"},{"@type":"Organization","@id":"https:\/\/saiga.es\/fr\/#organization","name":"SAIGA","url":"https:\/\/saiga.es\/fr\/","logo":{"@type":"ImageObject","inLanguage":"fr-FR","@id":"https:\/\/saiga.es\/fr\/#\/schema\/logo\/image\/","url":"https:\/\/saiga.es\/wp-content\/uploads\/2025\/07\/logo_saiga_baseline_optimitzat.svg","contentUrl":"https:\/\/saiga.es\/wp-content\/uploads\/2025\/07\/logo_saiga_baseline_optimitzat.svg","caption":"SAIGA"},"image":{"@id":"https:\/\/saiga.es\/fr\/#\/schema\/logo\/image\/"},"sameAs":["https:\/\/x.com\/saiga_agro","https:\/\/www.instagram.com\/saiga_agro\/"]}]}},"_links":{"self":[{"href":"https:\/\/saiga.es\/fr\/wp-json\/wp\/v2\/product\/9374","targetHints":{"allow":["GET"]}}],"collection":[{"href":"https:\/\/saiga.es\/fr\/wp-json\/wp\/v2\/product"}],"about":[{"href":"https:\/\/saiga.es\/fr\/wp-json\/wp\/v2\/types\/product"}],"replies":[{"embeddable":true,"href":"https:\/\/saiga.es\/fr\/wp-json\/wp\/v2\/comments?post=9374"}],"wp:featuredmedia":[{"embeddable":true,"href":"https:\/\/saiga.es\/fr\/wp-json\/wp\/v2\/media\/17392"}],"wp:attachment":[{"href":"https:\/\/saiga.es\/fr\/wp-json\/wp\/v2\/media?parent=9374"}],"wp:term":[{"taxonomy":"product_brand","embeddable":true,"href":"https:\/\/saiga.es\/fr\/wp-json\/wp\/v2\/product_brand?post=9374"},{"taxonomy":"product_cat","embeddable":true,"href":"https:\/\/saiga.es\/fr\/wp-json\/wp\/v2\/product_cat?post=9374"},{"taxonomy":"product_tag","embeddable":true,"href":"https:\/\/saiga.es\/fr\/wp-json\/wp\/v2\/product_tag?post=9374"}],"curies":[{"name":"wp","href":"https:\/\/api.w.org\/{rel}","templated":true}]}}