{"id":9388,"date":"2024-03-19T11:05:06","date_gmt":"2024-03-19T11:05:06","guid":{"rendered":"https:\/\/botiga.saiga.es\/producte\/botte-deau-haute-en-canne\/"},"modified":"2024-03-19T11:05:06","modified_gmt":"2024-03-19T11:05:06","slug":"botte-deau-haute-en-canne","status":"publish","type":"product","link":"https:\/\/saiga.es\/fr\/produit\/botte-deau-haute-en-canne\/","title":{"rendered":"Botte d&rsquo;eau haute en canne"},"content":{"rendered":"<p>Botte d&rsquo;eau haute en canne<\/p>\n<p>Les bottes Foca <span class=\"hiddenSpellError\">Rain<\/span> noires, taille 42, sont fabriqu\u00e9es en PVC sp\u00e9cial, offrant l\u00e9g\u00e8ret\u00e9, flexibilit\u00e9 et durabilit\u00e9. Sa semelle est con\u00e7ue pour \u00e9viter tout glissement, avec des rainures qui am\u00e9liorent l&rsquo;adh\u00e9rence, tandis que l&rsquo;int\u00e9rieur est doubl\u00e9 d&rsquo;une doublure en textile acrylique.<\/p>\n","protected":false},"excerpt":{"rendered":"<p>Botte d&rsquo;eau haute en canne<\/p>\n<p>Les bottes Foca <span class=\"hiddenSpellError\">Rain<\/span> noires, taille 42, sont fabriqu\u00e9es en PVC sp\u00e9cial, offrant l\u00e9g\u00e8ret\u00e9, flexibilit\u00e9 et durabilit\u00e9. Sa semelle est con\u00e7ue pour \u00e9viter tout glissement, avec des rainures qui am\u00e9liorent l&rsquo;adh\u00e9rence, tandis que l&rsquo;int\u00e9rieur est doubl\u00e9 d&rsquo;une doublure en textile acrylique.<\/p>\n","protected":false},"featured_media":9169,"comment_status":"open","ping_status":"closed","template":"","meta":[],"product_brand":[],"product_cat":[1284],"product_tag":[],"class_list":{"0":"post-9388","1":"product","2":"type-product","3":"status-publish","4":"has-post-thumbnail","6":"product_cat-chaussures-de-travail","8":"first","9":"outofstock","10":"sale","11":"taxable","12":"shipping-taxable","13":"purchasable","14":"product-type-variable"},"yoast_head":"<!-- This site is optimized with the Yoast SEO plugin v27.3 - https:\/\/yoast.com\/product\/yoast-seo-wordpress\/ -->\n<title>Botte d&#039;eau haute en canne | SAIGA<\/title>\n<meta name=\"description\" content=\"Bottes Foca Rain noires, taille 42, en PVC sp\u00e9cial, l\u00e9g\u00e8res et flexibles, avec semelle antid\u00e9rapante et doublure int\u00e9rieure en textile acrylique.\" \/>\n<meta name=\"robots\" content=\"index, follow, max-snippet:-1, max-image-preview:large, max-video-preview:-1\" \/>\n<link rel=\"canonical\" href=\"https:\/\/saiga.es\/fr\/produit\/botte-deau-haute-en-canne\/\" \/>\n<meta property=\"og:locale\" content=\"fr_FR\" \/>\n<meta property=\"og:type\" content=\"article\" \/>\n<meta property=\"og:title\" content=\"Botte d&#039;eau haute en canne | SAIGA\" \/>\n<meta property=\"og:description\" content=\"Bottes Foca Rain noires, taille 42, en PVC sp\u00e9cial, l\u00e9g\u00e8res et flexibles, avec semelle antid\u00e9rapante et doublure int\u00e9rieure en textile acrylique.\" \/>\n<meta property=\"og:url\" content=\"https:\/\/saiga.es\/fr\/produit\/botte-deau-haute-en-canne\/\" \/>\n<meta property=\"og:site_name\" content=\"SAIGA\" \/>\n<meta property=\"og:image\" content=\"https:\/\/saiga.es\/wp-content\/uploads\/2024\/03\/bota-de-agua-cana-alta-color-negro-talla-42-106-42-mavinsa.jpg\" \/>\n\t<meta property=\"og:image:width\" content=\"381\" \/>\n\t<meta property=\"og:image:height\" content=\"492\" \/>\n\t<meta property=\"og:image:type\" content=\"image\/jpeg\" \/>\n<meta name=\"twitter:card\" content=\"summary_large_image\" \/>\n<meta name=\"twitter:site\" content=\"@saiga_agro\" \/>\n<script type=\"application\/ld+json\" class=\"yoast-schema-graph\">{\"@context\":\"https:\\\/\\\/schema.org\",\"@graph\":[{\"@type\":\"WebPage\",\"@id\":\"https:\\\/\\\/saiga.es\\\/fr\\\/produit\\\/botte-deau-haute-en-canne\\\/\",\"url\":\"https:\\\/\\\/saiga.es\\\/fr\\\/produit\\\/botte-deau-haute-en-canne\\\/\",\"name\":\"Botte d'eau haute en canne | SAIGA\",\"isPartOf\":{\"@id\":\"https:\\\/\\\/saiga.es\\\/fr\\\/#website\"},\"primaryImageOfPage\":{\"@id\":\"https:\\\/\\\/saiga.es\\\/fr\\\/produit\\\/botte-deau-haute-en-canne\\\/#primaryimage\"},\"image\":{\"@id\":\"https:\\\/\\\/saiga.es\\\/fr\\\/produit\\\/botte-deau-haute-en-canne\\\/#primaryimage\"},\"thumbnailUrl\":\"https:\\\/\\\/saiga.es\\\/wp-content\\\/uploads\\\/2024\\\/03\\\/bota-de-agua-cana-alta-color-negro-talla-42-106-42-mavinsa.jpg\",\"datePublished\":\"2024-03-19T11:05:06+00:00\",\"description\":\"Bottes Foca Rain noires, taille 42, en PVC sp\u00e9cial, l\u00e9g\u00e8res et flexibles, avec semelle antid\u00e9rapante et doublure int\u00e9rieure en textile acrylique.\",\"breadcrumb\":{\"@id\":\"https:\\\/\\\/saiga.es\\\/fr\\\/produit\\\/botte-deau-haute-en-canne\\\/#breadcrumb\"},\"inLanguage\":\"fr-FR\",\"potentialAction\":[{\"@type\":\"ReadAction\",\"target\":[\"https:\\\/\\\/saiga.es\\\/fr\\\/produit\\\/botte-deau-haute-en-canne\\\/\"]}]},{\"@type\":\"ImageObject\",\"inLanguage\":\"fr-FR\",\"@id\":\"https:\\\/\\\/saiga.es\\\/fr\\\/produit\\\/botte-deau-haute-en-canne\\\/#primaryimage\",\"url\":\"https:\\\/\\\/saiga.es\\\/wp-content\\\/uploads\\\/2024\\\/03\\\/bota-de-agua-cana-alta-color-negro-talla-42-106-42-mavinsa.jpg\",\"contentUrl\":\"https:\\\/\\\/saiga.es\\\/wp-content\\\/uploads\\\/2024\\\/03\\\/bota-de-agua-cana-alta-color-negro-talla-42-106-42-mavinsa.jpg\",\"width\":381,\"height\":492},{\"@type\":\"BreadcrumbList\",\"@id\":\"https:\\\/\\\/saiga.es\\\/fr\\\/produit\\\/botte-deau-haute-en-canne\\\/#breadcrumb\",\"itemListElement\":[{\"@type\":\"ListItem\",\"position\":1,\"name\":\"Inici\",\"item\":\"https:\\\/\\\/saiga.es\\\/fr\\\/\"},{\"@type\":\"ListItem\",\"position\":2,\"name\":\"boutique\",\"item\":\"https:\\\/\\\/saiga.es\\\/fr\\\/boutique\\\/\"},{\"@type\":\"ListItem\",\"position\":3,\"name\":\"Botte d&rsquo;eau haute en canne\"}]},{\"@type\":\"WebSite\",\"@id\":\"https:\\\/\\\/saiga.es\\\/fr\\\/#website\",\"url\":\"https:\\\/\\\/saiga.es\\\/fr\\\/\",\"name\":\"SAIGA\",\"description\":\"M\u00e9s de 50 anys al servei de la terra i treballant per a un \u00fas eficient de l\u2019aigua!\",\"publisher\":{\"@id\":\"https:\\\/\\\/saiga.es\\\/fr\\\/#organization\"},\"potentialAction\":[{\"@type\":\"SearchAction\",\"target\":{\"@type\":\"EntryPoint\",\"urlTemplate\":\"https:\\\/\\\/saiga.es\\\/fr\\\/?s={search_term_string}\"},\"query-input\":{\"@type\":\"PropertyValueSpecification\",\"valueRequired\":true,\"valueName\":\"search_term_string\"}}],\"inLanguage\":\"fr-FR\"},{\"@type\":\"Organization\",\"@id\":\"https:\\\/\\\/saiga.es\\\/fr\\\/#organization\",\"name\":\"SAIGA\",\"url\":\"https:\\\/\\\/saiga.es\\\/fr\\\/\",\"logo\":{\"@type\":\"ImageObject\",\"inLanguage\":\"fr-FR\",\"@id\":\"https:\\\/\\\/saiga.es\\\/fr\\\/#\\\/schema\\\/logo\\\/image\\\/\",\"url\":\"https:\\\/\\\/saiga.es\\\/wp-content\\\/uploads\\\/2025\\\/07\\\/logo_saiga_baseline_optimitzat.svg\",\"contentUrl\":\"https:\\\/\\\/saiga.es\\\/wp-content\\\/uploads\\\/2025\\\/07\\\/logo_saiga_baseline_optimitzat.svg\",\"caption\":\"SAIGA\"},\"image\":{\"@id\":\"https:\\\/\\\/saiga.es\\\/fr\\\/#\\\/schema\\\/logo\\\/image\\\/\"},\"sameAs\":[\"https:\\\/\\\/x.com\\\/saiga_agro\",\"https:\\\/\\\/www.instagram.com\\\/saiga_agro\\\/\"]}]}<\/script>\n<!-- \/ Yoast SEO plugin. -->","yoast_head_json":{"title":"Botte d'eau haute en canne | SAIGA","description":"Bottes Foca Rain noires, taille 42, en PVC sp\u00e9cial, l\u00e9g\u00e8res et flexibles, avec semelle antid\u00e9rapante et doublure int\u00e9rieure en textile acrylique.","robots":{"index":"index","follow":"follow","max-snippet":"max-snippet:-1","max-image-preview":"max-image-preview:large","max-video-preview":"max-video-preview:-1"},"canonical":"https:\/\/saiga.es\/fr\/produit\/botte-deau-haute-en-canne\/","og_locale":"fr_FR","og_type":"article","og_title":"Botte d'eau haute en canne | SAIGA","og_description":"Bottes Foca Rain noires, taille 42, en PVC sp\u00e9cial, l\u00e9g\u00e8res et flexibles, avec semelle antid\u00e9rapante et doublure int\u00e9rieure en textile acrylique.","og_url":"https:\/\/saiga.es\/fr\/produit\/botte-deau-haute-en-canne\/","og_site_name":"SAIGA","og_image":[{"width":381,"height":492,"url":"https:\/\/saiga.es\/wp-content\/uploads\/2024\/03\/bota-de-agua-cana-alta-color-negro-talla-42-106-42-mavinsa.jpg","type":"image\/jpeg"}],"twitter_card":"summary_large_image","twitter_site":"@saiga_agro","schema":{"@context":"https:\/\/schema.org","@graph":[{"@type":"WebPage","@id":"https:\/\/saiga.es\/fr\/produit\/botte-deau-haute-en-canne\/","url":"https:\/\/saiga.es\/fr\/produit\/botte-deau-haute-en-canne\/","name":"Botte d'eau haute en canne | SAIGA","isPartOf":{"@id":"https:\/\/saiga.es\/fr\/#website"},"primaryImageOfPage":{"@id":"https:\/\/saiga.es\/fr\/produit\/botte-deau-haute-en-canne\/#primaryimage"},"image":{"@id":"https:\/\/saiga.es\/fr\/produit\/botte-deau-haute-en-canne\/#primaryimage"},"thumbnailUrl":"https:\/\/saiga.es\/wp-content\/uploads\/2024\/03\/bota-de-agua-cana-alta-color-negro-talla-42-106-42-mavinsa.jpg","datePublished":"2024-03-19T11:05:06+00:00","description":"Bottes Foca Rain noires, taille 42, en PVC sp\u00e9cial, l\u00e9g\u00e8res et flexibles, avec semelle antid\u00e9rapante et doublure int\u00e9rieure en textile acrylique.","breadcrumb":{"@id":"https:\/\/saiga.es\/fr\/produit\/botte-deau-haute-en-canne\/#breadcrumb"},"inLanguage":"fr-FR","potentialAction":[{"@type":"ReadAction","target":["https:\/\/saiga.es\/fr\/produit\/botte-deau-haute-en-canne\/"]}]},{"@type":"ImageObject","inLanguage":"fr-FR","@id":"https:\/\/saiga.es\/fr\/produit\/botte-deau-haute-en-canne\/#primaryimage","url":"https:\/\/saiga.es\/wp-content\/uploads\/2024\/03\/bota-de-agua-cana-alta-color-negro-talla-42-106-42-mavinsa.jpg","contentUrl":"https:\/\/saiga.es\/wp-content\/uploads\/2024\/03\/bota-de-agua-cana-alta-color-negro-talla-42-106-42-mavinsa.jpg","width":381,"height":492},{"@type":"BreadcrumbList","@id":"https:\/\/saiga.es\/fr\/produit\/botte-deau-haute-en-canne\/#breadcrumb","itemListElement":[{"@type":"ListItem","position":1,"name":"Inici","item":"https:\/\/saiga.es\/fr\/"},{"@type":"ListItem","position":2,"name":"boutique","item":"https:\/\/saiga.es\/fr\/boutique\/"},{"@type":"ListItem","position":3,"name":"Botte d&rsquo;eau haute en canne"}]},{"@type":"WebSite","@id":"https:\/\/saiga.es\/fr\/#website","url":"https:\/\/saiga.es\/fr\/","name":"SAIGA","description":"M\u00e9s de 50 anys al servei de la terra i treballant per a un \u00fas eficient de l\u2019aigua!","publisher":{"@id":"https:\/\/saiga.es\/fr\/#organization"},"potentialAction":[{"@type":"SearchAction","target":{"@type":"EntryPoint","urlTemplate":"https:\/\/saiga.es\/fr\/?s={search_term_string}"},"query-input":{"@type":"PropertyValueSpecification","valueRequired":true,"valueName":"search_term_string"}}],"inLanguage":"fr-FR"},{"@type":"Organization","@id":"https:\/\/saiga.es\/fr\/#organization","name":"SAIGA","url":"https:\/\/saiga.es\/fr\/","logo":{"@type":"ImageObject","inLanguage":"fr-FR","@id":"https:\/\/saiga.es\/fr\/#\/schema\/logo\/image\/","url":"https:\/\/saiga.es\/wp-content\/uploads\/2025\/07\/logo_saiga_baseline_optimitzat.svg","contentUrl":"https:\/\/saiga.es\/wp-content\/uploads\/2025\/07\/logo_saiga_baseline_optimitzat.svg","caption":"SAIGA"},"image":{"@id":"https:\/\/saiga.es\/fr\/#\/schema\/logo\/image\/"},"sameAs":["https:\/\/x.com\/saiga_agro","https:\/\/www.instagram.com\/saiga_agro\/"]}]}},"_links":{"self":[{"href":"https:\/\/saiga.es\/fr\/wp-json\/wp\/v2\/product\/9388","targetHints":{"allow":["GET"]}}],"collection":[{"href":"https:\/\/saiga.es\/fr\/wp-json\/wp\/v2\/product"}],"about":[{"href":"https:\/\/saiga.es\/fr\/wp-json\/wp\/v2\/types\/product"}],"replies":[{"embeddable":true,"href":"https:\/\/saiga.es\/fr\/wp-json\/wp\/v2\/comments?post=9388"}],"wp:featuredmedia":[{"embeddable":true,"href":"https:\/\/saiga.es\/fr\/wp-json\/wp\/v2\/media\/9169"}],"wp:attachment":[{"href":"https:\/\/saiga.es\/fr\/wp-json\/wp\/v2\/media?parent=9388"}],"wp:term":[{"taxonomy":"product_brand","embeddable":true,"href":"https:\/\/saiga.es\/fr\/wp-json\/wp\/v2\/product_brand?post=9388"},{"taxonomy":"product_cat","embeddable":true,"href":"https:\/\/saiga.es\/fr\/wp-json\/wp\/v2\/product_cat?post=9388"},{"taxonomy":"product_tag","embeddable":true,"href":"https:\/\/saiga.es\/fr\/wp-json\/wp\/v2\/product_tag?post=9388"}],"curies":[{"name":"wp","href":"https:\/\/api.w.org\/{rel}","templated":true}]}}