{"id":9406,"date":"2024-03-19T10:04:56","date_gmt":"2024-03-19T10:04:56","guid":{"rendered":"https:\/\/botiga.saiga.es\/producte\/paire-de-bottes-avec-bout-de-protection\/"},"modified":"2025-12-16T08:52:24","modified_gmt":"2025-12-16T08:52:24","slug":"paire-de-bottes-avec-bout-de-protection","status":"publish","type":"product","link":"https:\/\/saiga.es\/fr\/produit\/paire-de-bottes-avec-bout-de-protection\/","title":{"rendered":"Bottes \u00e0 embout de protection"},"content":{"rendered":"<p>Paire de bottes avec embout de protection. Chaussures robustes et s\u00fbres id\u00e9ales pour les environnements agricoles, de construction ou industriels, avec embout en m\u00e9tal, semelle antid\u00e9rapante et protection anti-crevaison. Disponible en olive verte avec des graines noires brillantes. Avec protection des orteils et de la semelle int\u00e9rieure, ainsi que r\u00e9sistance \u00e0 une large gamme de substances et \u00e0 des temp\u00e9ratures extr\u00eames jusqu&rsquo;\u00e0 -10\u00b0C.<\/p>\n","protected":false},"excerpt":{"rendered":"<p>Bottes \u00e0 embout de protection. Chaussures robustes et s\u00fbres id\u00e9ales pour les environnements agricoles, de construction ou industriels, avec embout en m\u00e9tal, semelle antid\u00e9rapante et protection anti-crevaison. Disponible en olive verte avec un noyau noir brillant, avec protection des dents et du noyau int\u00e9rieur, \u00e9galement r\u00e9sistante \u00e0 une large gamme de substances et \u00e0 des temp\u00e9ratures extr\u00eames jusqu&rsquo;\u00e0 -10\u00b0C.<\/p>\n","protected":false},"featured_media":17682,"comment_status":"closed","ping_status":"closed","template":"","meta":[],"product_brand":[],"product_cat":[1284],"product_tag":[],"class_list":{"0":"post-9406","1":"product","2":"type-product","3":"status-publish","4":"has-post-thumbnail","6":"product_cat-chaussures-de-travail","8":"first","9":"instock","10":"taxable","11":"shipping-taxable","12":"purchasable","13":"product-type-variable"},"yoast_head":"<!-- This site is optimized with the Yoast SEO plugin v27.3 - https:\/\/yoast.com\/product\/yoast-seo-wordpress\/ -->\n<title>Bottes \u00e0 embout de protection | SAIGA<\/title>\n<meta name=\"description\" content=\"Paire de bottes de s\u00e9curit\u00e9 robustes et polyvalentes avec embouts de protection, embouts m\u00e9talliques et semelles antid\u00e9rapantes, adapt\u00e9es aux environnements agricoles ou industriels.\" \/>\n<meta name=\"robots\" content=\"index, follow, max-snippet:-1, max-image-preview:large, max-video-preview:-1\" \/>\n<link rel=\"canonical\" href=\"https:\/\/saiga.es\/fr\/produit\/paire-de-bottes-avec-bout-de-protection\/\" \/>\n<meta property=\"og:locale\" content=\"fr_FR\" \/>\n<meta property=\"og:type\" content=\"article\" \/>\n<meta property=\"og:title\" content=\"Bottes \u00e0 embout de protection | SAIGA\" \/>\n<meta property=\"og:description\" content=\"Paire de bottes de s\u00e9curit\u00e9 robustes et polyvalentes avec embouts de protection, embouts m\u00e9talliques et semelles antid\u00e9rapantes, adapt\u00e9es aux environnements agricoles ou industriels.\" \/>\n<meta property=\"og:url\" content=\"https:\/\/saiga.es\/fr\/produit\/paire-de-bottes-avec-bout-de-protection\/\" \/>\n<meta property=\"og:site_name\" content=\"SAIGA\" \/>\n<meta property=\"article:modified_time\" content=\"2025-12-16T08:52:24+00:00\" \/>\n<meta property=\"og:image\" content=\"https:\/\/saiga.es\/wp-content\/uploads\/2024\/03\/Botes-daigua-amb-puntera.jpg\" \/>\n\t<meta property=\"og:image:width\" content=\"1080\" \/>\n\t<meta property=\"og:image:height\" content=\"1080\" \/>\n\t<meta property=\"og:image:type\" content=\"image\/jpeg\" \/>\n<meta name=\"twitter:card\" content=\"summary_large_image\" \/>\n<meta name=\"twitter:site\" content=\"@saiga_agro\" \/>\n<script type=\"application\/ld+json\" class=\"yoast-schema-graph\">{\"@context\":\"https:\\\/\\\/schema.org\",\"@graph\":[{\"@type\":\"WebPage\",\"@id\":\"https:\\\/\\\/saiga.es\\\/fr\\\/produit\\\/paire-de-bottes-avec-bout-de-protection\\\/\",\"url\":\"https:\\\/\\\/saiga.es\\\/fr\\\/produit\\\/paire-de-bottes-avec-bout-de-protection\\\/\",\"name\":\"Bottes \u00e0 embout de protection | SAIGA\",\"isPartOf\":{\"@id\":\"https:\\\/\\\/saiga.es\\\/fr\\\/#website\"},\"primaryImageOfPage\":{\"@id\":\"https:\\\/\\\/saiga.es\\\/fr\\\/produit\\\/paire-de-bottes-avec-bout-de-protection\\\/#primaryimage\"},\"image\":{\"@id\":\"https:\\\/\\\/saiga.es\\\/fr\\\/produit\\\/paire-de-bottes-avec-bout-de-protection\\\/#primaryimage\"},\"thumbnailUrl\":\"https:\\\/\\\/saiga.es\\\/wp-content\\\/uploads\\\/2024\\\/03\\\/Botes-daigua-amb-puntera.jpg\",\"datePublished\":\"2024-03-19T10:04:56+00:00\",\"dateModified\":\"2025-12-16T08:52:24+00:00\",\"description\":\"Paire de bottes de s\u00e9curit\u00e9 robustes et polyvalentes avec embouts de protection, embouts m\u00e9talliques et semelles antid\u00e9rapantes, adapt\u00e9es aux environnements agricoles ou industriels.\",\"breadcrumb\":{\"@id\":\"https:\\\/\\\/saiga.es\\\/fr\\\/produit\\\/paire-de-bottes-avec-bout-de-protection\\\/#breadcrumb\"},\"inLanguage\":\"fr-FR\",\"potentialAction\":[{\"@type\":\"ReadAction\",\"target\":[\"https:\\\/\\\/saiga.es\\\/fr\\\/produit\\\/paire-de-bottes-avec-bout-de-protection\\\/\"]}]},{\"@type\":\"ImageObject\",\"inLanguage\":\"fr-FR\",\"@id\":\"https:\\\/\\\/saiga.es\\\/fr\\\/produit\\\/paire-de-bottes-avec-bout-de-protection\\\/#primaryimage\",\"url\":\"https:\\\/\\\/saiga.es\\\/wp-content\\\/uploads\\\/2024\\\/03\\\/Botes-daigua-amb-puntera.jpg\",\"contentUrl\":\"https:\\\/\\\/saiga.es\\\/wp-content\\\/uploads\\\/2024\\\/03\\\/Botes-daigua-amb-puntera.jpg\",\"width\":1080,\"height\":1080,\"caption\":\"Paire de bottes avec bout de protection\"},{\"@type\":\"BreadcrumbList\",\"@id\":\"https:\\\/\\\/saiga.es\\\/fr\\\/produit\\\/paire-de-bottes-avec-bout-de-protection\\\/#breadcrumb\",\"itemListElement\":[{\"@type\":\"ListItem\",\"position\":1,\"name\":\"Inici\",\"item\":\"https:\\\/\\\/saiga.es\\\/fr\\\/\"},{\"@type\":\"ListItem\",\"position\":2,\"name\":\"boutique\",\"item\":\"https:\\\/\\\/saiga.es\\\/fr\\\/boutique\\\/\"},{\"@type\":\"ListItem\",\"position\":3,\"name\":\"Bottes \u00e0 embout de protection\"}]},{\"@type\":\"WebSite\",\"@id\":\"https:\\\/\\\/saiga.es\\\/fr\\\/#website\",\"url\":\"https:\\\/\\\/saiga.es\\\/fr\\\/\",\"name\":\"SAIGA\",\"description\":\"M\u00e9s de 50 anys al servei de la terra i treballant per a un \u00fas eficient de l\u2019aigua!\",\"publisher\":{\"@id\":\"https:\\\/\\\/saiga.es\\\/fr\\\/#organization\"},\"potentialAction\":[{\"@type\":\"SearchAction\",\"target\":{\"@type\":\"EntryPoint\",\"urlTemplate\":\"https:\\\/\\\/saiga.es\\\/fr\\\/?s={search_term_string}\"},\"query-input\":{\"@type\":\"PropertyValueSpecification\",\"valueRequired\":true,\"valueName\":\"search_term_string\"}}],\"inLanguage\":\"fr-FR\"},{\"@type\":\"Organization\",\"@id\":\"https:\\\/\\\/saiga.es\\\/fr\\\/#organization\",\"name\":\"SAIGA\",\"url\":\"https:\\\/\\\/saiga.es\\\/fr\\\/\",\"logo\":{\"@type\":\"ImageObject\",\"inLanguage\":\"fr-FR\",\"@id\":\"https:\\\/\\\/saiga.es\\\/fr\\\/#\\\/schema\\\/logo\\\/image\\\/\",\"url\":\"https:\\\/\\\/saiga.es\\\/wp-content\\\/uploads\\\/2025\\\/07\\\/logo_saiga_baseline_optimitzat.svg\",\"contentUrl\":\"https:\\\/\\\/saiga.es\\\/wp-content\\\/uploads\\\/2025\\\/07\\\/logo_saiga_baseline_optimitzat.svg\",\"caption\":\"SAIGA\"},\"image\":{\"@id\":\"https:\\\/\\\/saiga.es\\\/fr\\\/#\\\/schema\\\/logo\\\/image\\\/\"},\"sameAs\":[\"https:\\\/\\\/x.com\\\/saiga_agro\",\"https:\\\/\\\/www.instagram.com\\\/saiga_agro\\\/\"]}]}<\/script>\n<!-- \/ Yoast SEO plugin. -->","yoast_head_json":{"title":"Bottes \u00e0 embout de protection | SAIGA","description":"Paire de bottes de s\u00e9curit\u00e9 robustes et polyvalentes avec embouts de protection, embouts m\u00e9talliques et semelles antid\u00e9rapantes, adapt\u00e9es aux environnements agricoles ou industriels.","robots":{"index":"index","follow":"follow","max-snippet":"max-snippet:-1","max-image-preview":"max-image-preview:large","max-video-preview":"max-video-preview:-1"},"canonical":"https:\/\/saiga.es\/fr\/produit\/paire-de-bottes-avec-bout-de-protection\/","og_locale":"fr_FR","og_type":"article","og_title":"Bottes \u00e0 embout de protection | SAIGA","og_description":"Paire de bottes de s\u00e9curit\u00e9 robustes et polyvalentes avec embouts de protection, embouts m\u00e9talliques et semelles antid\u00e9rapantes, adapt\u00e9es aux environnements agricoles ou industriels.","og_url":"https:\/\/saiga.es\/fr\/produit\/paire-de-bottes-avec-bout-de-protection\/","og_site_name":"SAIGA","article_modified_time":"2025-12-16T08:52:24+00:00","og_image":[{"width":1080,"height":1080,"url":"https:\/\/saiga.es\/wp-content\/uploads\/2024\/03\/Botes-daigua-amb-puntera.jpg","type":"image\/jpeg"}],"twitter_card":"summary_large_image","twitter_site":"@saiga_agro","schema":{"@context":"https:\/\/schema.org","@graph":[{"@type":"WebPage","@id":"https:\/\/saiga.es\/fr\/produit\/paire-de-bottes-avec-bout-de-protection\/","url":"https:\/\/saiga.es\/fr\/produit\/paire-de-bottes-avec-bout-de-protection\/","name":"Bottes \u00e0 embout de protection | SAIGA","isPartOf":{"@id":"https:\/\/saiga.es\/fr\/#website"},"primaryImageOfPage":{"@id":"https:\/\/saiga.es\/fr\/produit\/paire-de-bottes-avec-bout-de-protection\/#primaryimage"},"image":{"@id":"https:\/\/saiga.es\/fr\/produit\/paire-de-bottes-avec-bout-de-protection\/#primaryimage"},"thumbnailUrl":"https:\/\/saiga.es\/wp-content\/uploads\/2024\/03\/Botes-daigua-amb-puntera.jpg","datePublished":"2024-03-19T10:04:56+00:00","dateModified":"2025-12-16T08:52:24+00:00","description":"Paire de bottes de s\u00e9curit\u00e9 robustes et polyvalentes avec embouts de protection, embouts m\u00e9talliques et semelles antid\u00e9rapantes, adapt\u00e9es aux environnements agricoles ou industriels.","breadcrumb":{"@id":"https:\/\/saiga.es\/fr\/produit\/paire-de-bottes-avec-bout-de-protection\/#breadcrumb"},"inLanguage":"fr-FR","potentialAction":[{"@type":"ReadAction","target":["https:\/\/saiga.es\/fr\/produit\/paire-de-bottes-avec-bout-de-protection\/"]}]},{"@type":"ImageObject","inLanguage":"fr-FR","@id":"https:\/\/saiga.es\/fr\/produit\/paire-de-bottes-avec-bout-de-protection\/#primaryimage","url":"https:\/\/saiga.es\/wp-content\/uploads\/2024\/03\/Botes-daigua-amb-puntera.jpg","contentUrl":"https:\/\/saiga.es\/wp-content\/uploads\/2024\/03\/Botes-daigua-amb-puntera.jpg","width":1080,"height":1080,"caption":"Paire de bottes avec bout de protection"},{"@type":"BreadcrumbList","@id":"https:\/\/saiga.es\/fr\/produit\/paire-de-bottes-avec-bout-de-protection\/#breadcrumb","itemListElement":[{"@type":"ListItem","position":1,"name":"Inici","item":"https:\/\/saiga.es\/fr\/"},{"@type":"ListItem","position":2,"name":"boutique","item":"https:\/\/saiga.es\/fr\/boutique\/"},{"@type":"ListItem","position":3,"name":"Bottes \u00e0 embout de protection"}]},{"@type":"WebSite","@id":"https:\/\/saiga.es\/fr\/#website","url":"https:\/\/saiga.es\/fr\/","name":"SAIGA","description":"M\u00e9s de 50 anys al servei de la terra i treballant per a un \u00fas eficient de l\u2019aigua!","publisher":{"@id":"https:\/\/saiga.es\/fr\/#organization"},"potentialAction":[{"@type":"SearchAction","target":{"@type":"EntryPoint","urlTemplate":"https:\/\/saiga.es\/fr\/?s={search_term_string}"},"query-input":{"@type":"PropertyValueSpecification","valueRequired":true,"valueName":"search_term_string"}}],"inLanguage":"fr-FR"},{"@type":"Organization","@id":"https:\/\/saiga.es\/fr\/#organization","name":"SAIGA","url":"https:\/\/saiga.es\/fr\/","logo":{"@type":"ImageObject","inLanguage":"fr-FR","@id":"https:\/\/saiga.es\/fr\/#\/schema\/logo\/image\/","url":"https:\/\/saiga.es\/wp-content\/uploads\/2025\/07\/logo_saiga_baseline_optimitzat.svg","contentUrl":"https:\/\/saiga.es\/wp-content\/uploads\/2025\/07\/logo_saiga_baseline_optimitzat.svg","caption":"SAIGA"},"image":{"@id":"https:\/\/saiga.es\/fr\/#\/schema\/logo\/image\/"},"sameAs":["https:\/\/x.com\/saiga_agro","https:\/\/www.instagram.com\/saiga_agro\/"]}]}},"_links":{"self":[{"href":"https:\/\/saiga.es\/fr\/wp-json\/wp\/v2\/product\/9406","targetHints":{"allow":["GET"]}}],"collection":[{"href":"https:\/\/saiga.es\/fr\/wp-json\/wp\/v2\/product"}],"about":[{"href":"https:\/\/saiga.es\/fr\/wp-json\/wp\/v2\/types\/product"}],"replies":[{"embeddable":true,"href":"https:\/\/saiga.es\/fr\/wp-json\/wp\/v2\/comments?post=9406"}],"wp:featuredmedia":[{"embeddable":true,"href":"https:\/\/saiga.es\/fr\/wp-json\/wp\/v2\/media\/17682"}],"wp:attachment":[{"href":"https:\/\/saiga.es\/fr\/wp-json\/wp\/v2\/media?parent=9406"}],"wp:term":[{"taxonomy":"product_brand","embeddable":true,"href":"https:\/\/saiga.es\/fr\/wp-json\/wp\/v2\/product_brand?post=9406"},{"taxonomy":"product_cat","embeddable":true,"href":"https:\/\/saiga.es\/fr\/wp-json\/wp\/v2\/product_cat?post=9406"},{"taxonomy":"product_tag","embeddable":true,"href":"https:\/\/saiga.es\/fr\/wp-json\/wp\/v2\/product_tag?post=9406"}],"curies":[{"name":"wp","href":"https:\/\/api.w.org\/{rel}","templated":true}]}}