{"id":9426,"date":"2024-03-25T10:35:06","date_gmt":"2024-03-25T10:35:06","guid":{"rendered":"https:\/\/botiga.saiga.es\/producte\/paire-de-bottes-modele-bamio\/"},"modified":"2024-03-25T10:35:06","modified_gmt":"2024-03-25T10:35:06","slug":"paire-de-bottes-modele-bamio","status":"publish","type":"product","link":"https:\/\/saiga.es\/fr\/produit\/paire-de-bottes-modele-bamio\/","title":{"rendered":"Paire de bottes mod\u00e8le Bamio"},"content":{"rendered":"<p>Paire de bottes mod\u00e8le Bamio<\/p>\n<p>La botte de travail \u00e0 lacets, fabriqu\u00e9e principalement \u00e0 partir de cuir pleine fleur marron, offre protection et confort pour les environnements de travail difficiles. La semelle en polyur\u00e9thane inject\u00e9 double densit\u00e9, la languette coussin\u00e9e et la doublure en maille de polyester offrent un confort qui dure toute la journ\u00e9e. Disponible avec des options de s\u00e9curit\u00e9 telles que l&#8217;embout et la semelle interm\u00e9diaire en <span class=\"hiddenSpellError\">composite<\/span> ou la certification <span class=\"hiddenSpellError\">S1P.<\/span><\/p>\n<p>Les caract\u00e9ristiques suppl\u00e9mentaires incluent une semelle int\u00e9rieure antibact\u00e9rienne, des propri\u00e9t\u00e9s antid\u00e9rapantes, une r\u00e9sistance aux hydrocarbures, aux huiles et aux alcalis, ainsi qu&rsquo;une grande durabilit\u00e9 contre les chocs et la corrosion. Id\u00e9al pour une protection compl\u00e8te sur le lieu de travail.<\/p>\n","protected":false},"excerpt":{"rendered":"<p>Paire de bottes mod\u00e8le Bamio<\/p>\n<p>La botte de travail \u00e0 lacets, fabriqu\u00e9e principalement \u00e0 partir de cuir pleine fleur marron, offre protection et confort pour les environnements de travail difficiles. La semelle en polyur\u00e9thane inject\u00e9 double densit\u00e9, la languette coussin\u00e9e et la doublure en maille de polyester offrent un confort qui dure toute la journ\u00e9e. Disponible avec des options de s\u00e9curit\u00e9 telles que l&#8217;embout et la semelle interm\u00e9diaire en <span class=\"hiddenSpellError\">composite<\/span> ou la certification <span class=\"hiddenSpellError\">S1P.<\/span><\/p>\n<p>Les caract\u00e9ristiques suppl\u00e9mentaires incluent une semelle int\u00e9rieure antibact\u00e9rienne, des propri\u00e9t\u00e9s antid\u00e9rapantes, une r\u00e9sistance aux hydrocarbures, aux huiles et aux alcalis, ainsi qu&rsquo;une grande durabilit\u00e9 contre les chocs et la corrosion. Id\u00e9al pour une protection compl\u00e8te sur le lieu de travail.<\/p>\n","protected":false},"featured_media":9233,"comment_status":"open","ping_status":"closed","template":"","meta":[],"product_brand":[],"product_cat":[1284],"product_tag":[],"class_list":{"0":"post-9426","1":"product","2":"type-product","3":"status-publish","4":"has-post-thumbnail","6":"product_cat-chaussures-de-travail","8":"first","9":"instock","10":"sale","11":"taxable","12":"shipping-taxable","13":"purchasable","14":"product-type-variable"},"yoast_head":"<!-- This site is optimized with the Yoast SEO plugin v27.3 - https:\/\/yoast.com\/product\/yoast-seo-wordpress\/ -->\n<title>Paire de bottes mod\u00e8le Bamio | SAIGA<\/title>\n<meta name=\"description\" content=\"Botte de travail en cuir, avec protection et confort renforc\u00e9s. Comprend une semelle int\u00e9rieure antibact\u00e9rienne, une semelle antid\u00e9rapante et une r\u00e9sistance aux \u00e9l\u00e9ments chimiques.\" \/>\n<meta name=\"robots\" content=\"index, follow, max-snippet:-1, max-image-preview:large, max-video-preview:-1\" \/>\n<link rel=\"canonical\" href=\"https:\/\/saiga.es\/fr\/produit\/paire-de-bottes-modele-bamio\/\" \/>\n<meta property=\"og:locale\" content=\"fr_FR\" \/>\n<meta property=\"og:type\" content=\"article\" \/>\n<meta property=\"og:title\" content=\"Paire de bottes mod\u00e8le Bamio | SAIGA\" \/>\n<meta property=\"og:description\" content=\"Botte de travail en cuir, avec protection et confort renforc\u00e9s. Comprend une semelle int\u00e9rieure antibact\u00e9rienne, une semelle antid\u00e9rapante et une r\u00e9sistance aux \u00e9l\u00e9ments chimiques.\" \/>\n<meta property=\"og:url\" content=\"https:\/\/saiga.es\/fr\/produit\/paire-de-bottes-modele-bamio\/\" \/>\n<meta property=\"og:site_name\" content=\"SAIGA\" \/>\n<meta property=\"og:image\" content=\"https:\/\/saiga.es\/wp-content\/uploads\/2024\/03\/bamio-bota-s1p-de-cuero-vacuno-marron-1.jpg\" \/>\n\t<meta property=\"og:image:width\" content=\"800\" \/>\n\t<meta property=\"og:image:height\" content=\"800\" \/>\n\t<meta property=\"og:image:type\" content=\"image\/jpeg\" \/>\n<meta name=\"twitter:card\" content=\"summary_large_image\" \/>\n<meta name=\"twitter:site\" content=\"@saiga_agro\" \/>\n<meta name=\"twitter:label1\" content=\"Dur\u00e9e de lecture estim\u00e9e\" \/>\n\t<meta name=\"twitter:data1\" content=\"1 minute\" \/>\n<script type=\"application\/ld+json\" class=\"yoast-schema-graph\">{\"@context\":\"https:\\\/\\\/schema.org\",\"@graph\":[{\"@type\":\"WebPage\",\"@id\":\"https:\\\/\\\/saiga.es\\\/fr\\\/produit\\\/paire-de-bottes-modele-bamio\\\/\",\"url\":\"https:\\\/\\\/saiga.es\\\/fr\\\/produit\\\/paire-de-bottes-modele-bamio\\\/\",\"name\":\"Paire de bottes mod\u00e8le Bamio | SAIGA\",\"isPartOf\":{\"@id\":\"https:\\\/\\\/saiga.es\\\/fr\\\/#website\"},\"primaryImageOfPage\":{\"@id\":\"https:\\\/\\\/saiga.es\\\/fr\\\/produit\\\/paire-de-bottes-modele-bamio\\\/#primaryimage\"},\"image\":{\"@id\":\"https:\\\/\\\/saiga.es\\\/fr\\\/produit\\\/paire-de-bottes-modele-bamio\\\/#primaryimage\"},\"thumbnailUrl\":\"https:\\\/\\\/saiga.es\\\/wp-content\\\/uploads\\\/2024\\\/03\\\/bamio-bota-s1p-de-cuero-vacuno-marron-1.jpg\",\"datePublished\":\"2024-03-25T10:35:06+00:00\",\"description\":\"Botte de travail en cuir, avec protection et confort renforc\u00e9s. Comprend une semelle int\u00e9rieure antibact\u00e9rienne, une semelle antid\u00e9rapante et une r\u00e9sistance aux \u00e9l\u00e9ments chimiques.\",\"breadcrumb\":{\"@id\":\"https:\\\/\\\/saiga.es\\\/fr\\\/produit\\\/paire-de-bottes-modele-bamio\\\/#breadcrumb\"},\"inLanguage\":\"fr-FR\",\"potentialAction\":[{\"@type\":\"ReadAction\",\"target\":[\"https:\\\/\\\/saiga.es\\\/fr\\\/produit\\\/paire-de-bottes-modele-bamio\\\/\"]}]},{\"@type\":\"ImageObject\",\"inLanguage\":\"fr-FR\",\"@id\":\"https:\\\/\\\/saiga.es\\\/fr\\\/produit\\\/paire-de-bottes-modele-bamio\\\/#primaryimage\",\"url\":\"https:\\\/\\\/saiga.es\\\/wp-content\\\/uploads\\\/2024\\\/03\\\/bamio-bota-s1p-de-cuero-vacuno-marron-1.jpg\",\"contentUrl\":\"https:\\\/\\\/saiga.es\\\/wp-content\\\/uploads\\\/2024\\\/03\\\/bamio-bota-s1p-de-cuero-vacuno-marron-1.jpg\",\"width\":800,\"height\":800},{\"@type\":\"BreadcrumbList\",\"@id\":\"https:\\\/\\\/saiga.es\\\/fr\\\/produit\\\/paire-de-bottes-modele-bamio\\\/#breadcrumb\",\"itemListElement\":[{\"@type\":\"ListItem\",\"position\":1,\"name\":\"Inici\",\"item\":\"https:\\\/\\\/saiga.es\\\/fr\\\/\"},{\"@type\":\"ListItem\",\"position\":2,\"name\":\"boutique\",\"item\":\"https:\\\/\\\/saiga.es\\\/fr\\\/boutique\\\/\"},{\"@type\":\"ListItem\",\"position\":3,\"name\":\"Paire de bottes mod\u00e8le Bamio\"}]},{\"@type\":\"WebSite\",\"@id\":\"https:\\\/\\\/saiga.es\\\/fr\\\/#website\",\"url\":\"https:\\\/\\\/saiga.es\\\/fr\\\/\",\"name\":\"SAIGA\",\"description\":\"M\u00e9s de 50 anys al servei de la terra i treballant per a un \u00fas eficient de l\u2019aigua!\",\"publisher\":{\"@id\":\"https:\\\/\\\/saiga.es\\\/fr\\\/#organization\"},\"potentialAction\":[{\"@type\":\"SearchAction\",\"target\":{\"@type\":\"EntryPoint\",\"urlTemplate\":\"https:\\\/\\\/saiga.es\\\/fr\\\/?s={search_term_string}\"},\"query-input\":{\"@type\":\"PropertyValueSpecification\",\"valueRequired\":true,\"valueName\":\"search_term_string\"}}],\"inLanguage\":\"fr-FR\"},{\"@type\":\"Organization\",\"@id\":\"https:\\\/\\\/saiga.es\\\/fr\\\/#organization\",\"name\":\"SAIGA\",\"url\":\"https:\\\/\\\/saiga.es\\\/fr\\\/\",\"logo\":{\"@type\":\"ImageObject\",\"inLanguage\":\"fr-FR\",\"@id\":\"https:\\\/\\\/saiga.es\\\/fr\\\/#\\\/schema\\\/logo\\\/image\\\/\",\"url\":\"https:\\\/\\\/saiga.es\\\/wp-content\\\/uploads\\\/2025\\\/07\\\/logo_saiga_baseline_optimitzat.svg\",\"contentUrl\":\"https:\\\/\\\/saiga.es\\\/wp-content\\\/uploads\\\/2025\\\/07\\\/logo_saiga_baseline_optimitzat.svg\",\"caption\":\"SAIGA\"},\"image\":{\"@id\":\"https:\\\/\\\/saiga.es\\\/fr\\\/#\\\/schema\\\/logo\\\/image\\\/\"},\"sameAs\":[\"https:\\\/\\\/x.com\\\/saiga_agro\",\"https:\\\/\\\/www.instagram.com\\\/saiga_agro\\\/\"]}]}<\/script>\n<!-- \/ Yoast SEO plugin. -->","yoast_head_json":{"title":"Paire de bottes mod\u00e8le Bamio | SAIGA","description":"Botte de travail en cuir, avec protection et confort renforc\u00e9s. Comprend une semelle int\u00e9rieure antibact\u00e9rienne, une semelle antid\u00e9rapante et une r\u00e9sistance aux \u00e9l\u00e9ments chimiques.","robots":{"index":"index","follow":"follow","max-snippet":"max-snippet:-1","max-image-preview":"max-image-preview:large","max-video-preview":"max-video-preview:-1"},"canonical":"https:\/\/saiga.es\/fr\/produit\/paire-de-bottes-modele-bamio\/","og_locale":"fr_FR","og_type":"article","og_title":"Paire de bottes mod\u00e8le Bamio | SAIGA","og_description":"Botte de travail en cuir, avec protection et confort renforc\u00e9s. Comprend une semelle int\u00e9rieure antibact\u00e9rienne, une semelle antid\u00e9rapante et une r\u00e9sistance aux \u00e9l\u00e9ments chimiques.","og_url":"https:\/\/saiga.es\/fr\/produit\/paire-de-bottes-modele-bamio\/","og_site_name":"SAIGA","og_image":[{"width":800,"height":800,"url":"https:\/\/saiga.es\/wp-content\/uploads\/2024\/03\/bamio-bota-s1p-de-cuero-vacuno-marron-1.jpg","type":"image\/jpeg"}],"twitter_card":"summary_large_image","twitter_site":"@saiga_agro","twitter_misc":{"Dur\u00e9e de lecture estim\u00e9e":"1 minute"},"schema":{"@context":"https:\/\/schema.org","@graph":[{"@type":"WebPage","@id":"https:\/\/saiga.es\/fr\/produit\/paire-de-bottes-modele-bamio\/","url":"https:\/\/saiga.es\/fr\/produit\/paire-de-bottes-modele-bamio\/","name":"Paire de bottes mod\u00e8le Bamio | SAIGA","isPartOf":{"@id":"https:\/\/saiga.es\/fr\/#website"},"primaryImageOfPage":{"@id":"https:\/\/saiga.es\/fr\/produit\/paire-de-bottes-modele-bamio\/#primaryimage"},"image":{"@id":"https:\/\/saiga.es\/fr\/produit\/paire-de-bottes-modele-bamio\/#primaryimage"},"thumbnailUrl":"https:\/\/saiga.es\/wp-content\/uploads\/2024\/03\/bamio-bota-s1p-de-cuero-vacuno-marron-1.jpg","datePublished":"2024-03-25T10:35:06+00:00","description":"Botte de travail en cuir, avec protection et confort renforc\u00e9s. Comprend une semelle int\u00e9rieure antibact\u00e9rienne, une semelle antid\u00e9rapante et une r\u00e9sistance aux \u00e9l\u00e9ments chimiques.","breadcrumb":{"@id":"https:\/\/saiga.es\/fr\/produit\/paire-de-bottes-modele-bamio\/#breadcrumb"},"inLanguage":"fr-FR","potentialAction":[{"@type":"ReadAction","target":["https:\/\/saiga.es\/fr\/produit\/paire-de-bottes-modele-bamio\/"]}]},{"@type":"ImageObject","inLanguage":"fr-FR","@id":"https:\/\/saiga.es\/fr\/produit\/paire-de-bottes-modele-bamio\/#primaryimage","url":"https:\/\/saiga.es\/wp-content\/uploads\/2024\/03\/bamio-bota-s1p-de-cuero-vacuno-marron-1.jpg","contentUrl":"https:\/\/saiga.es\/wp-content\/uploads\/2024\/03\/bamio-bota-s1p-de-cuero-vacuno-marron-1.jpg","width":800,"height":800},{"@type":"BreadcrumbList","@id":"https:\/\/saiga.es\/fr\/produit\/paire-de-bottes-modele-bamio\/#breadcrumb","itemListElement":[{"@type":"ListItem","position":1,"name":"Inici","item":"https:\/\/saiga.es\/fr\/"},{"@type":"ListItem","position":2,"name":"boutique","item":"https:\/\/saiga.es\/fr\/boutique\/"},{"@type":"ListItem","position":3,"name":"Paire de bottes mod\u00e8le Bamio"}]},{"@type":"WebSite","@id":"https:\/\/saiga.es\/fr\/#website","url":"https:\/\/saiga.es\/fr\/","name":"SAIGA","description":"M\u00e9s de 50 anys al servei de la terra i treballant per a un \u00fas eficient de l\u2019aigua!","publisher":{"@id":"https:\/\/saiga.es\/fr\/#organization"},"potentialAction":[{"@type":"SearchAction","target":{"@type":"EntryPoint","urlTemplate":"https:\/\/saiga.es\/fr\/?s={search_term_string}"},"query-input":{"@type":"PropertyValueSpecification","valueRequired":true,"valueName":"search_term_string"}}],"inLanguage":"fr-FR"},{"@type":"Organization","@id":"https:\/\/saiga.es\/fr\/#organization","name":"SAIGA","url":"https:\/\/saiga.es\/fr\/","logo":{"@type":"ImageObject","inLanguage":"fr-FR","@id":"https:\/\/saiga.es\/fr\/#\/schema\/logo\/image\/","url":"https:\/\/saiga.es\/wp-content\/uploads\/2025\/07\/logo_saiga_baseline_optimitzat.svg","contentUrl":"https:\/\/saiga.es\/wp-content\/uploads\/2025\/07\/logo_saiga_baseline_optimitzat.svg","caption":"SAIGA"},"image":{"@id":"https:\/\/saiga.es\/fr\/#\/schema\/logo\/image\/"},"sameAs":["https:\/\/x.com\/saiga_agro","https:\/\/www.instagram.com\/saiga_agro\/"]}]}},"_links":{"self":[{"href":"https:\/\/saiga.es\/fr\/wp-json\/wp\/v2\/product\/9426","targetHints":{"allow":["GET"]}}],"collection":[{"href":"https:\/\/saiga.es\/fr\/wp-json\/wp\/v2\/product"}],"about":[{"href":"https:\/\/saiga.es\/fr\/wp-json\/wp\/v2\/types\/product"}],"replies":[{"embeddable":true,"href":"https:\/\/saiga.es\/fr\/wp-json\/wp\/v2\/comments?post=9426"}],"wp:featuredmedia":[{"embeddable":true,"href":"https:\/\/saiga.es\/fr\/wp-json\/wp\/v2\/media\/9233"}],"wp:attachment":[{"href":"https:\/\/saiga.es\/fr\/wp-json\/wp\/v2\/media?parent=9426"}],"wp:term":[{"taxonomy":"product_brand","embeddable":true,"href":"https:\/\/saiga.es\/fr\/wp-json\/wp\/v2\/product_brand?post=9426"},{"taxonomy":"product_cat","embeddable":true,"href":"https:\/\/saiga.es\/fr\/wp-json\/wp\/v2\/product_cat?post=9426"},{"taxonomy":"product_tag","embeddable":true,"href":"https:\/\/saiga.es\/fr\/wp-json\/wp\/v2\/product_tag?post=9426"}],"curies":[{"name":"wp","href":"https:\/\/api.w.org\/{rel}","templated":true}]}}