{"id":9484,"date":"2024-03-25T09:11:48","date_gmt":"2024-03-25T09:11:48","guid":{"rendered":"https:\/\/botiga.saiga.es\/producte\/paire-de-chaussures-modele-vesubio\/"},"modified":"2024-03-25T09:11:48","modified_gmt":"2024-03-25T09:11:48","slug":"paire-de-chaussures-modele-vesubio","status":"publish","type":"product","link":"https:\/\/saiga.es\/fr\/produit\/paire-de-chaussures-modele-vesubio\/","title":{"rendered":"Paire de chaussures mod\u00e8le Vesubio"},"content":{"rendered":"<p>Paire de chaussures mod\u00e8le Vesubio<\/p>\n<p>Chaussures \u00e0 lacets r\u00e9alis\u00e9es en dentelures en <span class=\"hiddenSpellError\">nubuck<\/span> marron, \u00e9quip\u00e9es de trous d&rsquo;a\u00e9ration strat\u00e9giquement plac\u00e9s pour maintenir le pied a\u00e9r\u00e9 et assurer une respirabilit\u00e9 optimale.<\/p>\n<p>Il se distingue par sa r\u00e9sistance \u00e0 la flexion, au froissement et \u00e0 la compression, offrant ainsi une protection suffisante \u00e0 l&rsquo;orteil. L&rsquo;int\u00e9rieur est doubl\u00e9 d&rsquo;une maille de polyester douce, tandis que la semelle int\u00e9rieure antibact\u00e9rienne offre un confort suppl\u00e9mentaire. La semelle en polyur\u00e9thane inject\u00e9 double densit\u00e9 et la languette coussin\u00e9e assurent une sensation de confort durable.<\/p>\n<p>De plus, l&#8217;embout extr\u00eamement l\u00e9ger et flexible offre une protection exceptionnelle avec une r\u00e9sistance de 200J. Dot\u00e9es de semelles intercalaires <span class=\"hiddenSpellError\">anti-crevaison<\/span> en Kevlar\u00ae jusqu&rsquo;\u00e0 1100N (P), ces chaussures conviennent \u00e0 diverses conditions de travail. Il est anticorrosif et hautement r\u00e9sistant aux hydrocarbures, aux huiles et aux alcalis, garantissant une durabilit\u00e9 exceptionnelle et une protection compl\u00e8te.<\/p>\n","protected":false},"excerpt":{"rendered":"<p>Paire de chaussures mod\u00e8le Vesubio<\/p>\n<p>Chaussures \u00e0 lacets r\u00e9alis\u00e9es en dentelures en <span class=\"hiddenSpellError\">nubuck<\/span> marron, \u00e9quip\u00e9es de trous d&rsquo;a\u00e9ration strat\u00e9giquement plac\u00e9s pour maintenir le pied a\u00e9r\u00e9 et assurer une respirabilit\u00e9 optimale.<\/p>\n<p>Il se distingue par sa r\u00e9sistance \u00e0 la flexion, au froissement et \u00e0 la compression, offrant ainsi une protection suffisante \u00e0 l&rsquo;orteil. L&rsquo;int\u00e9rieur est doubl\u00e9 d&rsquo;une maille de polyester douce, tandis que la semelle int\u00e9rieure antibact\u00e9rienne offre un confort suppl\u00e9mentaire. La semelle en polyur\u00e9thane inject\u00e9 double densit\u00e9 et la languette coussin\u00e9e assurent une sensation de confort durable.<\/p>\n<p>De plus, l&#8217;embout extr\u00eamement l\u00e9ger et flexible offre une protection exceptionnelle avec une r\u00e9sistance de 200J. Dot\u00e9es de semelles intercalaires <span class=\"hiddenSpellError\">anti-crevaison<\/span> en Kevlar\u00ae jusqu&rsquo;\u00e0 1100N (P), ces chaussures conviennent \u00e0 diverses conditions de travail. Il est anticorrosif et hautement r\u00e9sistant aux hydrocarbures, aux huiles et aux alcalis, garantissant une durabilit\u00e9 exceptionnelle et une protection compl\u00e8te.<\/p>\n","protected":false},"featured_media":9195,"comment_status":"open","ping_status":"closed","template":"","meta":[],"product_brand":[],"product_cat":[1284],"product_tag":[],"class_list":{"0":"post-9484","1":"product","2":"type-product","3":"status-publish","4":"has-post-thumbnail","6":"product_cat-chaussures-de-travail","8":"first","9":"instock","10":"sale","11":"taxable","12":"shipping-taxable","13":"purchasable","14":"product-type-variable"},"yoast_head":"<!-- This site is optimized with the Yoast SEO plugin v27.3 - https:\/\/yoast.com\/product\/yoast-seo-wordpress\/ -->\n<title>Paire de chaussures mod\u00e8le Vesubio | SAIGA<\/title>\n<meta name=\"description\" content=\"Chaussures respirantes et r\u00e9sistantes, dot\u00e9es d&#039;un embout en composite l\u00e9ger et d&#039;une protection anti-crevaison en kevlar\u00ae, parfaites pour les environnements de travail exigeants.\" \/>\n<meta name=\"robots\" content=\"index, follow, max-snippet:-1, max-image-preview:large, max-video-preview:-1\" \/>\n<link rel=\"canonical\" href=\"https:\/\/saiga.es\/fr\/produit\/paire-de-chaussures-modele-vesubio\/\" \/>\n<meta property=\"og:locale\" content=\"fr_FR\" \/>\n<meta property=\"og:type\" content=\"article\" \/>\n<meta property=\"og:title\" content=\"Paire de chaussures mod\u00e8le Vesubio | SAIGA\" \/>\n<meta property=\"og:description\" content=\"Chaussures respirantes et r\u00e9sistantes, dot\u00e9es d&#039;un embout en composite l\u00e9ger et d&#039;une protection anti-crevaison en kevlar\u00ae, parfaites pour les environnements de travail exigeants.\" \/>\n<meta property=\"og:url\" content=\"https:\/\/saiga.es\/fr\/produit\/paire-de-chaussures-modele-vesubio\/\" \/>\n<meta property=\"og:site_name\" content=\"SAIGA\" \/>\n<meta property=\"og:image\" content=\"https:\/\/saiga.es\/wp-content\/uploads\/2024\/03\/zapatos-con-cordones-en-serraje-nobuck-safetop-vesubio.jpg\" \/>\n\t<meta property=\"og:image:width\" content=\"1200\" \/>\n\t<meta property=\"og:image:height\" content=\"1372\" \/>\n\t<meta property=\"og:image:type\" content=\"image\/jpeg\" \/>\n<meta name=\"twitter:card\" content=\"summary_large_image\" \/>\n<meta name=\"twitter:site\" content=\"@saiga_agro\" \/>\n<meta name=\"twitter:label1\" content=\"Dur\u00e9e de lecture estim\u00e9e\" \/>\n\t<meta name=\"twitter:data1\" content=\"1 minute\" \/>\n<script type=\"application\/ld+json\" class=\"yoast-schema-graph\">{\"@context\":\"https:\\\/\\\/schema.org\",\"@graph\":[{\"@type\":\"WebPage\",\"@id\":\"https:\\\/\\\/saiga.es\\\/fr\\\/produit\\\/paire-de-chaussures-modele-vesubio\\\/\",\"url\":\"https:\\\/\\\/saiga.es\\\/fr\\\/produit\\\/paire-de-chaussures-modele-vesubio\\\/\",\"name\":\"Paire de chaussures mod\u00e8le Vesubio | SAIGA\",\"isPartOf\":{\"@id\":\"https:\\\/\\\/saiga.es\\\/fr\\\/#website\"},\"primaryImageOfPage\":{\"@id\":\"https:\\\/\\\/saiga.es\\\/fr\\\/produit\\\/paire-de-chaussures-modele-vesubio\\\/#primaryimage\"},\"image\":{\"@id\":\"https:\\\/\\\/saiga.es\\\/fr\\\/produit\\\/paire-de-chaussures-modele-vesubio\\\/#primaryimage\"},\"thumbnailUrl\":\"https:\\\/\\\/saiga.es\\\/wp-content\\\/uploads\\\/2024\\\/03\\\/zapatos-con-cordones-en-serraje-nobuck-safetop-vesubio.jpg\",\"datePublished\":\"2024-03-25T09:11:48+00:00\",\"description\":\"Chaussures respirantes et r\u00e9sistantes, dot\u00e9es d'un embout en composite l\u00e9ger et d'une protection anti-crevaison en kevlar\u00ae, parfaites pour les environnements de travail exigeants.\",\"breadcrumb\":{\"@id\":\"https:\\\/\\\/saiga.es\\\/fr\\\/produit\\\/paire-de-chaussures-modele-vesubio\\\/#breadcrumb\"},\"inLanguage\":\"fr-FR\",\"potentialAction\":[{\"@type\":\"ReadAction\",\"target\":[\"https:\\\/\\\/saiga.es\\\/fr\\\/produit\\\/paire-de-chaussures-modele-vesubio\\\/\"]}]},{\"@type\":\"ImageObject\",\"inLanguage\":\"fr-FR\",\"@id\":\"https:\\\/\\\/saiga.es\\\/fr\\\/produit\\\/paire-de-chaussures-modele-vesubio\\\/#primaryimage\",\"url\":\"https:\\\/\\\/saiga.es\\\/wp-content\\\/uploads\\\/2024\\\/03\\\/zapatos-con-cordones-en-serraje-nobuck-safetop-vesubio.jpg\",\"contentUrl\":\"https:\\\/\\\/saiga.es\\\/wp-content\\\/uploads\\\/2024\\\/03\\\/zapatos-con-cordones-en-serraje-nobuck-safetop-vesubio.jpg\",\"width\":1200,\"height\":1372},{\"@type\":\"BreadcrumbList\",\"@id\":\"https:\\\/\\\/saiga.es\\\/fr\\\/produit\\\/paire-de-chaussures-modele-vesubio\\\/#breadcrumb\",\"itemListElement\":[{\"@type\":\"ListItem\",\"position\":1,\"name\":\"Inici\",\"item\":\"https:\\\/\\\/saiga.es\\\/fr\\\/\"},{\"@type\":\"ListItem\",\"position\":2,\"name\":\"boutique\",\"item\":\"https:\\\/\\\/saiga.es\\\/fr\\\/boutique\\\/\"},{\"@type\":\"ListItem\",\"position\":3,\"name\":\"Paire de chaussures mod\u00e8le Vesubio\"}]},{\"@type\":\"WebSite\",\"@id\":\"https:\\\/\\\/saiga.es\\\/fr\\\/#website\",\"url\":\"https:\\\/\\\/saiga.es\\\/fr\\\/\",\"name\":\"SAIGA\",\"description\":\"M\u00e9s de 50 anys al servei de la terra i treballant per a un \u00fas eficient de l\u2019aigua!\",\"publisher\":{\"@id\":\"https:\\\/\\\/saiga.es\\\/fr\\\/#organization\"},\"potentialAction\":[{\"@type\":\"SearchAction\",\"target\":{\"@type\":\"EntryPoint\",\"urlTemplate\":\"https:\\\/\\\/saiga.es\\\/fr\\\/?s={search_term_string}\"},\"query-input\":{\"@type\":\"PropertyValueSpecification\",\"valueRequired\":true,\"valueName\":\"search_term_string\"}}],\"inLanguage\":\"fr-FR\"},{\"@type\":\"Organization\",\"@id\":\"https:\\\/\\\/saiga.es\\\/fr\\\/#organization\",\"name\":\"SAIGA\",\"url\":\"https:\\\/\\\/saiga.es\\\/fr\\\/\",\"logo\":{\"@type\":\"ImageObject\",\"inLanguage\":\"fr-FR\",\"@id\":\"https:\\\/\\\/saiga.es\\\/fr\\\/#\\\/schema\\\/logo\\\/image\\\/\",\"url\":\"https:\\\/\\\/saiga.es\\\/wp-content\\\/uploads\\\/2025\\\/07\\\/logo_saiga_baseline_optimitzat.svg\",\"contentUrl\":\"https:\\\/\\\/saiga.es\\\/wp-content\\\/uploads\\\/2025\\\/07\\\/logo_saiga_baseline_optimitzat.svg\",\"caption\":\"SAIGA\"},\"image\":{\"@id\":\"https:\\\/\\\/saiga.es\\\/fr\\\/#\\\/schema\\\/logo\\\/image\\\/\"},\"sameAs\":[\"https:\\\/\\\/x.com\\\/saiga_agro\",\"https:\\\/\\\/www.instagram.com\\\/saiga_agro\\\/\"]}]}<\/script>\n<!-- \/ Yoast SEO plugin. -->","yoast_head_json":{"title":"Paire de chaussures mod\u00e8le Vesubio | SAIGA","description":"Chaussures respirantes et r\u00e9sistantes, dot\u00e9es d'un embout en composite l\u00e9ger et d'une protection anti-crevaison en kevlar\u00ae, parfaites pour les environnements de travail exigeants.","robots":{"index":"index","follow":"follow","max-snippet":"max-snippet:-1","max-image-preview":"max-image-preview:large","max-video-preview":"max-video-preview:-1"},"canonical":"https:\/\/saiga.es\/fr\/produit\/paire-de-chaussures-modele-vesubio\/","og_locale":"fr_FR","og_type":"article","og_title":"Paire de chaussures mod\u00e8le Vesubio | SAIGA","og_description":"Chaussures respirantes et r\u00e9sistantes, dot\u00e9es d'un embout en composite l\u00e9ger et d'une protection anti-crevaison en kevlar\u00ae, parfaites pour les environnements de travail exigeants.","og_url":"https:\/\/saiga.es\/fr\/produit\/paire-de-chaussures-modele-vesubio\/","og_site_name":"SAIGA","og_image":[{"width":1200,"height":1372,"url":"https:\/\/saiga.es\/wp-content\/uploads\/2024\/03\/zapatos-con-cordones-en-serraje-nobuck-safetop-vesubio.jpg","type":"image\/jpeg"}],"twitter_card":"summary_large_image","twitter_site":"@saiga_agro","twitter_misc":{"Dur\u00e9e de lecture estim\u00e9e":"1 minute"},"schema":{"@context":"https:\/\/schema.org","@graph":[{"@type":"WebPage","@id":"https:\/\/saiga.es\/fr\/produit\/paire-de-chaussures-modele-vesubio\/","url":"https:\/\/saiga.es\/fr\/produit\/paire-de-chaussures-modele-vesubio\/","name":"Paire de chaussures mod\u00e8le Vesubio | SAIGA","isPartOf":{"@id":"https:\/\/saiga.es\/fr\/#website"},"primaryImageOfPage":{"@id":"https:\/\/saiga.es\/fr\/produit\/paire-de-chaussures-modele-vesubio\/#primaryimage"},"image":{"@id":"https:\/\/saiga.es\/fr\/produit\/paire-de-chaussures-modele-vesubio\/#primaryimage"},"thumbnailUrl":"https:\/\/saiga.es\/wp-content\/uploads\/2024\/03\/zapatos-con-cordones-en-serraje-nobuck-safetop-vesubio.jpg","datePublished":"2024-03-25T09:11:48+00:00","description":"Chaussures respirantes et r\u00e9sistantes, dot\u00e9es d'un embout en composite l\u00e9ger et d'une protection anti-crevaison en kevlar\u00ae, parfaites pour les environnements de travail exigeants.","breadcrumb":{"@id":"https:\/\/saiga.es\/fr\/produit\/paire-de-chaussures-modele-vesubio\/#breadcrumb"},"inLanguage":"fr-FR","potentialAction":[{"@type":"ReadAction","target":["https:\/\/saiga.es\/fr\/produit\/paire-de-chaussures-modele-vesubio\/"]}]},{"@type":"ImageObject","inLanguage":"fr-FR","@id":"https:\/\/saiga.es\/fr\/produit\/paire-de-chaussures-modele-vesubio\/#primaryimage","url":"https:\/\/saiga.es\/wp-content\/uploads\/2024\/03\/zapatos-con-cordones-en-serraje-nobuck-safetop-vesubio.jpg","contentUrl":"https:\/\/saiga.es\/wp-content\/uploads\/2024\/03\/zapatos-con-cordones-en-serraje-nobuck-safetop-vesubio.jpg","width":1200,"height":1372},{"@type":"BreadcrumbList","@id":"https:\/\/saiga.es\/fr\/produit\/paire-de-chaussures-modele-vesubio\/#breadcrumb","itemListElement":[{"@type":"ListItem","position":1,"name":"Inici","item":"https:\/\/saiga.es\/fr\/"},{"@type":"ListItem","position":2,"name":"boutique","item":"https:\/\/saiga.es\/fr\/boutique\/"},{"@type":"ListItem","position":3,"name":"Paire de chaussures mod\u00e8le Vesubio"}]},{"@type":"WebSite","@id":"https:\/\/saiga.es\/fr\/#website","url":"https:\/\/saiga.es\/fr\/","name":"SAIGA","description":"M\u00e9s de 50 anys al servei de la terra i treballant per a un \u00fas eficient de l\u2019aigua!","publisher":{"@id":"https:\/\/saiga.es\/fr\/#organization"},"potentialAction":[{"@type":"SearchAction","target":{"@type":"EntryPoint","urlTemplate":"https:\/\/saiga.es\/fr\/?s={search_term_string}"},"query-input":{"@type":"PropertyValueSpecification","valueRequired":true,"valueName":"search_term_string"}}],"inLanguage":"fr-FR"},{"@type":"Organization","@id":"https:\/\/saiga.es\/fr\/#organization","name":"SAIGA","url":"https:\/\/saiga.es\/fr\/","logo":{"@type":"ImageObject","inLanguage":"fr-FR","@id":"https:\/\/saiga.es\/fr\/#\/schema\/logo\/image\/","url":"https:\/\/saiga.es\/wp-content\/uploads\/2025\/07\/logo_saiga_baseline_optimitzat.svg","contentUrl":"https:\/\/saiga.es\/wp-content\/uploads\/2025\/07\/logo_saiga_baseline_optimitzat.svg","caption":"SAIGA"},"image":{"@id":"https:\/\/saiga.es\/fr\/#\/schema\/logo\/image\/"},"sameAs":["https:\/\/x.com\/saiga_agro","https:\/\/www.instagram.com\/saiga_agro\/"]}]}},"_links":{"self":[{"href":"https:\/\/saiga.es\/fr\/wp-json\/wp\/v2\/product\/9484","targetHints":{"allow":["GET"]}}],"collection":[{"href":"https:\/\/saiga.es\/fr\/wp-json\/wp\/v2\/product"}],"about":[{"href":"https:\/\/saiga.es\/fr\/wp-json\/wp\/v2\/types\/product"}],"replies":[{"embeddable":true,"href":"https:\/\/saiga.es\/fr\/wp-json\/wp\/v2\/comments?post=9484"}],"wp:featuredmedia":[{"embeddable":true,"href":"https:\/\/saiga.es\/fr\/wp-json\/wp\/v2\/media\/9195"}],"wp:attachment":[{"href":"https:\/\/saiga.es\/fr\/wp-json\/wp\/v2\/media?parent=9484"}],"wp:term":[{"taxonomy":"product_brand","embeddable":true,"href":"https:\/\/saiga.es\/fr\/wp-json\/wp\/v2\/product_brand?post=9484"},{"taxonomy":"product_cat","embeddable":true,"href":"https:\/\/saiga.es\/fr\/wp-json\/wp\/v2\/product_cat?post=9484"},{"taxonomy":"product_tag","embeddable":true,"href":"https:\/\/saiga.es\/fr\/wp-json\/wp\/v2\/product_tag?post=9484"}],"curies":[{"name":"wp","href":"https:\/\/api.w.org\/{rel}","templated":true}]}}