{"id":9493,"date":"2024-03-25T09:11:48","date_gmt":"2024-03-25T09:11:48","guid":{"rendered":"https:\/\/botiga.saiga.es\/producte\/par-de-zapatos-modelo-vesubio\/"},"modified":"2025-10-24T15:27:15","modified_gmt":"2025-10-24T15:27:15","slug":"parell-de-sabates-model-vesubi","status":"publish","type":"product","link":"https:\/\/saiga.es\/fr\/produit\/parell-de-sabates-model-vesubi\/","title":{"rendered":"Parell de sabates model Vesubi"},"content":{"rendered":"<p>Parell de sabates model Vesubi<\/p>\n<p>Sabates amb cordons elaborat amb serra nobuck de color marr\u00f3, dotat amb forats per airejar estrat\u00e8gicament situats per mantenir el peu ventilat i assegurar una transpiraci\u00f3 \u00f2ptima.<\/p>\n<p>Destaca per la seva resist\u00e8ncia a la flexi\u00f3, l&rsquo;arrugament i la compressi\u00f3, oferint una protecci\u00f3 ampla al dit del peu. L\u00b4interior est\u00e0 recobert amb una suau malla de poli\u00e8ster, mentre que la plantilla antibacteriana proporciona un confort addicional. La sola de doble densitat de poliuret\u00e0 injectat i la lleng\u00fceta encoixinada asseguren una sensaci\u00f3 de comoditat duradora.<\/p>\n<p>A m\u00e9s, la punta extremadament lleugera i flexible ofereix una protecci\u00f3 excepcional amb una resist\u00e8ncia de 200J. Amb uns entres\u00f2ls de kevlar\u00ae antiperforacions fins a 1100N (P), aquestes sabates s\u00f3n adequades per a diverses condicions laborals. \u00c9s anticorrosiu i altament resistents a hidrocarburs, olis i \u00e0lcalis, garantint una durabilitat excepcional i protecci\u00f3 integral.<\/p>\n","protected":false},"excerpt":{"rendered":"<p>Parell de sabates model Vesubi<\/p>\n<p>Sabates amb cordons elaborat amb serra nobuck de color marr\u00f3, dotat amb forats per airejar estrat\u00e8gicament situats per mantenir el peu ventilat i assegurar una transpiraci\u00f3 \u00f2ptima.<\/p>\n<p>Destaca per la seva resist\u00e8ncia a la flexi\u00f3, l&rsquo;arrugament i la compressi\u00f3, oferint una protecci\u00f3 ampla al dit del peu. L\u00b4interior est\u00e0 recobert amb una suau malla de poli\u00e8ster, mentre que la plantilla antibacteriana proporciona un confort addicional. La sola de doble densitat de poliuret\u00e0 injectat i la lleng\u00fceta encoixinada asseguren una sensaci\u00f3 de comoditat duradora.<\/p>\n<p>A m\u00e9s, la punta extremadament lleugera i flexible ofereix una protecci\u00f3 excepcional amb una resist\u00e8ncia de 200J. Amb uns entres\u00f2ls de kevlar\u00ae antiperforacions fins a 1100N (P), aquestes sabates s\u00f3n adequades per a diverses condicions laborals. \u00c9s anticorrosiu i altament resistents a hidrocarburs, olis i \u00e0lcalis, garantint una durabilitat excepcional i protecci\u00f3 integral.<\/p>\n","protected":false},"featured_media":9196,"comment_status":"open","ping_status":"closed","template":"","meta":[],"product_brand":[],"product_cat":[100],"product_tag":[],"class_list":{"0":"post-9493","1":"product","2":"type-product","3":"status-publish","4":"has-post-thumbnail","6":"product_cat-sabates-de-treball","8":"first","9":"outofstock","10":"taxable","11":"shipping-taxable","12":"purchasable","13":"product-type-variable"},"yoast_head":"<!-- This site is optimized with the Yoast SEO plugin v27.3 - https:\/\/yoast.com\/product\/yoast-seo-wordpress\/ -->\n<title>Parell de sabates model Vesubi | SAIGA<\/title>\n<meta name=\"description\" content=\"Sabates transpirables i resistents, amb puntera de composite lleugera i protecci\u00f3 antiperforacions de kevlar\u00ae, perfectes per a entorns laborals exigents.\" \/>\n<meta name=\"robots\" content=\"index, follow, max-snippet:-1, max-image-preview:large, max-video-preview:-1\" \/>\n<link rel=\"canonical\" href=\"https:\/\/saiga.es\/fr\/produit\/parell-de-sabates-model-vesubi\/\" \/>\n<meta property=\"og:locale\" content=\"fr_FR\" \/>\n<meta property=\"og:type\" content=\"article\" \/>\n<meta property=\"og:title\" content=\"Parell de sabates model Vesubi | SAIGA\" \/>\n<meta property=\"og:description\" content=\"Sabates transpirables i resistents, amb puntera de composite lleugera i protecci\u00f3 antiperforacions de kevlar\u00ae, perfectes per a entorns laborals exigents.\" \/>\n<meta property=\"og:url\" content=\"https:\/\/saiga.es\/fr\/produit\/parell-de-sabates-model-vesubi\/\" \/>\n<meta property=\"og:site_name\" content=\"SAIGA\" \/>\n<meta property=\"article:modified_time\" content=\"2025-10-24T15:27:15+00:00\" \/>\n<meta property=\"og:image\" content=\"https:\/\/saiga.es\/wp-content\/uploads\/2024\/03\/zapatos-con-cordones-en-serraje-nobuck-safetop-vesubio.jpg\" \/>\n\t<meta property=\"og:image:width\" content=\"1200\" \/>\n\t<meta property=\"og:image:height\" content=\"1372\" \/>\n\t<meta property=\"og:image:type\" content=\"image\/jpeg\" \/>\n<meta name=\"twitter:card\" content=\"summary_large_image\" \/>\n<meta name=\"twitter:site\" content=\"@saiga_agro\" \/>\n<meta name=\"twitter:label1\" content=\"Dur\u00e9e de lecture estim\u00e9e\" \/>\n\t<meta name=\"twitter:data1\" content=\"1 minute\" \/>\n<script type=\"application\/ld+json\" class=\"yoast-schema-graph\">{\"@context\":\"https:\\\/\\\/schema.org\",\"@graph\":[{\"@type\":\"WebPage\",\"@id\":\"https:\\\/\\\/saiga.es\\\/fr\\\/produit\\\/parell-de-sabates-model-vesubi\\\/\",\"url\":\"https:\\\/\\\/saiga.es\\\/fr\\\/produit\\\/parell-de-sabates-model-vesubi\\\/\",\"name\":\"Parell de sabates model Vesubi | SAIGA\",\"isPartOf\":{\"@id\":\"https:\\\/\\\/saiga.es\\\/fr\\\/#website\"},\"primaryImageOfPage\":{\"@id\":\"https:\\\/\\\/saiga.es\\\/fr\\\/produit\\\/parell-de-sabates-model-vesubi\\\/#primaryimage\"},\"image\":{\"@id\":\"https:\\\/\\\/saiga.es\\\/fr\\\/produit\\\/parell-de-sabates-model-vesubi\\\/#primaryimage\"},\"thumbnailUrl\":\"https:\\\/\\\/saiga.es\\\/wp-content\\\/uploads\\\/2024\\\/03\\\/zapatos-con-cordones-en-serraje-nobuck-safetop-vesubio.jpg\",\"datePublished\":\"2024-03-25T09:11:48+00:00\",\"dateModified\":\"2025-10-24T15:27:15+00:00\",\"description\":\"Sabates transpirables i resistents, amb puntera de composite lleugera i protecci\u00f3 antiperforacions de kevlar\u00ae, perfectes per a entorns laborals exigents.\",\"breadcrumb\":{\"@id\":\"https:\\\/\\\/saiga.es\\\/fr\\\/produit\\\/parell-de-sabates-model-vesubi\\\/#breadcrumb\"},\"inLanguage\":\"fr-FR\",\"potentialAction\":[{\"@type\":\"ReadAction\",\"target\":[\"https:\\\/\\\/saiga.es\\\/fr\\\/produit\\\/parell-de-sabates-model-vesubi\\\/\"]}]},{\"@type\":\"ImageObject\",\"inLanguage\":\"fr-FR\",\"@id\":\"https:\\\/\\\/saiga.es\\\/fr\\\/produit\\\/parell-de-sabates-model-vesubi\\\/#primaryimage\",\"url\":\"https:\\\/\\\/saiga.es\\\/wp-content\\\/uploads\\\/2024\\\/03\\\/zapatos-con-cordones-en-serraje-nobuck-safetop-vesubio.jpg\",\"contentUrl\":\"https:\\\/\\\/saiga.es\\\/wp-content\\\/uploads\\\/2024\\\/03\\\/zapatos-con-cordones-en-serraje-nobuck-safetop-vesubio.jpg\",\"width\":1200,\"height\":1372},{\"@type\":\"BreadcrumbList\",\"@id\":\"https:\\\/\\\/saiga.es\\\/fr\\\/produit\\\/parell-de-sabates-model-vesubi\\\/#breadcrumb\",\"itemListElement\":[{\"@type\":\"ListItem\",\"position\":1,\"name\":\"Inici\",\"item\":\"https:\\\/\\\/saiga.es\\\/fr\\\/\"},{\"@type\":\"ListItem\",\"position\":2,\"name\":\"boutique\",\"item\":\"https:\\\/\\\/saiga.es\\\/fr\\\/boutique\\\/\"},{\"@type\":\"ListItem\",\"position\":3,\"name\":\"Parell de sabates model Vesubi\"}]},{\"@type\":\"WebSite\",\"@id\":\"https:\\\/\\\/saiga.es\\\/fr\\\/#website\",\"url\":\"https:\\\/\\\/saiga.es\\\/fr\\\/\",\"name\":\"SAIGA\",\"description\":\"M\u00e9s de 50 anys al servei de la terra i treballant per a un \u00fas eficient de l\u2019aigua!\",\"publisher\":{\"@id\":\"https:\\\/\\\/saiga.es\\\/fr\\\/#organization\"},\"potentialAction\":[{\"@type\":\"SearchAction\",\"target\":{\"@type\":\"EntryPoint\",\"urlTemplate\":\"https:\\\/\\\/saiga.es\\\/fr\\\/?s={search_term_string}\"},\"query-input\":{\"@type\":\"PropertyValueSpecification\",\"valueRequired\":true,\"valueName\":\"search_term_string\"}}],\"inLanguage\":\"fr-FR\"},{\"@type\":\"Organization\",\"@id\":\"https:\\\/\\\/saiga.es\\\/fr\\\/#organization\",\"name\":\"SAIGA\",\"url\":\"https:\\\/\\\/saiga.es\\\/fr\\\/\",\"logo\":{\"@type\":\"ImageObject\",\"inLanguage\":\"fr-FR\",\"@id\":\"https:\\\/\\\/saiga.es\\\/fr\\\/#\\\/schema\\\/logo\\\/image\\\/\",\"url\":\"https:\\\/\\\/saiga.es\\\/wp-content\\\/uploads\\\/2025\\\/07\\\/logo_saiga_baseline_optimitzat.svg\",\"contentUrl\":\"https:\\\/\\\/saiga.es\\\/wp-content\\\/uploads\\\/2025\\\/07\\\/logo_saiga_baseline_optimitzat.svg\",\"caption\":\"SAIGA\"},\"image\":{\"@id\":\"https:\\\/\\\/saiga.es\\\/fr\\\/#\\\/schema\\\/logo\\\/image\\\/\"},\"sameAs\":[\"https:\\\/\\\/x.com\\\/saiga_agro\",\"https:\\\/\\\/www.instagram.com\\\/saiga_agro\\\/\"]}]}<\/script>\n<!-- \/ Yoast SEO plugin. -->","yoast_head_json":{"title":"Parell de sabates model Vesubi | SAIGA","description":"Sabates transpirables i resistents, amb puntera de composite lleugera i protecci\u00f3 antiperforacions de kevlar\u00ae, perfectes per a entorns laborals exigents.","robots":{"index":"index","follow":"follow","max-snippet":"max-snippet:-1","max-image-preview":"max-image-preview:large","max-video-preview":"max-video-preview:-1"},"canonical":"https:\/\/saiga.es\/fr\/produit\/parell-de-sabates-model-vesubi\/","og_locale":"fr_FR","og_type":"article","og_title":"Parell de sabates model Vesubi | SAIGA","og_description":"Sabates transpirables i resistents, amb puntera de composite lleugera i protecci\u00f3 antiperforacions de kevlar\u00ae, perfectes per a entorns laborals exigents.","og_url":"https:\/\/saiga.es\/fr\/produit\/parell-de-sabates-model-vesubi\/","og_site_name":"SAIGA","article_modified_time":"2025-10-24T15:27:15+00:00","og_image":[{"width":1200,"height":1372,"url":"https:\/\/saiga.es\/wp-content\/uploads\/2024\/03\/zapatos-con-cordones-en-serraje-nobuck-safetop-vesubio.jpg","type":"image\/jpeg"}],"twitter_card":"summary_large_image","twitter_site":"@saiga_agro","twitter_misc":{"Dur\u00e9e de lecture estim\u00e9e":"1 minute"},"schema":{"@context":"https:\/\/schema.org","@graph":[{"@type":"WebPage","@id":"https:\/\/saiga.es\/fr\/produit\/parell-de-sabates-model-vesubi\/","url":"https:\/\/saiga.es\/fr\/produit\/parell-de-sabates-model-vesubi\/","name":"Parell de sabates model Vesubi | SAIGA","isPartOf":{"@id":"https:\/\/saiga.es\/fr\/#website"},"primaryImageOfPage":{"@id":"https:\/\/saiga.es\/fr\/produit\/parell-de-sabates-model-vesubi\/#primaryimage"},"image":{"@id":"https:\/\/saiga.es\/fr\/produit\/parell-de-sabates-model-vesubi\/#primaryimage"},"thumbnailUrl":"https:\/\/saiga.es\/wp-content\/uploads\/2024\/03\/zapatos-con-cordones-en-serraje-nobuck-safetop-vesubio.jpg","datePublished":"2024-03-25T09:11:48+00:00","dateModified":"2025-10-24T15:27:15+00:00","description":"Sabates transpirables i resistents, amb puntera de composite lleugera i protecci\u00f3 antiperforacions de kevlar\u00ae, perfectes per a entorns laborals exigents.","breadcrumb":{"@id":"https:\/\/saiga.es\/fr\/produit\/parell-de-sabates-model-vesubi\/#breadcrumb"},"inLanguage":"fr-FR","potentialAction":[{"@type":"ReadAction","target":["https:\/\/saiga.es\/fr\/produit\/parell-de-sabates-model-vesubi\/"]}]},{"@type":"ImageObject","inLanguage":"fr-FR","@id":"https:\/\/saiga.es\/fr\/produit\/parell-de-sabates-model-vesubi\/#primaryimage","url":"https:\/\/saiga.es\/wp-content\/uploads\/2024\/03\/zapatos-con-cordones-en-serraje-nobuck-safetop-vesubio.jpg","contentUrl":"https:\/\/saiga.es\/wp-content\/uploads\/2024\/03\/zapatos-con-cordones-en-serraje-nobuck-safetop-vesubio.jpg","width":1200,"height":1372},{"@type":"BreadcrumbList","@id":"https:\/\/saiga.es\/fr\/produit\/parell-de-sabates-model-vesubi\/#breadcrumb","itemListElement":[{"@type":"ListItem","position":1,"name":"Inici","item":"https:\/\/saiga.es\/fr\/"},{"@type":"ListItem","position":2,"name":"boutique","item":"https:\/\/saiga.es\/fr\/boutique\/"},{"@type":"ListItem","position":3,"name":"Parell de sabates model Vesubi"}]},{"@type":"WebSite","@id":"https:\/\/saiga.es\/fr\/#website","url":"https:\/\/saiga.es\/fr\/","name":"SAIGA","description":"M\u00e9s de 50 anys al servei de la terra i treballant per a un \u00fas eficient de l\u2019aigua!","publisher":{"@id":"https:\/\/saiga.es\/fr\/#organization"},"potentialAction":[{"@type":"SearchAction","target":{"@type":"EntryPoint","urlTemplate":"https:\/\/saiga.es\/fr\/?s={search_term_string}"},"query-input":{"@type":"PropertyValueSpecification","valueRequired":true,"valueName":"search_term_string"}}],"inLanguage":"fr-FR"},{"@type":"Organization","@id":"https:\/\/saiga.es\/fr\/#organization","name":"SAIGA","url":"https:\/\/saiga.es\/fr\/","logo":{"@type":"ImageObject","inLanguage":"fr-FR","@id":"https:\/\/saiga.es\/fr\/#\/schema\/logo\/image\/","url":"https:\/\/saiga.es\/wp-content\/uploads\/2025\/07\/logo_saiga_baseline_optimitzat.svg","contentUrl":"https:\/\/saiga.es\/wp-content\/uploads\/2025\/07\/logo_saiga_baseline_optimitzat.svg","caption":"SAIGA"},"image":{"@id":"https:\/\/saiga.es\/fr\/#\/schema\/logo\/image\/"},"sameAs":["https:\/\/x.com\/saiga_agro","https:\/\/www.instagram.com\/saiga_agro\/"]}]}},"_links":{"self":[{"href":"https:\/\/saiga.es\/fr\/wp-json\/wp\/v2\/product\/9493","targetHints":{"allow":["GET"]}}],"collection":[{"href":"https:\/\/saiga.es\/fr\/wp-json\/wp\/v2\/product"}],"about":[{"href":"https:\/\/saiga.es\/fr\/wp-json\/wp\/v2\/types\/product"}],"replies":[{"embeddable":true,"href":"https:\/\/saiga.es\/fr\/wp-json\/wp\/v2\/comments?post=9493"}],"wp:featuredmedia":[{"embeddable":true,"href":"https:\/\/saiga.es\/fr\/wp-json\/wp\/v2\/media\/9196"}],"wp:attachment":[{"href":"https:\/\/saiga.es\/fr\/wp-json\/wp\/v2\/media?parent=9493"}],"wp:term":[{"taxonomy":"product_brand","embeddable":true,"href":"https:\/\/saiga.es\/fr\/wp-json\/wp\/v2\/product_brand?post=9493"},{"taxonomy":"product_cat","embeddable":true,"href":"https:\/\/saiga.es\/fr\/wp-json\/wp\/v2\/product_cat?post=9493"},{"taxonomy":"product_tag","embeddable":true,"href":"https:\/\/saiga.es\/fr\/wp-json\/wp\/v2\/product_tag?post=9493"}],"curies":[{"name":"wp","href":"https:\/\/api.w.org\/{rel}","templated":true}]}}