{"id":9582,"date":"2024-03-27T11:51:29","date_gmt":"2024-03-27T11:51:29","guid":{"rendered":"https:\/\/botiga.saiga.es\/producte\/automatique-siemens-5sl62327\/"},"modified":"2024-03-27T11:51:29","modified_gmt":"2024-03-27T11:51:29","slug":"automatique-siemens-5sl62327","status":"publish","type":"product","link":"https:\/\/saiga.es\/fr\/produit\/automatique-siemens-5sl62327\/","title":{"rendered":"Automatique Siemens 5SL62327"},"content":{"rendered":"<p>Le disjoncteur Siemens 5SL62327 est la solution id\u00e9ale pour la protection \u00e9lectrique dans les environnements r\u00e9sidentiels et commerciaux. D&rsquo;une capacit\u00e9 de 32 amp\u00e8res et 3 p\u00f4les, il offre une protection fiable contre les surcharges et les courts-circuits. Compact et de premi\u00e8re qualit\u00e9, il garantit un fonctionnement s\u00fbr et efficace des syst\u00e8mes \u00e9lectriques. Dot\u00e9 d\u2019une technologie avanc\u00e9e, c\u2019est un choix fiable pour vos besoins de protection \u00e9lectrique.<\/p>\n","protected":false},"excerpt":{"rendered":"<p>Le disjoncteur Siemens 5SL62327 est la solution id\u00e9ale pour la protection \u00e9lectrique dans les environnements r\u00e9sidentiels et commerciaux.<\/p>\n","protected":false},"featured_media":9580,"comment_status":"open","ping_status":"closed","template":"","meta":[],"product_brand":[],"product_cat":[1296],"product_tag":[1289,1291],"class_list":{"0":"post-9582","1":"product","2":"type-product","3":"status-publish","4":"has-post-thumbnail","6":"product_cat-disjoncteurs","7":"product_tag-automatique","8":"product_tag-equipement-electrique","10":"first","11":"instock","12":"taxable","13":"shipping-taxable","14":"purchasable","15":"product-type-simple"},"yoast_head":"<!-- This site is optimized with the Yoast SEO plugin v27.3 - https:\/\/yoast.com\/product\/yoast-seo-wordpress\/ -->\n<title>Automatique Siemens 5SL62327 | SAIGA<\/title>\n<meta name=\"description\" content=\"Le disjoncteur Siemens 5SL62327 est la solution id\u00e9ale pour la protection \u00e9lectrique dans les environnements r\u00e9sidentiels et commerciaux.\" \/>\n<meta name=\"robots\" content=\"index, follow, max-snippet:-1, max-image-preview:large, max-video-preview:-1\" \/>\n<link rel=\"canonical\" href=\"https:\/\/saiga.es\/fr\/produit\/automatique-siemens-5sl62327\/\" \/>\n<meta property=\"og:locale\" content=\"fr_FR\" \/>\n<meta property=\"og:type\" content=\"article\" \/>\n<meta property=\"og:title\" content=\"Automatique Siemens 5SL62327 | SAIGA\" \/>\n<meta property=\"og:description\" content=\"Le disjoncteur Siemens 5SL62327 est la solution id\u00e9ale pour la protection \u00e9lectrique dans les environnements r\u00e9sidentiels et commerciaux.\" \/>\n<meta property=\"og:url\" content=\"https:\/\/saiga.es\/fr\/produit\/automatique-siemens-5sl62327\/\" \/>\n<meta property=\"og:site_name\" content=\"SAIGA\" \/>\n<meta property=\"og:image\" content=\"https:\/\/saiga.es\/wp-content\/uploads\/2024\/03\/INSIEM5SL62327.jpg\" \/>\n\t<meta property=\"og:image:width\" content=\"342\" \/>\n\t<meta property=\"og:image:height\" content=\"342\" \/>\n\t<meta property=\"og:image:type\" content=\"image\/jpeg\" \/>\n<meta name=\"twitter:card\" content=\"summary_large_image\" \/>\n<meta name=\"twitter:site\" content=\"@saiga_agro\" \/>\n<script type=\"application\/ld+json\" class=\"yoast-schema-graph\">{\"@context\":\"https:\\\/\\\/schema.org\",\"@graph\":[{\"@type\":\"WebPage\",\"@id\":\"https:\\\/\\\/saiga.es\\\/fr\\\/produit\\\/automatique-siemens-5sl62327\\\/\",\"url\":\"https:\\\/\\\/saiga.es\\\/fr\\\/produit\\\/automatique-siemens-5sl62327\\\/\",\"name\":\"Automatique Siemens 5SL62327 | SAIGA\",\"isPartOf\":{\"@id\":\"https:\\\/\\\/saiga.es\\\/fr\\\/#website\"},\"primaryImageOfPage\":{\"@id\":\"https:\\\/\\\/saiga.es\\\/fr\\\/produit\\\/automatique-siemens-5sl62327\\\/#primaryimage\"},\"image\":{\"@id\":\"https:\\\/\\\/saiga.es\\\/fr\\\/produit\\\/automatique-siemens-5sl62327\\\/#primaryimage\"},\"thumbnailUrl\":\"https:\\\/\\\/saiga.es\\\/wp-content\\\/uploads\\\/2024\\\/03\\\/INSIEM5SL62327.jpg\",\"datePublished\":\"2024-03-27T11:51:29+00:00\",\"description\":\"Le disjoncteur Siemens 5SL62327 est la solution id\u00e9ale pour la protection \u00e9lectrique dans les environnements r\u00e9sidentiels et commerciaux.\",\"breadcrumb\":{\"@id\":\"https:\\\/\\\/saiga.es\\\/fr\\\/produit\\\/automatique-siemens-5sl62327\\\/#breadcrumb\"},\"inLanguage\":\"fr-FR\",\"potentialAction\":[{\"@type\":\"ReadAction\",\"target\":[\"https:\\\/\\\/saiga.es\\\/fr\\\/produit\\\/automatique-siemens-5sl62327\\\/\"]}]},{\"@type\":\"ImageObject\",\"inLanguage\":\"fr-FR\",\"@id\":\"https:\\\/\\\/saiga.es\\\/fr\\\/produit\\\/automatique-siemens-5sl62327\\\/#primaryimage\",\"url\":\"https:\\\/\\\/saiga.es\\\/wp-content\\\/uploads\\\/2024\\\/03\\\/INSIEM5SL62327.jpg\",\"contentUrl\":\"https:\\\/\\\/saiga.es\\\/wp-content\\\/uploads\\\/2024\\\/03\\\/INSIEM5SL62327.jpg\",\"width\":342,\"height\":342,\"caption\":\"Automatique Siemens 5SL62327\"},{\"@type\":\"BreadcrumbList\",\"@id\":\"https:\\\/\\\/saiga.es\\\/fr\\\/produit\\\/automatique-siemens-5sl62327\\\/#breadcrumb\",\"itemListElement\":[{\"@type\":\"ListItem\",\"position\":1,\"name\":\"Inici\",\"item\":\"https:\\\/\\\/saiga.es\\\/fr\\\/\"},{\"@type\":\"ListItem\",\"position\":2,\"name\":\"boutique\",\"item\":\"https:\\\/\\\/saiga.es\\\/fr\\\/boutique\\\/\"},{\"@type\":\"ListItem\",\"position\":3,\"name\":\"Automatique Siemens 5SL62327\"}]},{\"@type\":\"WebSite\",\"@id\":\"https:\\\/\\\/saiga.es\\\/fr\\\/#website\",\"url\":\"https:\\\/\\\/saiga.es\\\/fr\\\/\",\"name\":\"SAIGA\",\"description\":\"M\u00e9s de 50 anys al servei de la terra i treballant per a un \u00fas eficient de l\u2019aigua!\",\"publisher\":{\"@id\":\"https:\\\/\\\/saiga.es\\\/fr\\\/#organization\"},\"potentialAction\":[{\"@type\":\"SearchAction\",\"target\":{\"@type\":\"EntryPoint\",\"urlTemplate\":\"https:\\\/\\\/saiga.es\\\/fr\\\/?s={search_term_string}\"},\"query-input\":{\"@type\":\"PropertyValueSpecification\",\"valueRequired\":true,\"valueName\":\"search_term_string\"}}],\"inLanguage\":\"fr-FR\"},{\"@type\":\"Organization\",\"@id\":\"https:\\\/\\\/saiga.es\\\/fr\\\/#organization\",\"name\":\"SAIGA\",\"url\":\"https:\\\/\\\/saiga.es\\\/fr\\\/\",\"logo\":{\"@type\":\"ImageObject\",\"inLanguage\":\"fr-FR\",\"@id\":\"https:\\\/\\\/saiga.es\\\/fr\\\/#\\\/schema\\\/logo\\\/image\\\/\",\"url\":\"https:\\\/\\\/saiga.es\\\/wp-content\\\/uploads\\\/2025\\\/07\\\/logo_saiga_baseline_optimitzat.svg\",\"contentUrl\":\"https:\\\/\\\/saiga.es\\\/wp-content\\\/uploads\\\/2025\\\/07\\\/logo_saiga_baseline_optimitzat.svg\",\"caption\":\"SAIGA\"},\"image\":{\"@id\":\"https:\\\/\\\/saiga.es\\\/fr\\\/#\\\/schema\\\/logo\\\/image\\\/\"},\"sameAs\":[\"https:\\\/\\\/x.com\\\/saiga_agro\",\"https:\\\/\\\/www.instagram.com\\\/saiga_agro\\\/\"]}]}<\/script>\n<!-- \/ Yoast SEO plugin. -->","yoast_head_json":{"title":"Automatique Siemens 5SL62327 | SAIGA","description":"Le disjoncteur Siemens 5SL62327 est la solution id\u00e9ale pour la protection \u00e9lectrique dans les environnements r\u00e9sidentiels et commerciaux.","robots":{"index":"index","follow":"follow","max-snippet":"max-snippet:-1","max-image-preview":"max-image-preview:large","max-video-preview":"max-video-preview:-1"},"canonical":"https:\/\/saiga.es\/fr\/produit\/automatique-siemens-5sl62327\/","og_locale":"fr_FR","og_type":"article","og_title":"Automatique Siemens 5SL62327 | SAIGA","og_description":"Le disjoncteur Siemens 5SL62327 est la solution id\u00e9ale pour la protection \u00e9lectrique dans les environnements r\u00e9sidentiels et commerciaux.","og_url":"https:\/\/saiga.es\/fr\/produit\/automatique-siemens-5sl62327\/","og_site_name":"SAIGA","og_image":[{"width":342,"height":342,"url":"https:\/\/saiga.es\/wp-content\/uploads\/2024\/03\/INSIEM5SL62327.jpg","type":"image\/jpeg"}],"twitter_card":"summary_large_image","twitter_site":"@saiga_agro","schema":{"@context":"https:\/\/schema.org","@graph":[{"@type":"WebPage","@id":"https:\/\/saiga.es\/fr\/produit\/automatique-siemens-5sl62327\/","url":"https:\/\/saiga.es\/fr\/produit\/automatique-siemens-5sl62327\/","name":"Automatique Siemens 5SL62327 | SAIGA","isPartOf":{"@id":"https:\/\/saiga.es\/fr\/#website"},"primaryImageOfPage":{"@id":"https:\/\/saiga.es\/fr\/produit\/automatique-siemens-5sl62327\/#primaryimage"},"image":{"@id":"https:\/\/saiga.es\/fr\/produit\/automatique-siemens-5sl62327\/#primaryimage"},"thumbnailUrl":"https:\/\/saiga.es\/wp-content\/uploads\/2024\/03\/INSIEM5SL62327.jpg","datePublished":"2024-03-27T11:51:29+00:00","description":"Le disjoncteur Siemens 5SL62327 est la solution id\u00e9ale pour la protection \u00e9lectrique dans les environnements r\u00e9sidentiels et commerciaux.","breadcrumb":{"@id":"https:\/\/saiga.es\/fr\/produit\/automatique-siemens-5sl62327\/#breadcrumb"},"inLanguage":"fr-FR","potentialAction":[{"@type":"ReadAction","target":["https:\/\/saiga.es\/fr\/produit\/automatique-siemens-5sl62327\/"]}]},{"@type":"ImageObject","inLanguage":"fr-FR","@id":"https:\/\/saiga.es\/fr\/produit\/automatique-siemens-5sl62327\/#primaryimage","url":"https:\/\/saiga.es\/wp-content\/uploads\/2024\/03\/INSIEM5SL62327.jpg","contentUrl":"https:\/\/saiga.es\/wp-content\/uploads\/2024\/03\/INSIEM5SL62327.jpg","width":342,"height":342,"caption":"Automatique Siemens 5SL62327"},{"@type":"BreadcrumbList","@id":"https:\/\/saiga.es\/fr\/produit\/automatique-siemens-5sl62327\/#breadcrumb","itemListElement":[{"@type":"ListItem","position":1,"name":"Inici","item":"https:\/\/saiga.es\/fr\/"},{"@type":"ListItem","position":2,"name":"boutique","item":"https:\/\/saiga.es\/fr\/boutique\/"},{"@type":"ListItem","position":3,"name":"Automatique Siemens 5SL62327"}]},{"@type":"WebSite","@id":"https:\/\/saiga.es\/fr\/#website","url":"https:\/\/saiga.es\/fr\/","name":"SAIGA","description":"M\u00e9s de 50 anys al servei de la terra i treballant per a un \u00fas eficient de l\u2019aigua!","publisher":{"@id":"https:\/\/saiga.es\/fr\/#organization"},"potentialAction":[{"@type":"SearchAction","target":{"@type":"EntryPoint","urlTemplate":"https:\/\/saiga.es\/fr\/?s={search_term_string}"},"query-input":{"@type":"PropertyValueSpecification","valueRequired":true,"valueName":"search_term_string"}}],"inLanguage":"fr-FR"},{"@type":"Organization","@id":"https:\/\/saiga.es\/fr\/#organization","name":"SAIGA","url":"https:\/\/saiga.es\/fr\/","logo":{"@type":"ImageObject","inLanguage":"fr-FR","@id":"https:\/\/saiga.es\/fr\/#\/schema\/logo\/image\/","url":"https:\/\/saiga.es\/wp-content\/uploads\/2025\/07\/logo_saiga_baseline_optimitzat.svg","contentUrl":"https:\/\/saiga.es\/wp-content\/uploads\/2025\/07\/logo_saiga_baseline_optimitzat.svg","caption":"SAIGA"},"image":{"@id":"https:\/\/saiga.es\/fr\/#\/schema\/logo\/image\/"},"sameAs":["https:\/\/x.com\/saiga_agro","https:\/\/www.instagram.com\/saiga_agro\/"]}]}},"_links":{"self":[{"href":"https:\/\/saiga.es\/fr\/wp-json\/wp\/v2\/product\/9582","targetHints":{"allow":["GET"]}}],"collection":[{"href":"https:\/\/saiga.es\/fr\/wp-json\/wp\/v2\/product"}],"about":[{"href":"https:\/\/saiga.es\/fr\/wp-json\/wp\/v2\/types\/product"}],"replies":[{"embeddable":true,"href":"https:\/\/saiga.es\/fr\/wp-json\/wp\/v2\/comments?post=9582"}],"wp:featuredmedia":[{"embeddable":true,"href":"https:\/\/saiga.es\/fr\/wp-json\/wp\/v2\/media\/9580"}],"wp:attachment":[{"href":"https:\/\/saiga.es\/fr\/wp-json\/wp\/v2\/media?parent=9582"}],"wp:term":[{"taxonomy":"product_brand","embeddable":true,"href":"https:\/\/saiga.es\/fr\/wp-json\/wp\/v2\/product_brand?post=9582"},{"taxonomy":"product_cat","embeddable":true,"href":"https:\/\/saiga.es\/fr\/wp-json\/wp\/v2\/product_cat?post=9582"},{"taxonomy":"product_tag","embeddable":true,"href":"https:\/\/saiga.es\/fr\/wp-json\/wp\/v2\/product_tag?post=9582"}],"curies":[{"name":"wp","href":"https:\/\/api.w.org\/{rel}","templated":true}]}}