{"id":9612,"date":"2024-03-28T10:15:40","date_gmt":"2024-03-28T10:15:40","guid":{"rendered":"https:\/\/botiga.saiga.es\/producte\/lampe-de-poche-led-solaire-rechargeable-10w\/"},"modified":"2024-03-28T10:15:40","modified_gmt":"2024-03-28T10:15:40","slug":"lampe-de-poche-led-solaire-rechargeable-10w","status":"publish","type":"product","link":"https:\/\/saiga.es\/fr\/produit\/lampe-de-poche-led-solaire-rechargeable-10w\/","title":{"rendered":"Lampe de poche LED solaire rechargeable 10w"},"content":{"rendered":"<p>Lampe de poche LED solaire rechargeable 10w<\/p>\n<p>La lampe frontale solaire dispose d&rsquo;un indicateur de charge et d&rsquo;un panneau solaire de 5,5 W d&rsquo;une capacit\u00e9 de 210 mAh. Aliment\u00e9 par une batterie au lithium 3,7 V CC d&rsquo;une capacit\u00e9 de 4 000 mAh. Elle offre une puissance de 3 W et 270 lm pour la lampe de poche principale, tandis que pour la lampe de poche frontale, elle dispose de 10 W avec options d&rsquo;\u00e9clairage : 25 % (250 lm), 50 % (500 lm), 100 % (1000 lm), mode lumi\u00e8re rouge et mode signal SOS. . Le temps de charge est de 4 heures avec une entr\u00e9e USB 5VDC 1A et de 5 heures avec l&rsquo;\u00e9nergie solaire, sous r\u00e9serve des conditions m\u00e9t\u00e9orologiques. Il a une autonomie de 7 heures \u00e0 25%, 5,5 heures \u00e0 50% et 3,5 heures \u00e0 100%. De plus, il comprend une fonction powerbank et ses dimensions sont de 141x73x19mm.<\/p>\n","protected":false},"excerpt":{"rendered":"<p>Lampe de poche LED solaire rechargeable 10w<\/p>\n<p>La lampe frontale solaire dispose d&rsquo;un indicateur de charge et d&rsquo;un panneau solaire de 5,5 W d&rsquo;une capacit\u00e9 de 210 mAh. Aliment\u00e9 par une batterie au lithium 3,7 V CC d&rsquo;une capacit\u00e9 de 4 000 mAh. Elle offre une puissance de 3 W et 270 lm pour la lampe de poche principale, tandis que pour la lampe de poche frontale, elle dispose de 10 W avec options d&rsquo;\u00e9clairage : 25 % (250 lm), 50 % (500 lm), 100 % (1000 lm), mode lumi\u00e8re rouge et mode signal SOS. . Le temps de charge est de 4 heures avec une entr\u00e9e USB 5VDC 1A et de 5 heures avec l&rsquo;\u00e9nergie solaire, sous r\u00e9serve des conditions m\u00e9t\u00e9orologiques. Il a une autonomie de 7 heures \u00e0 25%, 5,5 heures \u00e0 50% et 3,5 heures \u00e0 100%. De plus, il comprend une fonction powerbank et ses dimensions sont de 141x73x19mm.<\/p>\n","protected":false},"featured_media":9595,"comment_status":"open","ping_status":"closed","template":"","meta":[],"product_brand":[],"product_cat":[451],"product_tag":[],"class_list":{"0":"post-9612","1":"product","2":"type-product","3":"status-publish","4":"has-post-thumbnail","6":"product_cat-eclairage-pour-la-maison","8":"first","9":"instock","10":"sale","11":"taxable","12":"shipping-taxable","13":"purchasable","14":"product-type-simple"},"yoast_head":"<!-- This site is optimized with the Yoast SEO plugin v27.4 - https:\/\/yoast.com\/product\/yoast-seo-wordpress\/ -->\n<title>Lampe de poche LED solaire rechargeable 10w | SAIGA<\/title>\n<meta name=\"description\" content=\"Lanterne frontale solaire avec panneau solaire de 5,5 W. Batterie au lithium 4000 mAh, \u00e9clairage principal 3 W (270 lm) et \u00e9clairage avant 10 W avec plusieurs options.\" \/>\n<meta name=\"robots\" content=\"index, follow, max-snippet:-1, max-image-preview:large, max-video-preview:-1\" \/>\n<link rel=\"canonical\" href=\"https:\/\/saiga.es\/fr\/produit\/lampe-de-poche-led-solaire-rechargeable-10w\/\" \/>\n<meta property=\"og:locale\" content=\"fr_FR\" \/>\n<meta property=\"og:type\" content=\"article\" \/>\n<meta property=\"og:title\" content=\"Lampe de poche LED solaire rechargeable 10w | SAIGA\" \/>\n<meta property=\"og:description\" content=\"Lanterne frontale solaire avec panneau solaire de 5,5 W. Batterie au lithium 4000 mAh, \u00e9clairage principal 3 W (270 lm) et \u00e9clairage avant 10 W avec plusieurs options.\" \/>\n<meta property=\"og:url\" content=\"https:\/\/saiga.es\/fr\/produit\/lampe-de-poche-led-solaire-rechargeable-10w\/\" \/>\n<meta property=\"og:site_name\" content=\"SAIGA\" \/>\n<meta property=\"og:image\" content=\"https:\/\/saiga.es\/wp-content\/uploads\/2024\/03\/60.496-1.jpg\" \/>\n\t<meta property=\"og:image:width\" content=\"346\" \/>\n\t<meta property=\"og:image:height\" content=\"367\" \/>\n\t<meta property=\"og:image:type\" content=\"image\/jpeg\" \/>\n<meta name=\"twitter:card\" content=\"summary_large_image\" \/>\n<meta name=\"twitter:site\" content=\"@saiga_agro\" \/>\n<meta name=\"twitter:label1\" content=\"Dur\u00e9e de lecture estim\u00e9e\" \/>\n\t<meta name=\"twitter:data1\" content=\"1 minute\" \/>\n<script type=\"application\/ld+json\" class=\"yoast-schema-graph\">{\"@context\":\"https:\\\/\\\/schema.org\",\"@graph\":[{\"@type\":\"WebPage\",\"@id\":\"https:\\\/\\\/saiga.es\\\/fr\\\/produit\\\/lampe-de-poche-led-solaire-rechargeable-10w\\\/\",\"url\":\"https:\\\/\\\/saiga.es\\\/fr\\\/produit\\\/lampe-de-poche-led-solaire-rechargeable-10w\\\/\",\"name\":\"Lampe de poche LED solaire rechargeable 10w | SAIGA\",\"isPartOf\":{\"@id\":\"https:\\\/\\\/saiga.es\\\/fr\\\/#website\"},\"primaryImageOfPage\":{\"@id\":\"https:\\\/\\\/saiga.es\\\/fr\\\/produit\\\/lampe-de-poche-led-solaire-rechargeable-10w\\\/#primaryimage\"},\"image\":{\"@id\":\"https:\\\/\\\/saiga.es\\\/fr\\\/produit\\\/lampe-de-poche-led-solaire-rechargeable-10w\\\/#primaryimage\"},\"thumbnailUrl\":\"https:\\\/\\\/saiga.es\\\/wp-content\\\/uploads\\\/2024\\\/03\\\/60.496-1.jpg\",\"datePublished\":\"2024-03-28T10:15:40+00:00\",\"description\":\"Lanterne frontale solaire avec panneau solaire de 5,5 W. Batterie au lithium 4000 mAh, \u00e9clairage principal 3 W (270 lm) et \u00e9clairage avant 10 W avec plusieurs options.\",\"breadcrumb\":{\"@id\":\"https:\\\/\\\/saiga.es\\\/fr\\\/produit\\\/lampe-de-poche-led-solaire-rechargeable-10w\\\/#breadcrumb\"},\"inLanguage\":\"fr-FR\",\"potentialAction\":[{\"@type\":\"ReadAction\",\"target\":[\"https:\\\/\\\/saiga.es\\\/fr\\\/produit\\\/lampe-de-poche-led-solaire-rechargeable-10w\\\/\"]}]},{\"@type\":\"ImageObject\",\"inLanguage\":\"fr-FR\",\"@id\":\"https:\\\/\\\/saiga.es\\\/fr\\\/produit\\\/lampe-de-poche-led-solaire-rechargeable-10w\\\/#primaryimage\",\"url\":\"https:\\\/\\\/saiga.es\\\/wp-content\\\/uploads\\\/2024\\\/03\\\/60.496-1.jpg\",\"contentUrl\":\"https:\\\/\\\/saiga.es\\\/wp-content\\\/uploads\\\/2024\\\/03\\\/60.496-1.jpg\",\"width\":346,\"height\":367},{\"@type\":\"BreadcrumbList\",\"@id\":\"https:\\\/\\\/saiga.es\\\/fr\\\/produit\\\/lampe-de-poche-led-solaire-rechargeable-10w\\\/#breadcrumb\",\"itemListElement\":[{\"@type\":\"ListItem\",\"position\":1,\"name\":\"Inici\",\"item\":\"https:\\\/\\\/saiga.es\\\/fr\\\/\"},{\"@type\":\"ListItem\",\"position\":2,\"name\":\"boutique\",\"item\":\"https:\\\/\\\/saiga.es\\\/fr\\\/boutique\\\/\"},{\"@type\":\"ListItem\",\"position\":3,\"name\":\"Lampe de poche LED solaire rechargeable 10w\"}]},{\"@type\":\"WebSite\",\"@id\":\"https:\\\/\\\/saiga.es\\\/fr\\\/#website\",\"url\":\"https:\\\/\\\/saiga.es\\\/fr\\\/\",\"name\":\"SAIGA\",\"description\":\"M\u00e9s de 50 anys al servei de la terra i treballant per a un \u00fas eficient de l\u2019aigua!\",\"publisher\":{\"@id\":\"https:\\\/\\\/saiga.es\\\/fr\\\/#organization\"},\"potentialAction\":[{\"@type\":\"SearchAction\",\"target\":{\"@type\":\"EntryPoint\",\"urlTemplate\":\"https:\\\/\\\/saiga.es\\\/fr\\\/?s={search_term_string}\"},\"query-input\":{\"@type\":\"PropertyValueSpecification\",\"valueRequired\":true,\"valueName\":\"search_term_string\"}}],\"inLanguage\":\"fr-FR\"},{\"@type\":\"Organization\",\"@id\":\"https:\\\/\\\/saiga.es\\\/fr\\\/#organization\",\"name\":\"SAIGA\",\"url\":\"https:\\\/\\\/saiga.es\\\/fr\\\/\",\"logo\":{\"@type\":\"ImageObject\",\"inLanguage\":\"fr-FR\",\"@id\":\"https:\\\/\\\/saiga.es\\\/fr\\\/#\\\/schema\\\/logo\\\/image\\\/\",\"url\":\"https:\\\/\\\/saiga.es\\\/wp-content\\\/uploads\\\/2025\\\/07\\\/logo_saiga_baseline_optimitzat.svg\",\"contentUrl\":\"https:\\\/\\\/saiga.es\\\/wp-content\\\/uploads\\\/2025\\\/07\\\/logo_saiga_baseline_optimitzat.svg\",\"caption\":\"SAIGA\"},\"image\":{\"@id\":\"https:\\\/\\\/saiga.es\\\/fr\\\/#\\\/schema\\\/logo\\\/image\\\/\"},\"sameAs\":[\"https:\\\/\\\/x.com\\\/saiga_agro\",\"https:\\\/\\\/www.instagram.com\\\/saiga_agro\\\/\"]}]}<\/script>\n<!-- \/ Yoast SEO plugin. -->","yoast_head_json":{"title":"Lampe de poche LED solaire rechargeable 10w | SAIGA","description":"Lanterne frontale solaire avec panneau solaire de 5,5 W. Batterie au lithium 4000 mAh, \u00e9clairage principal 3 W (270 lm) et \u00e9clairage avant 10 W avec plusieurs options.","robots":{"index":"index","follow":"follow","max-snippet":"max-snippet:-1","max-image-preview":"max-image-preview:large","max-video-preview":"max-video-preview:-1"},"canonical":"https:\/\/saiga.es\/fr\/produit\/lampe-de-poche-led-solaire-rechargeable-10w\/","og_locale":"fr_FR","og_type":"article","og_title":"Lampe de poche LED solaire rechargeable 10w | SAIGA","og_description":"Lanterne frontale solaire avec panneau solaire de 5,5 W. Batterie au lithium 4000 mAh, \u00e9clairage principal 3 W (270 lm) et \u00e9clairage avant 10 W avec plusieurs options.","og_url":"https:\/\/saiga.es\/fr\/produit\/lampe-de-poche-led-solaire-rechargeable-10w\/","og_site_name":"SAIGA","og_image":[{"width":346,"height":367,"url":"https:\/\/saiga.es\/wp-content\/uploads\/2024\/03\/60.496-1.jpg","type":"image\/jpeg"}],"twitter_card":"summary_large_image","twitter_site":"@saiga_agro","twitter_misc":{"Dur\u00e9e de lecture estim\u00e9e":"1 minute"},"schema":{"@context":"https:\/\/schema.org","@graph":[{"@type":"WebPage","@id":"https:\/\/saiga.es\/fr\/produit\/lampe-de-poche-led-solaire-rechargeable-10w\/","url":"https:\/\/saiga.es\/fr\/produit\/lampe-de-poche-led-solaire-rechargeable-10w\/","name":"Lampe de poche LED solaire rechargeable 10w | SAIGA","isPartOf":{"@id":"https:\/\/saiga.es\/fr\/#website"},"primaryImageOfPage":{"@id":"https:\/\/saiga.es\/fr\/produit\/lampe-de-poche-led-solaire-rechargeable-10w\/#primaryimage"},"image":{"@id":"https:\/\/saiga.es\/fr\/produit\/lampe-de-poche-led-solaire-rechargeable-10w\/#primaryimage"},"thumbnailUrl":"https:\/\/saiga.es\/wp-content\/uploads\/2024\/03\/60.496-1.jpg","datePublished":"2024-03-28T10:15:40+00:00","description":"Lanterne frontale solaire avec panneau solaire de 5,5 W. Batterie au lithium 4000 mAh, \u00e9clairage principal 3 W (270 lm) et \u00e9clairage avant 10 W avec plusieurs options.","breadcrumb":{"@id":"https:\/\/saiga.es\/fr\/produit\/lampe-de-poche-led-solaire-rechargeable-10w\/#breadcrumb"},"inLanguage":"fr-FR","potentialAction":[{"@type":"ReadAction","target":["https:\/\/saiga.es\/fr\/produit\/lampe-de-poche-led-solaire-rechargeable-10w\/"]}]},{"@type":"ImageObject","inLanguage":"fr-FR","@id":"https:\/\/saiga.es\/fr\/produit\/lampe-de-poche-led-solaire-rechargeable-10w\/#primaryimage","url":"https:\/\/saiga.es\/wp-content\/uploads\/2024\/03\/60.496-1.jpg","contentUrl":"https:\/\/saiga.es\/wp-content\/uploads\/2024\/03\/60.496-1.jpg","width":346,"height":367},{"@type":"BreadcrumbList","@id":"https:\/\/saiga.es\/fr\/produit\/lampe-de-poche-led-solaire-rechargeable-10w\/#breadcrumb","itemListElement":[{"@type":"ListItem","position":1,"name":"Inici","item":"https:\/\/saiga.es\/fr\/"},{"@type":"ListItem","position":2,"name":"boutique","item":"https:\/\/saiga.es\/fr\/boutique\/"},{"@type":"ListItem","position":3,"name":"Lampe de poche LED solaire rechargeable 10w"}]},{"@type":"WebSite","@id":"https:\/\/saiga.es\/fr\/#website","url":"https:\/\/saiga.es\/fr\/","name":"SAIGA","description":"M\u00e9s de 50 anys al servei de la terra i treballant per a un \u00fas eficient de l\u2019aigua!","publisher":{"@id":"https:\/\/saiga.es\/fr\/#organization"},"potentialAction":[{"@type":"SearchAction","target":{"@type":"EntryPoint","urlTemplate":"https:\/\/saiga.es\/fr\/?s={search_term_string}"},"query-input":{"@type":"PropertyValueSpecification","valueRequired":true,"valueName":"search_term_string"}}],"inLanguage":"fr-FR"},{"@type":"Organization","@id":"https:\/\/saiga.es\/fr\/#organization","name":"SAIGA","url":"https:\/\/saiga.es\/fr\/","logo":{"@type":"ImageObject","inLanguage":"fr-FR","@id":"https:\/\/saiga.es\/fr\/#\/schema\/logo\/image\/","url":"https:\/\/saiga.es\/wp-content\/uploads\/2025\/07\/logo_saiga_baseline_optimitzat.svg","contentUrl":"https:\/\/saiga.es\/wp-content\/uploads\/2025\/07\/logo_saiga_baseline_optimitzat.svg","caption":"SAIGA"},"image":{"@id":"https:\/\/saiga.es\/fr\/#\/schema\/logo\/image\/"},"sameAs":["https:\/\/x.com\/saiga_agro","https:\/\/www.instagram.com\/saiga_agro\/"]}]}},"_links":{"self":[{"href":"https:\/\/saiga.es\/fr\/wp-json\/wp\/v2\/product\/9612","targetHints":{"allow":["GET"]}}],"collection":[{"href":"https:\/\/saiga.es\/fr\/wp-json\/wp\/v2\/product"}],"about":[{"href":"https:\/\/saiga.es\/fr\/wp-json\/wp\/v2\/types\/product"}],"replies":[{"embeddable":true,"href":"https:\/\/saiga.es\/fr\/wp-json\/wp\/v2\/comments?post=9612"}],"wp:featuredmedia":[{"embeddable":true,"href":"https:\/\/saiga.es\/fr\/wp-json\/wp\/v2\/media\/9595"}],"wp:attachment":[{"href":"https:\/\/saiga.es\/fr\/wp-json\/wp\/v2\/media?parent=9612"}],"wp:term":[{"taxonomy":"product_brand","embeddable":true,"href":"https:\/\/saiga.es\/fr\/wp-json\/wp\/v2\/product_brand?post=9612"},{"taxonomy":"product_cat","embeddable":true,"href":"https:\/\/saiga.es\/fr\/wp-json\/wp\/v2\/product_cat?post=9612"},{"taxonomy":"product_tag","embeddable":true,"href":"https:\/\/saiga.es\/fr\/wp-json\/wp\/v2\/product_tag?post=9612"}],"curies":[{"name":"wp","href":"https:\/\/api.w.org\/{rel}","templated":true}]}}