{"id":9617,"date":"2024-03-28T14:27:56","date_gmt":"2024-03-28T14:27:56","guid":{"rendered":"https:\/\/botiga.saiga.es\/producte\/arroseur-rain-bird-2045-08\/"},"modified":"2024-03-28T14:27:56","modified_gmt":"2024-03-28T14:27:56","slug":"arroseur-rain-bird-2045-08","status":"publish","type":"product","link":"https:\/\/saiga.es\/fr\/produit\/arroseur-rain-bird-2045-08\/","title":{"rendered":"Arroseur Rain Bird 2045\/08"},"content":{"rendered":"<p>L&rsquo;arroseur Rain Bird Maxi Paw 2045\/08 est dot\u00e9 d&rsquo;un jet puissant qui permet une s\u00e9paration maximale et offre une irrigation sup\u00e9rieure \u00e0 courte port\u00e9e et une distribution uniforme de l&rsquo;eau. Une faible chute de pression et une conception efficace \u00e0 d\u00e9bit direct permettent d&rsquo;\u00e9conomiser de l&rsquo;\u00e9nergie et sont parfaites pour les applications d&rsquo;eau sale.<\/p>\n<p>Le Seal-A-Matic\u2122 en option emp\u00eache le ruissellement, le colmatage et l&rsquo;\u00e9rosion caus\u00e9s par le drainage aux points les plus bas. Et plus important encore, il est robuste et fiable, se pr\u00e9sentant \u00e0 maintes reprises gr\u00e2ce au joint d&rsquo;\u00e9tanch\u00e9it\u00e9 multifonctionnel.<\/p>\n<p>&nbsp;<\/p>\n<p>&nbsp;<\/p>\n","protected":false},"excerpt":{"rendered":"<p>Arroseurs \u00e0 impact r\u00e9tractables pour les applications d&rsquo;eau sale &#8211; jusqu&rsquo;\u00e0 45 pi (13,7 m) de s\u00e9paration.<\/p>\n","protected":false},"featured_media":11645,"comment_status":"closed","ping_status":"closed","template":"","meta":[],"product_brand":[],"product_cat":[470],"product_tag":[1315,1317,1316,824],"class_list":{"0":"post-9617","1":"product","2":"type-product","3":"status-publish","4":"has-post-thumbnail","6":"product_cat-arroseurs-et-diffuseurs","7":"product_tag-arroseurs","8":"product_tag-irrigation-par-aspersion","9":"product_tag-materiel-dirrigation","10":"product_tag-reg-fr","12":"first","13":"instock","14":"taxable","15":"shipping-taxable","16":"purchasable","17":"product-type-simple"},"yoast_head":"<!-- This site is optimized with the Yoast SEO plugin v27.4 - https:\/\/yoast.com\/product\/yoast-seo-wordpress\/ -->\n<title>Arroseur Rain Bird 2045\/08 | SAIGA<\/title>\n<meta name=\"description\" content=\"L&#039;arroseur Rain Bird Maxi Paw 2045\/08 est dot\u00e9 d&#039;un jet puissant qui permet une s\u00e9paration maximale et offre une irrigation sup\u00e9rieure \u00e0 courte port\u00e9e et une distribution uniforme de l&#039;eau.\" \/>\n<meta name=\"robots\" content=\"index, follow, max-snippet:-1, max-image-preview:large, max-video-preview:-1\" \/>\n<link rel=\"canonical\" href=\"https:\/\/saiga.es\/fr\/produit\/arroseur-rain-bird-2045-08\/\" \/>\n<meta property=\"og:locale\" content=\"fr_FR\" \/>\n<meta property=\"og:type\" content=\"article\" \/>\n<meta property=\"og:title\" content=\"Arroseur Rain Bird 2045\/08 | SAIGA\" \/>\n<meta property=\"og:description\" content=\"L&#039;arroseur Rain Bird Maxi Paw 2045\/08 est dot\u00e9 d&#039;un jet puissant qui permet une s\u00e9paration maximale et offre une irrigation sup\u00e9rieure \u00e0 courte port\u00e9e et une distribution uniforme de l&#039;eau.\" \/>\n<meta property=\"og:url\" content=\"https:\/\/saiga.es\/fr\/produit\/arroseur-rain-bird-2045-08\/\" \/>\n<meta property=\"og:site_name\" content=\"SAIGA\" \/>\n<meta property=\"og:image\" content=\"https:\/\/saiga.es\/wp-content\/uploads\/2024\/03\/Maxi-pow.jpg\" \/>\n\t<meta property=\"og:image:width\" content=\"1080\" \/>\n\t<meta property=\"og:image:height\" content=\"1080\" \/>\n\t<meta property=\"og:image:type\" content=\"image\/jpeg\" \/>\n<meta name=\"twitter:card\" content=\"summary_large_image\" \/>\n<meta name=\"twitter:site\" content=\"@saiga_agro\" \/>\n<meta name=\"twitter:label1\" content=\"Dur\u00e9e de lecture estim\u00e9e\" \/>\n\t<meta name=\"twitter:data1\" content=\"1 minute\" \/>\n<script type=\"application\/ld+json\" class=\"yoast-schema-graph\">{\"@context\":\"https:\\\/\\\/schema.org\",\"@graph\":[{\"@type\":\"WebPage\",\"@id\":\"https:\\\/\\\/saiga.es\\\/fr\\\/produit\\\/arroseur-rain-bird-2045-08\\\/\",\"url\":\"https:\\\/\\\/saiga.es\\\/fr\\\/produit\\\/arroseur-rain-bird-2045-08\\\/\",\"name\":\"Arroseur Rain Bird 2045\\\/08 | SAIGA\",\"isPartOf\":{\"@id\":\"https:\\\/\\\/saiga.es\\\/fr\\\/#website\"},\"primaryImageOfPage\":{\"@id\":\"https:\\\/\\\/saiga.es\\\/fr\\\/produit\\\/arroseur-rain-bird-2045-08\\\/#primaryimage\"},\"image\":{\"@id\":\"https:\\\/\\\/saiga.es\\\/fr\\\/produit\\\/arroseur-rain-bird-2045-08\\\/#primaryimage\"},\"thumbnailUrl\":\"https:\\\/\\\/saiga.es\\\/wp-content\\\/uploads\\\/2024\\\/03\\\/Maxi-pow.jpg\",\"datePublished\":\"2024-03-28T14:27:56+00:00\",\"description\":\"L'arroseur Rain Bird Maxi Paw 2045\\\/08 est dot\u00e9 d'un jet puissant qui permet une s\u00e9paration maximale et offre une irrigation sup\u00e9rieure \u00e0 courte port\u00e9e et une distribution uniforme de l'eau.\",\"breadcrumb\":{\"@id\":\"https:\\\/\\\/saiga.es\\\/fr\\\/produit\\\/arroseur-rain-bird-2045-08\\\/#breadcrumb\"},\"inLanguage\":\"fr-FR\",\"potentialAction\":[{\"@type\":\"ReadAction\",\"target\":[\"https:\\\/\\\/saiga.es\\\/fr\\\/produit\\\/arroseur-rain-bird-2045-08\\\/\"]}]},{\"@type\":\"ImageObject\",\"inLanguage\":\"fr-FR\",\"@id\":\"https:\\\/\\\/saiga.es\\\/fr\\\/produit\\\/arroseur-rain-bird-2045-08\\\/#primaryimage\",\"url\":\"https:\\\/\\\/saiga.es\\\/wp-content\\\/uploads\\\/2024\\\/03\\\/Maxi-pow.jpg\",\"contentUrl\":\"https:\\\/\\\/saiga.es\\\/wp-content\\\/uploads\\\/2024\\\/03\\\/Maxi-pow.jpg\",\"width\":1080,\"height\":1080,\"caption\":\"Aspersor Maxi Paw\"},{\"@type\":\"BreadcrumbList\",\"@id\":\"https:\\\/\\\/saiga.es\\\/fr\\\/produit\\\/arroseur-rain-bird-2045-08\\\/#breadcrumb\",\"itemListElement\":[{\"@type\":\"ListItem\",\"position\":1,\"name\":\"Inici\",\"item\":\"https:\\\/\\\/saiga.es\\\/fr\\\/\"},{\"@type\":\"ListItem\",\"position\":2,\"name\":\"boutique\",\"item\":\"https:\\\/\\\/saiga.es\\\/fr\\\/boutique\\\/\"},{\"@type\":\"ListItem\",\"position\":3,\"name\":\"Arroseur Rain Bird 2045\\\/08\"}]},{\"@type\":\"WebSite\",\"@id\":\"https:\\\/\\\/saiga.es\\\/fr\\\/#website\",\"url\":\"https:\\\/\\\/saiga.es\\\/fr\\\/\",\"name\":\"SAIGA\",\"description\":\"M\u00e9s de 50 anys al servei de la terra i treballant per a un \u00fas eficient de l\u2019aigua!\",\"publisher\":{\"@id\":\"https:\\\/\\\/saiga.es\\\/fr\\\/#organization\"},\"potentialAction\":[{\"@type\":\"SearchAction\",\"target\":{\"@type\":\"EntryPoint\",\"urlTemplate\":\"https:\\\/\\\/saiga.es\\\/fr\\\/?s={search_term_string}\"},\"query-input\":{\"@type\":\"PropertyValueSpecification\",\"valueRequired\":true,\"valueName\":\"search_term_string\"}}],\"inLanguage\":\"fr-FR\"},{\"@type\":\"Organization\",\"@id\":\"https:\\\/\\\/saiga.es\\\/fr\\\/#organization\",\"name\":\"SAIGA\",\"url\":\"https:\\\/\\\/saiga.es\\\/fr\\\/\",\"logo\":{\"@type\":\"ImageObject\",\"inLanguage\":\"fr-FR\",\"@id\":\"https:\\\/\\\/saiga.es\\\/fr\\\/#\\\/schema\\\/logo\\\/image\\\/\",\"url\":\"https:\\\/\\\/saiga.es\\\/wp-content\\\/uploads\\\/2025\\\/07\\\/logo_saiga_baseline_optimitzat.svg\",\"contentUrl\":\"https:\\\/\\\/saiga.es\\\/wp-content\\\/uploads\\\/2025\\\/07\\\/logo_saiga_baseline_optimitzat.svg\",\"caption\":\"SAIGA\"},\"image\":{\"@id\":\"https:\\\/\\\/saiga.es\\\/fr\\\/#\\\/schema\\\/logo\\\/image\\\/\"},\"sameAs\":[\"https:\\\/\\\/x.com\\\/saiga_agro\",\"https:\\\/\\\/www.instagram.com\\\/saiga_agro\\\/\"]}]}<\/script>\n<!-- \/ Yoast SEO plugin. -->","yoast_head_json":{"title":"Arroseur Rain Bird 2045\/08 | SAIGA","description":"L'arroseur Rain Bird Maxi Paw 2045\/08 est dot\u00e9 d'un jet puissant qui permet une s\u00e9paration maximale et offre une irrigation sup\u00e9rieure \u00e0 courte port\u00e9e et une distribution uniforme de l'eau.","robots":{"index":"index","follow":"follow","max-snippet":"max-snippet:-1","max-image-preview":"max-image-preview:large","max-video-preview":"max-video-preview:-1"},"canonical":"https:\/\/saiga.es\/fr\/produit\/arroseur-rain-bird-2045-08\/","og_locale":"fr_FR","og_type":"article","og_title":"Arroseur Rain Bird 2045\/08 | SAIGA","og_description":"L'arroseur Rain Bird Maxi Paw 2045\/08 est dot\u00e9 d'un jet puissant qui permet une s\u00e9paration maximale et offre une irrigation sup\u00e9rieure \u00e0 courte port\u00e9e et une distribution uniforme de l'eau.","og_url":"https:\/\/saiga.es\/fr\/produit\/arroseur-rain-bird-2045-08\/","og_site_name":"SAIGA","og_image":[{"width":1080,"height":1080,"url":"https:\/\/saiga.es\/wp-content\/uploads\/2024\/03\/Maxi-pow.jpg","type":"image\/jpeg"}],"twitter_card":"summary_large_image","twitter_site":"@saiga_agro","twitter_misc":{"Dur\u00e9e de lecture estim\u00e9e":"1 minute"},"schema":{"@context":"https:\/\/schema.org","@graph":[{"@type":"WebPage","@id":"https:\/\/saiga.es\/fr\/produit\/arroseur-rain-bird-2045-08\/","url":"https:\/\/saiga.es\/fr\/produit\/arroseur-rain-bird-2045-08\/","name":"Arroseur Rain Bird 2045\/08 | SAIGA","isPartOf":{"@id":"https:\/\/saiga.es\/fr\/#website"},"primaryImageOfPage":{"@id":"https:\/\/saiga.es\/fr\/produit\/arroseur-rain-bird-2045-08\/#primaryimage"},"image":{"@id":"https:\/\/saiga.es\/fr\/produit\/arroseur-rain-bird-2045-08\/#primaryimage"},"thumbnailUrl":"https:\/\/saiga.es\/wp-content\/uploads\/2024\/03\/Maxi-pow.jpg","datePublished":"2024-03-28T14:27:56+00:00","description":"L'arroseur Rain Bird Maxi Paw 2045\/08 est dot\u00e9 d'un jet puissant qui permet une s\u00e9paration maximale et offre une irrigation sup\u00e9rieure \u00e0 courte port\u00e9e et une distribution uniforme de l'eau.","breadcrumb":{"@id":"https:\/\/saiga.es\/fr\/produit\/arroseur-rain-bird-2045-08\/#breadcrumb"},"inLanguage":"fr-FR","potentialAction":[{"@type":"ReadAction","target":["https:\/\/saiga.es\/fr\/produit\/arroseur-rain-bird-2045-08\/"]}]},{"@type":"ImageObject","inLanguage":"fr-FR","@id":"https:\/\/saiga.es\/fr\/produit\/arroseur-rain-bird-2045-08\/#primaryimage","url":"https:\/\/saiga.es\/wp-content\/uploads\/2024\/03\/Maxi-pow.jpg","contentUrl":"https:\/\/saiga.es\/wp-content\/uploads\/2024\/03\/Maxi-pow.jpg","width":1080,"height":1080,"caption":"Aspersor Maxi Paw"},{"@type":"BreadcrumbList","@id":"https:\/\/saiga.es\/fr\/produit\/arroseur-rain-bird-2045-08\/#breadcrumb","itemListElement":[{"@type":"ListItem","position":1,"name":"Inici","item":"https:\/\/saiga.es\/fr\/"},{"@type":"ListItem","position":2,"name":"boutique","item":"https:\/\/saiga.es\/fr\/boutique\/"},{"@type":"ListItem","position":3,"name":"Arroseur Rain Bird 2045\/08"}]},{"@type":"WebSite","@id":"https:\/\/saiga.es\/fr\/#website","url":"https:\/\/saiga.es\/fr\/","name":"SAIGA","description":"M\u00e9s de 50 anys al servei de la terra i treballant per a un \u00fas eficient de l\u2019aigua!","publisher":{"@id":"https:\/\/saiga.es\/fr\/#organization"},"potentialAction":[{"@type":"SearchAction","target":{"@type":"EntryPoint","urlTemplate":"https:\/\/saiga.es\/fr\/?s={search_term_string}"},"query-input":{"@type":"PropertyValueSpecification","valueRequired":true,"valueName":"search_term_string"}}],"inLanguage":"fr-FR"},{"@type":"Organization","@id":"https:\/\/saiga.es\/fr\/#organization","name":"SAIGA","url":"https:\/\/saiga.es\/fr\/","logo":{"@type":"ImageObject","inLanguage":"fr-FR","@id":"https:\/\/saiga.es\/fr\/#\/schema\/logo\/image\/","url":"https:\/\/saiga.es\/wp-content\/uploads\/2025\/07\/logo_saiga_baseline_optimitzat.svg","contentUrl":"https:\/\/saiga.es\/wp-content\/uploads\/2025\/07\/logo_saiga_baseline_optimitzat.svg","caption":"SAIGA"},"image":{"@id":"https:\/\/saiga.es\/fr\/#\/schema\/logo\/image\/"},"sameAs":["https:\/\/x.com\/saiga_agro","https:\/\/www.instagram.com\/saiga_agro\/"]}]}},"_links":{"self":[{"href":"https:\/\/saiga.es\/fr\/wp-json\/wp\/v2\/product\/9617","targetHints":{"allow":["GET"]}}],"collection":[{"href":"https:\/\/saiga.es\/fr\/wp-json\/wp\/v2\/product"}],"about":[{"href":"https:\/\/saiga.es\/fr\/wp-json\/wp\/v2\/types\/product"}],"replies":[{"embeddable":true,"href":"https:\/\/saiga.es\/fr\/wp-json\/wp\/v2\/comments?post=9617"}],"wp:featuredmedia":[{"embeddable":true,"href":"https:\/\/saiga.es\/fr\/wp-json\/wp\/v2\/media\/11645"}],"wp:attachment":[{"href":"https:\/\/saiga.es\/fr\/wp-json\/wp\/v2\/media?parent=9617"}],"wp:term":[{"taxonomy":"product_brand","embeddable":true,"href":"https:\/\/saiga.es\/fr\/wp-json\/wp\/v2\/product_brand?post=9617"},{"taxonomy":"product_cat","embeddable":true,"href":"https:\/\/saiga.es\/fr\/wp-json\/wp\/v2\/product_cat?post=9617"},{"taxonomy":"product_tag","embeddable":true,"href":"https:\/\/saiga.es\/fr\/wp-json\/wp\/v2\/product_tag?post=9617"}],"curies":[{"name":"wp","href":"https:\/\/api.w.org\/{rel}","templated":true}]}}