{"id":9664,"date":"2024-04-02T10:16:12","date_gmt":"2024-04-02T10:16:12","guid":{"rendered":"https:\/\/botiga.saiga.es\/producte\/aloixatot-ceys-150ml\/"},"modified":"2024-04-02T10:16:12","modified_gmt":"2024-04-02T10:16:12","slug":"aloixatot-ceys-150ml","status":"publish","type":"product","link":"https:\/\/saiga.es\/fr\/produit\/aloixatot-ceys-150ml\/","title":{"rendered":"Aloixatot ceys 150ml"},"content":{"rendered":"<p>Aloixatot ceys 150ml<\/p>\n<p>Huile antioxydante \u00e0 grand pouvoir p\u00e9n\u00e9trant, indiqu\u00e9e pour desserrer et d\u00e9verrouiller les vis et m\u00e9canismes coinc\u00e9s. Lubrifie en \u00e9liminant les bruits et les g\u00e9missements. Emp\u00eache la corrosion, \u00e9limine et prot\u00e8ge contre l&rsquo;humidit\u00e9, permettant ainsi le d\u00e9marrage des moteurs mouill\u00e9s.<\/p>\n","protected":false},"excerpt":{"rendered":"<p>Aloixatot ceys 150ml Huile antioxydante \u00e0 grand pouvoir p\u00e9n\u00e9trant, indiqu\u00e9e pour desserrer et d\u00e9verrouiller les vis et m\u00e9canismes coinc\u00e9s. Lubrifie en \u00e9liminant les bruits et les g\u00e9missements. Emp\u00eache la corrosion, \u00e9limine et prot\u00e8ge contre l&rsquo;humidit\u00e9, permettant ainsi le d\u00e9marrage des moteurs mouill\u00e9s.<\/p>\n","protected":false},"featured_media":9632,"comment_status":"open","ping_status":"closed","template":"","meta":[],"product_brand":[],"product_cat":[1325],"product_tag":[],"class_list":{"0":"post-9664","1":"product","2":"type-product","3":"status-publish","4":"has-post-thumbnail","6":"product_cat-diy","8":"first","9":"instock","10":"sale","11":"taxable","12":"shipping-taxable","13":"purchasable","14":"product-type-simple"},"yoast_head":"<!-- This site is optimized with the Yoast SEO plugin v27.4 - https:\/\/yoast.com\/product\/yoast-seo-wordpress\/ -->\n<title>Aloixatot ceys 150ml | SAIGA<\/title>\n<meta name=\"description\" content=\"Huile antioxydante \u00e0 grand pouvoir p\u00e9n\u00e9trant, indiqu\u00e9e pour desserrer et d\u00e9verrouiller les vis et m\u00e9canismes coinc\u00e9s. Lubrifie en \u00e9liminant les bruits et les g\u00e9missements.\" \/>\n<meta name=\"robots\" content=\"index, follow, max-snippet:-1, max-image-preview:large, max-video-preview:-1\" \/>\n<link rel=\"canonical\" href=\"https:\/\/saiga.es\/fr\/produit\/aloixatot-ceys-150ml\/\" \/>\n<meta property=\"og:locale\" content=\"fr_FR\" \/>\n<meta property=\"og:type\" content=\"article\" \/>\n<meta property=\"og:title\" content=\"Aloixatot ceys 150ml | SAIGA\" \/>\n<meta property=\"og:description\" content=\"Huile antioxydante \u00e0 grand pouvoir p\u00e9n\u00e9trant, indiqu\u00e9e pour desserrer et d\u00e9verrouiller les vis et m\u00e9canismes coinc\u00e9s. Lubrifie en \u00e9liminant les bruits et les g\u00e9missements.\" \/>\n<meta property=\"og:url\" content=\"https:\/\/saiga.es\/fr\/produit\/aloixatot-ceys-150ml\/\" \/>\n<meta property=\"og:site_name\" content=\"SAIGA\" \/>\n<meta property=\"og:image\" content=\"https:\/\/saiga.es\/wp-content\/uploads\/2024\/04\/spray-7-usos-aflojatodo-antioxidante-159ml-ceys.jpg\" \/>\n\t<meta property=\"og:image:width\" content=\"1200\" \/>\n\t<meta property=\"og:image:height\" content=\"1200\" \/>\n\t<meta property=\"og:image:type\" content=\"image\/jpeg\" \/>\n<meta name=\"twitter:card\" content=\"summary_large_image\" \/>\n<meta name=\"twitter:site\" content=\"@saiga_agro\" \/>\n<script type=\"application\/ld+json\" class=\"yoast-schema-graph\">{\"@context\":\"https:\\\/\\\/schema.org\",\"@graph\":[{\"@type\":\"WebPage\",\"@id\":\"https:\\\/\\\/saiga.es\\\/fr\\\/produit\\\/aloixatot-ceys-150ml\\\/\",\"url\":\"https:\\\/\\\/saiga.es\\\/fr\\\/produit\\\/aloixatot-ceys-150ml\\\/\",\"name\":\"Aloixatot ceys 150ml | SAIGA\",\"isPartOf\":{\"@id\":\"https:\\\/\\\/saiga.es\\\/fr\\\/#website\"},\"primaryImageOfPage\":{\"@id\":\"https:\\\/\\\/saiga.es\\\/fr\\\/produit\\\/aloixatot-ceys-150ml\\\/#primaryimage\"},\"image\":{\"@id\":\"https:\\\/\\\/saiga.es\\\/fr\\\/produit\\\/aloixatot-ceys-150ml\\\/#primaryimage\"},\"thumbnailUrl\":\"https:\\\/\\\/saiga.es\\\/wp-content\\\/uploads\\\/2024\\\/04\\\/spray-7-usos-aflojatodo-antioxidante-159ml-ceys.jpg\",\"datePublished\":\"2024-04-02T10:16:12+00:00\",\"description\":\"Huile antioxydante \u00e0 grand pouvoir p\u00e9n\u00e9trant, indiqu\u00e9e pour desserrer et d\u00e9verrouiller les vis et m\u00e9canismes coinc\u00e9s. Lubrifie en \u00e9liminant les bruits et les g\u00e9missements.\",\"breadcrumb\":{\"@id\":\"https:\\\/\\\/saiga.es\\\/fr\\\/produit\\\/aloixatot-ceys-150ml\\\/#breadcrumb\"},\"inLanguage\":\"fr-FR\",\"potentialAction\":[{\"@type\":\"ReadAction\",\"target\":[\"https:\\\/\\\/saiga.es\\\/fr\\\/produit\\\/aloixatot-ceys-150ml\\\/\"]}]},{\"@type\":\"ImageObject\",\"inLanguage\":\"fr-FR\",\"@id\":\"https:\\\/\\\/saiga.es\\\/fr\\\/produit\\\/aloixatot-ceys-150ml\\\/#primaryimage\",\"url\":\"https:\\\/\\\/saiga.es\\\/wp-content\\\/uploads\\\/2024\\\/04\\\/spray-7-usos-aflojatodo-antioxidante-159ml-ceys.jpg\",\"contentUrl\":\"https:\\\/\\\/saiga.es\\\/wp-content\\\/uploads\\\/2024\\\/04\\\/spray-7-usos-aflojatodo-antioxidante-159ml-ceys.jpg\",\"width\":1200,\"height\":1200},{\"@type\":\"BreadcrumbList\",\"@id\":\"https:\\\/\\\/saiga.es\\\/fr\\\/produit\\\/aloixatot-ceys-150ml\\\/#breadcrumb\",\"itemListElement\":[{\"@type\":\"ListItem\",\"position\":1,\"name\":\"Inici\",\"item\":\"https:\\\/\\\/saiga.es\\\/fr\\\/\"},{\"@type\":\"ListItem\",\"position\":2,\"name\":\"boutique\",\"item\":\"https:\\\/\\\/saiga.es\\\/fr\\\/boutique\\\/\"},{\"@type\":\"ListItem\",\"position\":3,\"name\":\"Aloixatot ceys 150ml\"}]},{\"@type\":\"WebSite\",\"@id\":\"https:\\\/\\\/saiga.es\\\/fr\\\/#website\",\"url\":\"https:\\\/\\\/saiga.es\\\/fr\\\/\",\"name\":\"SAIGA\",\"description\":\"M\u00e9s de 50 anys al servei de la terra i treballant per a un \u00fas eficient de l\u2019aigua!\",\"publisher\":{\"@id\":\"https:\\\/\\\/saiga.es\\\/fr\\\/#organization\"},\"potentialAction\":[{\"@type\":\"SearchAction\",\"target\":{\"@type\":\"EntryPoint\",\"urlTemplate\":\"https:\\\/\\\/saiga.es\\\/fr\\\/?s={search_term_string}\"},\"query-input\":{\"@type\":\"PropertyValueSpecification\",\"valueRequired\":true,\"valueName\":\"search_term_string\"}}],\"inLanguage\":\"fr-FR\"},{\"@type\":\"Organization\",\"@id\":\"https:\\\/\\\/saiga.es\\\/fr\\\/#organization\",\"name\":\"SAIGA\",\"url\":\"https:\\\/\\\/saiga.es\\\/fr\\\/\",\"logo\":{\"@type\":\"ImageObject\",\"inLanguage\":\"fr-FR\",\"@id\":\"https:\\\/\\\/saiga.es\\\/fr\\\/#\\\/schema\\\/logo\\\/image\\\/\",\"url\":\"https:\\\/\\\/saiga.es\\\/wp-content\\\/uploads\\\/2025\\\/07\\\/logo_saiga_baseline_optimitzat.svg\",\"contentUrl\":\"https:\\\/\\\/saiga.es\\\/wp-content\\\/uploads\\\/2025\\\/07\\\/logo_saiga_baseline_optimitzat.svg\",\"caption\":\"SAIGA\"},\"image\":{\"@id\":\"https:\\\/\\\/saiga.es\\\/fr\\\/#\\\/schema\\\/logo\\\/image\\\/\"},\"sameAs\":[\"https:\\\/\\\/x.com\\\/saiga_agro\",\"https:\\\/\\\/www.instagram.com\\\/saiga_agro\\\/\"]}]}<\/script>\n<!-- \/ Yoast SEO plugin. -->","yoast_head_json":{"title":"Aloixatot ceys 150ml | SAIGA","description":"Huile antioxydante \u00e0 grand pouvoir p\u00e9n\u00e9trant, indiqu\u00e9e pour desserrer et d\u00e9verrouiller les vis et m\u00e9canismes coinc\u00e9s. Lubrifie en \u00e9liminant les bruits et les g\u00e9missements.","robots":{"index":"index","follow":"follow","max-snippet":"max-snippet:-1","max-image-preview":"max-image-preview:large","max-video-preview":"max-video-preview:-1"},"canonical":"https:\/\/saiga.es\/fr\/produit\/aloixatot-ceys-150ml\/","og_locale":"fr_FR","og_type":"article","og_title":"Aloixatot ceys 150ml | SAIGA","og_description":"Huile antioxydante \u00e0 grand pouvoir p\u00e9n\u00e9trant, indiqu\u00e9e pour desserrer et d\u00e9verrouiller les vis et m\u00e9canismes coinc\u00e9s. Lubrifie en \u00e9liminant les bruits et les g\u00e9missements.","og_url":"https:\/\/saiga.es\/fr\/produit\/aloixatot-ceys-150ml\/","og_site_name":"SAIGA","og_image":[{"width":1200,"height":1200,"url":"https:\/\/saiga.es\/wp-content\/uploads\/2024\/04\/spray-7-usos-aflojatodo-antioxidante-159ml-ceys.jpg","type":"image\/jpeg"}],"twitter_card":"summary_large_image","twitter_site":"@saiga_agro","schema":{"@context":"https:\/\/schema.org","@graph":[{"@type":"WebPage","@id":"https:\/\/saiga.es\/fr\/produit\/aloixatot-ceys-150ml\/","url":"https:\/\/saiga.es\/fr\/produit\/aloixatot-ceys-150ml\/","name":"Aloixatot ceys 150ml | SAIGA","isPartOf":{"@id":"https:\/\/saiga.es\/fr\/#website"},"primaryImageOfPage":{"@id":"https:\/\/saiga.es\/fr\/produit\/aloixatot-ceys-150ml\/#primaryimage"},"image":{"@id":"https:\/\/saiga.es\/fr\/produit\/aloixatot-ceys-150ml\/#primaryimage"},"thumbnailUrl":"https:\/\/saiga.es\/wp-content\/uploads\/2024\/04\/spray-7-usos-aflojatodo-antioxidante-159ml-ceys.jpg","datePublished":"2024-04-02T10:16:12+00:00","description":"Huile antioxydante \u00e0 grand pouvoir p\u00e9n\u00e9trant, indiqu\u00e9e pour desserrer et d\u00e9verrouiller les vis et m\u00e9canismes coinc\u00e9s. Lubrifie en \u00e9liminant les bruits et les g\u00e9missements.","breadcrumb":{"@id":"https:\/\/saiga.es\/fr\/produit\/aloixatot-ceys-150ml\/#breadcrumb"},"inLanguage":"fr-FR","potentialAction":[{"@type":"ReadAction","target":["https:\/\/saiga.es\/fr\/produit\/aloixatot-ceys-150ml\/"]}]},{"@type":"ImageObject","inLanguage":"fr-FR","@id":"https:\/\/saiga.es\/fr\/produit\/aloixatot-ceys-150ml\/#primaryimage","url":"https:\/\/saiga.es\/wp-content\/uploads\/2024\/04\/spray-7-usos-aflojatodo-antioxidante-159ml-ceys.jpg","contentUrl":"https:\/\/saiga.es\/wp-content\/uploads\/2024\/04\/spray-7-usos-aflojatodo-antioxidante-159ml-ceys.jpg","width":1200,"height":1200},{"@type":"BreadcrumbList","@id":"https:\/\/saiga.es\/fr\/produit\/aloixatot-ceys-150ml\/#breadcrumb","itemListElement":[{"@type":"ListItem","position":1,"name":"Inici","item":"https:\/\/saiga.es\/fr\/"},{"@type":"ListItem","position":2,"name":"boutique","item":"https:\/\/saiga.es\/fr\/boutique\/"},{"@type":"ListItem","position":3,"name":"Aloixatot ceys 150ml"}]},{"@type":"WebSite","@id":"https:\/\/saiga.es\/fr\/#website","url":"https:\/\/saiga.es\/fr\/","name":"SAIGA","description":"M\u00e9s de 50 anys al servei de la terra i treballant per a un \u00fas eficient de l\u2019aigua!","publisher":{"@id":"https:\/\/saiga.es\/fr\/#organization"},"potentialAction":[{"@type":"SearchAction","target":{"@type":"EntryPoint","urlTemplate":"https:\/\/saiga.es\/fr\/?s={search_term_string}"},"query-input":{"@type":"PropertyValueSpecification","valueRequired":true,"valueName":"search_term_string"}}],"inLanguage":"fr-FR"},{"@type":"Organization","@id":"https:\/\/saiga.es\/fr\/#organization","name":"SAIGA","url":"https:\/\/saiga.es\/fr\/","logo":{"@type":"ImageObject","inLanguage":"fr-FR","@id":"https:\/\/saiga.es\/fr\/#\/schema\/logo\/image\/","url":"https:\/\/saiga.es\/wp-content\/uploads\/2025\/07\/logo_saiga_baseline_optimitzat.svg","contentUrl":"https:\/\/saiga.es\/wp-content\/uploads\/2025\/07\/logo_saiga_baseline_optimitzat.svg","caption":"SAIGA"},"image":{"@id":"https:\/\/saiga.es\/fr\/#\/schema\/logo\/image\/"},"sameAs":["https:\/\/x.com\/saiga_agro","https:\/\/www.instagram.com\/saiga_agro\/"]}]}},"_links":{"self":[{"href":"https:\/\/saiga.es\/fr\/wp-json\/wp\/v2\/product\/9664","targetHints":{"allow":["GET"]}}],"collection":[{"href":"https:\/\/saiga.es\/fr\/wp-json\/wp\/v2\/product"}],"about":[{"href":"https:\/\/saiga.es\/fr\/wp-json\/wp\/v2\/types\/product"}],"replies":[{"embeddable":true,"href":"https:\/\/saiga.es\/fr\/wp-json\/wp\/v2\/comments?post=9664"}],"wp:featuredmedia":[{"embeddable":true,"href":"https:\/\/saiga.es\/fr\/wp-json\/wp\/v2\/media\/9632"}],"wp:attachment":[{"href":"https:\/\/saiga.es\/fr\/wp-json\/wp\/v2\/media?parent=9664"}],"wp:term":[{"taxonomy":"product_brand","embeddable":true,"href":"https:\/\/saiga.es\/fr\/wp-json\/wp\/v2\/product_brand?post=9664"},{"taxonomy":"product_cat","embeddable":true,"href":"https:\/\/saiga.es\/fr\/wp-json\/wp\/v2\/product_cat?post=9664"},{"taxonomy":"product_tag","embeddable":true,"href":"https:\/\/saiga.es\/fr\/wp-json\/wp\/v2\/product_tag?post=9664"}],"curies":[{"name":"wp","href":"https:\/\/api.w.org\/{rel}","templated":true}]}}