{"id":9666,"date":"2024-04-02T09:28:53","date_gmt":"2024-04-02T09:28:53","guid":{"rendered":"https:\/\/botiga.saiga.es\/producte\/nettoyant-pour-ciment-de-marbre-paso\/"},"modified":"2024-04-02T09:28:53","modified_gmt":"2024-04-02T09:28:53","slug":"nettoyant-pour-ciment-de-marbre-paso","status":"publish","type":"product","link":"https:\/\/saiga.es\/fr\/produit\/nettoyant-pour-ciment-de-marbre-paso\/","title":{"rendered":"Nettoyant pour ciment de marbre Paso"},"content":{"rendered":"<p>Nettoyant pour ciment de <span class=\"hiddenGreenError\" style=\"padding-bottom: 2px; background-image: url('..\/..\/..\/..\/..\/images\/squiggle_green.png'); background-repeat: repeat-x; background-position: left bottom; cursor: default; color: #000000; font-family: 'Open Sans', Helvetica, Arial, sans-serif; font-size: 16px; font-style: normal; font-variant-ligatures: normal; font-variant-caps: normal; font-weight: 300; letter-spacing: normal; orphans: 2; text-align: start; text-indent: 0px; text-transform: none; widows: 2; word-spacing: 0px; -webkit-text-stroke-width: 0px; white-space: normal; text-decoration-thickness: initial; text-decoration-style: initial; text-decoration-color: initial;\">marbre<\/span> <span class=\"hiddenSpellError\">Paso<\/span><\/p>\n<p>La formule <span class=\"hiddenSpellError\">paso<\/span> sp\u00e9cialis\u00e9e \u00e9limine et d\u00e9tartre compl\u00e8tement le ciment. Ainsi que les restes de fin de travail, de mani\u00e8re efficace et sans endommager les surfaces d\u00e9licates comme le marbre et autres mat\u00e9riaux. Avec cette solution, vous pouvez \u00eatre s\u00fbr que vos sols en marbre et autres surfaces d\u00e9licates restent impeccables, sans rayures et conservent leur \u00e9clat naturel intact.<\/p>\n","protected":false},"excerpt":{"rendered":"<p>Nettoyant pour ciment de <span class=\"hiddenGreenError\" style=\"padding-bottom: 2px; background-image: url('..\/..\/..\/..\/..\/images\/squiggle_green.png'); background-repeat: repeat-x; background-position: left bottom; cursor: default; color: #000000; font-family: 'Open Sans', Helvetica, Arial, sans-serif; font-size: 16px; font-style: normal; font-variant-ligatures: normal; font-variant-caps: normal; font-weight: 300; letter-spacing: normal; orphans: 2; text-align: start; text-indent: 0px; text-transform: none; widows: 2; word-spacing: 0px; -webkit-text-stroke-width: 0px; white-space: normal; text-decoration-thickness: initial; text-decoration-style: initial; text-decoration-color: initial;\">marbre<\/span> <span class=\"hiddenSpellError\">Paso<\/span><\/p>\n<p>La formule <span class=\"hiddenSpellError\">paso<\/span> sp\u00e9cialis\u00e9e \u00e9limine et d\u00e9tartre compl\u00e8tement le ciment. Ainsi que les restes de fin de travail, de mani\u00e8re efficace et sans endommager les surfaces d\u00e9licates comme le marbre et autres mat\u00e9riaux. Avec cette solution, vous pouvez \u00eatre s\u00fbr que vos sols en marbre et autres surfaces d\u00e9licates restent impeccables, sans rayures et conservent leur \u00e9clat naturel intact.<\/p>\n","protected":false},"featured_media":9628,"comment_status":"open","ping_status":"closed","template":"","meta":[],"product_brand":[],"product_cat":[1325],"product_tag":[],"class_list":{"0":"post-9666","1":"product","2":"type-product","3":"status-publish","4":"has-post-thumbnail","6":"product_cat-diy","8":"first","9":"instock","10":"sale","11":"taxable","12":"shipping-taxable","13":"purchasable","14":"product-type-simple"},"yoast_head":"<!-- This site is optimized with the Yoast SEO plugin v27.3 - https:\/\/yoast.com\/product\/yoast-seo-wordpress\/ -->\n<title>Nettoyant pour ciment de marbre Paso | SAIGA<\/title>\n<meta name=\"description\" content=\"Il \u00e9limine et d\u00e9tartre compl\u00e8tement le ciment et les d\u00e9bris de finition des travaux et le ciment des sols en marbre et autres surfaces d\u00e9licates sans le rayer.\" \/>\n<meta name=\"robots\" content=\"index, follow, max-snippet:-1, max-image-preview:large, max-video-preview:-1\" \/>\n<link rel=\"canonical\" href=\"https:\/\/saiga.es\/fr\/produit\/nettoyant-pour-ciment-de-marbre-paso\/\" \/>\n<meta property=\"og:locale\" content=\"fr_FR\" \/>\n<meta property=\"og:type\" content=\"article\" \/>\n<meta property=\"og:title\" content=\"Nettoyant pour ciment de marbre Paso | SAIGA\" \/>\n<meta property=\"og:description\" content=\"Il \u00e9limine et d\u00e9tartre compl\u00e8tement le ciment et les d\u00e9bris de finition des travaux et le ciment des sols en marbre et autres surfaces d\u00e9licates sans le rayer.\" \/>\n<meta property=\"og:url\" content=\"https:\/\/saiga.es\/fr\/produit\/nettoyant-pour-ciment-de-marbre-paso\/\" \/>\n<meta property=\"og:site_name\" content=\"SAIGA\" \/>\n<meta property=\"og:image\" content=\"https:\/\/saiga.es\/wp-content\/uploads\/2024\/04\/paso-elimina-cemento-marmol-1l-ceys-limpieza-y-desinfeccion-limpieza-especifica-ferreteria-marcial-art.jpg\" \/>\n\t<meta property=\"og:image:width\" content=\"600\" \/>\n\t<meta property=\"og:image:height\" content=\"600\" \/>\n\t<meta property=\"og:image:type\" content=\"image\/jpeg\" \/>\n<meta name=\"twitter:card\" content=\"summary_large_image\" \/>\n<meta name=\"twitter:site\" content=\"@saiga_agro\" \/>\n<script type=\"application\/ld+json\" class=\"yoast-schema-graph\">{\"@context\":\"https:\\\/\\\/schema.org\",\"@graph\":[{\"@type\":\"WebPage\",\"@id\":\"https:\\\/\\\/saiga.es\\\/fr\\\/produit\\\/nettoyant-pour-ciment-de-marbre-paso\\\/\",\"url\":\"https:\\\/\\\/saiga.es\\\/fr\\\/produit\\\/nettoyant-pour-ciment-de-marbre-paso\\\/\",\"name\":\"Nettoyant pour ciment de marbre Paso | SAIGA\",\"isPartOf\":{\"@id\":\"https:\\\/\\\/saiga.es\\\/fr\\\/#website\"},\"primaryImageOfPage\":{\"@id\":\"https:\\\/\\\/saiga.es\\\/fr\\\/produit\\\/nettoyant-pour-ciment-de-marbre-paso\\\/#primaryimage\"},\"image\":{\"@id\":\"https:\\\/\\\/saiga.es\\\/fr\\\/produit\\\/nettoyant-pour-ciment-de-marbre-paso\\\/#primaryimage\"},\"thumbnailUrl\":\"https:\\\/\\\/saiga.es\\\/wp-content\\\/uploads\\\/2024\\\/04\\\/paso-elimina-cemento-marmol-1l-ceys-limpieza-y-desinfeccion-limpieza-especifica-ferreteria-marcial-art.jpg\",\"datePublished\":\"2024-04-02T09:28:53+00:00\",\"description\":\"Il \u00e9limine et d\u00e9tartre compl\u00e8tement le ciment et les d\u00e9bris de finition des travaux et le ciment des sols en marbre et autres surfaces d\u00e9licates sans le rayer.\",\"breadcrumb\":{\"@id\":\"https:\\\/\\\/saiga.es\\\/fr\\\/produit\\\/nettoyant-pour-ciment-de-marbre-paso\\\/#breadcrumb\"},\"inLanguage\":\"fr-FR\",\"potentialAction\":[{\"@type\":\"ReadAction\",\"target\":[\"https:\\\/\\\/saiga.es\\\/fr\\\/produit\\\/nettoyant-pour-ciment-de-marbre-paso\\\/\"]}]},{\"@type\":\"ImageObject\",\"inLanguage\":\"fr-FR\",\"@id\":\"https:\\\/\\\/saiga.es\\\/fr\\\/produit\\\/nettoyant-pour-ciment-de-marbre-paso\\\/#primaryimage\",\"url\":\"https:\\\/\\\/saiga.es\\\/wp-content\\\/uploads\\\/2024\\\/04\\\/paso-elimina-cemento-marmol-1l-ceys-limpieza-y-desinfeccion-limpieza-especifica-ferreteria-marcial-art.jpg\",\"contentUrl\":\"https:\\\/\\\/saiga.es\\\/wp-content\\\/uploads\\\/2024\\\/04\\\/paso-elimina-cemento-marmol-1l-ceys-limpieza-y-desinfeccion-limpieza-especifica-ferreteria-marcial-art.jpg\",\"width\":600,\"height\":600},{\"@type\":\"BreadcrumbList\",\"@id\":\"https:\\\/\\\/saiga.es\\\/fr\\\/produit\\\/nettoyant-pour-ciment-de-marbre-paso\\\/#breadcrumb\",\"itemListElement\":[{\"@type\":\"ListItem\",\"position\":1,\"name\":\"Inici\",\"item\":\"https:\\\/\\\/saiga.es\\\/fr\\\/\"},{\"@type\":\"ListItem\",\"position\":2,\"name\":\"boutique\",\"item\":\"https:\\\/\\\/saiga.es\\\/fr\\\/boutique\\\/\"},{\"@type\":\"ListItem\",\"position\":3,\"name\":\"Nettoyant pour ciment de marbre Paso\"}]},{\"@type\":\"WebSite\",\"@id\":\"https:\\\/\\\/saiga.es\\\/fr\\\/#website\",\"url\":\"https:\\\/\\\/saiga.es\\\/fr\\\/\",\"name\":\"SAIGA\",\"description\":\"M\u00e9s de 50 anys al servei de la terra i treballant per a un \u00fas eficient de l\u2019aigua!\",\"publisher\":{\"@id\":\"https:\\\/\\\/saiga.es\\\/fr\\\/#organization\"},\"potentialAction\":[{\"@type\":\"SearchAction\",\"target\":{\"@type\":\"EntryPoint\",\"urlTemplate\":\"https:\\\/\\\/saiga.es\\\/fr\\\/?s={search_term_string}\"},\"query-input\":{\"@type\":\"PropertyValueSpecification\",\"valueRequired\":true,\"valueName\":\"search_term_string\"}}],\"inLanguage\":\"fr-FR\"},{\"@type\":\"Organization\",\"@id\":\"https:\\\/\\\/saiga.es\\\/fr\\\/#organization\",\"name\":\"SAIGA\",\"url\":\"https:\\\/\\\/saiga.es\\\/fr\\\/\",\"logo\":{\"@type\":\"ImageObject\",\"inLanguage\":\"fr-FR\",\"@id\":\"https:\\\/\\\/saiga.es\\\/fr\\\/#\\\/schema\\\/logo\\\/image\\\/\",\"url\":\"https:\\\/\\\/saiga.es\\\/wp-content\\\/uploads\\\/2025\\\/07\\\/logo_saiga_baseline_optimitzat.svg\",\"contentUrl\":\"https:\\\/\\\/saiga.es\\\/wp-content\\\/uploads\\\/2025\\\/07\\\/logo_saiga_baseline_optimitzat.svg\",\"caption\":\"SAIGA\"},\"image\":{\"@id\":\"https:\\\/\\\/saiga.es\\\/fr\\\/#\\\/schema\\\/logo\\\/image\\\/\"},\"sameAs\":[\"https:\\\/\\\/x.com\\\/saiga_agro\",\"https:\\\/\\\/www.instagram.com\\\/saiga_agro\\\/\"]}]}<\/script>\n<!-- \/ Yoast SEO plugin. -->","yoast_head_json":{"title":"Nettoyant pour ciment de marbre Paso | SAIGA","description":"Il \u00e9limine et d\u00e9tartre compl\u00e8tement le ciment et les d\u00e9bris de finition des travaux et le ciment des sols en marbre et autres surfaces d\u00e9licates sans le rayer.","robots":{"index":"index","follow":"follow","max-snippet":"max-snippet:-1","max-image-preview":"max-image-preview:large","max-video-preview":"max-video-preview:-1"},"canonical":"https:\/\/saiga.es\/fr\/produit\/nettoyant-pour-ciment-de-marbre-paso\/","og_locale":"fr_FR","og_type":"article","og_title":"Nettoyant pour ciment de marbre Paso | SAIGA","og_description":"Il \u00e9limine et d\u00e9tartre compl\u00e8tement le ciment et les d\u00e9bris de finition des travaux et le ciment des sols en marbre et autres surfaces d\u00e9licates sans le rayer.","og_url":"https:\/\/saiga.es\/fr\/produit\/nettoyant-pour-ciment-de-marbre-paso\/","og_site_name":"SAIGA","og_image":[{"width":600,"height":600,"url":"https:\/\/saiga.es\/wp-content\/uploads\/2024\/04\/paso-elimina-cemento-marmol-1l-ceys-limpieza-y-desinfeccion-limpieza-especifica-ferreteria-marcial-art.jpg","type":"image\/jpeg"}],"twitter_card":"summary_large_image","twitter_site":"@saiga_agro","schema":{"@context":"https:\/\/schema.org","@graph":[{"@type":"WebPage","@id":"https:\/\/saiga.es\/fr\/produit\/nettoyant-pour-ciment-de-marbre-paso\/","url":"https:\/\/saiga.es\/fr\/produit\/nettoyant-pour-ciment-de-marbre-paso\/","name":"Nettoyant pour ciment de marbre Paso | SAIGA","isPartOf":{"@id":"https:\/\/saiga.es\/fr\/#website"},"primaryImageOfPage":{"@id":"https:\/\/saiga.es\/fr\/produit\/nettoyant-pour-ciment-de-marbre-paso\/#primaryimage"},"image":{"@id":"https:\/\/saiga.es\/fr\/produit\/nettoyant-pour-ciment-de-marbre-paso\/#primaryimage"},"thumbnailUrl":"https:\/\/saiga.es\/wp-content\/uploads\/2024\/04\/paso-elimina-cemento-marmol-1l-ceys-limpieza-y-desinfeccion-limpieza-especifica-ferreteria-marcial-art.jpg","datePublished":"2024-04-02T09:28:53+00:00","description":"Il \u00e9limine et d\u00e9tartre compl\u00e8tement le ciment et les d\u00e9bris de finition des travaux et le ciment des sols en marbre et autres surfaces d\u00e9licates sans le rayer.","breadcrumb":{"@id":"https:\/\/saiga.es\/fr\/produit\/nettoyant-pour-ciment-de-marbre-paso\/#breadcrumb"},"inLanguage":"fr-FR","potentialAction":[{"@type":"ReadAction","target":["https:\/\/saiga.es\/fr\/produit\/nettoyant-pour-ciment-de-marbre-paso\/"]}]},{"@type":"ImageObject","inLanguage":"fr-FR","@id":"https:\/\/saiga.es\/fr\/produit\/nettoyant-pour-ciment-de-marbre-paso\/#primaryimage","url":"https:\/\/saiga.es\/wp-content\/uploads\/2024\/04\/paso-elimina-cemento-marmol-1l-ceys-limpieza-y-desinfeccion-limpieza-especifica-ferreteria-marcial-art.jpg","contentUrl":"https:\/\/saiga.es\/wp-content\/uploads\/2024\/04\/paso-elimina-cemento-marmol-1l-ceys-limpieza-y-desinfeccion-limpieza-especifica-ferreteria-marcial-art.jpg","width":600,"height":600},{"@type":"BreadcrumbList","@id":"https:\/\/saiga.es\/fr\/produit\/nettoyant-pour-ciment-de-marbre-paso\/#breadcrumb","itemListElement":[{"@type":"ListItem","position":1,"name":"Inici","item":"https:\/\/saiga.es\/fr\/"},{"@type":"ListItem","position":2,"name":"boutique","item":"https:\/\/saiga.es\/fr\/boutique\/"},{"@type":"ListItem","position":3,"name":"Nettoyant pour ciment de marbre Paso"}]},{"@type":"WebSite","@id":"https:\/\/saiga.es\/fr\/#website","url":"https:\/\/saiga.es\/fr\/","name":"SAIGA","description":"M\u00e9s de 50 anys al servei de la terra i treballant per a un \u00fas eficient de l\u2019aigua!","publisher":{"@id":"https:\/\/saiga.es\/fr\/#organization"},"potentialAction":[{"@type":"SearchAction","target":{"@type":"EntryPoint","urlTemplate":"https:\/\/saiga.es\/fr\/?s={search_term_string}"},"query-input":{"@type":"PropertyValueSpecification","valueRequired":true,"valueName":"search_term_string"}}],"inLanguage":"fr-FR"},{"@type":"Organization","@id":"https:\/\/saiga.es\/fr\/#organization","name":"SAIGA","url":"https:\/\/saiga.es\/fr\/","logo":{"@type":"ImageObject","inLanguage":"fr-FR","@id":"https:\/\/saiga.es\/fr\/#\/schema\/logo\/image\/","url":"https:\/\/saiga.es\/wp-content\/uploads\/2025\/07\/logo_saiga_baseline_optimitzat.svg","contentUrl":"https:\/\/saiga.es\/wp-content\/uploads\/2025\/07\/logo_saiga_baseline_optimitzat.svg","caption":"SAIGA"},"image":{"@id":"https:\/\/saiga.es\/fr\/#\/schema\/logo\/image\/"},"sameAs":["https:\/\/x.com\/saiga_agro","https:\/\/www.instagram.com\/saiga_agro\/"]}]}},"_links":{"self":[{"href":"https:\/\/saiga.es\/fr\/wp-json\/wp\/v2\/product\/9666","targetHints":{"allow":["GET"]}}],"collection":[{"href":"https:\/\/saiga.es\/fr\/wp-json\/wp\/v2\/product"}],"about":[{"href":"https:\/\/saiga.es\/fr\/wp-json\/wp\/v2\/types\/product"}],"replies":[{"embeddable":true,"href":"https:\/\/saiga.es\/fr\/wp-json\/wp\/v2\/comments?post=9666"}],"wp:featuredmedia":[{"embeddable":true,"href":"https:\/\/saiga.es\/fr\/wp-json\/wp\/v2\/media\/9628"}],"wp:attachment":[{"href":"https:\/\/saiga.es\/fr\/wp-json\/wp\/v2\/media?parent=9666"}],"wp:term":[{"taxonomy":"product_brand","embeddable":true,"href":"https:\/\/saiga.es\/fr\/wp-json\/wp\/v2\/product_brand?post=9666"},{"taxonomy":"product_cat","embeddable":true,"href":"https:\/\/saiga.es\/fr\/wp-json\/wp\/v2\/product_cat?post=9666"},{"taxonomy":"product_tag","embeddable":true,"href":"https:\/\/saiga.es\/fr\/wp-json\/wp\/v2\/product_tag?post=9666"}],"curies":[{"name":"wp","href":"https:\/\/api.w.org\/{rel}","templated":true}]}}