{"id":9672,"date":"2024-04-03T07:12:44","date_gmt":"2024-04-03T07:12:44","guid":{"rendered":"https:\/\/botiga.saiga.es\/producte\/fischer-vyniloster-chimique-tack-300ml\/"},"modified":"2024-04-03T07:12:44","modified_gmt":"2024-04-03T07:12:44","slug":"fischer-vyniloster-chimique-tack-300ml","status":"publish","type":"product","link":"https:\/\/saiga.es\/fr\/produit\/fischer-vyniloster-chimique-tack-300ml\/","title":{"rendered":"fischer vyniloster chimique tack 300ml"},"content":{"rendered":"<p><span class=\"hiddenSpellError\">fischer<\/span> <span class=\"hiddenSpellError\">vyniloster<\/span> chimique tack <span class=\"hiddenGrammarError\">300ml<\/span><\/p>\n<p>La cheville chimique haute performance FIS V de Fischer est la solution polyvalente universelle pour les exigences les plus \u00e9lev\u00e9es. La cheville hybride <span class=\"hiddenSpellError\">vinyleste<\/span>r sans styr\u00e8ne avec ses nombreuses fixations est homologu\u00e9e pour les fixations en b\u00e9ton <span class=\"hiddenSpellError\">tendu<\/span> et comprim\u00e9. Mais l\u2019ancrage chimique est \u00e9galement utilis\u00e9 avec des composants de syst\u00e8mes approuv\u00e9s pour les joints de barres d\u2019armature. La variante FIS <span class=\"hiddenGrammarError\" style=\"padding-bottom: 2px; background-image: url('..\/..\/..\/..\/..\/images\/squiggle.png'); background-repeat: repeat-x; background-position: left bottom; cursor: default; color: #000000; font-family: 'Open Sans', Helvetica, Arial, sans-serif; font-size: 16px; font-style: normal; font-variant-ligatures: normal; font-variant-caps: normal; font-weight: 300; letter-spacing: normal; orphans: 2; text-align: start; text-indent: 0px; text-transform: none; widows: 2; word-spacing: 0px; -webkit-text-stroke-width: 0px; white-space: normal; text-decoration-thickness: initial; text-decoration-style: initial; text-decoration-color: initial;\">VS<\/span> LOW SPEED permet un temps de traitement plus long \u00e0 des temp\u00e9ratures de traitement \u00e9lev\u00e9es ou une plus grande profondeur de per\u00e7age. Le temps de durcissement plus court de la variante FIS VW HIGH SPEED permet une progression agile du travail m\u00eame \u00e0 basse temp\u00e9rature.<\/p>\n","protected":false},"excerpt":{"rendered":"<p><span class=\"hiddenSpellError\">fischer<\/span> <span class=\"hiddenSpellError\">vyniloster<\/span> chimique tack <span class=\"hiddenGrammarError\">300ml<\/span><\/p>\n<p>La cheville chimique haute performance FIS V de Fischer est la solution polyvalente universelle pour les exigences les plus \u00e9lev\u00e9es. La cheville hybride <span class=\"hiddenSpellError\">vinyleste<\/span>r sans styr\u00e8ne avec ses nombreuses fixations est homologu\u00e9e pour les fixations en b\u00e9ton <span class=\"hiddenSpellError\">tendu<\/span> et comprim\u00e9. Mais l\u2019ancrage chimique est \u00e9galement utilis\u00e9 avec des composants de syst\u00e8mes approuv\u00e9s pour les joints de barres d\u2019armature. La variante FIS <span class=\"hiddenGrammarError\" style=\"padding-bottom: 2px; background-image: url('..\/..\/..\/..\/..\/images\/squiggle.png'); background-repeat: repeat-x; background-position: left bottom; cursor: default; color: #000000; font-family: 'Open Sans', Helvetica, Arial, sans-serif; font-size: 16px; font-style: normal; font-variant-ligatures: normal; font-variant-caps: normal; font-weight: 300; letter-spacing: normal; orphans: 2; text-align: start; text-indent: 0px; text-transform: none; widows: 2; word-spacing: 0px; -webkit-text-stroke-width: 0px; white-space: normal; text-decoration-thickness: initial; text-decoration-style: initial; text-decoration-color: initial;\">VS<\/span> LOW SPEED permet un temps de traitement plus long \u00e0 des temp\u00e9ratures de traitement \u00e9lev\u00e9es ou une plus grande profondeur de per\u00e7age. Le temps de durcissement plus court de la variante FIS VW HIGH SPEED permet une progression agile du travail m\u00eame \u00e0 basse temp\u00e9rature.<\/p>\n","protected":false},"featured_media":9646,"comment_status":"open","ping_status":"closed","template":"","meta":[],"product_brand":[],"product_cat":[1325],"product_tag":[],"class_list":{"0":"post-9672","1":"product","2":"type-product","3":"status-publish","4":"has-post-thumbnail","6":"product_cat-diy","8":"first","9":"instock","10":"sale","11":"taxable","12":"shipping-taxable","13":"purchasable","14":"product-type-simple"},"yoast_head":"<!-- This site is optimized with the Yoast SEO plugin v27.3 - https:\/\/yoast.com\/product\/yoast-seo-wordpress\/ -->\n<title>fischer vyniloster chimique tack 300ml | SAIGA<\/title>\n<meta name=\"description\" content=\"Le bouchon chimique Fischer est polyvalent et id\u00e9al pour une vari\u00e9t\u00e9 d&#039;applications concr\u00e8tes, y compris les r\u00e9parations et les installations \u00e0 distance.\" \/>\n<meta name=\"robots\" content=\"index, follow, max-snippet:-1, max-image-preview:large, max-video-preview:-1\" \/>\n<link rel=\"canonical\" href=\"https:\/\/saiga.es\/fr\/produit\/fischer-vyniloster-chimique-tack-300ml\/\" \/>\n<meta property=\"og:locale\" content=\"fr_FR\" \/>\n<meta property=\"og:type\" content=\"article\" \/>\n<meta property=\"og:title\" content=\"fischer vyniloster chimique tack 300ml | SAIGA\" \/>\n<meta property=\"og:description\" content=\"Le bouchon chimique Fischer est polyvalent et id\u00e9al pour une vari\u00e9t\u00e9 d&#039;applications concr\u00e8tes, y compris les r\u00e9parations et les installations \u00e0 distance.\" \/>\n<meta property=\"og:url\" content=\"https:\/\/saiga.es\/fr\/produit\/fischer-vyniloster-chimique-tack-300ml\/\" \/>\n<meta property=\"og:site_name\" content=\"SAIGA\" \/>\n<meta property=\"og:image\" content=\"https:\/\/saiga.es\/wp-content\/uploads\/2024\/04\/4048962102321_1.jpg\" \/>\n\t<meta property=\"og:image:width\" content=\"510\" \/>\n\t<meta property=\"og:image:height\" content=\"510\" \/>\n\t<meta property=\"og:image:type\" content=\"image\/jpeg\" \/>\n<meta name=\"twitter:card\" content=\"summary_large_image\" \/>\n<meta name=\"twitter:site\" content=\"@saiga_agro\" \/>\n<meta name=\"twitter:label1\" content=\"Dur\u00e9e de lecture estim\u00e9e\" \/>\n\t<meta name=\"twitter:data1\" content=\"1 minute\" \/>\n<script type=\"application\/ld+json\" class=\"yoast-schema-graph\">{\"@context\":\"https:\\\/\\\/schema.org\",\"@graph\":[{\"@type\":\"WebPage\",\"@id\":\"https:\\\/\\\/saiga.es\\\/fr\\\/produit\\\/fischer-vyniloster-chimique-tack-300ml\\\/\",\"url\":\"https:\\\/\\\/saiga.es\\\/fr\\\/produit\\\/fischer-vyniloster-chimique-tack-300ml\\\/\",\"name\":\"fischer vyniloster chimique tack 300ml | SAIGA\",\"isPartOf\":{\"@id\":\"https:\\\/\\\/saiga.es\\\/fr\\\/#website\"},\"primaryImageOfPage\":{\"@id\":\"https:\\\/\\\/saiga.es\\\/fr\\\/produit\\\/fischer-vyniloster-chimique-tack-300ml\\\/#primaryimage\"},\"image\":{\"@id\":\"https:\\\/\\\/saiga.es\\\/fr\\\/produit\\\/fischer-vyniloster-chimique-tack-300ml\\\/#primaryimage\"},\"thumbnailUrl\":\"https:\\\/\\\/saiga.es\\\/wp-content\\\/uploads\\\/2024\\\/04\\\/4048962102321_1.jpg\",\"datePublished\":\"2024-04-03T07:12:44+00:00\",\"description\":\"Le bouchon chimique Fischer est polyvalent et id\u00e9al pour une vari\u00e9t\u00e9 d'applications concr\u00e8tes, y compris les r\u00e9parations et les installations \u00e0 distance.\",\"breadcrumb\":{\"@id\":\"https:\\\/\\\/saiga.es\\\/fr\\\/produit\\\/fischer-vyniloster-chimique-tack-300ml\\\/#breadcrumb\"},\"inLanguage\":\"fr-FR\",\"potentialAction\":[{\"@type\":\"ReadAction\",\"target\":[\"https:\\\/\\\/saiga.es\\\/fr\\\/produit\\\/fischer-vyniloster-chimique-tack-300ml\\\/\"]}]},{\"@type\":\"ImageObject\",\"inLanguage\":\"fr-FR\",\"@id\":\"https:\\\/\\\/saiga.es\\\/fr\\\/produit\\\/fischer-vyniloster-chimique-tack-300ml\\\/#primaryimage\",\"url\":\"https:\\\/\\\/saiga.es\\\/wp-content\\\/uploads\\\/2024\\\/04\\\/4048962102321_1.jpg\",\"contentUrl\":\"https:\\\/\\\/saiga.es\\\/wp-content\\\/uploads\\\/2024\\\/04\\\/4048962102321_1.jpg\",\"width\":510,\"height\":510},{\"@type\":\"BreadcrumbList\",\"@id\":\"https:\\\/\\\/saiga.es\\\/fr\\\/produit\\\/fischer-vyniloster-chimique-tack-300ml\\\/#breadcrumb\",\"itemListElement\":[{\"@type\":\"ListItem\",\"position\":1,\"name\":\"Inici\",\"item\":\"https:\\\/\\\/saiga.es\\\/fr\\\/\"},{\"@type\":\"ListItem\",\"position\":2,\"name\":\"boutique\",\"item\":\"https:\\\/\\\/saiga.es\\\/fr\\\/boutique\\\/\"},{\"@type\":\"ListItem\",\"position\":3,\"name\":\"fischer vyniloster chimique tack 300ml\"}]},{\"@type\":\"WebSite\",\"@id\":\"https:\\\/\\\/saiga.es\\\/fr\\\/#website\",\"url\":\"https:\\\/\\\/saiga.es\\\/fr\\\/\",\"name\":\"SAIGA\",\"description\":\"M\u00e9s de 50 anys al servei de la terra i treballant per a un \u00fas eficient de l\u2019aigua!\",\"publisher\":{\"@id\":\"https:\\\/\\\/saiga.es\\\/fr\\\/#organization\"},\"potentialAction\":[{\"@type\":\"SearchAction\",\"target\":{\"@type\":\"EntryPoint\",\"urlTemplate\":\"https:\\\/\\\/saiga.es\\\/fr\\\/?s={search_term_string}\"},\"query-input\":{\"@type\":\"PropertyValueSpecification\",\"valueRequired\":true,\"valueName\":\"search_term_string\"}}],\"inLanguage\":\"fr-FR\"},{\"@type\":\"Organization\",\"@id\":\"https:\\\/\\\/saiga.es\\\/fr\\\/#organization\",\"name\":\"SAIGA\",\"url\":\"https:\\\/\\\/saiga.es\\\/fr\\\/\",\"logo\":{\"@type\":\"ImageObject\",\"inLanguage\":\"fr-FR\",\"@id\":\"https:\\\/\\\/saiga.es\\\/fr\\\/#\\\/schema\\\/logo\\\/image\\\/\",\"url\":\"https:\\\/\\\/saiga.es\\\/wp-content\\\/uploads\\\/2025\\\/07\\\/logo_saiga_baseline_optimitzat.svg\",\"contentUrl\":\"https:\\\/\\\/saiga.es\\\/wp-content\\\/uploads\\\/2025\\\/07\\\/logo_saiga_baseline_optimitzat.svg\",\"caption\":\"SAIGA\"},\"image\":{\"@id\":\"https:\\\/\\\/saiga.es\\\/fr\\\/#\\\/schema\\\/logo\\\/image\\\/\"},\"sameAs\":[\"https:\\\/\\\/x.com\\\/saiga_agro\",\"https:\\\/\\\/www.instagram.com\\\/saiga_agro\\\/\"]}]}<\/script>\n<!-- \/ Yoast SEO plugin. -->","yoast_head_json":{"title":"fischer vyniloster chimique tack 300ml | SAIGA","description":"Le bouchon chimique Fischer est polyvalent et id\u00e9al pour une vari\u00e9t\u00e9 d'applications concr\u00e8tes, y compris les r\u00e9parations et les installations \u00e0 distance.","robots":{"index":"index","follow":"follow","max-snippet":"max-snippet:-1","max-image-preview":"max-image-preview:large","max-video-preview":"max-video-preview:-1"},"canonical":"https:\/\/saiga.es\/fr\/produit\/fischer-vyniloster-chimique-tack-300ml\/","og_locale":"fr_FR","og_type":"article","og_title":"fischer vyniloster chimique tack 300ml | SAIGA","og_description":"Le bouchon chimique Fischer est polyvalent et id\u00e9al pour une vari\u00e9t\u00e9 d'applications concr\u00e8tes, y compris les r\u00e9parations et les installations \u00e0 distance.","og_url":"https:\/\/saiga.es\/fr\/produit\/fischer-vyniloster-chimique-tack-300ml\/","og_site_name":"SAIGA","og_image":[{"width":510,"height":510,"url":"https:\/\/saiga.es\/wp-content\/uploads\/2024\/04\/4048962102321_1.jpg","type":"image\/jpeg"}],"twitter_card":"summary_large_image","twitter_site":"@saiga_agro","twitter_misc":{"Dur\u00e9e de lecture estim\u00e9e":"1 minute"},"schema":{"@context":"https:\/\/schema.org","@graph":[{"@type":"WebPage","@id":"https:\/\/saiga.es\/fr\/produit\/fischer-vyniloster-chimique-tack-300ml\/","url":"https:\/\/saiga.es\/fr\/produit\/fischer-vyniloster-chimique-tack-300ml\/","name":"fischer vyniloster chimique tack 300ml | SAIGA","isPartOf":{"@id":"https:\/\/saiga.es\/fr\/#website"},"primaryImageOfPage":{"@id":"https:\/\/saiga.es\/fr\/produit\/fischer-vyniloster-chimique-tack-300ml\/#primaryimage"},"image":{"@id":"https:\/\/saiga.es\/fr\/produit\/fischer-vyniloster-chimique-tack-300ml\/#primaryimage"},"thumbnailUrl":"https:\/\/saiga.es\/wp-content\/uploads\/2024\/04\/4048962102321_1.jpg","datePublished":"2024-04-03T07:12:44+00:00","description":"Le bouchon chimique Fischer est polyvalent et id\u00e9al pour une vari\u00e9t\u00e9 d'applications concr\u00e8tes, y compris les r\u00e9parations et les installations \u00e0 distance.","breadcrumb":{"@id":"https:\/\/saiga.es\/fr\/produit\/fischer-vyniloster-chimique-tack-300ml\/#breadcrumb"},"inLanguage":"fr-FR","potentialAction":[{"@type":"ReadAction","target":["https:\/\/saiga.es\/fr\/produit\/fischer-vyniloster-chimique-tack-300ml\/"]}]},{"@type":"ImageObject","inLanguage":"fr-FR","@id":"https:\/\/saiga.es\/fr\/produit\/fischer-vyniloster-chimique-tack-300ml\/#primaryimage","url":"https:\/\/saiga.es\/wp-content\/uploads\/2024\/04\/4048962102321_1.jpg","contentUrl":"https:\/\/saiga.es\/wp-content\/uploads\/2024\/04\/4048962102321_1.jpg","width":510,"height":510},{"@type":"BreadcrumbList","@id":"https:\/\/saiga.es\/fr\/produit\/fischer-vyniloster-chimique-tack-300ml\/#breadcrumb","itemListElement":[{"@type":"ListItem","position":1,"name":"Inici","item":"https:\/\/saiga.es\/fr\/"},{"@type":"ListItem","position":2,"name":"boutique","item":"https:\/\/saiga.es\/fr\/boutique\/"},{"@type":"ListItem","position":3,"name":"fischer vyniloster chimique tack 300ml"}]},{"@type":"WebSite","@id":"https:\/\/saiga.es\/fr\/#website","url":"https:\/\/saiga.es\/fr\/","name":"SAIGA","description":"M\u00e9s de 50 anys al servei de la terra i treballant per a un \u00fas eficient de l\u2019aigua!","publisher":{"@id":"https:\/\/saiga.es\/fr\/#organization"},"potentialAction":[{"@type":"SearchAction","target":{"@type":"EntryPoint","urlTemplate":"https:\/\/saiga.es\/fr\/?s={search_term_string}"},"query-input":{"@type":"PropertyValueSpecification","valueRequired":true,"valueName":"search_term_string"}}],"inLanguage":"fr-FR"},{"@type":"Organization","@id":"https:\/\/saiga.es\/fr\/#organization","name":"SAIGA","url":"https:\/\/saiga.es\/fr\/","logo":{"@type":"ImageObject","inLanguage":"fr-FR","@id":"https:\/\/saiga.es\/fr\/#\/schema\/logo\/image\/","url":"https:\/\/saiga.es\/wp-content\/uploads\/2025\/07\/logo_saiga_baseline_optimitzat.svg","contentUrl":"https:\/\/saiga.es\/wp-content\/uploads\/2025\/07\/logo_saiga_baseline_optimitzat.svg","caption":"SAIGA"},"image":{"@id":"https:\/\/saiga.es\/fr\/#\/schema\/logo\/image\/"},"sameAs":["https:\/\/x.com\/saiga_agro","https:\/\/www.instagram.com\/saiga_agro\/"]}]}},"_links":{"self":[{"href":"https:\/\/saiga.es\/fr\/wp-json\/wp\/v2\/product\/9672","targetHints":{"allow":["GET"]}}],"collection":[{"href":"https:\/\/saiga.es\/fr\/wp-json\/wp\/v2\/product"}],"about":[{"href":"https:\/\/saiga.es\/fr\/wp-json\/wp\/v2\/types\/product"}],"replies":[{"embeddable":true,"href":"https:\/\/saiga.es\/fr\/wp-json\/wp\/v2\/comments?post=9672"}],"wp:featuredmedia":[{"embeddable":true,"href":"https:\/\/saiga.es\/fr\/wp-json\/wp\/v2\/media\/9646"}],"wp:attachment":[{"href":"https:\/\/saiga.es\/fr\/wp-json\/wp\/v2\/media?parent=9672"}],"wp:term":[{"taxonomy":"product_brand","embeddable":true,"href":"https:\/\/saiga.es\/fr\/wp-json\/wp\/v2\/product_brand?post=9672"},{"taxonomy":"product_cat","embeddable":true,"href":"https:\/\/saiga.es\/fr\/wp-json\/wp\/v2\/product_cat?post=9672"},{"taxonomy":"product_tag","embeddable":true,"href":"https:\/\/saiga.es\/fr\/wp-json\/wp\/v2\/product_tag?post=9672"}],"curies":[{"name":"wp","href":"https:\/\/api.w.org\/{rel}","templated":true}]}}