{"id":9753,"date":"2024-04-09T12:16:33","date_gmt":"2024-04-09T12:16:33","guid":{"rendered":"https:\/\/botiga.saiga.es\/producte\/robot-de-nettoyage-de-fond-de-piscine-e-tron-i30\/"},"modified":"2024-05-31T11:34:21","modified_gmt":"2024-05-31T11:34:21","slug":"robot-de-nettoyage-de-fond-de-piscine-e-tron-i30","status":"publish","type":"product","link":"https:\/\/saiga.es\/fr\/produit\/robot-de-nettoyage-de-fond-de-piscine-e-tron-i30\/","title":{"rendered":"Robot de nettoyage de fond de piscine E-Tron i30"},"content":{"rendered":"<p>Le robot nettoyeur de sol E-TRON i30 de Wybot est un robot sans fil avec contr\u00f4le APP mobile qui fonctionne de mani\u00e8re ind\u00e9pendante. Il est con\u00e7u pour tous types de piscines jusqu&rsquo;\u00e0 80 m2 de surface.<\/p>\n","protected":false},"excerpt":{"rendered":"<p>Le nettoyeur de sol sans fil E-TRON i30 ne n\u00e9cessite aucun \u00e9quipement suppl\u00e9mentaire tel qu&rsquo;un tuyau ou une pompe de surpression et son moteur avanc\u00e9 \u00e0 trois axes offre un nettoyage puissant et efficace. Une fois le nettoyage termin\u00e9, il s&rsquo;approche automatiquement du mur pour pouvoir le ramasser et gr\u00e2ce \u00e0 une puce de processeur avanc\u00e9e, il l&#8217;emp\u00eache de s&rsquo;arr\u00eater au milieu de la piscine.<\/p>\n","protected":false},"featured_media":9756,"comment_status":"open","ping_status":"closed","template":"","meta":[],"product_brand":[],"product_cat":[453],"product_tag":[1338,1242,1337],"class_list":{"0":"post-9753","1":"product","2":"type-product","3":"status-publish","4":"has-post-thumbnail","6":"product_cat-produits-pour-piscines","7":"product_tag-nettoyeur-darriere-plan","8":"product_tag-piscines-fr","9":"product_tag-robot-fr","11":"first","12":"outofstock","13":"taxable","14":"shipping-taxable","15":"purchasable","16":"product-type-simple"},"yoast_head":"<!-- This site is optimized with the Yoast SEO plugin v27.5 - https:\/\/yoast.com\/product\/yoast-seo-wordpress\/ -->\n<title>Robot de nettoyage de fond de piscine E-Tron i30 | SAIGA<\/title>\n<meta name=\"description\" content=\"Le robot nettoyeur de sol E-TRON i30 de Wybot est un robot sans fil avec contr\u00f4le APP mobile qui fonctionne de mani\u00e8re ind\u00e9pendante. Il est con\u00e7u pour tous types de piscines jusqu&#039;\u00e0 80 m2 de surface.\" \/>\n<meta name=\"robots\" content=\"index, follow, max-snippet:-1, max-image-preview:large, max-video-preview:-1\" \/>\n<link rel=\"canonical\" href=\"https:\/\/saiga.es\/fr\/produit\/robot-de-nettoyage-de-fond-de-piscine-e-tron-i30\/\" \/>\n<meta property=\"og:locale\" content=\"fr_FR\" \/>\n<meta property=\"og:type\" content=\"article\" \/>\n<meta property=\"og:title\" content=\"Robot de nettoyage de fond de piscine E-Tron i30 | SAIGA\" \/>\n<meta property=\"og:description\" content=\"Le robot nettoyeur de sol E-TRON i30 de Wybot est un robot sans fil avec contr\u00f4le APP mobile qui fonctionne de mani\u00e8re ind\u00e9pendante. Il est con\u00e7u pour tous types de piscines jusqu&#039;\u00e0 80 m2 de surface.\" \/>\n<meta property=\"og:url\" content=\"https:\/\/saiga.es\/fr\/produit\/robot-de-nettoyage-de-fond-de-piscine-e-tron-i30\/\" \/>\n<meta property=\"og:site_name\" content=\"SAIGA\" \/>\n<meta property=\"article:modified_time\" content=\"2024-05-31T11:34:21+00:00\" \/>\n<meta property=\"og:image\" content=\"https:\/\/saiga.es\/wp-content\/uploads\/2024\/04\/Wybot-i30.jpg\" \/>\n\t<meta property=\"og:image:width\" content=\"400\" \/>\n\t<meta property=\"og:image:height\" content=\"400\" \/>\n\t<meta property=\"og:image:type\" content=\"image\/jpeg\" \/>\n<meta name=\"twitter:card\" content=\"summary_large_image\" \/>\n<meta name=\"twitter:site\" content=\"@saiga_agro\" \/>\n<script type=\"application\/ld+json\" class=\"yoast-schema-graph\">{\"@context\":\"https:\\\/\\\/schema.org\",\"@graph\":[{\"@type\":\"WebPage\",\"@id\":\"https:\\\/\\\/saiga.es\\\/fr\\\/produit\\\/robot-de-nettoyage-de-fond-de-piscine-e-tron-i30\\\/\",\"url\":\"https:\\\/\\\/saiga.es\\\/fr\\\/produit\\\/robot-de-nettoyage-de-fond-de-piscine-e-tron-i30\\\/\",\"name\":\"Robot de nettoyage de fond de piscine E-Tron i30 | SAIGA\",\"isPartOf\":{\"@id\":\"https:\\\/\\\/saiga.es\\\/fr\\\/#website\"},\"primaryImageOfPage\":{\"@id\":\"https:\\\/\\\/saiga.es\\\/fr\\\/produit\\\/robot-de-nettoyage-de-fond-de-piscine-e-tron-i30\\\/#primaryimage\"},\"image\":{\"@id\":\"https:\\\/\\\/saiga.es\\\/fr\\\/produit\\\/robot-de-nettoyage-de-fond-de-piscine-e-tron-i30\\\/#primaryimage\"},\"thumbnailUrl\":\"https:\\\/\\\/saiga.es\\\/wp-content\\\/uploads\\\/2024\\\/04\\\/Wybot-i30.jpg\",\"datePublished\":\"2024-04-09T12:16:33+00:00\",\"dateModified\":\"2024-05-31T11:34:21+00:00\",\"description\":\"Le robot nettoyeur de sol E-TRON i30 de Wybot est un robot sans fil avec contr\u00f4le APP mobile qui fonctionne de mani\u00e8re ind\u00e9pendante. Il est con\u00e7u pour tous types de piscines jusqu'\u00e0 80 m2 de surface.\",\"breadcrumb\":{\"@id\":\"https:\\\/\\\/saiga.es\\\/fr\\\/produit\\\/robot-de-nettoyage-de-fond-de-piscine-e-tron-i30\\\/#breadcrumb\"},\"inLanguage\":\"fr-FR\",\"potentialAction\":[{\"@type\":\"ReadAction\",\"target\":[\"https:\\\/\\\/saiga.es\\\/fr\\\/produit\\\/robot-de-nettoyage-de-fond-de-piscine-e-tron-i30\\\/\"]}]},{\"@type\":\"ImageObject\",\"inLanguage\":\"fr-FR\",\"@id\":\"https:\\\/\\\/saiga.es\\\/fr\\\/produit\\\/robot-de-nettoyage-de-fond-de-piscine-e-tron-i30\\\/#primaryimage\",\"url\":\"https:\\\/\\\/saiga.es\\\/wp-content\\\/uploads\\\/2024\\\/04\\\/Wybot-i30.jpg\",\"contentUrl\":\"https:\\\/\\\/saiga.es\\\/wp-content\\\/uploads\\\/2024\\\/04\\\/Wybot-i30.jpg\",\"width\":400,\"height\":400,\"caption\":\"Netejafons Wybot i30\"},{\"@type\":\"BreadcrumbList\",\"@id\":\"https:\\\/\\\/saiga.es\\\/fr\\\/produit\\\/robot-de-nettoyage-de-fond-de-piscine-e-tron-i30\\\/#breadcrumb\",\"itemListElement\":[{\"@type\":\"ListItem\",\"position\":1,\"name\":\"Inici\",\"item\":\"https:\\\/\\\/saiga.es\\\/fr\\\/\"},{\"@type\":\"ListItem\",\"position\":2,\"name\":\"boutique\",\"item\":\"https:\\\/\\\/saiga.es\\\/fr\\\/boutique\\\/\"},{\"@type\":\"ListItem\",\"position\":3,\"name\":\"Robot de nettoyage de fond de piscine E-Tron i30\"}]},{\"@type\":\"WebSite\",\"@id\":\"https:\\\/\\\/saiga.es\\\/fr\\\/#website\",\"url\":\"https:\\\/\\\/saiga.es\\\/fr\\\/\",\"name\":\"SAIGA\",\"description\":\"M\u00e9s de 50 anys al servei de la terra i treballant per a un \u00fas eficient de l\u2019aigua!\",\"publisher\":{\"@id\":\"https:\\\/\\\/saiga.es\\\/fr\\\/#organization\"},\"potentialAction\":[{\"@type\":\"SearchAction\",\"target\":{\"@type\":\"EntryPoint\",\"urlTemplate\":\"https:\\\/\\\/saiga.es\\\/fr\\\/?s={search_term_string}\"},\"query-input\":{\"@type\":\"PropertyValueSpecification\",\"valueRequired\":true,\"valueName\":\"search_term_string\"}}],\"inLanguage\":\"fr-FR\"},{\"@type\":\"Organization\",\"@id\":\"https:\\\/\\\/saiga.es\\\/fr\\\/#organization\",\"name\":\"SAIGA\",\"url\":\"https:\\\/\\\/saiga.es\\\/fr\\\/\",\"logo\":{\"@type\":\"ImageObject\",\"inLanguage\":\"fr-FR\",\"@id\":\"https:\\\/\\\/saiga.es\\\/fr\\\/#\\\/schema\\\/logo\\\/image\\\/\",\"url\":\"https:\\\/\\\/saiga.es\\\/wp-content\\\/uploads\\\/2025\\\/07\\\/logo_saiga_baseline_optimitzat.svg\",\"contentUrl\":\"https:\\\/\\\/saiga.es\\\/wp-content\\\/uploads\\\/2025\\\/07\\\/logo_saiga_baseline_optimitzat.svg\",\"caption\":\"SAIGA\"},\"image\":{\"@id\":\"https:\\\/\\\/saiga.es\\\/fr\\\/#\\\/schema\\\/logo\\\/image\\\/\"},\"sameAs\":[\"https:\\\/\\\/x.com\\\/saiga_agro\",\"https:\\\/\\\/www.instagram.com\\\/saiga_agro\\\/\"]}]}<\/script>\n<!-- \/ Yoast SEO plugin. -->","yoast_head_json":{"title":"Robot de nettoyage de fond de piscine E-Tron i30 | SAIGA","description":"Le robot nettoyeur de sol E-TRON i30 de Wybot est un robot sans fil avec contr\u00f4le APP mobile qui fonctionne de mani\u00e8re ind\u00e9pendante. Il est con\u00e7u pour tous types de piscines jusqu'\u00e0 80 m2 de surface.","robots":{"index":"index","follow":"follow","max-snippet":"max-snippet:-1","max-image-preview":"max-image-preview:large","max-video-preview":"max-video-preview:-1"},"canonical":"https:\/\/saiga.es\/fr\/produit\/robot-de-nettoyage-de-fond-de-piscine-e-tron-i30\/","og_locale":"fr_FR","og_type":"article","og_title":"Robot de nettoyage de fond de piscine E-Tron i30 | SAIGA","og_description":"Le robot nettoyeur de sol E-TRON i30 de Wybot est un robot sans fil avec contr\u00f4le APP mobile qui fonctionne de mani\u00e8re ind\u00e9pendante. Il est con\u00e7u pour tous types de piscines jusqu'\u00e0 80 m2 de surface.","og_url":"https:\/\/saiga.es\/fr\/produit\/robot-de-nettoyage-de-fond-de-piscine-e-tron-i30\/","og_site_name":"SAIGA","article_modified_time":"2024-05-31T11:34:21+00:00","og_image":[{"width":400,"height":400,"url":"https:\/\/saiga.es\/wp-content\/uploads\/2024\/04\/Wybot-i30.jpg","type":"image\/jpeg"}],"twitter_card":"summary_large_image","twitter_site":"@saiga_agro","schema":{"@context":"https:\/\/schema.org","@graph":[{"@type":"WebPage","@id":"https:\/\/saiga.es\/fr\/produit\/robot-de-nettoyage-de-fond-de-piscine-e-tron-i30\/","url":"https:\/\/saiga.es\/fr\/produit\/robot-de-nettoyage-de-fond-de-piscine-e-tron-i30\/","name":"Robot de nettoyage de fond de piscine E-Tron i30 | SAIGA","isPartOf":{"@id":"https:\/\/saiga.es\/fr\/#website"},"primaryImageOfPage":{"@id":"https:\/\/saiga.es\/fr\/produit\/robot-de-nettoyage-de-fond-de-piscine-e-tron-i30\/#primaryimage"},"image":{"@id":"https:\/\/saiga.es\/fr\/produit\/robot-de-nettoyage-de-fond-de-piscine-e-tron-i30\/#primaryimage"},"thumbnailUrl":"https:\/\/saiga.es\/wp-content\/uploads\/2024\/04\/Wybot-i30.jpg","datePublished":"2024-04-09T12:16:33+00:00","dateModified":"2024-05-31T11:34:21+00:00","description":"Le robot nettoyeur de sol E-TRON i30 de Wybot est un robot sans fil avec contr\u00f4le APP mobile qui fonctionne de mani\u00e8re ind\u00e9pendante. Il est con\u00e7u pour tous types de piscines jusqu'\u00e0 80 m2 de surface.","breadcrumb":{"@id":"https:\/\/saiga.es\/fr\/produit\/robot-de-nettoyage-de-fond-de-piscine-e-tron-i30\/#breadcrumb"},"inLanguage":"fr-FR","potentialAction":[{"@type":"ReadAction","target":["https:\/\/saiga.es\/fr\/produit\/robot-de-nettoyage-de-fond-de-piscine-e-tron-i30\/"]}]},{"@type":"ImageObject","inLanguage":"fr-FR","@id":"https:\/\/saiga.es\/fr\/produit\/robot-de-nettoyage-de-fond-de-piscine-e-tron-i30\/#primaryimage","url":"https:\/\/saiga.es\/wp-content\/uploads\/2024\/04\/Wybot-i30.jpg","contentUrl":"https:\/\/saiga.es\/wp-content\/uploads\/2024\/04\/Wybot-i30.jpg","width":400,"height":400,"caption":"Netejafons Wybot i30"},{"@type":"BreadcrumbList","@id":"https:\/\/saiga.es\/fr\/produit\/robot-de-nettoyage-de-fond-de-piscine-e-tron-i30\/#breadcrumb","itemListElement":[{"@type":"ListItem","position":1,"name":"Inici","item":"https:\/\/saiga.es\/fr\/"},{"@type":"ListItem","position":2,"name":"boutique","item":"https:\/\/saiga.es\/fr\/boutique\/"},{"@type":"ListItem","position":3,"name":"Robot de nettoyage de fond de piscine E-Tron i30"}]},{"@type":"WebSite","@id":"https:\/\/saiga.es\/fr\/#website","url":"https:\/\/saiga.es\/fr\/","name":"SAIGA","description":"M\u00e9s de 50 anys al servei de la terra i treballant per a un \u00fas eficient de l\u2019aigua!","publisher":{"@id":"https:\/\/saiga.es\/fr\/#organization"},"potentialAction":[{"@type":"SearchAction","target":{"@type":"EntryPoint","urlTemplate":"https:\/\/saiga.es\/fr\/?s={search_term_string}"},"query-input":{"@type":"PropertyValueSpecification","valueRequired":true,"valueName":"search_term_string"}}],"inLanguage":"fr-FR"},{"@type":"Organization","@id":"https:\/\/saiga.es\/fr\/#organization","name":"SAIGA","url":"https:\/\/saiga.es\/fr\/","logo":{"@type":"ImageObject","inLanguage":"fr-FR","@id":"https:\/\/saiga.es\/fr\/#\/schema\/logo\/image\/","url":"https:\/\/saiga.es\/wp-content\/uploads\/2025\/07\/logo_saiga_baseline_optimitzat.svg","contentUrl":"https:\/\/saiga.es\/wp-content\/uploads\/2025\/07\/logo_saiga_baseline_optimitzat.svg","caption":"SAIGA"},"image":{"@id":"https:\/\/saiga.es\/fr\/#\/schema\/logo\/image\/"},"sameAs":["https:\/\/x.com\/saiga_agro","https:\/\/www.instagram.com\/saiga_agro\/"]}]}},"_links":{"self":[{"href":"https:\/\/saiga.es\/fr\/wp-json\/wp\/v2\/product\/9753","targetHints":{"allow":["GET"]}}],"collection":[{"href":"https:\/\/saiga.es\/fr\/wp-json\/wp\/v2\/product"}],"about":[{"href":"https:\/\/saiga.es\/fr\/wp-json\/wp\/v2\/types\/product"}],"replies":[{"embeddable":true,"href":"https:\/\/saiga.es\/fr\/wp-json\/wp\/v2\/comments?post=9753"}],"wp:featuredmedia":[{"embeddable":true,"href":"https:\/\/saiga.es\/fr\/wp-json\/wp\/v2\/media\/9756"}],"wp:attachment":[{"href":"https:\/\/saiga.es\/fr\/wp-json\/wp\/v2\/media?parent=9753"}],"wp:term":[{"taxonomy":"product_brand","embeddable":true,"href":"https:\/\/saiga.es\/fr\/wp-json\/wp\/v2\/product_brand?post=9753"},{"taxonomy":"product_cat","embeddable":true,"href":"https:\/\/saiga.es\/fr\/wp-json\/wp\/v2\/product_cat?post=9753"},{"taxonomy":"product_tag","embeddable":true,"href":"https:\/\/saiga.es\/fr\/wp-json\/wp\/v2\/product_tag?post=9753"}],"curies":[{"name":"wp","href":"https:\/\/api.w.org\/{rel}","templated":true}]}}