{"id":9754,"date":"2024-04-09T12:16:33","date_gmt":"2024-04-09T12:16:33","guid":{"rendered":"https:\/\/botiga.saiga.es\/producte\/robot-limpiafondos-de-piscina-e-tron-i30\/"},"modified":"2025-10-24T14:59:11","modified_gmt":"2025-10-24T14:59:11","slug":"robot-netejafons-de-piscina-e-tron-i30","status":"publish","type":"product","link":"https:\/\/saiga.es\/fr\/produit\/robot-netejafons-de-piscina-e-tron-i30\/","title":{"rendered":"Robot netejafons de piscina E-Tron i30"},"content":{"rendered":"<p>El robot netejafons E-TRON i30 de Wybot \u00e9s un robot sense cables amb control d&rsquo;APP m\u00f2bil que funciona de manera independent. Est\u00e0 dissenyat per a tot tipus de piscines de fins a 80m2 de superf\u00edcie.<\/p>\n","protected":false},"excerpt":{"rendered":"<p>El netejafons sense fils E-TRON i30 no requereix un equip addicional com m\u00e0nega o bomba de refor\u00e7 i el seu avan\u00e7at motor de tres eixos ofereix una neteja potent i eficient. En acabar la neteja s&rsquo;aproxima autom\u00e0ticament a la paret perqu\u00e8 pugui ser recollit i gr\u00e0cies a un xip de processador avan\u00e7at impedeix que es quedi aturat al mig de la piscina.<\/p>\n","protected":false},"featured_media":9757,"comment_status":"open","ping_status":"closed","template":"","meta":[],"product_brand":[],"product_cat":[126],"product_tag":[2325,2326,1335],"class_list":{"0":"post-9754","1":"product","2":"type-product","3":"status-publish","4":"has-post-thumbnail","6":"product_cat-productes-per-a-piscines-maison","7":"product_tag-limpiafondos","8":"product_tag-piscinas","9":"product_tag-robot","11":"first","12":"outofstock","13":"taxable","14":"shipping-taxable","15":"purchasable","16":"product-type-simple"},"yoast_head":"<!-- This site is optimized with the Yoast SEO plugin v27.4 - https:\/\/yoast.com\/product\/yoast-seo-wordpress\/ -->\n<title>Robot netejafons de piscina E-Tron i30 | SAIGA<\/title>\n<meta name=\"description\" content=\"El robot limpiafondos E-TRON i30 de Wybot es un robot sin cables con control de APP m\u00f3vil que funciona de forma independiente. Est\u00e1 dise\u00f1ado para todo tipo de piscinas de hasta 80m2 de superficie.\" \/>\n<meta name=\"robots\" content=\"index, follow, max-snippet:-1, max-image-preview:large, max-video-preview:-1\" \/>\n<link rel=\"canonical\" href=\"https:\/\/saiga.es\/fr\/produit\/robot-netejafons-de-piscina-e-tron-i30\/\" \/>\n<meta property=\"og:locale\" content=\"fr_FR\" \/>\n<meta property=\"og:type\" content=\"article\" \/>\n<meta property=\"og:title\" content=\"Robot netejafons de piscina E-Tron i30 | SAIGA\" \/>\n<meta property=\"og:description\" content=\"El robot limpiafondos E-TRON i30 de Wybot es un robot sin cables con control de APP m\u00f3vil que funciona de forma independiente. Est\u00e1 dise\u00f1ado para todo tipo de piscinas de hasta 80m2 de superficie.\" \/>\n<meta property=\"og:url\" content=\"https:\/\/saiga.es\/fr\/produit\/robot-netejafons-de-piscina-e-tron-i30\/\" \/>\n<meta property=\"og:site_name\" content=\"SAIGA\" \/>\n<meta property=\"article:modified_time\" content=\"2025-10-24T14:59:11+00:00\" \/>\n<meta property=\"og:image\" content=\"https:\/\/saiga.es\/wp-content\/uploads\/2024\/04\/Wybot-i30.jpg\" \/>\n\t<meta property=\"og:image:width\" content=\"400\" \/>\n\t<meta property=\"og:image:height\" content=\"400\" \/>\n\t<meta property=\"og:image:type\" content=\"image\/jpeg\" \/>\n<meta name=\"twitter:card\" content=\"summary_large_image\" \/>\n<meta name=\"twitter:site\" content=\"@saiga_agro\" \/>\n<meta name=\"twitter:label1\" content=\"Dur\u00e9e de lecture estim\u00e9e\" \/>\n\t<meta name=\"twitter:data1\" content=\"1 minute\" \/>\n<script type=\"application\/ld+json\" class=\"yoast-schema-graph\">{\"@context\":\"https:\\\/\\\/schema.org\",\"@graph\":[{\"@type\":\"WebPage\",\"@id\":\"https:\\\/\\\/saiga.es\\\/fr\\\/produit\\\/robot-netejafons-de-piscina-e-tron-i30\\\/\",\"url\":\"https:\\\/\\\/saiga.es\\\/fr\\\/produit\\\/robot-netejafons-de-piscina-e-tron-i30\\\/\",\"name\":\"Robot netejafons de piscina E-Tron i30 | SAIGA\",\"isPartOf\":{\"@id\":\"https:\\\/\\\/saiga.es\\\/fr\\\/#website\"},\"primaryImageOfPage\":{\"@id\":\"https:\\\/\\\/saiga.es\\\/fr\\\/produit\\\/robot-netejafons-de-piscina-e-tron-i30\\\/#primaryimage\"},\"image\":{\"@id\":\"https:\\\/\\\/saiga.es\\\/fr\\\/produit\\\/robot-netejafons-de-piscina-e-tron-i30\\\/#primaryimage\"},\"thumbnailUrl\":\"https:\\\/\\\/saiga.es\\\/wp-content\\\/uploads\\\/2024\\\/04\\\/Wybot-i30.jpg\",\"datePublished\":\"2024-04-09T12:16:33+00:00\",\"dateModified\":\"2025-10-24T14:59:11+00:00\",\"description\":\"El robot limpiafondos E-TRON i30 de Wybot es un robot sin cables con control de APP m\u00f3vil que funciona de forma independiente. Est\u00e1 dise\u00f1ado para todo tipo de piscinas de hasta 80m2 de superficie.\",\"breadcrumb\":{\"@id\":\"https:\\\/\\\/saiga.es\\\/fr\\\/produit\\\/robot-netejafons-de-piscina-e-tron-i30\\\/#breadcrumb\"},\"inLanguage\":\"fr-FR\",\"potentialAction\":[{\"@type\":\"ReadAction\",\"target\":[\"https:\\\/\\\/saiga.es\\\/fr\\\/produit\\\/robot-netejafons-de-piscina-e-tron-i30\\\/\"]}]},{\"@type\":\"ImageObject\",\"inLanguage\":\"fr-FR\",\"@id\":\"https:\\\/\\\/saiga.es\\\/fr\\\/produit\\\/robot-netejafons-de-piscina-e-tron-i30\\\/#primaryimage\",\"url\":\"https:\\\/\\\/saiga.es\\\/wp-content\\\/uploads\\\/2024\\\/04\\\/Wybot-i30.jpg\",\"contentUrl\":\"https:\\\/\\\/saiga.es\\\/wp-content\\\/uploads\\\/2024\\\/04\\\/Wybot-i30.jpg\",\"width\":400,\"height\":400,\"caption\":\"Limpiafondos Wybot i30\"},{\"@type\":\"BreadcrumbList\",\"@id\":\"https:\\\/\\\/saiga.es\\\/fr\\\/produit\\\/robot-netejafons-de-piscina-e-tron-i30\\\/#breadcrumb\",\"itemListElement\":[{\"@type\":\"ListItem\",\"position\":1,\"name\":\"Inici\",\"item\":\"https:\\\/\\\/saiga.es\\\/fr\\\/\"},{\"@type\":\"ListItem\",\"position\":2,\"name\":\"boutique\",\"item\":\"https:\\\/\\\/saiga.es\\\/fr\\\/boutique\\\/\"},{\"@type\":\"ListItem\",\"position\":3,\"name\":\"Robot netejafons de piscina E-Tron i30\"}]},{\"@type\":\"WebSite\",\"@id\":\"https:\\\/\\\/saiga.es\\\/fr\\\/#website\",\"url\":\"https:\\\/\\\/saiga.es\\\/fr\\\/\",\"name\":\"SAIGA\",\"description\":\"M\u00e9s de 50 anys al servei de la terra i treballant per a un \u00fas eficient de l\u2019aigua!\",\"publisher\":{\"@id\":\"https:\\\/\\\/saiga.es\\\/fr\\\/#organization\"},\"potentialAction\":[{\"@type\":\"SearchAction\",\"target\":{\"@type\":\"EntryPoint\",\"urlTemplate\":\"https:\\\/\\\/saiga.es\\\/fr\\\/?s={search_term_string}\"},\"query-input\":{\"@type\":\"PropertyValueSpecification\",\"valueRequired\":true,\"valueName\":\"search_term_string\"}}],\"inLanguage\":\"fr-FR\"},{\"@type\":\"Organization\",\"@id\":\"https:\\\/\\\/saiga.es\\\/fr\\\/#organization\",\"name\":\"SAIGA\",\"url\":\"https:\\\/\\\/saiga.es\\\/fr\\\/\",\"logo\":{\"@type\":\"ImageObject\",\"inLanguage\":\"fr-FR\",\"@id\":\"https:\\\/\\\/saiga.es\\\/fr\\\/#\\\/schema\\\/logo\\\/image\\\/\",\"url\":\"https:\\\/\\\/saiga.es\\\/wp-content\\\/uploads\\\/2025\\\/07\\\/logo_saiga_baseline_optimitzat.svg\",\"contentUrl\":\"https:\\\/\\\/saiga.es\\\/wp-content\\\/uploads\\\/2025\\\/07\\\/logo_saiga_baseline_optimitzat.svg\",\"caption\":\"SAIGA\"},\"image\":{\"@id\":\"https:\\\/\\\/saiga.es\\\/fr\\\/#\\\/schema\\\/logo\\\/image\\\/\"},\"sameAs\":[\"https:\\\/\\\/x.com\\\/saiga_agro\",\"https:\\\/\\\/www.instagram.com\\\/saiga_agro\\\/\"]}]}<\/script>\n<!-- \/ Yoast SEO plugin. -->","yoast_head_json":{"title":"Robot netejafons de piscina E-Tron i30 | SAIGA","description":"El robot limpiafondos E-TRON i30 de Wybot es un robot sin cables con control de APP m\u00f3vil que funciona de forma independiente. Est\u00e1 dise\u00f1ado para todo tipo de piscinas de hasta 80m2 de superficie.","robots":{"index":"index","follow":"follow","max-snippet":"max-snippet:-1","max-image-preview":"max-image-preview:large","max-video-preview":"max-video-preview:-1"},"canonical":"https:\/\/saiga.es\/fr\/produit\/robot-netejafons-de-piscina-e-tron-i30\/","og_locale":"fr_FR","og_type":"article","og_title":"Robot netejafons de piscina E-Tron i30 | SAIGA","og_description":"El robot limpiafondos E-TRON i30 de Wybot es un robot sin cables con control de APP m\u00f3vil que funciona de forma independiente. Est\u00e1 dise\u00f1ado para todo tipo de piscinas de hasta 80m2 de superficie.","og_url":"https:\/\/saiga.es\/fr\/produit\/robot-netejafons-de-piscina-e-tron-i30\/","og_site_name":"SAIGA","article_modified_time":"2025-10-24T14:59:11+00:00","og_image":[{"width":400,"height":400,"url":"https:\/\/saiga.es\/wp-content\/uploads\/2024\/04\/Wybot-i30.jpg","type":"image\/jpeg"}],"twitter_card":"summary_large_image","twitter_site":"@saiga_agro","twitter_misc":{"Dur\u00e9e de lecture estim\u00e9e":"1 minute"},"schema":{"@context":"https:\/\/schema.org","@graph":[{"@type":"WebPage","@id":"https:\/\/saiga.es\/fr\/produit\/robot-netejafons-de-piscina-e-tron-i30\/","url":"https:\/\/saiga.es\/fr\/produit\/robot-netejafons-de-piscina-e-tron-i30\/","name":"Robot netejafons de piscina E-Tron i30 | SAIGA","isPartOf":{"@id":"https:\/\/saiga.es\/fr\/#website"},"primaryImageOfPage":{"@id":"https:\/\/saiga.es\/fr\/produit\/robot-netejafons-de-piscina-e-tron-i30\/#primaryimage"},"image":{"@id":"https:\/\/saiga.es\/fr\/produit\/robot-netejafons-de-piscina-e-tron-i30\/#primaryimage"},"thumbnailUrl":"https:\/\/saiga.es\/wp-content\/uploads\/2024\/04\/Wybot-i30.jpg","datePublished":"2024-04-09T12:16:33+00:00","dateModified":"2025-10-24T14:59:11+00:00","description":"El robot limpiafondos E-TRON i30 de Wybot es un robot sin cables con control de APP m\u00f3vil que funciona de forma independiente. Est\u00e1 dise\u00f1ado para todo tipo de piscinas de hasta 80m2 de superficie.","breadcrumb":{"@id":"https:\/\/saiga.es\/fr\/produit\/robot-netejafons-de-piscina-e-tron-i30\/#breadcrumb"},"inLanguage":"fr-FR","potentialAction":[{"@type":"ReadAction","target":["https:\/\/saiga.es\/fr\/produit\/robot-netejafons-de-piscina-e-tron-i30\/"]}]},{"@type":"ImageObject","inLanguage":"fr-FR","@id":"https:\/\/saiga.es\/fr\/produit\/robot-netejafons-de-piscina-e-tron-i30\/#primaryimage","url":"https:\/\/saiga.es\/wp-content\/uploads\/2024\/04\/Wybot-i30.jpg","contentUrl":"https:\/\/saiga.es\/wp-content\/uploads\/2024\/04\/Wybot-i30.jpg","width":400,"height":400,"caption":"Limpiafondos Wybot i30"},{"@type":"BreadcrumbList","@id":"https:\/\/saiga.es\/fr\/produit\/robot-netejafons-de-piscina-e-tron-i30\/#breadcrumb","itemListElement":[{"@type":"ListItem","position":1,"name":"Inici","item":"https:\/\/saiga.es\/fr\/"},{"@type":"ListItem","position":2,"name":"boutique","item":"https:\/\/saiga.es\/fr\/boutique\/"},{"@type":"ListItem","position":3,"name":"Robot netejafons de piscina E-Tron i30"}]},{"@type":"WebSite","@id":"https:\/\/saiga.es\/fr\/#website","url":"https:\/\/saiga.es\/fr\/","name":"SAIGA","description":"M\u00e9s de 50 anys al servei de la terra i treballant per a un \u00fas eficient de l\u2019aigua!","publisher":{"@id":"https:\/\/saiga.es\/fr\/#organization"},"potentialAction":[{"@type":"SearchAction","target":{"@type":"EntryPoint","urlTemplate":"https:\/\/saiga.es\/fr\/?s={search_term_string}"},"query-input":{"@type":"PropertyValueSpecification","valueRequired":true,"valueName":"search_term_string"}}],"inLanguage":"fr-FR"},{"@type":"Organization","@id":"https:\/\/saiga.es\/fr\/#organization","name":"SAIGA","url":"https:\/\/saiga.es\/fr\/","logo":{"@type":"ImageObject","inLanguage":"fr-FR","@id":"https:\/\/saiga.es\/fr\/#\/schema\/logo\/image\/","url":"https:\/\/saiga.es\/wp-content\/uploads\/2025\/07\/logo_saiga_baseline_optimitzat.svg","contentUrl":"https:\/\/saiga.es\/wp-content\/uploads\/2025\/07\/logo_saiga_baseline_optimitzat.svg","caption":"SAIGA"},"image":{"@id":"https:\/\/saiga.es\/fr\/#\/schema\/logo\/image\/"},"sameAs":["https:\/\/x.com\/saiga_agro","https:\/\/www.instagram.com\/saiga_agro\/"]}]}},"_links":{"self":[{"href":"https:\/\/saiga.es\/fr\/wp-json\/wp\/v2\/product\/9754","targetHints":{"allow":["GET"]}}],"collection":[{"href":"https:\/\/saiga.es\/fr\/wp-json\/wp\/v2\/product"}],"about":[{"href":"https:\/\/saiga.es\/fr\/wp-json\/wp\/v2\/types\/product"}],"replies":[{"embeddable":true,"href":"https:\/\/saiga.es\/fr\/wp-json\/wp\/v2\/comments?post=9754"}],"wp:featuredmedia":[{"embeddable":true,"href":"https:\/\/saiga.es\/fr\/wp-json\/wp\/v2\/media\/9757"}],"wp:attachment":[{"href":"https:\/\/saiga.es\/fr\/wp-json\/wp\/v2\/media?parent=9754"}],"wp:term":[{"taxonomy":"product_brand","embeddable":true,"href":"https:\/\/saiga.es\/fr\/wp-json\/wp\/v2\/product_brand?post=9754"},{"taxonomy":"product_cat","embeddable":true,"href":"https:\/\/saiga.es\/fr\/wp-json\/wp\/v2\/product_cat?post=9754"},{"taxonomy":"product_tag","embeddable":true,"href":"https:\/\/saiga.es\/fr\/wp-json\/wp\/v2\/product_tag?post=9754"}],"curies":[{"name":"wp","href":"https:\/\/api.w.org\/{rel}","templated":true}]}}