{"id":9839,"date":"2024-04-10T09:22:16","date_gmt":"2024-04-10T09:22:16","guid":{"rendered":"https:\/\/botiga.saiga.es\/producte\/cartouche-silicone-polyvalente-300ml-transparente\/"},"modified":"2024-04-10T09:22:16","modified_gmt":"2024-04-10T09:22:16","slug":"cartouche-silicone-polyvalente-300ml-transparente","status":"publish","type":"product","link":"https:\/\/saiga.es\/fr\/produit\/cartouche-silicone-polyvalente-300ml-transparente\/","title":{"rendered":"Cartouche silicone polyvalente 300ml transparente"},"content":{"rendered":"<p>Cartouche silicone polyvalente 300ml transparente<\/p>\n<p>Ce produit est un mastic silicone de haute <span class=\"hiddenGreenError\" style=\"padding-bottom: 2px; background-image: url('..\/..\/..\/..\/..\/images\/squiggle_green.png'); background-repeat: repeat-x; background-position: left bottom; cursor: default; color: #000000; font-family: 'Open Sans', Helvetica, Arial, sans-serif; font-size: 16px; font-style: normal; font-variant-ligatures: normal; font-variant-caps: normal; font-weight: 300; letter-spacing: normal; orphans: 2; text-align: start; text-indent: 0px; text-transform: none; widows: 2; word-spacing: 0px; -webkit-text-stroke-width: 0px; white-space: normal; text-decoration-thickness: initial; text-decoration-style: initial; text-decoration-color: initial;\">qualit\u00e9<\/span> qui se solidifie au contact de l\u2019humidit\u00e9, assurant une liaison solide et durable. Id\u00e9al pour les applications de scellement sur diverses surfaces, il offre une \u00e9lasticit\u00e9, une r\u00e9sistance \u00e0 la d\u00e9t\u00e9rioration et une protection exceptionnelles contre la moisissure et les rayons UV.<\/p>\n","protected":false},"excerpt":{"rendered":"<p>Cartouche silicone polyvalente 300ml transparente<\/p>\n<p>Ce produit est un mastic silicone de haute <span class=\"hiddenGreenError\" style=\"padding-bottom: 2px; background-image: url('..\/..\/..\/..\/..\/images\/squiggle_green.png'); background-repeat: repeat-x; background-position: left bottom; cursor: default; color: #000000; font-family: 'Open Sans', Helvetica, Arial, sans-serif; font-size: 16px; font-style: normal; font-variant-ligatures: normal; font-variant-caps: normal; font-weight: 300; letter-spacing: normal; orphans: 2; text-align: start; text-indent: 0px; text-transform: none; widows: 2; word-spacing: 0px; -webkit-text-stroke-width: 0px; white-space: normal; text-decoration-thickness: initial; text-decoration-style: initial; text-decoration-color: initial;\">qualit\u00e9<\/span> qui se solidifie au contact de l\u2019humidit\u00e9, assurant une liaison solide et durable. Id\u00e9al pour les applications de scellement sur diverses surfaces, il offre une \u00e9lasticit\u00e9, une r\u00e9sistance \u00e0 la d\u00e9t\u00e9rioration et une protection exceptionnelles contre la moisissure et les rayons UV.<\/p>\n","protected":false},"featured_media":9823,"comment_status":"open","ping_status":"closed","template":"","meta":[],"product_brand":[],"product_cat":[1325],"product_tag":[],"class_list":{"0":"post-9839","1":"product","2":"type-product","3":"status-publish","4":"has-post-thumbnail","6":"product_cat-diy","8":"first","9":"instock","10":"sale","11":"taxable","12":"shipping-taxable","13":"purchasable","14":"product-type-simple"},"yoast_head":"<!-- This site is optimized with the Yoast SEO plugin v27.5 - https:\/\/yoast.com\/product\/yoast-seo-wordpress\/ -->\n<title>Cartouche silicone polyvalente 300ml transparente | SAIGA<\/title>\n<meta name=\"description\" content=\"Cartouche de mastic silicone ac\u00e9tique transparente. Id\u00e9al pour sceller les joints, avec r\u00e9sistance aux moisissures et aux rayons UV, \u00e9lasticit\u00e9 et durabilit\u00e9.\" \/>\n<meta name=\"robots\" content=\"index, follow, max-snippet:-1, max-image-preview:large, max-video-preview:-1\" \/>\n<link rel=\"canonical\" href=\"https:\/\/saiga.es\/fr\/produit\/cartouche-silicone-polyvalente-300ml-transparente\/\" \/>\n<meta property=\"og:locale\" content=\"fr_FR\" \/>\n<meta property=\"og:type\" content=\"article\" \/>\n<meta property=\"og:title\" content=\"Cartouche silicone polyvalente 300ml transparente | SAIGA\" \/>\n<meta property=\"og:description\" content=\"Cartouche de mastic silicone ac\u00e9tique transparente. Id\u00e9al pour sceller les joints, avec r\u00e9sistance aux moisissures et aux rayons UV, \u00e9lasticit\u00e9 et durabilit\u00e9.\" \/>\n<meta property=\"og:url\" content=\"https:\/\/saiga.es\/fr\/produit\/cartouche-silicone-polyvalente-300ml-transparente\/\" \/>\n<meta property=\"og:site_name\" content=\"SAIGA\" \/>\n<meta property=\"og:image\" content=\"https:\/\/saiga.es\/wp-content\/uploads\/2024\/04\/pattex-sigillante-sl500-multiuso.webp\" \/>\n\t<meta property=\"og:image:width\" content=\"455\" \/>\n\t<meta property=\"og:image:height\" content=\"455\" \/>\n\t<meta property=\"og:image:type\" content=\"image\/webp\" \/>\n<meta name=\"twitter:card\" content=\"summary_large_image\" \/>\n<meta name=\"twitter:site\" content=\"@saiga_agro\" \/>\n<script type=\"application\/ld+json\" class=\"yoast-schema-graph\">{\"@context\":\"https:\\\/\\\/schema.org\",\"@graph\":[{\"@type\":\"WebPage\",\"@id\":\"https:\\\/\\\/saiga.es\\\/fr\\\/produit\\\/cartouche-silicone-polyvalente-300ml-transparente\\\/\",\"url\":\"https:\\\/\\\/saiga.es\\\/fr\\\/produit\\\/cartouche-silicone-polyvalente-300ml-transparente\\\/\",\"name\":\"Cartouche silicone polyvalente 300ml transparente | SAIGA\",\"isPartOf\":{\"@id\":\"https:\\\/\\\/saiga.es\\\/fr\\\/#website\"},\"primaryImageOfPage\":{\"@id\":\"https:\\\/\\\/saiga.es\\\/fr\\\/produit\\\/cartouche-silicone-polyvalente-300ml-transparente\\\/#primaryimage\"},\"image\":{\"@id\":\"https:\\\/\\\/saiga.es\\\/fr\\\/produit\\\/cartouche-silicone-polyvalente-300ml-transparente\\\/#primaryimage\"},\"thumbnailUrl\":\"https:\\\/\\\/saiga.es\\\/wp-content\\\/uploads\\\/2024\\\/04\\\/pattex-sigillante-sl500-multiuso.webp\",\"datePublished\":\"2024-04-10T09:22:16+00:00\",\"description\":\"Cartouche de mastic silicone ac\u00e9tique transparente. Id\u00e9al pour sceller les joints, avec r\u00e9sistance aux moisissures et aux rayons UV, \u00e9lasticit\u00e9 et durabilit\u00e9.\",\"breadcrumb\":{\"@id\":\"https:\\\/\\\/saiga.es\\\/fr\\\/produit\\\/cartouche-silicone-polyvalente-300ml-transparente\\\/#breadcrumb\"},\"inLanguage\":\"fr-FR\",\"potentialAction\":[{\"@type\":\"ReadAction\",\"target\":[\"https:\\\/\\\/saiga.es\\\/fr\\\/produit\\\/cartouche-silicone-polyvalente-300ml-transparente\\\/\"]}]},{\"@type\":\"ImageObject\",\"inLanguage\":\"fr-FR\",\"@id\":\"https:\\\/\\\/saiga.es\\\/fr\\\/produit\\\/cartouche-silicone-polyvalente-300ml-transparente\\\/#primaryimage\",\"url\":\"https:\\\/\\\/saiga.es\\\/wp-content\\\/uploads\\\/2024\\\/04\\\/pattex-sigillante-sl500-multiuso.webp\",\"contentUrl\":\"https:\\\/\\\/saiga.es\\\/wp-content\\\/uploads\\\/2024\\\/04\\\/pattex-sigillante-sl500-multiuso.webp\",\"width\":455,\"height\":455,\"caption\":\"Silicona\"},{\"@type\":\"BreadcrumbList\",\"@id\":\"https:\\\/\\\/saiga.es\\\/fr\\\/produit\\\/cartouche-silicone-polyvalente-300ml-transparente\\\/#breadcrumb\",\"itemListElement\":[{\"@type\":\"ListItem\",\"position\":1,\"name\":\"Inici\",\"item\":\"https:\\\/\\\/saiga.es\\\/fr\\\/\"},{\"@type\":\"ListItem\",\"position\":2,\"name\":\"boutique\",\"item\":\"https:\\\/\\\/saiga.es\\\/fr\\\/boutique\\\/\"},{\"@type\":\"ListItem\",\"position\":3,\"name\":\"Cartouche silicone polyvalente 300ml transparente\"}]},{\"@type\":\"WebSite\",\"@id\":\"https:\\\/\\\/saiga.es\\\/fr\\\/#website\",\"url\":\"https:\\\/\\\/saiga.es\\\/fr\\\/\",\"name\":\"SAIGA\",\"description\":\"M\u00e9s de 50 anys al servei de la terra i treballant per a un \u00fas eficient de l\u2019aigua!\",\"publisher\":{\"@id\":\"https:\\\/\\\/saiga.es\\\/fr\\\/#organization\"},\"potentialAction\":[{\"@type\":\"SearchAction\",\"target\":{\"@type\":\"EntryPoint\",\"urlTemplate\":\"https:\\\/\\\/saiga.es\\\/fr\\\/?s={search_term_string}\"},\"query-input\":{\"@type\":\"PropertyValueSpecification\",\"valueRequired\":true,\"valueName\":\"search_term_string\"}}],\"inLanguage\":\"fr-FR\"},{\"@type\":\"Organization\",\"@id\":\"https:\\\/\\\/saiga.es\\\/fr\\\/#organization\",\"name\":\"SAIGA\",\"url\":\"https:\\\/\\\/saiga.es\\\/fr\\\/\",\"logo\":{\"@type\":\"ImageObject\",\"inLanguage\":\"fr-FR\",\"@id\":\"https:\\\/\\\/saiga.es\\\/fr\\\/#\\\/schema\\\/logo\\\/image\\\/\",\"url\":\"https:\\\/\\\/saiga.es\\\/wp-content\\\/uploads\\\/2025\\\/07\\\/logo_saiga_baseline_optimitzat.svg\",\"contentUrl\":\"https:\\\/\\\/saiga.es\\\/wp-content\\\/uploads\\\/2025\\\/07\\\/logo_saiga_baseline_optimitzat.svg\",\"caption\":\"SAIGA\"},\"image\":{\"@id\":\"https:\\\/\\\/saiga.es\\\/fr\\\/#\\\/schema\\\/logo\\\/image\\\/\"},\"sameAs\":[\"https:\\\/\\\/x.com\\\/saiga_agro\",\"https:\\\/\\\/www.instagram.com\\\/saiga_agro\\\/\"]}]}<\/script>\n<!-- \/ Yoast SEO plugin. -->","yoast_head_json":{"title":"Cartouche silicone polyvalente 300ml transparente | SAIGA","description":"Cartouche de mastic silicone ac\u00e9tique transparente. Id\u00e9al pour sceller les joints, avec r\u00e9sistance aux moisissures et aux rayons UV, \u00e9lasticit\u00e9 et durabilit\u00e9.","robots":{"index":"index","follow":"follow","max-snippet":"max-snippet:-1","max-image-preview":"max-image-preview:large","max-video-preview":"max-video-preview:-1"},"canonical":"https:\/\/saiga.es\/fr\/produit\/cartouche-silicone-polyvalente-300ml-transparente\/","og_locale":"fr_FR","og_type":"article","og_title":"Cartouche silicone polyvalente 300ml transparente | SAIGA","og_description":"Cartouche de mastic silicone ac\u00e9tique transparente. Id\u00e9al pour sceller les joints, avec r\u00e9sistance aux moisissures et aux rayons UV, \u00e9lasticit\u00e9 et durabilit\u00e9.","og_url":"https:\/\/saiga.es\/fr\/produit\/cartouche-silicone-polyvalente-300ml-transparente\/","og_site_name":"SAIGA","og_image":[{"width":455,"height":455,"url":"https:\/\/saiga.es\/wp-content\/uploads\/2024\/04\/pattex-sigillante-sl500-multiuso.webp","type":"image\/webp"}],"twitter_card":"summary_large_image","twitter_site":"@saiga_agro","schema":{"@context":"https:\/\/schema.org","@graph":[{"@type":"WebPage","@id":"https:\/\/saiga.es\/fr\/produit\/cartouche-silicone-polyvalente-300ml-transparente\/","url":"https:\/\/saiga.es\/fr\/produit\/cartouche-silicone-polyvalente-300ml-transparente\/","name":"Cartouche silicone polyvalente 300ml transparente | SAIGA","isPartOf":{"@id":"https:\/\/saiga.es\/fr\/#website"},"primaryImageOfPage":{"@id":"https:\/\/saiga.es\/fr\/produit\/cartouche-silicone-polyvalente-300ml-transparente\/#primaryimage"},"image":{"@id":"https:\/\/saiga.es\/fr\/produit\/cartouche-silicone-polyvalente-300ml-transparente\/#primaryimage"},"thumbnailUrl":"https:\/\/saiga.es\/wp-content\/uploads\/2024\/04\/pattex-sigillante-sl500-multiuso.webp","datePublished":"2024-04-10T09:22:16+00:00","description":"Cartouche de mastic silicone ac\u00e9tique transparente. Id\u00e9al pour sceller les joints, avec r\u00e9sistance aux moisissures et aux rayons UV, \u00e9lasticit\u00e9 et durabilit\u00e9.","breadcrumb":{"@id":"https:\/\/saiga.es\/fr\/produit\/cartouche-silicone-polyvalente-300ml-transparente\/#breadcrumb"},"inLanguage":"fr-FR","potentialAction":[{"@type":"ReadAction","target":["https:\/\/saiga.es\/fr\/produit\/cartouche-silicone-polyvalente-300ml-transparente\/"]}]},{"@type":"ImageObject","inLanguage":"fr-FR","@id":"https:\/\/saiga.es\/fr\/produit\/cartouche-silicone-polyvalente-300ml-transparente\/#primaryimage","url":"https:\/\/saiga.es\/wp-content\/uploads\/2024\/04\/pattex-sigillante-sl500-multiuso.webp","contentUrl":"https:\/\/saiga.es\/wp-content\/uploads\/2024\/04\/pattex-sigillante-sl500-multiuso.webp","width":455,"height":455,"caption":"Silicona"},{"@type":"BreadcrumbList","@id":"https:\/\/saiga.es\/fr\/produit\/cartouche-silicone-polyvalente-300ml-transparente\/#breadcrumb","itemListElement":[{"@type":"ListItem","position":1,"name":"Inici","item":"https:\/\/saiga.es\/fr\/"},{"@type":"ListItem","position":2,"name":"boutique","item":"https:\/\/saiga.es\/fr\/boutique\/"},{"@type":"ListItem","position":3,"name":"Cartouche silicone polyvalente 300ml transparente"}]},{"@type":"WebSite","@id":"https:\/\/saiga.es\/fr\/#website","url":"https:\/\/saiga.es\/fr\/","name":"SAIGA","description":"M\u00e9s de 50 anys al servei de la terra i treballant per a un \u00fas eficient de l\u2019aigua!","publisher":{"@id":"https:\/\/saiga.es\/fr\/#organization"},"potentialAction":[{"@type":"SearchAction","target":{"@type":"EntryPoint","urlTemplate":"https:\/\/saiga.es\/fr\/?s={search_term_string}"},"query-input":{"@type":"PropertyValueSpecification","valueRequired":true,"valueName":"search_term_string"}}],"inLanguage":"fr-FR"},{"@type":"Organization","@id":"https:\/\/saiga.es\/fr\/#organization","name":"SAIGA","url":"https:\/\/saiga.es\/fr\/","logo":{"@type":"ImageObject","inLanguage":"fr-FR","@id":"https:\/\/saiga.es\/fr\/#\/schema\/logo\/image\/","url":"https:\/\/saiga.es\/wp-content\/uploads\/2025\/07\/logo_saiga_baseline_optimitzat.svg","contentUrl":"https:\/\/saiga.es\/wp-content\/uploads\/2025\/07\/logo_saiga_baseline_optimitzat.svg","caption":"SAIGA"},"image":{"@id":"https:\/\/saiga.es\/fr\/#\/schema\/logo\/image\/"},"sameAs":["https:\/\/x.com\/saiga_agro","https:\/\/www.instagram.com\/saiga_agro\/"]}]}},"_links":{"self":[{"href":"https:\/\/saiga.es\/fr\/wp-json\/wp\/v2\/product\/9839","targetHints":{"allow":["GET"]}}],"collection":[{"href":"https:\/\/saiga.es\/fr\/wp-json\/wp\/v2\/product"}],"about":[{"href":"https:\/\/saiga.es\/fr\/wp-json\/wp\/v2\/types\/product"}],"replies":[{"embeddable":true,"href":"https:\/\/saiga.es\/fr\/wp-json\/wp\/v2\/comments?post=9839"}],"wp:featuredmedia":[{"embeddable":true,"href":"https:\/\/saiga.es\/fr\/wp-json\/wp\/v2\/media\/9823"}],"wp:attachment":[{"href":"https:\/\/saiga.es\/fr\/wp-json\/wp\/v2\/media?parent=9839"}],"wp:term":[{"taxonomy":"product_brand","embeddable":true,"href":"https:\/\/saiga.es\/fr\/wp-json\/wp\/v2\/product_brand?post=9839"},{"taxonomy":"product_cat","embeddable":true,"href":"https:\/\/saiga.es\/fr\/wp-json\/wp\/v2\/product_cat?post=9839"},{"taxonomy":"product_tag","embeddable":true,"href":"https:\/\/saiga.es\/fr\/wp-json\/wp\/v2\/product_tag?post=9839"}],"curies":[{"name":"wp","href":"https:\/\/api.w.org\/{rel}","templated":true}]}}