{"id":9882,"date":"2024-04-19T08:57:00","date_gmt":"2024-04-19T08:57:00","guid":{"rendered":"https:\/\/botiga.saiga.es\/producte\/taupes-brody-t60\/"},"modified":"2025-12-03T14:58:14","modified_gmt":"2025-12-03T14:58:14","slug":"taupes-brody-t60","status":"publish","type":"product","link":"https:\/\/saiga.es\/fr\/produit\/taupes-brody-t60\/","title":{"rendered":"Brody T60 Tueur de rats"},"content":{"rendered":"<p data-start=\"361\" data-end=\"747\">Le rodenticide Brody T60 est un produit rodenticide formul\u00e9 avec du brodifacoum, une substance anticoagulante \u00e0 effet retard\u00e9 utilis\u00e9e pour le contr\u00f4le des rosiers dans les environnements o\u00f9 il est n\u00e9cessaire de garantir une gestion stricte des ravageurs.<\/p>\n<p data-start=\"749\" data-end=\"1105\">Ce produit est con\u00e7u pour agir sur diff\u00e9rentes esp\u00e8ces de rosiers, mais sa manipulation exige une grande rigueur afin d&rsquo;\u00e9viter tout risque pour les personnes, les animaux domestiques et la faune non cibl\u00e9e. C&rsquo;est pourquoi son application doit \u00eatre effectu\u00e9e uniquement dans les limites des zones autoris\u00e9es et homologu\u00e9es, situ\u00e9es dans des zones s\u00fbres et clairement signal\u00e9es. <\/p>\n<p data-start=\"1107\" data-end=\"1463\">Brody T60 fait partie des solutions utilis\u00e9es dans les programmes de lutte int\u00e9gr\u00e9e contre les ravageurs, qui privil\u00e9gient la pr\u00e9vention, le contr\u00f4le et la r\u00e9duction des acc\u00e8s et des sources de nourriture. Cette m\u00e9thode implique le respect des exigences de la norme TP14 relative aux biocides, ainsi que la mise en \u0153uvre de toutes les mesures de protection individuelle, la protection ad\u00e9quate de l&rsquo;environnement et l&rsquo;\u00e9limination responsable des d\u00e9chets. <\/p>\n","protected":false},"excerpt":{"rendered":"<p>Le rodenticide Brody T60 est un produit rodenticide formul\u00e9 avec du brodifacoum, une substance anticoagulante \u00e0 effet retard\u00e9 utilis\u00e9e pour le contr\u00f4le des rosiers dans les environnements o\u00f9 il est n\u00e9cessaire de garantir une gestion stricte des ravageurs.<\/p>\n","protected":false},"featured_media":15956,"comment_status":"closed","ping_status":"closed","template":"","meta":[],"product_brand":[],"product_cat":[439],"product_tag":[751,1367,1368],"class_list":{"0":"post-9882","1":"product","2":"type-product","3":"status-publish","4":"has-post-thumbnail","6":"product_cat-biocides-fr","7":"product_tag-appat","8":"product_tag-appat-frais-fr-2","9":"product_tag-biocides-fr","11":"first","12":"instock","13":"taxable","14":"shipping-taxable","15":"purchasable","16":"product-type-simple"},"yoast_head":"<!-- This site is optimized with the Yoast SEO plugin v27.4 - https:\/\/yoast.com\/product\/yoast-seo-wordpress\/ -->\n<title>Brody T60 Tueur de rats | SAIGA<\/title>\n<meta name=\"description\" content=\"Le rodenticide Brody T60 est un produit rodenticide formul\u00e9 avec du brodifacoum, une substance anticoagulante \u00e0 effet retard\u00e9 utilis\u00e9e pour le contr\u00f4le des rosiers.\" \/>\n<meta name=\"robots\" content=\"index, follow, max-snippet:-1, max-image-preview:large, max-video-preview:-1\" \/>\n<link rel=\"canonical\" href=\"https:\/\/saiga.es\/fr\/produit\/taupes-brody-t60\/\" \/>\n<meta property=\"og:locale\" content=\"fr_FR\" \/>\n<meta property=\"og:type\" content=\"article\" \/>\n<meta property=\"og:title\" content=\"Brody T60 Tueur de rats | SAIGA\" \/>\n<meta property=\"og:description\" content=\"Le rodenticide Brody T60 est un produit rodenticide formul\u00e9 avec du brodifacoum, une substance anticoagulante \u00e0 effet retard\u00e9 utilis\u00e9e pour le contr\u00f4le des rosiers.\" \/>\n<meta property=\"og:url\" content=\"https:\/\/saiga.es\/fr\/produit\/taupes-brody-t60\/\" \/>\n<meta property=\"og:site_name\" content=\"SAIGA\" \/>\n<meta property=\"article:modified_time\" content=\"2025-12-03T14:58:14+00:00\" \/>\n<meta property=\"og:image\" content=\"https:\/\/saiga.es\/wp-content\/uploads\/2024\/04\/Brody-T60-1.jpg\" \/>\n\t<meta property=\"og:image:width\" content=\"1080\" \/>\n\t<meta property=\"og:image:height\" content=\"1080\" \/>\n\t<meta property=\"og:image:type\" content=\"image\/jpeg\" \/>\n<meta name=\"twitter:card\" content=\"summary_large_image\" \/>\n<meta name=\"twitter:site\" content=\"@saiga_agro\" \/>\n<meta name=\"twitter:label1\" content=\"Dur\u00e9e de lecture estim\u00e9e\" \/>\n\t<meta name=\"twitter:data1\" content=\"1 minute\" \/>\n<script type=\"application\/ld+json\" class=\"yoast-schema-graph\">{\"@context\":\"https:\\\/\\\/schema.org\",\"@graph\":[{\"@type\":\"WebPage\",\"@id\":\"https:\\\/\\\/saiga.es\\\/fr\\\/produit\\\/taupes-brody-t60\\\/\",\"url\":\"https:\\\/\\\/saiga.es\\\/fr\\\/produit\\\/taupes-brody-t60\\\/\",\"name\":\"Brody T60 Tueur de rats | SAIGA\",\"isPartOf\":{\"@id\":\"https:\\\/\\\/saiga.es\\\/fr\\\/#website\"},\"primaryImageOfPage\":{\"@id\":\"https:\\\/\\\/saiga.es\\\/fr\\\/produit\\\/taupes-brody-t60\\\/#primaryimage\"},\"image\":{\"@id\":\"https:\\\/\\\/saiga.es\\\/fr\\\/produit\\\/taupes-brody-t60\\\/#primaryimage\"},\"thumbnailUrl\":\"https:\\\/\\\/saiga.es\\\/wp-content\\\/uploads\\\/2024\\\/04\\\/Brody-T60-1.jpg\",\"datePublished\":\"2024-04-19T08:57:00+00:00\",\"dateModified\":\"2025-12-03T14:58:14+00:00\",\"description\":\"Le rodenticide Brody T60 est un produit rodenticide formul\u00e9 avec du brodifacoum, une substance anticoagulante \u00e0 effet retard\u00e9 utilis\u00e9e pour le contr\u00f4le des rosiers.\",\"breadcrumb\":{\"@id\":\"https:\\\/\\\/saiga.es\\\/fr\\\/produit\\\/taupes-brody-t60\\\/#breadcrumb\"},\"inLanguage\":\"fr-FR\",\"potentialAction\":[{\"@type\":\"ReadAction\",\"target\":[\"https:\\\/\\\/saiga.es\\\/fr\\\/produit\\\/taupes-brody-t60\\\/\"]}]},{\"@type\":\"ImageObject\",\"inLanguage\":\"fr-FR\",\"@id\":\"https:\\\/\\\/saiga.es\\\/fr\\\/produit\\\/taupes-brody-t60\\\/#primaryimage\",\"url\":\"https:\\\/\\\/saiga.es\\\/wp-content\\\/uploads\\\/2024\\\/04\\\/Brody-T60-1.jpg\",\"contentUrl\":\"https:\\\/\\\/saiga.es\\\/wp-content\\\/uploads\\\/2024\\\/04\\\/Brody-T60-1.jpg\",\"width\":1080,\"height\":1080,\"caption\":\"Brody T60 Tueur de rats\"},{\"@type\":\"BreadcrumbList\",\"@id\":\"https:\\\/\\\/saiga.es\\\/fr\\\/produit\\\/taupes-brody-t60\\\/#breadcrumb\",\"itemListElement\":[{\"@type\":\"ListItem\",\"position\":1,\"name\":\"Inici\",\"item\":\"https:\\\/\\\/saiga.es\\\/fr\\\/\"},{\"@type\":\"ListItem\",\"position\":2,\"name\":\"boutique\",\"item\":\"https:\\\/\\\/saiga.es\\\/fr\\\/boutique\\\/\"},{\"@type\":\"ListItem\",\"position\":3,\"name\":\"Brody T60 Tueur de rats\"}]},{\"@type\":\"WebSite\",\"@id\":\"https:\\\/\\\/saiga.es\\\/fr\\\/#website\",\"url\":\"https:\\\/\\\/saiga.es\\\/fr\\\/\",\"name\":\"SAIGA\",\"description\":\"M\u00e9s de 50 anys al servei de la terra i treballant per a un \u00fas eficient de l\u2019aigua!\",\"publisher\":{\"@id\":\"https:\\\/\\\/saiga.es\\\/fr\\\/#organization\"},\"potentialAction\":[{\"@type\":\"SearchAction\",\"target\":{\"@type\":\"EntryPoint\",\"urlTemplate\":\"https:\\\/\\\/saiga.es\\\/fr\\\/?s={search_term_string}\"},\"query-input\":{\"@type\":\"PropertyValueSpecification\",\"valueRequired\":true,\"valueName\":\"search_term_string\"}}],\"inLanguage\":\"fr-FR\"},{\"@type\":\"Organization\",\"@id\":\"https:\\\/\\\/saiga.es\\\/fr\\\/#organization\",\"name\":\"SAIGA\",\"url\":\"https:\\\/\\\/saiga.es\\\/fr\\\/\",\"logo\":{\"@type\":\"ImageObject\",\"inLanguage\":\"fr-FR\",\"@id\":\"https:\\\/\\\/saiga.es\\\/fr\\\/#\\\/schema\\\/logo\\\/image\\\/\",\"url\":\"https:\\\/\\\/saiga.es\\\/wp-content\\\/uploads\\\/2025\\\/07\\\/logo_saiga_baseline_optimitzat.svg\",\"contentUrl\":\"https:\\\/\\\/saiga.es\\\/wp-content\\\/uploads\\\/2025\\\/07\\\/logo_saiga_baseline_optimitzat.svg\",\"caption\":\"SAIGA\"},\"image\":{\"@id\":\"https:\\\/\\\/saiga.es\\\/fr\\\/#\\\/schema\\\/logo\\\/image\\\/\"},\"sameAs\":[\"https:\\\/\\\/x.com\\\/saiga_agro\",\"https:\\\/\\\/www.instagram.com\\\/saiga_agro\\\/\"]}]}<\/script>\n<!-- \/ Yoast SEO plugin. -->","yoast_head_json":{"title":"Brody T60 Tueur de rats | SAIGA","description":"Le rodenticide Brody T60 est un produit rodenticide formul\u00e9 avec du brodifacoum, une substance anticoagulante \u00e0 effet retard\u00e9 utilis\u00e9e pour le contr\u00f4le des rosiers.","robots":{"index":"index","follow":"follow","max-snippet":"max-snippet:-1","max-image-preview":"max-image-preview:large","max-video-preview":"max-video-preview:-1"},"canonical":"https:\/\/saiga.es\/fr\/produit\/taupes-brody-t60\/","og_locale":"fr_FR","og_type":"article","og_title":"Brody T60 Tueur de rats | SAIGA","og_description":"Le rodenticide Brody T60 est un produit rodenticide formul\u00e9 avec du brodifacoum, une substance anticoagulante \u00e0 effet retard\u00e9 utilis\u00e9e pour le contr\u00f4le des rosiers.","og_url":"https:\/\/saiga.es\/fr\/produit\/taupes-brody-t60\/","og_site_name":"SAIGA","article_modified_time":"2025-12-03T14:58:14+00:00","og_image":[{"width":1080,"height":1080,"url":"https:\/\/saiga.es\/wp-content\/uploads\/2024\/04\/Brody-T60-1.jpg","type":"image\/jpeg"}],"twitter_card":"summary_large_image","twitter_site":"@saiga_agro","twitter_misc":{"Dur\u00e9e de lecture estim\u00e9e":"1 minute"},"schema":{"@context":"https:\/\/schema.org","@graph":[{"@type":"WebPage","@id":"https:\/\/saiga.es\/fr\/produit\/taupes-brody-t60\/","url":"https:\/\/saiga.es\/fr\/produit\/taupes-brody-t60\/","name":"Brody T60 Tueur de rats | SAIGA","isPartOf":{"@id":"https:\/\/saiga.es\/fr\/#website"},"primaryImageOfPage":{"@id":"https:\/\/saiga.es\/fr\/produit\/taupes-brody-t60\/#primaryimage"},"image":{"@id":"https:\/\/saiga.es\/fr\/produit\/taupes-brody-t60\/#primaryimage"},"thumbnailUrl":"https:\/\/saiga.es\/wp-content\/uploads\/2024\/04\/Brody-T60-1.jpg","datePublished":"2024-04-19T08:57:00+00:00","dateModified":"2025-12-03T14:58:14+00:00","description":"Le rodenticide Brody T60 est un produit rodenticide formul\u00e9 avec du brodifacoum, une substance anticoagulante \u00e0 effet retard\u00e9 utilis\u00e9e pour le contr\u00f4le des rosiers.","breadcrumb":{"@id":"https:\/\/saiga.es\/fr\/produit\/taupes-brody-t60\/#breadcrumb"},"inLanguage":"fr-FR","potentialAction":[{"@type":"ReadAction","target":["https:\/\/saiga.es\/fr\/produit\/taupes-brody-t60\/"]}]},{"@type":"ImageObject","inLanguage":"fr-FR","@id":"https:\/\/saiga.es\/fr\/produit\/taupes-brody-t60\/#primaryimage","url":"https:\/\/saiga.es\/wp-content\/uploads\/2024\/04\/Brody-T60-1.jpg","contentUrl":"https:\/\/saiga.es\/wp-content\/uploads\/2024\/04\/Brody-T60-1.jpg","width":1080,"height":1080,"caption":"Brody T60 Tueur de rats"},{"@type":"BreadcrumbList","@id":"https:\/\/saiga.es\/fr\/produit\/taupes-brody-t60\/#breadcrumb","itemListElement":[{"@type":"ListItem","position":1,"name":"Inici","item":"https:\/\/saiga.es\/fr\/"},{"@type":"ListItem","position":2,"name":"boutique","item":"https:\/\/saiga.es\/fr\/boutique\/"},{"@type":"ListItem","position":3,"name":"Brody T60 Tueur de rats"}]},{"@type":"WebSite","@id":"https:\/\/saiga.es\/fr\/#website","url":"https:\/\/saiga.es\/fr\/","name":"SAIGA","description":"M\u00e9s de 50 anys al servei de la terra i treballant per a un \u00fas eficient de l\u2019aigua!","publisher":{"@id":"https:\/\/saiga.es\/fr\/#organization"},"potentialAction":[{"@type":"SearchAction","target":{"@type":"EntryPoint","urlTemplate":"https:\/\/saiga.es\/fr\/?s={search_term_string}"},"query-input":{"@type":"PropertyValueSpecification","valueRequired":true,"valueName":"search_term_string"}}],"inLanguage":"fr-FR"},{"@type":"Organization","@id":"https:\/\/saiga.es\/fr\/#organization","name":"SAIGA","url":"https:\/\/saiga.es\/fr\/","logo":{"@type":"ImageObject","inLanguage":"fr-FR","@id":"https:\/\/saiga.es\/fr\/#\/schema\/logo\/image\/","url":"https:\/\/saiga.es\/wp-content\/uploads\/2025\/07\/logo_saiga_baseline_optimitzat.svg","contentUrl":"https:\/\/saiga.es\/wp-content\/uploads\/2025\/07\/logo_saiga_baseline_optimitzat.svg","caption":"SAIGA"},"image":{"@id":"https:\/\/saiga.es\/fr\/#\/schema\/logo\/image\/"},"sameAs":["https:\/\/x.com\/saiga_agro","https:\/\/www.instagram.com\/saiga_agro\/"]}]}},"_links":{"self":[{"href":"https:\/\/saiga.es\/fr\/wp-json\/wp\/v2\/product\/9882","targetHints":{"allow":["GET"]}}],"collection":[{"href":"https:\/\/saiga.es\/fr\/wp-json\/wp\/v2\/product"}],"about":[{"href":"https:\/\/saiga.es\/fr\/wp-json\/wp\/v2\/types\/product"}],"replies":[{"embeddable":true,"href":"https:\/\/saiga.es\/fr\/wp-json\/wp\/v2\/comments?post=9882"}],"wp:featuredmedia":[{"embeddable":true,"href":"https:\/\/saiga.es\/fr\/wp-json\/wp\/v2\/media\/15956"}],"wp:attachment":[{"href":"https:\/\/saiga.es\/fr\/wp-json\/wp\/v2\/media?parent=9882"}],"wp:term":[{"taxonomy":"product_brand","embeddable":true,"href":"https:\/\/saiga.es\/fr\/wp-json\/wp\/v2\/product_brand?post=9882"},{"taxonomy":"product_cat","embeddable":true,"href":"https:\/\/saiga.es\/fr\/wp-json\/wp\/v2\/product_cat?post=9882"},{"taxonomy":"product_tag","embeddable":true,"href":"https:\/\/saiga.es\/fr\/wp-json\/wp\/v2\/product_tag?post=9882"}],"curies":[{"name":"wp","href":"https:\/\/api.w.org\/{rel}","templated":true}]}}