{"id":9894,"date":"2024-04-17T11:48:59","date_gmt":"2024-04-17T11:48:59","guid":{"rendered":"https:\/\/botiga.saiga.es\/producte\/insecticide-acaricide-hexitiazox\/"},"modified":"2025-10-27T07:53:50","modified_gmt":"2025-10-27T07:53:50","slug":"insecticide-acaricide-hexitiazox","status":"publish","type":"product","link":"https:\/\/saiga.es\/fr\/produit\/insecticide-acaricide-hexitiazox\/","title":{"rendered":"Insecticide acaricide Hexitiazox"},"content":{"rendered":"<p data-start=\"363\" data-end=\"861\">HEXITIAZOX JED est un acaricide-insecticide en poudre mouillable d\u00e9velopp\u00e9 par Sipcam Jard\u00edn. Il agit par ingestion et par contact, avec une excellente activit\u00e9 translaminaire et un effet r\u00e9siduel prolong\u00e9. Ce produit est particuli\u00e8rement efficace pour lutter contre les \u0153ufs et les larves de Tetranychus urticae (t\u00e9tranychid\u00e9s), d&rsquo;autres t\u00e9tranyques et de phyllocnistis dans les agrumes. <\/p>\n<p data-start=\"863\" data-end=\"1182\">L&rsquo;application est recommand\u00e9e d\u00e8s le d\u00e9but de l&rsquo;infestation, avant que les larves ne se transforment en fourmis adultes. La dose habituelle est de 0,75 g\/l, avec une marge d&rsquo;efficacit\u00e9 de 14 jours pour les agrumes, 21 jours pour les vignes et 28 jours pour les pommiers et poiriers (fruits \u00e0 noyau). <\/p>\n<p>Principales caract\u00e9ristiques :<\/p>\n<ul data-start=\"1217\" data-end=\"1587\">\n<li data-start=\"1217\" data-end=\"1263\">\n<p data-start=\"1219\" data-end=\"1263\">Action \u00e0 double voie : ingestion et contact.<\/p>\n<\/li>\n<li data-start=\"1264\" data-end=\"1330\">\n<p data-start=\"1266\" data-end=\"1330\">Action translaminaire : prot\u00e8ge les feuilles de l&rsquo;int\u00e9rieur et de l&rsquo;ext\u00e9rieur.<\/p>\n<\/li>\n<li data-start=\"1331\" data-end=\"1393\">\n<p data-start=\"1333\" data-end=\"1393\">Contr\u00f4le des \u0153ufs et des larves : pr\u00e9vient la phase adulte des acariens.<\/p>\n<\/li>\n<li data-start=\"1394\" data-end=\"1461\">\n<p data-start=\"1396\" data-end=\"1461\">Effet r\u00e9siduel longue dur\u00e9e : prot\u00e8ge la plante pendant des semaines.<\/p>\n<\/li>\n<li data-start=\"1462\" data-end=\"1587\">\n<p data-start=\"1464\" data-end=\"1587\">Convient \u00e0 un usage non professionnel, en respectant les avertissements et pr\u00e9cautions d&#8217;emploi du produit.<\/p>\n<\/li>\n<\/ul>\n<p>Applications recommand\u00e9es :<\/p>\n<ul data-start=\"1618\" data-end=\"2061\">\n<li data-start=\"1618\" data-end=\"1802\">\n<p data-start=\"1620\" data-end=\"1802\">Agrumes : contre <em data-start=\"1640\" data-end=\"1661\">Tetranychus urticae<\/em>, <em data-start=\"1663\" data-end=\"1673\">P. citri<\/em> et <em data-start=\"1676\" data-end=\"1688\">E. carpini <\/em>\u2013 dose 1\u20133,75 g\/100 m\u00b2 avec 10\u201325 L de bouillon ; p\u00e9riode de s\u00e9curit\u00e9 : 14 jours.<\/p>\n<\/li>\n<li data-start=\"1803\" data-end=\"1946\">\n<p data-start=\"1805\" data-end=\"1946\">Vigne : contre<em data-start=\"1823\" data-end=\"1835\"> T. urticae<\/em> \u2013 dose 2,5\u20133 g\/100 m\u00b2 avec 5\u20136 L de bouillon ; p\u00e9riode de s\u00e9curit\u00e9 : 21 jours.<\/p>\n<\/li>\n<li data-start=\"1947\" data-end=\"2061\">\n<p data-start=\"1949\" data-end=\"2061\">Arbres fruitiers \u00e0 noyaux : selon la r\u00e9glementation, d\u00e9lai de s\u00e9curit\u00e9 de 28 jours.<\/p>\n<\/li>\n<\/ul>\n<p>Avantages exceptionnels :<\/p>\n<ul data-start=\"2088\" data-end=\"2328\">\n<li data-start=\"2088\" data-end=\"2199\">\n<p data-start=\"2090\" data-end=\"2199\">\u00c9limine les infestations latentes gr\u00e2ce \u00e0 son action larvicide\/ovicide.<\/p>\n<\/li>\n<li data-start=\"2200\" data-end=\"2260\">\n<p data-start=\"2202\" data-end=\"2260\">Forme WP qui facilite la dispersion homog\u00e8ne et p\u00e9n\u00e9trante.<\/p>\n<\/li>\n<li data-start=\"2261\" data-end=\"2328\">\n<p data-start=\"2263\" data-end=\"2328\">Optimitza la salut dels cultius i minimitza p\u00e8rdues de rendiment.<\/p>\n<\/li>\n<\/ul>\n","protected":false},"excerpt":{"rendered":"<p>Acaricide-insecticide agissant par ingestion et par contact, avec une bonne activit\u00e9 translaminaire et un effet r\u00e9siduel prolong\u00e9, pr\u00e9sent\u00e9 sous forme de poudre mouillable.<br \/>\nIl est efficace contre les \u0153ufs et les larves d&rsquo;araign\u00e9es rouges et autres acariens, ainsi que contre le phyllocnisme dans les agrumes. Traitez les \u0153ufs et les larves avant qu\u2019ils n\u2019atteignent l\u2019\u00e9tat adulte.<\/p>\n","protected":false},"featured_media":9843,"comment_status":"open","ping_status":"closed","template":"","meta":[],"product_brand":[],"product_cat":[445],"product_tag":[773,1386,891,1385],"class_list":{"0":"post-9894","1":"product","2":"type-product","3":"status-publish","4":"has-post-thumbnail","6":"product_cat-insecticides-fr-2","7":"product_tag-jed-fr","8":"product_tag-hexitiazox-fr","9":"product_tag-insecticide","10":"product_tag-sipcam-fr","12":"first","13":"instock","14":"taxable","15":"shipping-taxable","16":"purchasable","17":"product-type-simple"},"yoast_head":"<!-- This site is optimized with the Yoast SEO plugin v27.4 - https:\/\/yoast.com\/product\/yoast-seo-wordpress\/ -->\n<title>Insecticide acaricide Hexitiazox | SAIGA<\/title>\n<meta name=\"description\" content=\"Acaricide-Insecticide qui agit par ingestion et par contact, avec une bonne activit\u00e9 translaminaire et un effet r\u00e9siduel prolong\u00e9 pr\u00e9sent\u00e9 sous forme de poudre mouillable.\" \/>\n<meta name=\"robots\" content=\"index, follow, max-snippet:-1, max-image-preview:large, max-video-preview:-1\" \/>\n<link rel=\"canonical\" href=\"https:\/\/saiga.es\/fr\/produit\/insecticide-acaricide-hexitiazox\/\" \/>\n<meta property=\"og:locale\" content=\"fr_FR\" \/>\n<meta property=\"og:type\" content=\"article\" \/>\n<meta property=\"og:title\" content=\"Insecticide acaricide Hexitiazox | SAIGA\" \/>\n<meta property=\"og:description\" content=\"Acaricide-Insecticide qui agit par ingestion et par contact, avec une bonne activit\u00e9 translaminaire et un effet r\u00e9siduel prolong\u00e9 pr\u00e9sent\u00e9 sous forme de poudre mouillable.\" \/>\n<meta property=\"og:url\" content=\"https:\/\/saiga.es\/fr\/produit\/insecticide-acaricide-hexitiazox\/\" \/>\n<meta property=\"og:site_name\" content=\"SAIGA\" \/>\n<meta property=\"article:modified_time\" content=\"2025-10-27T07:53:50+00:00\" \/>\n<meta property=\"og:image\" content=\"https:\/\/saiga.es\/wp-content\/uploads\/2024\/04\/Hexitiazox-JED-acaricida.png\" \/>\n\t<meta property=\"og:image:width\" content=\"1000\" \/>\n\t<meta property=\"og:image:height\" content=\"1000\" \/>\n\t<meta property=\"og:image:type\" content=\"image\/png\" \/>\n<meta name=\"twitter:card\" content=\"summary_large_image\" \/>\n<meta name=\"twitter:site\" content=\"@saiga_agro\" \/>\n<meta name=\"twitter:label1\" content=\"Dur\u00e9e de lecture estim\u00e9e\" \/>\n\t<meta name=\"twitter:data1\" content=\"1 minute\" \/>\n<script type=\"application\/ld+json\" class=\"yoast-schema-graph\">{\"@context\":\"https:\\\/\\\/schema.org\",\"@graph\":[{\"@type\":\"WebPage\",\"@id\":\"https:\\\/\\\/saiga.es\\\/fr\\\/produit\\\/insecticide-acaricide-hexitiazox\\\/\",\"url\":\"https:\\\/\\\/saiga.es\\\/fr\\\/produit\\\/insecticide-acaricide-hexitiazox\\\/\",\"name\":\"Insecticide acaricide Hexitiazox | SAIGA\",\"isPartOf\":{\"@id\":\"https:\\\/\\\/saiga.es\\\/fr\\\/#website\"},\"primaryImageOfPage\":{\"@id\":\"https:\\\/\\\/saiga.es\\\/fr\\\/produit\\\/insecticide-acaricide-hexitiazox\\\/#primaryimage\"},\"image\":{\"@id\":\"https:\\\/\\\/saiga.es\\\/fr\\\/produit\\\/insecticide-acaricide-hexitiazox\\\/#primaryimage\"},\"thumbnailUrl\":\"https:\\\/\\\/saiga.es\\\/wp-content\\\/uploads\\\/2024\\\/04\\\/Hexitiazox-JED-acaricida.png\",\"datePublished\":\"2024-04-17T11:48:59+00:00\",\"dateModified\":\"2025-10-27T07:53:50+00:00\",\"description\":\"Acaricide-Insecticide qui agit par ingestion et par contact, avec une bonne activit\u00e9 translaminaire et un effet r\u00e9siduel prolong\u00e9 pr\u00e9sent\u00e9 sous forme de poudre mouillable.\",\"breadcrumb\":{\"@id\":\"https:\\\/\\\/saiga.es\\\/fr\\\/produit\\\/insecticide-acaricide-hexitiazox\\\/#breadcrumb\"},\"inLanguage\":\"fr-FR\",\"potentialAction\":[{\"@type\":\"ReadAction\",\"target\":[\"https:\\\/\\\/saiga.es\\\/fr\\\/produit\\\/insecticide-acaricide-hexitiazox\\\/\"]}]},{\"@type\":\"ImageObject\",\"inLanguage\":\"fr-FR\",\"@id\":\"https:\\\/\\\/saiga.es\\\/fr\\\/produit\\\/insecticide-acaricide-hexitiazox\\\/#primaryimage\",\"url\":\"https:\\\/\\\/saiga.es\\\/wp-content\\\/uploads\\\/2024\\\/04\\\/Hexitiazox-JED-acaricida.png\",\"contentUrl\":\"https:\\\/\\\/saiga.es\\\/wp-content\\\/uploads\\\/2024\\\/04\\\/Hexitiazox-JED-acaricida.png\",\"width\":1000,\"height\":1000,\"caption\":\"Hexitiazox\"},{\"@type\":\"BreadcrumbList\",\"@id\":\"https:\\\/\\\/saiga.es\\\/fr\\\/produit\\\/insecticide-acaricide-hexitiazox\\\/#breadcrumb\",\"itemListElement\":[{\"@type\":\"ListItem\",\"position\":1,\"name\":\"Inici\",\"item\":\"https:\\\/\\\/saiga.es\\\/fr\\\/\"},{\"@type\":\"ListItem\",\"position\":2,\"name\":\"boutique\",\"item\":\"https:\\\/\\\/saiga.es\\\/fr\\\/boutique\\\/\"},{\"@type\":\"ListItem\",\"position\":3,\"name\":\"Insecticide acaricide Hexitiazox\"}]},{\"@type\":\"WebSite\",\"@id\":\"https:\\\/\\\/saiga.es\\\/fr\\\/#website\",\"url\":\"https:\\\/\\\/saiga.es\\\/fr\\\/\",\"name\":\"SAIGA\",\"description\":\"M\u00e9s de 50 anys al servei de la terra i treballant per a un \u00fas eficient de l\u2019aigua!\",\"publisher\":{\"@id\":\"https:\\\/\\\/saiga.es\\\/fr\\\/#organization\"},\"potentialAction\":[{\"@type\":\"SearchAction\",\"target\":{\"@type\":\"EntryPoint\",\"urlTemplate\":\"https:\\\/\\\/saiga.es\\\/fr\\\/?s={search_term_string}\"},\"query-input\":{\"@type\":\"PropertyValueSpecification\",\"valueRequired\":true,\"valueName\":\"search_term_string\"}}],\"inLanguage\":\"fr-FR\"},{\"@type\":\"Organization\",\"@id\":\"https:\\\/\\\/saiga.es\\\/fr\\\/#organization\",\"name\":\"SAIGA\",\"url\":\"https:\\\/\\\/saiga.es\\\/fr\\\/\",\"logo\":{\"@type\":\"ImageObject\",\"inLanguage\":\"fr-FR\",\"@id\":\"https:\\\/\\\/saiga.es\\\/fr\\\/#\\\/schema\\\/logo\\\/image\\\/\",\"url\":\"https:\\\/\\\/saiga.es\\\/wp-content\\\/uploads\\\/2025\\\/07\\\/logo_saiga_baseline_optimitzat.svg\",\"contentUrl\":\"https:\\\/\\\/saiga.es\\\/wp-content\\\/uploads\\\/2025\\\/07\\\/logo_saiga_baseline_optimitzat.svg\",\"caption\":\"SAIGA\"},\"image\":{\"@id\":\"https:\\\/\\\/saiga.es\\\/fr\\\/#\\\/schema\\\/logo\\\/image\\\/\"},\"sameAs\":[\"https:\\\/\\\/x.com\\\/saiga_agro\",\"https:\\\/\\\/www.instagram.com\\\/saiga_agro\\\/\"]}]}<\/script>\n<!-- \/ Yoast SEO plugin. -->","yoast_head_json":{"title":"Insecticide acaricide Hexitiazox | SAIGA","description":"Acaricide-Insecticide qui agit par ingestion et par contact, avec une bonne activit\u00e9 translaminaire et un effet r\u00e9siduel prolong\u00e9 pr\u00e9sent\u00e9 sous forme de poudre mouillable.","robots":{"index":"index","follow":"follow","max-snippet":"max-snippet:-1","max-image-preview":"max-image-preview:large","max-video-preview":"max-video-preview:-1"},"canonical":"https:\/\/saiga.es\/fr\/produit\/insecticide-acaricide-hexitiazox\/","og_locale":"fr_FR","og_type":"article","og_title":"Insecticide acaricide Hexitiazox | SAIGA","og_description":"Acaricide-Insecticide qui agit par ingestion et par contact, avec une bonne activit\u00e9 translaminaire et un effet r\u00e9siduel prolong\u00e9 pr\u00e9sent\u00e9 sous forme de poudre mouillable.","og_url":"https:\/\/saiga.es\/fr\/produit\/insecticide-acaricide-hexitiazox\/","og_site_name":"SAIGA","article_modified_time":"2025-10-27T07:53:50+00:00","og_image":[{"width":1000,"height":1000,"url":"https:\/\/saiga.es\/wp-content\/uploads\/2024\/04\/Hexitiazox-JED-acaricida.png","type":"image\/png"}],"twitter_card":"summary_large_image","twitter_site":"@saiga_agro","twitter_misc":{"Dur\u00e9e de lecture estim\u00e9e":"1 minute"},"schema":{"@context":"https:\/\/schema.org","@graph":[{"@type":"WebPage","@id":"https:\/\/saiga.es\/fr\/produit\/insecticide-acaricide-hexitiazox\/","url":"https:\/\/saiga.es\/fr\/produit\/insecticide-acaricide-hexitiazox\/","name":"Insecticide acaricide Hexitiazox | SAIGA","isPartOf":{"@id":"https:\/\/saiga.es\/fr\/#website"},"primaryImageOfPage":{"@id":"https:\/\/saiga.es\/fr\/produit\/insecticide-acaricide-hexitiazox\/#primaryimage"},"image":{"@id":"https:\/\/saiga.es\/fr\/produit\/insecticide-acaricide-hexitiazox\/#primaryimage"},"thumbnailUrl":"https:\/\/saiga.es\/wp-content\/uploads\/2024\/04\/Hexitiazox-JED-acaricida.png","datePublished":"2024-04-17T11:48:59+00:00","dateModified":"2025-10-27T07:53:50+00:00","description":"Acaricide-Insecticide qui agit par ingestion et par contact, avec une bonne activit\u00e9 translaminaire et un effet r\u00e9siduel prolong\u00e9 pr\u00e9sent\u00e9 sous forme de poudre mouillable.","breadcrumb":{"@id":"https:\/\/saiga.es\/fr\/produit\/insecticide-acaricide-hexitiazox\/#breadcrumb"},"inLanguage":"fr-FR","potentialAction":[{"@type":"ReadAction","target":["https:\/\/saiga.es\/fr\/produit\/insecticide-acaricide-hexitiazox\/"]}]},{"@type":"ImageObject","inLanguage":"fr-FR","@id":"https:\/\/saiga.es\/fr\/produit\/insecticide-acaricide-hexitiazox\/#primaryimage","url":"https:\/\/saiga.es\/wp-content\/uploads\/2024\/04\/Hexitiazox-JED-acaricida.png","contentUrl":"https:\/\/saiga.es\/wp-content\/uploads\/2024\/04\/Hexitiazox-JED-acaricida.png","width":1000,"height":1000,"caption":"Hexitiazox"},{"@type":"BreadcrumbList","@id":"https:\/\/saiga.es\/fr\/produit\/insecticide-acaricide-hexitiazox\/#breadcrumb","itemListElement":[{"@type":"ListItem","position":1,"name":"Inici","item":"https:\/\/saiga.es\/fr\/"},{"@type":"ListItem","position":2,"name":"boutique","item":"https:\/\/saiga.es\/fr\/boutique\/"},{"@type":"ListItem","position":3,"name":"Insecticide acaricide Hexitiazox"}]},{"@type":"WebSite","@id":"https:\/\/saiga.es\/fr\/#website","url":"https:\/\/saiga.es\/fr\/","name":"SAIGA","description":"M\u00e9s de 50 anys al servei de la terra i treballant per a un \u00fas eficient de l\u2019aigua!","publisher":{"@id":"https:\/\/saiga.es\/fr\/#organization"},"potentialAction":[{"@type":"SearchAction","target":{"@type":"EntryPoint","urlTemplate":"https:\/\/saiga.es\/fr\/?s={search_term_string}"},"query-input":{"@type":"PropertyValueSpecification","valueRequired":true,"valueName":"search_term_string"}}],"inLanguage":"fr-FR"},{"@type":"Organization","@id":"https:\/\/saiga.es\/fr\/#organization","name":"SAIGA","url":"https:\/\/saiga.es\/fr\/","logo":{"@type":"ImageObject","inLanguage":"fr-FR","@id":"https:\/\/saiga.es\/fr\/#\/schema\/logo\/image\/","url":"https:\/\/saiga.es\/wp-content\/uploads\/2025\/07\/logo_saiga_baseline_optimitzat.svg","contentUrl":"https:\/\/saiga.es\/wp-content\/uploads\/2025\/07\/logo_saiga_baseline_optimitzat.svg","caption":"SAIGA"},"image":{"@id":"https:\/\/saiga.es\/fr\/#\/schema\/logo\/image\/"},"sameAs":["https:\/\/x.com\/saiga_agro","https:\/\/www.instagram.com\/saiga_agro\/"]}]}},"_links":{"self":[{"href":"https:\/\/saiga.es\/fr\/wp-json\/wp\/v2\/product\/9894","targetHints":{"allow":["GET"]}}],"collection":[{"href":"https:\/\/saiga.es\/fr\/wp-json\/wp\/v2\/product"}],"about":[{"href":"https:\/\/saiga.es\/fr\/wp-json\/wp\/v2\/types\/product"}],"replies":[{"embeddable":true,"href":"https:\/\/saiga.es\/fr\/wp-json\/wp\/v2\/comments?post=9894"}],"wp:featuredmedia":[{"embeddable":true,"href":"https:\/\/saiga.es\/fr\/wp-json\/wp\/v2\/media\/9843"}],"wp:attachment":[{"href":"https:\/\/saiga.es\/fr\/wp-json\/wp\/v2\/media?parent=9894"}],"wp:term":[{"taxonomy":"product_brand","embeddable":true,"href":"https:\/\/saiga.es\/fr\/wp-json\/wp\/v2\/product_brand?post=9894"},{"taxonomy":"product_cat","embeddable":true,"href":"https:\/\/saiga.es\/fr\/wp-json\/wp\/v2\/product_cat?post=9894"},{"taxonomy":"product_tag","embeddable":true,"href":"https:\/\/saiga.es\/fr\/wp-json\/wp\/v2\/product_tag?post=9894"}],"curies":[{"name":"wp","href":"https:\/\/api.w.org\/{rel}","templated":true}]}}