{"id":9945,"date":"2024-04-26T09:19:06","date_gmt":"2024-04-26T09:19:06","guid":{"rendered":"https:\/\/botiga.saiga.es\/producte\/couverture-thermique-17-g\/"},"modified":"2026-01-13T11:34:33","modified_gmt":"2026-01-13T11:34:33","slug":"couverture-thermique-17-g","status":"publish","type":"product","link":"https:\/\/saiga.es\/fr\/produit\/couverture-thermique-17-g\/","title":{"rendered":"Couverture thermique agricole 17 g"},"content":{"rendered":"<p data-start=\"349\" data-end=\"623\">La couverture thermique agricole est une solution efficace et \u00e9conomique pour prot\u00e9ger les cultures du froid, du gel et des basses temp\u00e9ratures. Vendue au m\u00e8tre carr\u00e9, elle permet d&rsquo;adapter pr\u00e9cis\u00e9ment la quantit\u00e9 n\u00e9cessaire \u00e0 chaque projet, \u00e9vitant ainsi le gaspillage. <\/p>\n<p data-start=\"625\" data-end=\"948\">Fabriqu\u00e9e en tissu respirant, cette couverture cr\u00e9e un microclimat protecteur qui contribue \u00e0 maintenir une temp\u00e9rature plus stable, favorisant ainsi la croissance des plantes et am\u00e9liorant le rendement des cultures. Parall\u00e8lement, elle laisse passer l&rsquo;air, l&rsquo;eau et la lumi\u00e8re, pr\u00e9venant ainsi la condensation et les probl\u00e8mes d&rsquo;humidit\u00e9. <\/p>\n<h4 data-start=\"950\" data-end=\"994\">Avantages de la couverture thermique agricole<\/h4>\n<ul data-start=\"995\" data-end=\"1301\">\n<li data-start=\"995\" data-end=\"1045\">\n<p data-start=\"997\" data-end=\"1045\">Protection efficace contre le gel, le vent et le froid<\/p>\n<\/li>\n<li data-start=\"1046\" data-end=\"1097\">\n<p data-start=\"1048\" data-end=\"1097\">Respirant et l\u00e9ger, n&rsquo;ab\u00eeme pas les plantes<\/p>\n<\/li>\n<li data-start=\"1098\" data-end=\"1153\">\n<p data-start=\"1100\" data-end=\"1153\">Contribue \u00e0 avancer ou \u00e0 prolonger la saison de croissance<\/p>\n<\/li>\n<li data-start=\"1154\" data-end=\"1216\">\n<p data-start=\"1156\" data-end=\"1216\">R\u00e9duit le stress thermique et am\u00e9liore le d\u00e9veloppement des plantes<\/p>\n<\/li>\n<li data-start=\"1217\" data-end=\"1264\">\n<p data-start=\"1219\" data-end=\"1264\">Vente au m\u00e8tre, flexibilit\u00e9 maximale<\/p>\n<\/li>\n<li data-start=\"1265\" data-end=\"1301\">\n<p data-start=\"1267\" data-end=\"1301\">Facile \u00e0 placer et r\u00e9utilisable<\/p>\n<\/li>\n<\/ul>\n<h4 data-start=\"1303\" data-end=\"1330\">Principales applications<\/h4>\n<ul data-start=\"1331\" data-end=\"1464\">\n<li data-start=\"1331\" data-end=\"1348\">\n<p data-start=\"1333\" data-end=\"1348\">Vergers et jardins<\/p>\n<\/li>\n<li data-start=\"1349\" data-end=\"1371\">\n<p data-start=\"1351\" data-end=\"1371\">P\u00e9pini\u00e8res et serres<\/p>\n<\/li>\n<li data-start=\"1372\" data-end=\"1410\">\n<p data-start=\"1374\" data-end=\"1410\">Agriculture professionnelle et \u00e9cologique<\/p>\n<\/li>\n<li data-start=\"1411\" data-end=\"1464\">\n<p data-start=\"1413\" data-end=\"1464\">Protection des semis, des l\u00e9gumes et des cultures sensibles<\/p>\n<\/li>\n<\/ul>\n<p data-start=\"1466\" data-end=\"1677\">Notre couverture thermique agricole pour la coupe est id\u00e9ale aussi bien pour les petits vergers que pour les grandes exploitations agricoles \u00e0 la recherche d&rsquo;une protection fiable et adaptable offrant un excellent rapport qualit\u00e9-prix.<\/p>\n","protected":false},"excerpt":{"rendered":"<p>La couverture thermique agricole est une solution efficace et \u00e9conomique pour prot\u00e9ger les cultures du froid, du gel et des basses temp\u00e9ratures. Vendue au m\u00e8tre carr\u00e9, elle permet d&rsquo;adapter pr\u00e9cis\u00e9ment la quantit\u00e9 n\u00e9cessaire \u00e0 chaque projet, \u00e9vitant ainsi le gaspillage. <\/p>\n<p>*Demandez une d\u00e9coupe en m\u00b2 \u00e0 info@saiga.es<\/p>\n","protected":false},"featured_media":9943,"comment_status":"closed","ping_status":"closed","template":"","meta":[],"product_brand":[],"product_cat":[487],"product_tag":[1394,900],"class_list":{"0":"post-9945","1":"product","2":"type-product","3":"status-publish","4":"has-post-thumbnail","6":"product_cat-semelle-interieure-en-maille","7":"product_tag-couverture-thermique","8":"product_tag-potager-fr-2","10":"first","11":"instock","12":"taxable","13":"shipping-taxable","14":"purchasable","15":"product-type-simple"},"yoast_head":"<!-- This site is optimized with the Yoast SEO plugin v27.3 - https:\/\/yoast.com\/product\/yoast-seo-wordpress\/ -->\n<title>Couverture thermique agricole 17 g | SAIGA<\/title>\n<meta name=\"description\" content=\"Couverture thermique agricole pr\u00e9d\u00e9coup\u00e9e au m\u00b2 pour prot\u00e9ger les cultures du froid et du gel. Respirante, l\u00e9g\u00e8re et facile \u00e0 installer.\" \/>\n<meta name=\"robots\" content=\"index, follow, max-snippet:-1, max-image-preview:large, max-video-preview:-1\" \/>\n<link rel=\"canonical\" href=\"https:\/\/saiga.es\/fr\/produit\/couverture-thermique-17-g\/\" \/>\n<meta property=\"og:locale\" content=\"fr_FR\" \/>\n<meta property=\"og:type\" content=\"article\" \/>\n<meta property=\"og:title\" content=\"Couverture thermique agricole 17 g | SAIGA\" \/>\n<meta property=\"og:description\" content=\"Couverture thermique agricole pr\u00e9d\u00e9coup\u00e9e au m\u00b2 pour prot\u00e9ger les cultures du froid et du gel. Respirante, l\u00e9g\u00e8re et facile \u00e0 installer.\" \/>\n<meta property=\"og:url\" content=\"https:\/\/saiga.es\/fr\/produit\/couverture-thermique-17-g\/\" \/>\n<meta property=\"og:site_name\" content=\"SAIGA\" \/>\n<meta property=\"article:modified_time\" content=\"2026-01-13T11:34:33+00:00\" \/>\n<meta property=\"og:image\" content=\"https:\/\/saiga.es\/wp-content\/uploads\/2024\/04\/IMG_2033-rotated.jpg\" \/>\n\t<meta property=\"og:image:width\" content=\"480\" \/>\n\t<meta property=\"og:image:height\" content=\"640\" \/>\n\t<meta property=\"og:image:type\" content=\"image\/jpeg\" \/>\n<meta name=\"twitter:card\" content=\"summary_large_image\" \/>\n<meta name=\"twitter:site\" content=\"@saiga_agro\" \/>\n<meta name=\"twitter:label1\" content=\"Dur\u00e9e de lecture estim\u00e9e\" \/>\n\t<meta name=\"twitter:data1\" content=\"1 minute\" \/>\n<script type=\"application\/ld+json\" class=\"yoast-schema-graph\">{\"@context\":\"https:\\\/\\\/schema.org\",\"@graph\":[{\"@type\":\"WebPage\",\"@id\":\"https:\\\/\\\/saiga.es\\\/fr\\\/produit\\\/couverture-thermique-17-g\\\/\",\"url\":\"https:\\\/\\\/saiga.es\\\/fr\\\/produit\\\/couverture-thermique-17-g\\\/\",\"name\":\"Couverture thermique agricole 17 g | SAIGA\",\"isPartOf\":{\"@id\":\"https:\\\/\\\/saiga.es\\\/fr\\\/#website\"},\"primaryImageOfPage\":{\"@id\":\"https:\\\/\\\/saiga.es\\\/fr\\\/produit\\\/couverture-thermique-17-g\\\/#primaryimage\"},\"image\":{\"@id\":\"https:\\\/\\\/saiga.es\\\/fr\\\/produit\\\/couverture-thermique-17-g\\\/#primaryimage\"},\"thumbnailUrl\":\"https:\\\/\\\/saiga.es\\\/wp-content\\\/uploads\\\/2024\\\/04\\\/IMG_2033-rotated.jpg\",\"datePublished\":\"2024-04-26T09:19:06+00:00\",\"dateModified\":\"2026-01-13T11:34:33+00:00\",\"description\":\"Couverture thermique agricole pr\u00e9d\u00e9coup\u00e9e au m\u00b2 pour prot\u00e9ger les cultures du froid et du gel. Respirante, l\u00e9g\u00e8re et facile \u00e0 installer.\",\"breadcrumb\":{\"@id\":\"https:\\\/\\\/saiga.es\\\/fr\\\/produit\\\/couverture-thermique-17-g\\\/#breadcrumb\"},\"inLanguage\":\"fr-FR\",\"potentialAction\":[{\"@type\":\"ReadAction\",\"target\":[\"https:\\\/\\\/saiga.es\\\/fr\\\/produit\\\/couverture-thermique-17-g\\\/\"]}]},{\"@type\":\"ImageObject\",\"inLanguage\":\"fr-FR\",\"@id\":\"https:\\\/\\\/saiga.es\\\/fr\\\/produit\\\/couverture-thermique-17-g\\\/#primaryimage\",\"url\":\"https:\\\/\\\/saiga.es\\\/wp-content\\\/uploads\\\/2024\\\/04\\\/IMG_2033-rotated.jpg\",\"contentUrl\":\"https:\\\/\\\/saiga.es\\\/wp-content\\\/uploads\\\/2024\\\/04\\\/IMG_2033-rotated.jpg\",\"width\":480,\"height\":640,\"caption\":\"Couverture thermique\"},{\"@type\":\"BreadcrumbList\",\"@id\":\"https:\\\/\\\/saiga.es\\\/fr\\\/produit\\\/couverture-thermique-17-g\\\/#breadcrumb\",\"itemListElement\":[{\"@type\":\"ListItem\",\"position\":1,\"name\":\"Inici\",\"item\":\"https:\\\/\\\/saiga.es\\\/fr\\\/\"},{\"@type\":\"ListItem\",\"position\":2,\"name\":\"boutique\",\"item\":\"https:\\\/\\\/saiga.es\\\/fr\\\/boutique\\\/\"},{\"@type\":\"ListItem\",\"position\":3,\"name\":\"Couverture thermique agricole 17 g\"}]},{\"@type\":\"WebSite\",\"@id\":\"https:\\\/\\\/saiga.es\\\/fr\\\/#website\",\"url\":\"https:\\\/\\\/saiga.es\\\/fr\\\/\",\"name\":\"SAIGA\",\"description\":\"M\u00e9s de 50 anys al servei de la terra i treballant per a un \u00fas eficient de l\u2019aigua!\",\"publisher\":{\"@id\":\"https:\\\/\\\/saiga.es\\\/fr\\\/#organization\"},\"potentialAction\":[{\"@type\":\"SearchAction\",\"target\":{\"@type\":\"EntryPoint\",\"urlTemplate\":\"https:\\\/\\\/saiga.es\\\/fr\\\/?s={search_term_string}\"},\"query-input\":{\"@type\":\"PropertyValueSpecification\",\"valueRequired\":true,\"valueName\":\"search_term_string\"}}],\"inLanguage\":\"fr-FR\"},{\"@type\":\"Organization\",\"@id\":\"https:\\\/\\\/saiga.es\\\/fr\\\/#organization\",\"name\":\"SAIGA\",\"url\":\"https:\\\/\\\/saiga.es\\\/fr\\\/\",\"logo\":{\"@type\":\"ImageObject\",\"inLanguage\":\"fr-FR\",\"@id\":\"https:\\\/\\\/saiga.es\\\/fr\\\/#\\\/schema\\\/logo\\\/image\\\/\",\"url\":\"https:\\\/\\\/saiga.es\\\/wp-content\\\/uploads\\\/2025\\\/07\\\/logo_saiga_baseline_optimitzat.svg\",\"contentUrl\":\"https:\\\/\\\/saiga.es\\\/wp-content\\\/uploads\\\/2025\\\/07\\\/logo_saiga_baseline_optimitzat.svg\",\"caption\":\"SAIGA\"},\"image\":{\"@id\":\"https:\\\/\\\/saiga.es\\\/fr\\\/#\\\/schema\\\/logo\\\/image\\\/\"},\"sameAs\":[\"https:\\\/\\\/x.com\\\/saiga_agro\",\"https:\\\/\\\/www.instagram.com\\\/saiga_agro\\\/\"]}]}<\/script>\n<!-- \/ Yoast SEO plugin. -->","yoast_head_json":{"title":"Couverture thermique agricole 17 g | SAIGA","description":"Couverture thermique agricole pr\u00e9d\u00e9coup\u00e9e au m\u00b2 pour prot\u00e9ger les cultures du froid et du gel. Respirante, l\u00e9g\u00e8re et facile \u00e0 installer.","robots":{"index":"index","follow":"follow","max-snippet":"max-snippet:-1","max-image-preview":"max-image-preview:large","max-video-preview":"max-video-preview:-1"},"canonical":"https:\/\/saiga.es\/fr\/produit\/couverture-thermique-17-g\/","og_locale":"fr_FR","og_type":"article","og_title":"Couverture thermique agricole 17 g | SAIGA","og_description":"Couverture thermique agricole pr\u00e9d\u00e9coup\u00e9e au m\u00b2 pour prot\u00e9ger les cultures du froid et du gel. Respirante, l\u00e9g\u00e8re et facile \u00e0 installer.","og_url":"https:\/\/saiga.es\/fr\/produit\/couverture-thermique-17-g\/","og_site_name":"SAIGA","article_modified_time":"2026-01-13T11:34:33+00:00","og_image":[{"width":480,"height":640,"url":"https:\/\/saiga.es\/wp-content\/uploads\/2024\/04\/IMG_2033-rotated.jpg","type":"image\/jpeg"}],"twitter_card":"summary_large_image","twitter_site":"@saiga_agro","twitter_misc":{"Dur\u00e9e de lecture estim\u00e9e":"1 minute"},"schema":{"@context":"https:\/\/schema.org","@graph":[{"@type":"WebPage","@id":"https:\/\/saiga.es\/fr\/produit\/couverture-thermique-17-g\/","url":"https:\/\/saiga.es\/fr\/produit\/couverture-thermique-17-g\/","name":"Couverture thermique agricole 17 g | SAIGA","isPartOf":{"@id":"https:\/\/saiga.es\/fr\/#website"},"primaryImageOfPage":{"@id":"https:\/\/saiga.es\/fr\/produit\/couverture-thermique-17-g\/#primaryimage"},"image":{"@id":"https:\/\/saiga.es\/fr\/produit\/couverture-thermique-17-g\/#primaryimage"},"thumbnailUrl":"https:\/\/saiga.es\/wp-content\/uploads\/2024\/04\/IMG_2033-rotated.jpg","datePublished":"2024-04-26T09:19:06+00:00","dateModified":"2026-01-13T11:34:33+00:00","description":"Couverture thermique agricole pr\u00e9d\u00e9coup\u00e9e au m\u00b2 pour prot\u00e9ger les cultures du froid et du gel. Respirante, l\u00e9g\u00e8re et facile \u00e0 installer.","breadcrumb":{"@id":"https:\/\/saiga.es\/fr\/produit\/couverture-thermique-17-g\/#breadcrumb"},"inLanguage":"fr-FR","potentialAction":[{"@type":"ReadAction","target":["https:\/\/saiga.es\/fr\/produit\/couverture-thermique-17-g\/"]}]},{"@type":"ImageObject","inLanguage":"fr-FR","@id":"https:\/\/saiga.es\/fr\/produit\/couverture-thermique-17-g\/#primaryimage","url":"https:\/\/saiga.es\/wp-content\/uploads\/2024\/04\/IMG_2033-rotated.jpg","contentUrl":"https:\/\/saiga.es\/wp-content\/uploads\/2024\/04\/IMG_2033-rotated.jpg","width":480,"height":640,"caption":"Couverture thermique"},{"@type":"BreadcrumbList","@id":"https:\/\/saiga.es\/fr\/produit\/couverture-thermique-17-g\/#breadcrumb","itemListElement":[{"@type":"ListItem","position":1,"name":"Inici","item":"https:\/\/saiga.es\/fr\/"},{"@type":"ListItem","position":2,"name":"boutique","item":"https:\/\/saiga.es\/fr\/boutique\/"},{"@type":"ListItem","position":3,"name":"Couverture thermique agricole 17 g"}]},{"@type":"WebSite","@id":"https:\/\/saiga.es\/fr\/#website","url":"https:\/\/saiga.es\/fr\/","name":"SAIGA","description":"M\u00e9s de 50 anys al servei de la terra i treballant per a un \u00fas eficient de l\u2019aigua!","publisher":{"@id":"https:\/\/saiga.es\/fr\/#organization"},"potentialAction":[{"@type":"SearchAction","target":{"@type":"EntryPoint","urlTemplate":"https:\/\/saiga.es\/fr\/?s={search_term_string}"},"query-input":{"@type":"PropertyValueSpecification","valueRequired":true,"valueName":"search_term_string"}}],"inLanguage":"fr-FR"},{"@type":"Organization","@id":"https:\/\/saiga.es\/fr\/#organization","name":"SAIGA","url":"https:\/\/saiga.es\/fr\/","logo":{"@type":"ImageObject","inLanguage":"fr-FR","@id":"https:\/\/saiga.es\/fr\/#\/schema\/logo\/image\/","url":"https:\/\/saiga.es\/wp-content\/uploads\/2025\/07\/logo_saiga_baseline_optimitzat.svg","contentUrl":"https:\/\/saiga.es\/wp-content\/uploads\/2025\/07\/logo_saiga_baseline_optimitzat.svg","caption":"SAIGA"},"image":{"@id":"https:\/\/saiga.es\/fr\/#\/schema\/logo\/image\/"},"sameAs":["https:\/\/x.com\/saiga_agro","https:\/\/www.instagram.com\/saiga_agro\/"]}]}},"_links":{"self":[{"href":"https:\/\/saiga.es\/fr\/wp-json\/wp\/v2\/product\/9945","targetHints":{"allow":["GET"]}}],"collection":[{"href":"https:\/\/saiga.es\/fr\/wp-json\/wp\/v2\/product"}],"about":[{"href":"https:\/\/saiga.es\/fr\/wp-json\/wp\/v2\/types\/product"}],"replies":[{"embeddable":true,"href":"https:\/\/saiga.es\/fr\/wp-json\/wp\/v2\/comments?post=9945"}],"wp:featuredmedia":[{"embeddable":true,"href":"https:\/\/saiga.es\/fr\/wp-json\/wp\/v2\/media\/9943"}],"wp:attachment":[{"href":"https:\/\/saiga.es\/fr\/wp-json\/wp\/v2\/media?parent=9945"}],"wp:term":[{"taxonomy":"product_brand","embeddable":true,"href":"https:\/\/saiga.es\/fr\/wp-json\/wp\/v2\/product_brand?post=9945"},{"taxonomy":"product_cat","embeddable":true,"href":"https:\/\/saiga.es\/fr\/wp-json\/wp\/v2\/product_cat?post=9945"},{"taxonomy":"product_tag","embeddable":true,"href":"https:\/\/saiga.es\/fr\/wp-json\/wp\/v2\/product_tag?post=9945"}],"curies":[{"name":"wp","href":"https:\/\/api.w.org\/{rel}","templated":true}]}}